{"id":584,"date":"2024-09-06T14:03:59","date_gmt":"2024-09-06T11:03:59","guid":{"rendered":"https:\/\/sisu.ut.ee\/parandusfestival2024\/?page_id=584"},"modified":"2024-09-27T12:56:08","modified_gmt":"2024-09-27T09:56:08","slug":"kunstikonkurss-kratt-parandaja","status":"publish","type":"page","link":"https:\/\/sisu.ut.ee\/parandusfestival2024\/kunstikonkurss-kratt-parandaja\/","title":{"rendered":"Kunstikonkurss \u201eKratt-P\u00e4randaja\u201c"},"content":{"rendered":"<p><\/p>\n\n\n\n<p class=\"has-large-font-size\"><strong>P\u00e4randilinn Viljandi kutsus lapsi osa v\u00f5tma kunstikonkursist \u201eKratt-P\u00e4randaja\u201c.<\/strong><\/p>\n\n\n\n<p class=\"has-large-font-size\">Kutsusime lapsi paberile panema meie p\u00e4rimusest tuntud Kratti, kes n\u00f5idusliku olendina v\u00e4simatult oma pere soove t\u00e4idab ja kes sel aastal on tulnud appi korraldama Viljandi p\u00e4randusfestivali. Vabaduse platsil koha leidnud Viljandi Kratt-P\u00e4randaja valmistas linnameister ja sepp T\u00f5nis Luik.<\/p>\n\n\n\n<figure class=\"wp-block-gallery has-nested-images columns-default is-cropped wp-block-gallery-1 is-layout-flex wp-block-gallery-is-layout-flex\">\n<figure class=\"wp-block-image size-large\"><a href=\"https:\/\/sisu.ut.ee\/wp-content\/uploads\/sites\/693\/53221830389_84ccc673a8_o-scaled.jpg\"><img loading=\"lazy\" decoding=\"async\" width=\"1024\" height=\"683\" data-id=\"439\" src=\"https:\/\/sisu.ut.ee\/wp-content\/uploads\/sites\/693\/53221830389_84ccc673a8_o-1024x683.jpg\" alt=\"\" class=\"wp-image-439\" srcset=\"https:\/\/sisu.ut.ee\/wp-content\/uploads\/sites\/693\/53221830389_84ccc673a8_o-1024x683.jpg 1024w, https:\/\/sisu.ut.ee\/wp-content\/uploads\/sites\/693\/53221830389_84ccc673a8_o-300x200.jpg 300w, https:\/\/sisu.ut.ee\/wp-content\/uploads\/sites\/693\/53221830389_84ccc673a8_o-768x512.jpg 768w, https:\/\/sisu.ut.ee\/wp-content\/uploads\/sites\/693\/53221830389_84ccc673a8_o-1536x1024.jpg 1536w, https:\/\/sisu.ut.ee\/wp-content\/uploads\/sites\/693\/53221830389_84ccc673a8_o-2048x1365.jpg 2048w, https:\/\/sisu.ut.ee\/wp-content\/uploads\/sites\/693\/53221830389_84ccc673a8_o-1920x1280.jpg 1920w\" sizes=\"auto, (max-width: 1024px) 100vw, 1024px\"><\/a><\/figure>\n\n\n\n<figure class=\"wp-block-image size-large\"><a href=\"https:\/\/sisu.ut.ee\/wp-content\/uploads\/sites\/693\/uudiskirja-pildid-2024-09-06T155955.825.png\"><img loading=\"lazy\" decoding=\"async\" width=\"1024\" height=\"577\" data-id=\"640\" src=\"https:\/\/sisu.ut.ee\/wp-content\/uploads\/sites\/693\/uudiskirja-pildid-2024-09-06T155955.825-1024x577.png\" alt=\"\" class=\"wp-image-640\" srcset=\"https:\/\/sisu.ut.ee\/wp-content\/uploads\/sites\/693\/uudiskirja-pildid-2024-09-06T155955.825-1024x577.png 1024w, https:\/\/sisu.ut.ee\/wp-content\/uploads\/sites\/693\/uudiskirja-pildid-2024-09-06T155955.825-300x169.png 300w, https:\/\/sisu.ut.ee\/wp-content\/uploads\/sites\/693\/uudiskirja-pildid-2024-09-06T155955.825-768x433.png 768w, https:\/\/sisu.ut.ee\/wp-content\/uploads\/sites\/693\/uudiskirja-pildid-2024-09-06T155955.825.png 1120w\" sizes=\"auto, (max-width: 1024px) 100vw, 1024px\"><\/a><\/figure>\n<\/figure>\n\n\n\n<p class=\"has-large-font-size\">Kutsusime \u00fcles m\u00f5tlema sellele, milline v\u00f5iks v\u00e4lja n\u00e4ha iga\u00fche isiklik kratt ja mis on see \u00e4ge p\u00e4randus, mida ta v\u00f5iks meile minevikust t\u00e4nap\u00e4eva tuua. Teie Kratte ootame A4 v\u00f5i A3 formaadis mistahes tehnikas \u23bc joonistus, maal, kollaa\u017e v\u00f5i hoopis midagi muud.<\/p>\n\n\n\n<p class=\"has-large-font-size\">T\u00f6\u00f6dest saadeti hulganisti fotosid koos t\u00f6\u00f6 autori nime, vanuse ja kooliga\/lasteaiaga.<\/p>\n\n\n\n<p class=\"has-large-font-size\">Andsime valikust t\u00f6\u00f6de autoritele\/autori juhendajatele teada. Seej\u00e4rel palusime 27. septembriks v\u00e4ljavalitud t\u00f6\u00f6d f\u00fc\u00fcsilisel kujul saata\/toimetada Astrid Uus nimele T\u00dc Viljandi Kultuuriakadeemia peamaja valvelauda (Posti 1, Viljandi).<\/p>\n\n\n\n<p class=\"has-large-font-size\">Kunstikonkurss on osa P\u00e4randusfestivali haridusprogrammist ning parimad t\u00f6\u00f6d eksponeeritakse Viljandi Linnaraamatukogus 30. sept-31. okt 2024.<\/p>\n","protected":false},"excerpt":{"rendered":"<p>P\u00e4randilinn Viljandi kutsus lapsi osa v\u00f5tma kunstikonkursist \u201eKratt-P\u00e4randaja\u201c. Kutsusime lapsi paberile panema meie p\u00e4rimusest tuntud Kratti, kes n\u00f5idusliku olendina v\u00e4simatult oma pere soove t\u00e4idab ja kes sel aastal on tulnud appi korraldama Viljandi p\u00e4randusfestivali. Vabaduse platsil koha leidnud Viljandi Kratt-P\u00e4randaja &#8230;<\/p>\n","protected":false},"author":615,"featured_media":0,"parent":0,"menu_order":0,"comment_status":"closed","ping_status":"closed","template":"","meta":{"_acf_changed":false,"inline_featured_image":false,"footnotes":""},"class_list":["post-584","page","type-page","status-publish","hentry"],"acf":[],"_links":{"self":[{"href":"https:\/\/sisu.ut.ee\/parandusfestival2024\/wp-json\/wp\/v2\/pages\/584","targetHints":{"allow":["GET"]}}],"collection":[{"href":"https:\/\/sisu.ut.ee\/parandusfestival2024\/wp-json\/wp\/v2\/pages"}],"about":[{"href":"https:\/\/sisu.ut.ee\/parandusfestival2024\/wp-json\/wp\/v2\/types\/page"}],"author":[{"embeddable":true,"href":"https:\/\/sisu.ut.ee\/parandusfestival2024\/wp-json\/wp\/v2\/users\/615"}],"replies":[{"embeddable":true,"href":"https:\/\/sisu.ut.ee\/parandusfestival2024\/wp-json\/wp\/v2\/comments?post=584"}],"version-history":[{"count":7,"href":"https:\/\/sisu.ut.ee\/parandusfestival2024\/wp-json\/wp\/v2\/pages\/584\/revisions"}],"predecessor-version":[{"id":1054,"href":"https:\/\/sisu.ut.ee\/parandusfestival2024\/wp-json\/wp\/v2\/pages\/584\/revisions\/1054"}],"wp:attachment":[{"href":"https:\/\/sisu.ut.ee\/parandusfestival2024\/wp-json\/wp\/v2\/media?parent=584"}],"curies":[{"name":"wp","href":"https:\/\/api.w.org\/{rel}","templated":true}]}}