{"id":557,"date":"2024-09-06T12:01:47","date_gmt":"2024-09-06T09:01:47","guid":{"rendered":"https:\/\/sisu.ut.ee\/parandusfestival2024\/?page_id=557"},"modified":"2024-09-12T12:10:19","modified_gmt":"2024-09-12T09:10:19","slug":"kunstikool-parib","status":"publish","type":"page","link":"https:\/\/sisu.ut.ee\/parandusfestival2024\/kunstikool-parib\/","title":{"rendered":"Kunstikool p\u00e4rib&#8230;"},"content":{"rendered":"<p class=\"has-large-font-size\"><br><strong>S\u00fcndmuste sari \u201eKunstikool p\u00e4rib\u2026\u201c on Viljandi Kunstikooli loodud ja juhatab sisse Viljandi P\u00e4randusfestivali.<\/strong><br><br>4. septembrist kuni 4. oktoobrini 2024 toimub igal teisip\u00e4eval ja kolmap\u00e4eval algusega kell 16.30 kunstikooli \u00f5pilaste eestvedamisel Vabaduse platsi \u00fcmbruses erin\u00e4olisi p\u00e4randiteemalisi ettev\u00f5tmisi. Iga s\u00fcndmus kannab eraldi nime ja v\u00f5tab t\u00e4helepanu alla m\u00f5ne p\u00e4rimusliku v\u00e4\u00e4rtuse \u2013 m\u00f5istatustest ja k\u00e4piku mustritest kuni puuriida ladumise kunstini.<\/p>\n\n\n\n<figure class=\"wp-block-gallery has-nested-images columns-default is-cropped wp-block-gallery-1 is-layout-flex wp-block-gallery-is-layout-flex\">\n<figure class=\"wp-block-image size-large\"><img loading=\"lazy\" decoding=\"async\" width=\"1024\" height=\"683\" data-id=\"654\" src=\"https:\/\/sisu.ut.ee\/wp-content\/uploads\/sites\/693\/53687240395_dd06e3746c_o-1024x683.jpg\" alt=\"\" class=\"wp-image-654\" srcset=\"https:\/\/sisu.ut.ee\/wp-content\/uploads\/sites\/693\/53687240395_dd06e3746c_o-1024x683.jpg 1024w, https:\/\/sisu.ut.ee\/wp-content\/uploads\/sites\/693\/53687240395_dd06e3746c_o-300x200.jpg 300w, https:\/\/sisu.ut.ee\/wp-content\/uploads\/sites\/693\/53687240395_dd06e3746c_o-768x512.jpg 768w, https:\/\/sisu.ut.ee\/wp-content\/uploads\/sites\/693\/53687240395_dd06e3746c_o-1536x1025.jpg 1536w\" sizes=\"auto, (max-width: 1024px) 100vw, 1024px\"><\/figure>\n\n\n\n<figure class=\"wp-block-image size-large\"><img loading=\"lazy\" decoding=\"async\" width=\"1024\" height=\"683\" data-id=\"648\" src=\"https:\/\/sisu.ut.ee\/wp-content\/uploads\/sites\/693\/52369011840_69820cc379_o-1-1-1024x683.jpg\" alt=\"\" class=\"wp-image-648\" srcset=\"https:\/\/sisu.ut.ee\/wp-content\/uploads\/sites\/693\/52369011840_69820cc379_o-1-1-1024x683.jpg 1024w, https:\/\/sisu.ut.ee\/wp-content\/uploads\/sites\/693\/52369011840_69820cc379_o-1-1-300x200.jpg 300w, https:\/\/sisu.ut.ee\/wp-content\/uploads\/sites\/693\/52369011840_69820cc379_o-1-1-768x512.jpg 768w, https:\/\/sisu.ut.ee\/wp-content\/uploads\/sites\/693\/52369011840_69820cc379_o-1-1-1536x1024.jpg 1536w, https:\/\/sisu.ut.ee\/wp-content\/uploads\/sites\/693\/52369011840_69820cc379_o-1-1-2048x1365.jpg 2048w, https:\/\/sisu.ut.ee\/wp-content\/uploads\/sites\/693\/52369011840_69820cc379_o-1-1-1920x1280.jpg 1920w\" sizes=\"auto, (max-width: 1024px) 100vw, 1024px\"><\/figure>\n<\/figure>\n\n\n\n<p class=\"has-extra-large-font-size\"><strong>Programm<\/strong><\/p>\n\n\n\n<p class=\"has-large-font-size\"><strong>4. septembril kell 16:30<\/strong> \u201eKunstikool p\u00e4rib \u2013 mis on suure \u00f5una suurune, penikoorma pikkune?\u201c\u00a0Tasuja puiestee puudele ilmuvad m\u00f5istatused.\u00a0\u00a0<\/p>\n\n\n\n<p class=\"has-large-font-size\"><strong>10. septembril kell 16:30<\/strong> \u201eKunstikool p\u00e4rib \u2013 mis on plekk?\u201c Tasuja puiestee ligidusse ilmuvad pilt-vanas\u00f5nad. (Plekk on piiman\u00f5u).<\/p>\n\n\n\n<p class=\"has-large-font-size\"><strong>11. septembril kell 16:30<\/strong> \u201eKunstikool p\u00e4rib \u2013 miks on majal korsten?\u201c\u00a0K\u00f5ik viljandlased on kutsutud puuriida ladumise kunsti t\u00f6\u00f6tuppa. Kas lapsed \u00fcldse on m\u00f5elnud, miks on osadel majadel korstnad, kui kaua on Viljandis ahjusid ja pliite k\u00f6etud, mis see endaga kaasa on toonud jms.<\/p>\n\n\n\n<p class=\"has-large-font-size\"><strong>17. septembril kell 16:30<\/strong> \u201eKunstikool p\u00e4rib \u2013 kus on sinu v\u00e4iksed jalad?\u201c Vabaduse platsi l\u00e4hedusse ilmuvad kalamotiivid, et p\u00f6\u00f6rata t\u00e4helepanu Viljandi j\u00e4rve t\u00e4htsusele.<\/p>\n\n\n\n<p class=\"has-large-font-size\"><strong>18. septembril kell 16:30<\/strong> \u201eKunstikool p\u00e4rib \u2013 mitu seppa peavad seda parandama?\u201c Vanalinna majade sepistatud detailide m\u00e4rkamise ja uurimise retk koos linnasepaga.<\/p>\n\n\n\n<p class=\"has-large-font-size\"><strong>24. septembril kell 16:30<\/strong> \u201eKunstikool p\u00e4rib \u2013 kas muster oskab r\u00e4\u00e4kida?\u201c Toimub p\u00e4rimusmustrite teemaline tegevus.<\/p>\n\n\n\n<p class=\"has-large-font-size\"><strong>25. septembril kell 16:30<\/strong> \u201eKunstikool p\u00e4rib \u2013 kes koorus tedremunast?\u201c Maagilise tedrepesa punumine.<\/p>\n\n\n\n<p class=\"has-large-font-size\"><strong>1. oktoobril kell 16:30<\/strong> \u201eKunstikool p\u00e4rib \u2013 kas kivikuju m\u00e4ngu tead?\u201c Vabaduse platsi peenardesse ilmuvad kivikujukesed ja toimub kivikuju m\u00e4ng.<\/p>\n\n\n\n<p class=\"has-large-font-size\"><strong>2. oktoobril kell 16:30<\/strong> \u201eKunstikool p\u00e4rib \u2013 kas igal uksel on oma v\u00f5ti?\u201c Aktsioon, kus kogume kokku viljandlaste seisma j\u00e4\u00e4nud v\u00f5tmed, et luua installatsioon. R\u00e4\u00e4gime sellest, kuidas nii lihtne ja igap\u00e4evane ese on p\u00e4rimuslugudes saladuse lahendamise ja teadmiste s\u00fcmbol.<\/p>\n\n\n\n<p class=\"has-large-font-size\"><strong>4. oktoobril<\/strong> toimub suur P\u00c4RIMUSPERFORMANCE.<\/p>\n\n\n\n<p class=\"has-large-font-size\"><em>Plaanides v\u00f5ib tulla vastavalt ilmale muudatusi<\/em>.<\/p>\n","protected":false},"excerpt":{"rendered":"<p>S\u00fcndmuste sari \u201eKunstikool p\u00e4rib\u2026\u201c on Viljandi Kunstikooli loodud ja juhatab sisse Viljandi P\u00e4randusfestivali. 4. septembrist kuni 4. oktoobrini 2024 toimub igal teisip\u00e4eval ja kolmap\u00e4eval algusega kell 16.30 kunstikooli \u00f5pilaste eestvedamisel Vabaduse platsi \u00fcmbruses erin\u00e4olisi p\u00e4randiteemalisi ettev\u00f5tmisi. Iga s\u00fcndmus kannab eraldi &#8230;<\/p>\n","protected":false},"author":249,"featured_media":0,"parent":0,"menu_order":0,"comment_status":"closed","ping_status":"closed","template":"","meta":{"_acf_changed":false,"inline_featured_image":false,"footnotes":""},"class_list":["post-557","page","type-page","status-publish","hentry"],"acf":[],"_links":{"self":[{"href":"https:\/\/sisu.ut.ee\/parandusfestival2024\/wp-json\/wp\/v2\/pages\/557","targetHints":{"allow":["GET"]}}],"collection":[{"href":"https:\/\/sisu.ut.ee\/parandusfestival2024\/wp-json\/wp\/v2\/pages"}],"about":[{"href":"https:\/\/sisu.ut.ee\/parandusfestival2024\/wp-json\/wp\/v2\/types\/page"}],"author":[{"embeddable":true,"href":"https:\/\/sisu.ut.ee\/parandusfestival2024\/wp-json\/wp\/v2\/users\/249"}],"replies":[{"embeddable":true,"href":"https:\/\/sisu.ut.ee\/parandusfestival2024\/wp-json\/wp\/v2\/comments?post=557"}],"version-history":[{"count":27,"href":"https:\/\/sisu.ut.ee\/parandusfestival2024\/wp-json\/wp\/v2\/pages\/557\/revisions"}],"predecessor-version":[{"id":783,"href":"https:\/\/sisu.ut.ee\/parandusfestival2024\/wp-json\/wp\/v2\/pages\/557\/revisions\/783"}],"wp:attachment":[{"href":"https:\/\/sisu.ut.ee\/parandusfestival2024\/wp-json\/wp\/v2\/media?parent=557"}],"curies":[{"name":"wp","href":"https:\/\/api.w.org\/{rel}","templated":true}]}}