{"id":304,"date":"2024-09-02T15:15:08","date_gmt":"2024-09-02T12:15:08","guid":{"rendered":"https:\/\/sisu.ut.ee\/parandusfestival2024\/?page_id=304"},"modified":"2024-09-05T16:39:08","modified_gmt":"2024-09-05T13:39:08","slug":"plenaaresinejad","status":"publish","type":"page","link":"https:\/\/sisu.ut.ee\/parandusfestival2024\/plenaaresinejad\/","title":{"rendered":"Plenaaresinejad"},"content":{"rendered":"<p class=\"has-large-font-size\"><\/p>\n\n\n\n<div class=\"wp-block-media-text is-stacked-on-mobile\" style=\"grid-template-columns:33% auto\"><figure class=\"wp-block-media-text__media\"><img loading=\"lazy\" decoding=\"async\" width=\"810\" height=\"810\" src=\"https:\/\/sisu.ut.ee\/wp-content\/uploads\/sites\/693\/Untitled-design-89-1.png\" alt=\"\" class=\"wp-image-320 size-full\" srcset=\"https:\/\/sisu.ut.ee\/wp-content\/uploads\/sites\/693\/Untitled-design-89-1.png 810w, https:\/\/sisu.ut.ee\/wp-content\/uploads\/sites\/693\/Untitled-design-89-1-300x300.png 300w, https:\/\/sisu.ut.ee\/wp-content\/uploads\/sites\/693\/Untitled-design-89-1-150x150.png 150w, https:\/\/sisu.ut.ee\/wp-content\/uploads\/sites\/693\/Untitled-design-89-1-768x768.png 768w\" sizes=\"auto, (max-width: 810px) 100vw, 810px\"><\/figure><div class=\"wp-block-media-text__content\">\n<p><\/p>\n\n\n\n<p class=\"has-large-font-size\"><strong>Konverentsi peaesineja on auhinnatud BBC dokumentaalfilmide ja bestsellerite <em>(Cr\u00e6ft, 2018)<\/em> autor, Swansea \u00fclikooli kaasprofessor Alexander Langlands (UK). Konverentsil toimub ettekande t\u00f5lge inglise keelest eesti keelde.<\/strong><\/p>\n\n\n\n<p class=\"has-large-font-size\"><strong>Title of presentation:<\/strong> \u201cPutting the making in place-making: Resilient communities and heritage in an age of austerity\u201d<\/p>\n\n\n\n<p class=\"has-large-font-size\"><strong>Abstract:<\/strong><br>As Europe confronts a polycrises of transitioning energy supplies, food sovereignty, climate change, and threats to national securities, it might be easy to lose sight of heritage as a component within the cultural fabric of communities. Yet as a process \u2013 both tangible and intangible \u2013 heritage is indispensable in offering a forward-looking resilient future for communities at the local level. Drawing from a UKRI Arts and Humanities Research Council-funded project, and over six years of research with communities from some of the most deprived areas of the UK, Associate Professor Alex Langlands examines how practical engagement with \u2018heritage\u2019 amongst communities can operate within a cross-curricular pan-policy framework for delivering equitable futures in place-based economic regeneration.<\/p>\n\n\n\n<p><\/p>\n<\/div><\/div>\n\n\n\n<div class=\"wp-block-media-text is-stacked-on-mobile\" style=\"grid-template-columns:33% auto\"><figure class=\"wp-block-media-text__media\"><img loading=\"lazy\" decoding=\"async\" width=\"810\" height=\"810\" src=\"https:\/\/sisu.ut.ee\/wp-content\/uploads\/sites\/693\/Untitled-design-90.png\" alt=\"\" class=\"wp-image-322 size-full\" srcset=\"https:\/\/sisu.ut.ee\/wp-content\/uploads\/sites\/693\/Untitled-design-90.png 810w, https:\/\/sisu.ut.ee\/wp-content\/uploads\/sites\/693\/Untitled-design-90-300x300.png 300w, https:\/\/sisu.ut.ee\/wp-content\/uploads\/sites\/693\/Untitled-design-90-150x150.png 150w, https:\/\/sisu.ut.ee\/wp-content\/uploads\/sites\/693\/Untitled-design-90-768x768.png 768w\" sizes=\"auto, (max-width: 810px) 100vw, 810px\"><\/figure><div class=\"wp-block-media-text__content\">\n<p><\/p>\n\n\n\n<p class=\"has-large-font-size\"><strong>Konverentsi teine peaesineja on suure rahvusvahelise kogemusega ajaloolane, Hulli \u00fclikooli teadur ja tehisintellekti eetika lektor Harriet Deacon (UK). T\u00f5lge inglise-eesti.<\/strong><\/p>\n\n\n\n<p class=\"has-large-font-size\"><strong>Title of presentation:<\/strong> \u201cIntangible heritage and the market: making it work for communities\u201d<\/p>\n\n\n\n<p class=\"has-large-font-size\"><strong>Abstract:<\/strong><br>Although there is increasing interest in the synergies between economic development and intangible cultural heritage safeguarding, there is little guidance on how to address challenges experienced by communities and practitioners in controlling or benefiting from market engagement. These challenges can be due to factors such as gaps in legal protection and weak market leverage. Drawing on a desk review prepared for UNESCO in 2023, in preparation for developing a guidance note on the issue, this presentation sets out a number of concepts, planning approaches and policy interventions that could be borrowed, adapted and reused to assist communities and other stakeholders in managing economic dimensions of safeguarding.<\/p>\n<\/div><\/div>\n","protected":false},"excerpt":{"rendered":"<p>Konverentsi peaesineja on auhinnatud BBC dokumentaalfilmide ja bestsellerite (Cr\u00e6ft, 2018) autor, Swansea \u00fclikooli kaasprofessor Alexander Langlands (UK). Konverentsil toimub ettekande t\u00f5lge inglise keelest eesti keelde. Title of presentation: \u201cPutting the making in place-making: Resilient communities and heritage in an age &#8230;<\/p>\n","protected":false},"author":249,"featured_media":0,"parent":0,"menu_order":0,"comment_status":"closed","ping_status":"closed","template":"","meta":{"_acf_changed":false,"inline_featured_image":false,"footnotes":""},"class_list":["post-304","page","type-page","status-publish","hentry"],"acf":[],"_links":{"self":[{"href":"https:\/\/sisu.ut.ee\/parandusfestival2024\/wp-json\/wp\/v2\/pages\/304","targetHints":{"allow":["GET"]}}],"collection":[{"href":"https:\/\/sisu.ut.ee\/parandusfestival2024\/wp-json\/wp\/v2\/pages"}],"about":[{"href":"https:\/\/sisu.ut.ee\/parandusfestival2024\/wp-json\/wp\/v2\/types\/page"}],"author":[{"embeddable":true,"href":"https:\/\/sisu.ut.ee\/parandusfestival2024\/wp-json\/wp\/v2\/users\/249"}],"replies":[{"embeddable":true,"href":"https:\/\/sisu.ut.ee\/parandusfestival2024\/wp-json\/wp\/v2\/comments?post=304"}],"version-history":[{"count":11,"href":"https:\/\/sisu.ut.ee\/parandusfestival2024\/wp-json\/wp\/v2\/pages\/304\/revisions"}],"predecessor-version":[{"id":427,"href":"https:\/\/sisu.ut.ee\/parandusfestival2024\/wp-json\/wp\/v2\/pages\/304\/revisions\/427"}],"wp:attachment":[{"href":"https:\/\/sisu.ut.ee\/parandusfestival2024\/wp-json\/wp\/v2\/media?parent=304"}],"curies":[{"name":"wp","href":"https:\/\/api.w.org\/{rel}","templated":true}]}}