{"id":3,"date":"2024-04-04T09:15:45","date_gmt":"2024-04-04T06:15:45","guid":{"rendered":"https:\/\/sisu.ut.ee\/parandusfestival2024\/avaleht\/"},"modified":"2024-10-03T16:06:47","modified_gmt":"2024-10-03T13:06:47","slug":"avaleht","status":"publish","type":"page","link":"https:\/\/sisu.ut.ee\/parandusfestival2024\/","title":{"rendered":"P\u00e4randusfestival ootab 1.-5. oktoobril 2024 Viljandisse"},"content":{"rendered":"<p><\/p>\n\n\n\n<p class=\"has-text-align-left has-large-font-size\"><strong>1.\u20135. oktoobrini 2024 toimub UNESCO p\u00e4randilinna Viljandi eestvedamisel P\u00e4rimusmuusika Aidas ja selle \u00fcmbruses Euroopa kultuuripealinna Tartu 2024 p\u00f5hiprogrammi kuuluv Viljandi p\u00e4randusfestival. \u00dcritus kannab s\u00f5numit \u201ep\u00e4rand parandab\u201c.\u00a0<\/strong><\/p>\n\n\n\n<p class=\"has-text-align-left has-large-font-size\">Viljandi p\u00e4randusfestivali ligi n\u00e4dala v\u00e4ltava programmi jooksul saab\u00a0tutvuda vaimse kultuurip\u00e4randi n\u00e4htustega ja rahvakultuurist p\u00e4rit teadmistega, mis aitavad leida s\u00e4\u00e4stlikke lahendusi majandus- ja keskkonnaprobleemidele. Festivalil jagatakse n\u00e4pun\u00e4iteid, kuidas oma ellu muutusi tuua, ja loomulikult saab nautida p\u00e4rimuslikku meelelahutust.<\/p>\n\n\n\n<figure class=\"wp-block-gallery has-nested-images columns-3 is-cropped wp-block-gallery-1 is-layout-flex wp-block-gallery-is-layout-flex\">\n<figure class=\"wp-block-image size-full\"><img loading=\"lazy\" decoding=\"async\" width=\"799\" height=\"533\" data-id=\"86\" src=\"https:\/\/sisu.ut.ee\/wp-content\/uploads\/sites\/693\/53221449741_f7064301e4_c.jpg\" alt=\"\" class=\"wp-image-86\" srcset=\"https:\/\/sisu.ut.ee\/wp-content\/uploads\/sites\/693\/53221449741_f7064301e4_c.jpg 799w, https:\/\/sisu.ut.ee\/wp-content\/uploads\/sites\/693\/53221449741_f7064301e4_c-300x200.jpg 300w, https:\/\/sisu.ut.ee\/wp-content\/uploads\/sites\/693\/53221449741_f7064301e4_c-768x512.jpg 768w\" sizes=\"auto, (max-width: 799px) 100vw, 799px\"><\/figure>\n\n\n\n<figure class=\"wp-block-image size-full\"><img loading=\"lazy\" decoding=\"async\" width=\"799\" height=\"533\" data-id=\"82\" src=\"https:\/\/sisu.ut.ee\/wp-content\/uploads\/sites\/693\/53348551738_4b7f34efbb_c.jpg\" alt=\"\" class=\"wp-image-82\" srcset=\"https:\/\/sisu.ut.ee\/wp-content\/uploads\/sites\/693\/53348551738_4b7f34efbb_c.jpg 799w, https:\/\/sisu.ut.ee\/wp-content\/uploads\/sites\/693\/53348551738_4b7f34efbb_c-300x200.jpg 300w, https:\/\/sisu.ut.ee\/wp-content\/uploads\/sites\/693\/53348551738_4b7f34efbb_c-768x512.jpg 768w\" sizes=\"auto, (max-width: 799px) 100vw, 799px\"><\/figure>\n\n\n\n<figure class=\"wp-block-image aligncenter size-full\"><img loading=\"lazy\" decoding=\"async\" width=\"799\" height=\"533\" data-id=\"78\" src=\"https:\/\/sisu.ut.ee\/wp-content\/uploads\/sites\/693\/53221444916_38ebe22181_c.jpg\" alt=\"\" class=\"wp-image-78\" srcset=\"https:\/\/sisu.ut.ee\/wp-content\/uploads\/sites\/693\/53221444916_38ebe22181_c.jpg 799w, https:\/\/sisu.ut.ee\/wp-content\/uploads\/sites\/693\/53221444916_38ebe22181_c-300x200.jpg 300w, https:\/\/sisu.ut.ee\/wp-content\/uploads\/sites\/693\/53221444916_38ebe22181_c-768x512.jpg 768w\" sizes=\"auto, (max-width: 799px) 100vw, 799px\"><\/figure>\n\n\n\n<figure class=\"wp-block-image size-full\"><img loading=\"lazy\" decoding=\"async\" width=\"799\" height=\"533\" data-id=\"80\" src=\"https:\/\/sisu.ut.ee\/wp-content\/uploads\/sites\/693\/52369011370_8be17eeef4_c.jpg\" alt=\"\" class=\"wp-image-80\" srcset=\"https:\/\/sisu.ut.ee\/wp-content\/uploads\/sites\/693\/52369011370_8be17eeef4_c.jpg 799w, https:\/\/sisu.ut.ee\/wp-content\/uploads\/sites\/693\/52369011370_8be17eeef4_c-300x200.jpg 300w, https:\/\/sisu.ut.ee\/wp-content\/uploads\/sites\/693\/52369011370_8be17eeef4_c-768x512.jpg 768w\" sizes=\"auto, (max-width: 799px) 100vw, 799px\"><\/figure>\n\n\n\n<figure class=\"wp-block-image size-large\"><img loading=\"lazy\" decoding=\"async\" width=\"799\" height=\"533\" data-id=\"84\" src=\"https:\/\/sisu.ut.ee\/wp-content\/uploads\/sites\/693\/53221951140_67cc04d698_c.jpg\" alt=\"\" class=\"wp-image-84\" srcset=\"https:\/\/sisu.ut.ee\/wp-content\/uploads\/sites\/693\/53221951140_67cc04d698_c.jpg 799w, https:\/\/sisu.ut.ee\/wp-content\/uploads\/sites\/693\/53221951140_67cc04d698_c-300x200.jpg 300w, https:\/\/sisu.ut.ee\/wp-content\/uploads\/sites\/693\/53221951140_67cc04d698_c-768x512.jpg 768w\" sizes=\"auto, (max-width: 799px) 100vw, 799px\"><\/figure>\n<\/figure>\n\n\n\n<blockquote class=\"wp-block-quote has-text-align-center is-style-plain has-regular-font-size is-layout-flow wp-block-quote-is-layout-flow\" style=\"font-style:normal;font-weight:400\">\n<p class=\"has-large-font-size\"><em>\u201eAegade v\u00e4ltel kogunenud kultuurip\u00e4rand on v\u00e4\u00e4rtuslik laegas, mille abil ka t\u00e4naseid kriise v\u00f5ita, sest p\u00e4rand parandab!\u201c<\/em><\/p>\n\n\n\n<p>\u2013 Ave Matsin, Viljandi p\u00e4randusfestivali juht<\/p>\n<\/blockquote>\n\n\n\n<p><\/p>\n\n\n\n<p class=\"has-extra-large-font-size\"><strong>FESTIVALI AJAKAVA<\/strong><\/p>\n\n\n\n<ul class=\"wp-block-list\">\n<li class=\"has-large-font-size\"><a href=\"https:\/\/sisu.ut.ee\/parandusfestival2024\/konverents\/\" target=\"_blank\" rel=\"noreferrer noopener\"><strong>1.\u20132. oktoober:<\/strong> <strong>rahvusvaheline konverents \u201eP\u00e4rand kestliku kogukonna teenistuses\u201c<\/strong>\u00a0<\/a><\/li>\n<\/ul>\n\n\n\n<p class=\"has-large-font-size\">Arutelude ja ettekannete keskmes on k\u00fcsimus, kuidas kultuurip\u00e4randis peituvad v\u00e4\u00e4rtused, teadmised ja oskused rikastavad kaasaegset elukeskkonda ning aitavad leida s\u00e4\u00e4stlikke lahendusi sotsiaalsetele, majanduslikele ja \u00f6koloogilistele probleemidele.<\/p>\n\n\n\n<ul class=\"wp-block-list\">\n<li class=\"has-large-font-size\"><a href=\"https:\/\/sisu.ut.ee\/parandusfestival2024\/meistriklassid\/\" target=\"_blank\" rel=\"noreferrer noopener\"><strong>3. oktoober:<\/strong> <strong>rahvusvahelised meistriklassid\u00a0<\/strong><\/a><\/li>\n<\/ul>\n\n\n\n<p class=\"has-large-font-size\">Meistriklassid on m\u00f5eldud eelk\u00f5ige k\u00e4sit\u00f6\u00f6 ja p\u00e4rimusmuusika professionaalidele ja \u00fcli\u00f5pilastele. Eesm\u00e4rk on vahetada kogemusi, s\u00f5lmida rahvusvahelisi kontakte ja algatada koost\u00f6\u00f6projekte.<\/p>\n\n\n\n<ul class=\"wp-block-list\">\n<li class=\"has-large-font-size\"><strong><a href=\"https:\/\/sisu.ut.ee\/parandusfestival2024\/paranduspidu\/\" target=\"_blank\" rel=\"noreferrer noopener\">4.\u20135. oktoober: p\u00e4randuspidu<\/a><\/strong><\/li>\n<\/ul>\n\n\n\n<p class=\"has-large-font-size\">Festivalile paneb hoogsa punkti suur avalik p\u00e4randuspidu Viljandi spordikoolis ja P\u00e4rimusmuusika Aida \u00fcmbruses, kus saab tutvuda v\u00e4rvikate k\u00fclalistega UNESCO k\u00e4sit\u00f6\u00f6 ja rahvakunsti loovlinnadest \u00fcle maailma, Eesti vaimse kultuurip\u00e4randi v\u00e4gevate kandjatega, panna end proovile t\u00f6\u00f6tubades, saada parandusfestivalil uusi oskusi ning nautida muusikalist programmi p\u00e4rimusmuusika l\u00f5ikuspeol.<\/p>\n\n\n\n<p class=\"has-large-font-size\">Linnaruumis valmivad koost\u00f6\u00f6s Viljandi Kunstikooliga p\u00e4randiga seotud kunstiobjektid ja toimuvad tegevuskunsti etteasted. \u00a0<\/p>\n\n\n\n<hr class=\"wp-block-separator has-alpha-channel-opacity\">\n\n\n\n<p><\/p>\n\n\n\n<p class=\"has-large-font-size\"><strong>Viljandi p\u00e4randusfestival kuulub Euroopa kultuuripealinna Tartu 2024 p\u00f5hiprogrammi.<\/strong> P\u00e4randusfestivali peakorraldajad on Tartu \u00dclikooli Viljandi kultuuriakadeemia ja Eesti P\u00e4rimusmuusika Keskus.<\/p>\n\n\n\n<p class=\"has-large-font-size\"><strong>Festivali toetavad:<\/strong> Tartu \u00fclikool, Viljandi linn ja Eesti Kultuurkapital.<\/p>\n\n\n\n<ul class=\"wp-block-list\">\n<li class=\"has-large-font-size\">Tartu 2024 kultuuripealinn programmiliini \u201eInimene ja oskused\u201c suunal toetab konverentsi \u201cP\u00e4rand kestliku kogukonna teenistuses\u201d korraldamist, kunstiobjektide ja avaliku tegevuskunsti loomist Viljandi kunstikooliga, meistriklasside, \u00f5pitubade ja l\u00f5ikuspeo toimumist.<\/li>\n<\/ul>\n\n\n\n<ul class=\"wp-block-list\">\n<li class=\"has-large-font-size\">Eesti Kultuurkapitali rahvakultuuri sihtkapital toetab festivali raames korraldatavat p\u00e4randuspidu.<\/li>\n<\/ul>\n\n\n\n<p class=\"has-large-font-size\"><strong>Festivali partnerid<\/strong>: <a href=\"https:\/\/kadarbiku.ee\/\" target=\"_blank\" rel=\"noreferrer noopener\">Kadarbiku<\/a>, <a href=\"https:\/\/puhastebeer.com\/\" target=\"_blank\" rel=\"noreferrer noopener\">P\u00fchaste<\/a>, <a href=\"https:\/\/www.nordmel.ee\/\" target=\"_blank\" rel=\"noreferrer noopener\">Nordmel<\/a>, <a href=\"https:\/\/www.bonifatiusegild.ee\/\" target=\"_blank\" rel=\"noreferrer noopener\">Bonifatiuse Gild<\/a><\/p>\n\n\n<section class=\"countdown-block py-3 px-2 p-md-4 page-section page-section--wide \" style=\"background-image: url(https:\/\/sisu.ut.ee\/wp-content\/uploads\/sites\/693\/P4randusfest_FB_cover2.png);\">\n\t<h2 class=\"visually-hidden\">Loendur<\/h2>\n\t<div class=\"container-fluid g-0\">\n\t\t<div class=\"countdown-block__content\">\n\t\t\t<div class=\"row align-items-center\">\n\t\t\t\t<div class=\"col-md-4 text-center\">\n\t\t\t\t\t<p class=\"h4 mb-2 mb-md-0 text-white\">P\u00e4randusfestivalini on j\u00e4\u00e4nud veel <\/p>\n\t\t\t\t<\/div>\n\t\t\t\t<div class=\"col-md-4 text-center\">\n\t\t\t\t\t<div class=\"countdown-timer h1 text-white d-flex flex-md-column justify-content-center mb-0\" data-date=\"10\/01\/2024 07:00:00\">\n\t\t\t\t\t\t<span class=\"days me-2 me-md-0 d-block\">0 p\u00e4eva<\/span>\n\t\t\t\t\t\t<div class=\"d-flex justify-content-center\">\n\t\t\t\t\t\t\t<span class=\"hours\">00:<\/span>\n\t\t\t\t\t\t\t<span class=\"minutes\">00:<\/span>\n\t\t\t\t\t\t\t<span class=\"seconds\">00<\/span>\n\t\t\t\t\t\t<\/div>\n\t\t\t\t\t<\/div>\n\t\t\t\t<\/div>\n\t\t\t\t<div class=\"col-md-4 text-center text-md-start\">\n\t\t\t\t\t                <\/div>\n            <\/div>\n        <\/div>\n  <\/div>\n<\/section>\n\n\n\n<ul class=\"wp-block-social-links has-normal-icon-size is-layout-flex wp-block-social-links-is-layout-flex\"><li class=\"wp-social-link wp-social-link-facebook  wp-block-social-link\"><a href=\"https:\/\/www.facebook.com\/profile.php?id=100081388137017\" class=\"wp-block-social-link-anchor\"><svg width=\"24\" height=\"24\" viewbox=\"0 0 24 24\" version=\"1.1\" xmlns=\"http:\/\/www.w3.org\/2000\/svg\" aria-hidden=\"true\" focusable=\"false\"><path d=\"M12 2C6.5 2 2 6.5 2 12c0 5 3.7 9.1 8.4 9.9v-7H7.9V12h2.5V9.8c0-2.5 1.5-3.9 3.8-3.9 1.1 0 2.2.2 2.2.2v2.5h-1.3c-1.2 0-1.6.8-1.6 1.6V12h2.8l-.4 2.9h-2.3v7C18.3 21.1 22 17 22 12c0-5.5-4.5-10-10-10z\"><\/path><\/svg><span class=\"wp-block-social-link-label screen-reader-text\">Facebook<\/span><\/a><\/li>\n\n<li class=\"wp-social-link wp-social-link-instagram  wp-block-social-link\"><a href=\"https:\/\/www.instagram.com\/parandilinnviljandi\/\" class=\"wp-block-social-link-anchor\"><svg width=\"24\" height=\"24\" viewbox=\"0 0 24 24\" version=\"1.1\" xmlns=\"http:\/\/www.w3.org\/2000\/svg\" aria-hidden=\"true\" focusable=\"false\"><path d=\"M12,4.622c2.403,0,2.688,0.009,3.637,0.052c0.877,0.04,1.354,0.187,1.671,0.31c0.42,0.163,0.72,0.358,1.035,0.673 c0.315,0.315,0.51,0.615,0.673,1.035c0.123,0.317,0.27,0.794,0.31,1.671c0.043,0.949,0.052,1.234,0.052,3.637 s-0.009,2.688-0.052,3.637c-0.04,0.877-0.187,1.354-0.31,1.671c-0.163,0.42-0.358,0.72-0.673,1.035 c-0.315,0.315-0.615,0.51-1.035,0.673c-0.317,0.123-0.794,0.27-1.671,0.31c-0.949,0.043-1.233,0.052-3.637,0.052 s-2.688-0.009-3.637-0.052c-0.877-0.04-1.354-0.187-1.671-0.31c-0.42-0.163-0.72-0.358-1.035-0.673 c-0.315-0.315-0.51-0.615-0.673-1.035c-0.123-0.317-0.27-0.794-0.31-1.671C4.631,14.688,4.622,14.403,4.622,12 s0.009-2.688,0.052-3.637c0.04-0.877,0.187-1.354,0.31-1.671c0.163-0.42,0.358-0.72,0.673-1.035 c0.315-0.315,0.615-0.51,1.035-0.673c0.317-0.123,0.794-0.27,1.671-0.31C9.312,4.631,9.597,4.622,12,4.622 M12,3 C9.556,3,9.249,3.01,8.289,3.054C7.331,3.098,6.677,3.25,6.105,3.472C5.513,3.702,5.011,4.01,4.511,4.511 c-0.5,0.5-0.808,1.002-1.038,1.594C3.25,6.677,3.098,7.331,3.054,8.289C3.01,9.249,3,9.556,3,12c0,2.444,0.01,2.751,0.054,3.711 c0.044,0.958,0.196,1.612,0.418,2.185c0.23,0.592,0.538,1.094,1.038,1.594c0.5,0.5,1.002,0.808,1.594,1.038 c0.572,0.222,1.227,0.375,2.185,0.418C9.249,20.99,9.556,21,12,21s2.751-0.01,3.711-0.054c0.958-0.044,1.612-0.196,2.185-0.418 c0.592-0.23,1.094-0.538,1.594-1.038c0.5-0.5,0.808-1.002,1.038-1.594c0.222-0.572,0.375-1.227,0.418-2.185 C20.99,14.751,21,14.444,21,12s-0.01-2.751-0.054-3.711c-0.044-0.958-0.196-1.612-0.418-2.185c-0.23-0.592-0.538-1.094-1.038-1.594 c-0.5-0.5-1.002-0.808-1.594-1.038c-0.572-0.222-1.227-0.375-2.185-0.418C14.751,3.01,14.444,3,12,3L12,3z M12,7.378 c-2.552,0-4.622,2.069-4.622,4.622S9.448,16.622,12,16.622s4.622-2.069,4.622-4.622S14.552,7.378,12,7.378z M12,15 c-1.657,0-3-1.343-3-3s1.343-3,3-3s3,1.343,3,3S13.657,15,12,15z M16.804,6.116c-0.596,0-1.08,0.484-1.08,1.08 s0.484,1.08,1.08,1.08c0.596,0,1.08-0.484,1.08-1.08S17.401,6.116,16.804,6.116z\"><\/path><\/svg><span class=\"wp-block-social-link-label screen-reader-text\">Instagram<\/span><\/a><\/li><\/ul>\n","protected":false},"excerpt":{"rendered":"<p>1.\u20135. oktoobrini 2024 toimub UNESCO p\u00e4randilinna Viljandi eestvedamisel P\u00e4rimusmuusika Aidas ja selle \u00fcmbruses Euroopa kultuuripealinna Tartu 2024 p\u00f5hiprogrammi kuuluv Viljandi p\u00e4randusfestival. \u00dcritus kannab s\u00f5numit \u201ep\u00e4rand parandab\u201c.\u00a0 Viljandi p\u00e4randusfestivali ligi n\u00e4dala v\u00e4ltava programmi jooksul saab\u00a0tutvuda vaimse kultuurip\u00e4randi n\u00e4htustega ja rahvakultuurist p\u00e4rit &#8230;<\/p>\n","protected":false},"author":342,"featured_media":0,"parent":0,"menu_order":0,"comment_status":"closed","ping_status":"closed","template":"","meta":{"_acf_changed":false,"inline_featured_image":false,"footnotes":""},"class_list":["post-3","page","type-page","status-publish","hentry"],"acf":[],"_links":{"self":[{"href":"https:\/\/sisu.ut.ee\/parandusfestival2024\/wp-json\/wp\/v2\/pages\/3","targetHints":{"allow":["GET"]}}],"collection":[{"href":"https:\/\/sisu.ut.ee\/parandusfestival2024\/wp-json\/wp\/v2\/pages"}],"about":[{"href":"https:\/\/sisu.ut.ee\/parandusfestival2024\/wp-json\/wp\/v2\/types\/page"}],"author":[{"embeddable":true,"href":"https:\/\/sisu.ut.ee\/parandusfestival2024\/wp-json\/wp\/v2\/users\/342"}],"replies":[{"embeddable":true,"href":"https:\/\/sisu.ut.ee\/parandusfestival2024\/wp-json\/wp\/v2\/comments?post=3"}],"version-history":[{"count":29,"href":"https:\/\/sisu.ut.ee\/parandusfestival2024\/wp-json\/wp\/v2\/pages\/3\/revisions"}],"predecessor-version":[{"id":1295,"href":"https:\/\/sisu.ut.ee\/parandusfestival2024\/wp-json\/wp\/v2\/pages\/3\/revisions\/1295"}],"wp:attachment":[{"href":"https:\/\/sisu.ut.ee\/parandusfestival2024\/wp-json\/wp\/v2\/media?parent=3"}],"curies":[{"name":"wp","href":"https:\/\/api.w.org\/{rel}","templated":true}]}}