{"id":285,"date":"2024-08-29T16:06:02","date_gmt":"2024-08-29T13:06:02","guid":{"rendered":"https:\/\/sisu.ut.ee\/parandusfestival2024\/?page_id=285"},"modified":"2024-10-01T15:15:59","modified_gmt":"2024-10-01T12:15:59","slug":"kava","status":"publish","type":"page","link":"https:\/\/sisu.ut.ee\/parandusfestival2024\/kava\/","title":{"rendered":"Kava \/ Program"},"content":{"rendered":"<p><\/p>\n\n\n\n<p class=\"has-extra-large-font-size\"><strong>Konverents \u201eP\u00e4rand kestliku kogukonna teenistuses\u201c\u00a0<\/strong><br><strong>Conference \u201eHeritage for resilient communities\u201c<\/strong><\/p>\n\n\n\n<p class=\"has-large-font-size\">Eesti P\u00e4rimusmuusika Keskus \/ The Estonian Traditional Music Center (Tasuja pst 6, Viljandi, Estonia)<br><br> <em>Konverents toimub inglise keeles<\/em> \/ <em>The working language of the conference is English.<\/em><\/p>\n\n\n\n<div class=\"wp-block-buttons is-layout-flex wp-block-buttons-is-layout-flex\">\n<div class=\"wp-block-button has-custom-font-size has-large-font-size\"><a class=\"wp-block-button__link has-primary-background-color has-background wp-element-button\" href=\"https:\/\/sisu.ut.ee\/wp-content\/uploads\/sites\/693\/Viljandi_conference_abstracts_ENG_04.pdf\" target=\"_blank\" rel=\"noreferrer noopener\"><strong>KONVERENTSI KOKKUV\u00d5TTED<\/strong><\/a><\/div>\n<\/div>\n\n\n\n<p><\/p>\n\n\n<div class=\"accordion-block mb-3\">\n\t\t<div class=\"accordion \" id=\"accordion-accordion-69d98f968eb9f\">\n\t\t\t\t\t\t\t<div class=\"accordion-item accordion-item--white\">\n\t\t\t\t\t<h2 class=\"accordion-header\" id=\"accordion-69d98f968eb9f-heading-1\">\n\t\t\t\t\t\t<button class=\"accordion-button collapsed\" type=\"button\" data-bs-toggle=\"collapse\" data-bs-target=\"#accordion-69d98f968eb9f-collapse-1\" aria-expanded=\"true\" aria-controls=\"accordion-69d98f968eb9f-collapse-1\">\n\t\t\t\t\t\t\t1. P\u00c4EV:  teisip\u00e4ev, 1. oktoober\n\t\t\t\t\t\t<\/button>\n\t\t\t\t\t<\/h2>\n\t\t\t\t\t<div id=\"accordion-69d98f968eb9f-collapse-1\" class=\"accordion-collapse collapse \" aria-labelledby=\"accordion-69d98f968eb9f-heading-1\">\n\t\t\t\t\t\t<div class=\"accordion-body\">\n\t\t\t\t\t\t\t<p><!-- wp:paragraph {\"fontSize\":\"large\"} --><\/p>\n<p><strong>09:30 \u2013 10:15\u00a0<\/strong>\u00a0 Conference registration and welcome coffee<\/p>\n<p><strong>10:15 \u2013 10:30<\/strong>\u00a0\u00a0 Conference opening<\/p>\n<p><strong>10:30\u2013 11:30<\/strong>\u00a0\u00a0\u00a0 Keynote 1: Alexander Langlands from Swansea University (UK), <em>\u201cPutting the making in place-making: Resilient communities and heritage in an age of austerity\u201d<\/em> <em>(large hall)<\/em><\/p>\n<p><strong>11:30 \u2013 12:00<\/strong>\u00a0\u00a0 Coffee \/ tea break<\/p>\n<p><strong>12:00 \u2013 14:00<\/strong> \u00a0 Parallel sessions (<em>NB! All presentations in the large hall are translated from English to Estonian)<\/em><\/p>\n<p><em>Panel 1: <\/em><b><i>Kontseptuaalne raamistik, meetodid ja praktikad \/ <\/i><\/b><em><strong>Conceptual frameworks, methods and practices <\/strong>(large hall)<br>\n<\/em><span class=\"NormalTextRun SCXW210738446 BCX8\">Moderator: <\/span><span class=\"NormalTextRun SCXW210738446 BCX8\">Toomas Roolaid<\/span><em><br>\n<\/em><\/p>\n<ul>\n<li>Marju K\u00f5ivupuu (Estonia)\u00a0<em>\u201cWhat are we talking about when we talk about heritage?\u201d<\/em><\/li>\n<li>Giuseppe Biagini (USA)\u00a0<em>\u201cThe Future\u2026 is under your feet\u201d<\/em><\/li>\n<li>Kurmo Konsa (Estonia)\u00a0<em>\u201cHow to create a culture that is suitable for sustainable living: a conceptual framework\u201d<\/em><\/li>\n<li>Ave Paulus (Estonia) and Arnstein Brekke (Norway) \u201c<em>The Protection of Vernacular Heritage of North Europe \u2013 Authenticity and the Role of Heritage Communities\u201d<\/em><\/li>\n<\/ul>\n<p><em>Panel 2: <\/em><b><i>Muuseumid ja p\u00e4randiasutused \/ <\/i><\/b><em><strong>Museums and Heritage Institutions <\/strong>(small hall)<br>\n<\/em><span class=\"NormalTextRun SCXW16953570 BCX8\">Moderaator: <\/span><span class=\"NormalTextRun SCXW16953570 BCX8\">Tenno <\/span><span class=\"NormalTextRun SpellingErrorV2Themed SCXW16953570 BCX8\">Teidearu<\/span><em><br>\n<\/em><\/p>\n<ul>\n<li>El\u012bna Vikmane (Latvia)\u00a0<em>\u201cParticipatory engagement of youth in museums and its research with participatory methods and techniques\u201d<\/em><\/li>\n<li>Laura Brut\u0101ne and Lote Katr\u012bna C\u0113rpa (Latvia)\u00a0<em>\u201cMindful Museums: Nurturing Mental Health Through Cultural Participation\u201d<\/em><\/li>\n<li>Danila Rygovskiy (Estonia)\u00a0<em>\u201cEstonian printing heritage: revival of hot metal typesetting skills (linotype &amp; monotype)\u201d<\/em><\/li>\n<li>Kennedy Kariseb<em> (Namibia) \u201cThe conservation, preservation and management of heritage objects and places in Namibia: Challenges and opportunities\u201d cancelled<\/em><\/li>\n<\/ul>\n<p><strong>14:00\u2013 15:00<\/strong> Lunch<\/p>\n<p><strong>15:00 \u2013 17:00<\/strong> Parallel sessions<\/p>\n<p><em>Panel 3: <b><i>K\u00e4sit\u00f6\u00f6 haridus \/ <\/i><\/b><strong>Craft Education <\/strong> (large hall)<br>\n<\/em><span class=\"NormalTextRun SCXW210738446 BCX8\">Moderator: <\/span><span class=\"NormalTextRun SCXW210738446 BCX8\">Toomas Roolaid<\/span><em><br>\n<\/em><\/p>\n<ul>\n<li>M\u0101ra Urdzi\u0146a-Deruma and Lolita \u0160elvaha (Latvia) \u201c<em>Trends in Teaching Traditional Culture in Design and Technology in Latvia<\/em>\u201d<\/li>\n<li>Ave Matsin (Estonia) \u201c<em>Professional craft education and its impact on the example of a study of the professional employment of Estonian vocational and higher education craft curriculum graduates<\/em>\u201d<\/li>\n<li>Niina V\u00e4\u00e4n\u00e4nen, P\u00e4ivi Fernstr\u00f6m, Kaisa Hyrsky, Hanna Kettunen and Sirpa Kokko (Finland) \u201c<em>Crafting identities<\/em>\u201d<\/li>\n<li>Eilve Manglus (Estonia) \u201c<em>Career turnaround and lifelong learning. Why should anyone start studying native metalwork at the age of over 35?<\/em>\u201d<\/li>\n<\/ul>\n<p><em>Panel 4: <b><i>S\u00e4ilen\u00f5tked praktikad \/ <\/i><\/b><strong>Resilient practices <\/strong>(small hall)<br>\n<\/em><span class=\"TextRun SCXW37031757 BCX8\" lang=\"ET-EE\" xml:lang=\"ET-EE\" data-contrast=\"auto\"><span class=\"NormalTextRun SCXW37031757 BCX8\">Moderaator: Marta Konovalov<\/span><\/span><em><br>\n<\/em><\/p>\n<ul>\n<li>Tara Poole (Australia) \u201c<em>Determining a new value for creative capital<\/em>\u201d<\/li>\n<li>Tenno Teidearu (Estonia) \u201c<em>Repair as Heritage and Sustainable Consumption Practice<\/em>\u201d<\/li>\n<li>Madis Vasser, Maria Muuk and Tambet Muide (Estonia) \u201c<em>Terra Low-Tech Theme Park<\/em>\u201d<\/li>\n<li>Lisanna Schmidt-Bure\u0161 (Estonia) \u201c<em>Natural colors as part of environmental sustainability in fashion \u2013 Conserving biodiversity through an art project and dyeing with plants<\/em>.\u201d<\/li>\n<\/ul>\n<p><strong>17:15 \u2013 17:45<\/strong>\u00a0\u00a0 Presentation of the international scientific journal <a href=\"https:\/\/ojs.utlib.ee\/index.php\/SV\/about\" target=\"_blank\" rel=\"noopener\">Studia Vernacula 2024\u00a0<\/a> (large hall)<\/p>\n<p><strong>17:45<\/strong>\u00a0\u00a0\u00a0 End of the first conference day<\/p>\n<p><strong>* 19:00 \u2013 22:00<\/strong>\u00a0\u00a0 The conference festive dinner in <a href=\"https:\/\/visitviljandi.ee\/en\/places\/sakala-centre\/\" target=\"_blank\" rel=\"noopener\">Sakala Centre<\/a> (Tallinna 5, Viljandi), pre-registered only, for an additional fee<\/p>\n<p><em>Korraldajad j\u00e4tavad endale \u00f5iguse teha kavas muudatusi \/ The organisers reserve the rights to make amendments to the programme.<\/em><\/p>\n<p><!-- \/wp:paragraph --><\/p>\n\n\t\t\t\t\t\t<\/div>\n\t\t\t\t\t<\/div>\n\t\t\t\t<\/div>\n\t\t\t\t\t\t\t<div class=\"accordion-item accordion-item--white\">\n\t\t\t\t\t<h2 class=\"accordion-header\" id=\"accordion-69d98f968eb9f-heading-2\">\n\t\t\t\t\t\t<button class=\"accordion-button collapsed\" type=\"button\" data-bs-toggle=\"collapse\" data-bs-target=\"#accordion-69d98f968eb9f-collapse-2\" aria-expanded=\"true\" aria-controls=\"accordion-69d98f968eb9f-collapse-2\">\n\t\t\t\t\t\t\t2. P\u00c4EV: kolmap\u00e4ev, 2. oktoober\n\t\t\t\t\t\t<\/button>\n\t\t\t\t\t<\/h2>\n\t\t\t\t\t<div id=\"accordion-69d98f968eb9f-collapse-2\" class=\"accordion-collapse collapse \" aria-labelledby=\"accordion-69d98f968eb9f-heading-2\">\n\t\t\t\t\t\t<div class=\"accordion-body\">\n\t\t\t\t\t\t\t<p><!-- wp:paragraph {\"fontSize\":\"large\"} --><\/p>\n<p><strong>09:00 \u2013 10:00<\/strong>\u00a0\u00a0 Keynote 2: <a>Harriet Deacon <\/a>from University of Hull (UK). \u201d <em>Intangible heritage and the market: making it work for communities\u201d<\/em> <em>(large hall)<\/em><\/p>\n<p><!-- \/wp:paragraph --> <!-- wp:paragraph {\"fontSize\":\"large\"} --><\/p>\n<p><strong>10:00 \u2013 10:30<\/strong> \u00a0 Coffee \/ tea break and poster sessions<\/p>\n<p><!-- \/wp:paragraph --> <!-- wp:paragraph {\"fontSize\":\"large\"} --><\/p>\n<p><strong>10:30 \u2013 12:30<\/strong> \u00a0 Parallel sessions (<em>NB! All presentations in the large hall are translated from English to Estonian)<\/em><\/p>\n<p><em>Panel 5: <b><i>Vaimne kultuurip\u00e4rand \/ <\/i><\/b><strong>Intangible cultural heritage <\/strong>(large hall)<br>\n<\/em><span class=\"NormalTextRun SCXW210738446 BCX8\">Moderator: <\/span><span class=\"NormalTextRun SCXW210738446 BCX8\">Toomas Roolaid<\/span><em><br>\n<\/em><\/p>\n<ul>\n<li>Johanna Bj\u00f6rkholm (Finland) \u201c<em>Regional capacity building and safeguarding of ICH<\/em>\u201d<\/li>\n<li>Anete Karlsone (Latvia) <em>Craft skills in the Latvian National List of Intangible Cultural Heritage and in the event <\/em><em>\u201cMeet your Craftsman!\u201d<\/em><\/li>\n<li>Anni J\u00e4rvel\u00e4 (Finland) \u201c<em>N\u00e4pp\u00e4rit \u2013 together in tradition and music<\/em>\u201d<\/li>\n<li>Aivar Ruukel (Estonia) \u201c<em>Dugout boat heritage and place identity: case of Soomaa national park<\/em>\u201d<\/li>\n<\/ul>\n<p><em>Panel 6: <b><i>K\u00e4sit\u00f6\u00f6lise vaatepunkt \/ <\/i><\/b><strong>Craftsperson\u2019s Perspective <\/strong>(small hall)<br>\n<\/em><span class=\"NormalTextRun SCXW69549667 BCX8\">Moderator: <\/span><span class=\"NormalTextRun SCXW69549667 BCX8\">Kristi J\u00f5este<\/span><em><br>\n<\/em><\/p>\n<ul>\n<li>Madis Rennu and Andres R\u00f5igas (Estonia) \u201c<em>Fieldwork notes through the eyes of a craftsman: economic interests, local and cultural cooperation in the intentional communities of southern Estonia.<\/em>\u201d<\/li>\n<li>Jan L\u00fctjohann (Finland) \u201c<em>Common heritage for busy people from all over the place: an evaluation of mobile accessible wood-carving workshops<\/em>\u201d<\/li>\n<li>Angie Butler (UK) and Imi Maufe (Norway) \u201c<em>Connecting and Developing Printing Heritage: The Nordic Letterpress Network<\/em>\u201d<\/li>\n<li>Rosa Johnson (Namibia) \u201c<em>Namibia the jewel of culture and heritage<\/em>\u201d<\/li>\n<\/ul>\n<p><!-- \/wp:paragraph --> <!-- wp:paragraph {\"fontSize\":\"large\"} --><\/p>\n<p><strong>12:30 \u2013 13:30<\/strong> \u00a0 Lunch<\/p>\n<p><!-- \/wp:paragraph --> <!-- wp:paragraph {\"fontSize\":\"large\"} --><\/p>\n<p><strong>13:30 \u2013 15:30<\/strong>\u00a0\u00a0 Parallel sessions<\/p>\n<p><em>Panel 7: <\/em><b><i>Traditsioonilised k\u00e4sit\u00f6\u00f6praktikad \/ <\/i><\/b><em><strong>Traditional crafts and practices <\/strong>(large hall)<br>\n<\/em><span class=\"NormalTextRun SCXW210738446 BCX8\">Moderator: <\/span><span class=\"NormalTextRun SCXW210738446 BCX8\">Toomas Roolaid<\/span><em><br>\n<\/em><\/p>\n<ul>\n<li>Tiina Kull (Estonia)\u00a0<em>\u201cWoven Gifts: The Tale of Estonian Skirts and English Wool\u201d<\/em><\/li>\n<li>Mar\u2019yana Svarnyk (Estonia \/ Ukraine)\u00a0<em>\u201cThe Resilience of a Tradition in the Craft of Ukrainian Easter Eggs (Pysanky)\u201d<\/em><\/li>\n<li>Riina Rammo (Estonia)\u00a0<em>\u201cRed dyestuffs in ancient textile technology\u201d<\/em><\/li>\n<li>Ishara Wijemanne, Niina V\u00e4\u00e4n\u00e4nen and Sirpa Kokko (Finland)<em>\u201cDumbara Weaving, a cultural heritage and an identity\u201d<\/em><\/li>\n<\/ul>\n<p><em>Panel 8: <\/em><b><i>\u00dcksikisiku ja kogukonna v\u00e4estamine \/ <\/i><\/b><em><strong>Empowering individuals and communities<\/strong>(small hall)<br>\n<\/em><span class=\"TextRun SCXW57227188 BCX8\" lang=\"ET-EE\" xml:lang=\"ET-EE\" data-contrast=\"auto\"><span class=\"NormalTextRun SCXW57227188 BCX8\">Moderator: Jorma Sarv<\/span><\/span><em><br>\n<\/em><\/p>\n<ul>\n<li>Linda Rubena (Latvia) \u201c<em>Heritage as a basis and source of inspiration for creative works in the younger generation<\/em>\u201d<\/li>\n<li>Emmy Lampila-Fr\u00e4nti (Finland) \u201c<em>Crafting Sustainability: Insights into Japanese Craftsmanship in the Green Transition<\/em><strong>\u201c<\/strong><\/li>\n<li>Marius F Johannes (Namibia) \u201c<em>Echoes of Freedom: Reviving Namibia\u2019s Cultural Heritage Through the Transformative Power of Prison Arts and Crafts\u201d A Narrative Story of Incarceration, Legacy, And Transformative DT<\/em>\u201d<\/li>\n<li>Francis Ndagiyisa Sokomba (Nigeria) \u201c<em>Cultural Heritage and Identity<\/em>\u201d<\/li>\n<\/ul>\n<p><!-- \/wp:paragraph --> <!-- wp:paragraph {\"fontSize\":\"large\"} --><\/p>\n<p><strong>15:30 \u2013 16:00 <\/strong>\u00a0 Coffee \/ tea break<\/p>\n<p><!-- \/wp:paragraph --> <!-- wp:paragraph {\"fontSize\":\"large\"} --><\/p>\n<p><strong>16:00 \u2013 17:30<\/strong>\u00a0 Parallel sessions<\/p>\n<p><em>Panel 9: <b><i>Avaliku ala arendamine linnas, maal ja institutsionaalses ruumis \/ <\/i><\/b><strong>Development of public spaces: urban, rural and institutional <\/strong>(large hall)<br>\n<\/em><span class=\"NormalTextRun SCXW210738446 BCX8\">Moderator: <\/span><span class=\"NormalTextRun SCXW210738446 BCX8\">Toomas Roolaid<\/span><em><br>\n<\/em><\/p>\n<ul>\n<li>Azeem Hamid (Pakistan\/Estonia) \u201c<em>Participation in public spaces of Tallinn<\/em>\u201d<\/li>\n<li>Garri Raagmaa (Estonia) \u201c<em>Manors as Rural Development Drivers<\/em>\u201d<\/li>\n<li>Jorma Sarv (Estonia)\u00a0<em>\u201cExperiencing the nature of museum and library environments. Gateway to excitement or escape to silence?\u201d<\/em><\/li>\n<\/ul>\n<p><em>Panel 10: <b><i>Ehitus ja arhitektuur \/ <\/i><\/b><strong>Building and Architecture <\/strong>(small hall)<br>\n<\/em><span class=\"NormalTextRun SCXW208326254 BCX8\">Moderator:<\/span><span class=\"NormalTextRun SCXW208326254 BCX8\"> Ave Paulus<\/span><em><br>\n<\/em><\/p>\n<ul>\n<li>Witiya Pittungnapoo (Thailand)\u00a0<em>\u201cWater-based Architecture and Cultural Landscape as Living Heritage of the Yom River in Thailand.\u201d<\/em><\/li>\n<li>Martti Veldi (Estonia), Mia \u00c5kerfelt (Finland), Tzafrir Fainholtz (Israel) and Anna Wilczy\u0144ska (Poland).\u00a0<em>\u201cFinnish prefabricated wooden houses in Poland, Israel and Estonia \u2013 from temporary housing to heritage values, how are local communities involved?\u201d<\/em><\/li>\n<li><em>Markus Pau (Estonia)\u00a0\u201cSynthesis between heritage and innovation: internal insulation of historic fieldstone walls with hemp-lime\u201d<\/em><\/li>\n<\/ul>\n<p><!-- \/wp:paragraph --> <!-- wp:paragraph {\"fontSize\":\"large\"} --><\/p>\n<p><strong>17:30 \u2013 17:40 <\/strong>\u00a0 Conference closing<!-- \/wp:paragraph --><\/p>\n<p><em>Korraldajad j\u00e4tavad endale \u00f5iguse teha kavas muudatusi \/ The organisers reserve the rights to make amendments to the programme.<\/em><\/p>\n<p>\u00a0<\/p>\n\n\t\t\t\t\t\t<\/div>\n\t\t\t\t\t<\/div>\n\t\t\t\t<\/div>\n\t\t\t\t\t<\/div>\n\t<\/div>\n\n\n\n<figure class=\"wp-block-image size-full\"><img loading=\"lazy\" decoding=\"async\" width=\"2560\" height=\"1707\" src=\"https:\/\/sisu.ut.ee\/wp-content\/uploads\/sites\/693\/53347444362_d94a01b787_o-3-scaled.jpg\" alt=\"\" class=\"wp-image-416\" srcset=\"https:\/\/sisu.ut.ee\/wp-content\/uploads\/sites\/693\/53347444362_d94a01b787_o-3-scaled.jpg 2560w, https:\/\/sisu.ut.ee\/wp-content\/uploads\/sites\/693\/53347444362_d94a01b787_o-3-300x200.jpg 300w, https:\/\/sisu.ut.ee\/wp-content\/uploads\/sites\/693\/53347444362_d94a01b787_o-3-1024x683.jpg 1024w, https:\/\/sisu.ut.ee\/wp-content\/uploads\/sites\/693\/53347444362_d94a01b787_o-3-768x512.jpg 768w, https:\/\/sisu.ut.ee\/wp-content\/uploads\/sites\/693\/53347444362_d94a01b787_o-3-1536x1024.jpg 1536w, https:\/\/sisu.ut.ee\/wp-content\/uploads\/sites\/693\/53347444362_d94a01b787_o-3-2048x1365.jpg 2048w, https:\/\/sisu.ut.ee\/wp-content\/uploads\/sites\/693\/53347444362_d94a01b787_o-3-1920x1280.jpg 1920w\" sizes=\"auto, (max-width: 2560px) 100vw, 2560px\"><\/figure>\n\n\n\n<p class=\"has-extra-large-font-size\"><\/p>\n\n\n\n<p class=\"has-large-font-size\"><\/p>\n","protected":false},"excerpt":{"rendered":"<p>Konverents \u201eP\u00e4rand kestliku kogukonna teenistuses\u201c\u00a0Conference \u201eHeritage for resilient communities\u201c Eesti P\u00e4rimusmuusika Keskus \/ The Estonian Traditional Music Center (Tasuja pst 6, Viljandi, Estonia) Konverents toimub inglise keeles \/ The working language of the conference is English.<\/p>\n","protected":false},"author":249,"featured_media":0,"parent":0,"menu_order":0,"comment_status":"closed","ping_status":"closed","template":"","meta":{"_acf_changed":false,"inline_featured_image":false,"footnotes":""},"class_list":["post-285","page","type-page","status-publish","hentry"],"acf":[],"_links":{"self":[{"href":"https:\/\/sisu.ut.ee\/parandusfestival2024\/wp-json\/wp\/v2\/pages\/285","targetHints":{"allow":["GET"]}}],"collection":[{"href":"https:\/\/sisu.ut.ee\/parandusfestival2024\/wp-json\/wp\/v2\/pages"}],"about":[{"href":"https:\/\/sisu.ut.ee\/parandusfestival2024\/wp-json\/wp\/v2\/types\/page"}],"author":[{"embeddable":true,"href":"https:\/\/sisu.ut.ee\/parandusfestival2024\/wp-json\/wp\/v2\/users\/249"}],"replies":[{"embeddable":true,"href":"https:\/\/sisu.ut.ee\/parandusfestival2024\/wp-json\/wp\/v2\/comments?post=285"}],"version-history":[{"count":30,"href":"https:\/\/sisu.ut.ee\/parandusfestival2024\/wp-json\/wp\/v2\/pages\/285\/revisions"}],"predecessor-version":[{"id":1167,"href":"https:\/\/sisu.ut.ee\/parandusfestival2024\/wp-json\/wp\/v2\/pages\/285\/revisions\/1167"}],"wp:attachment":[{"href":"https:\/\/sisu.ut.ee\/parandusfestival2024\/wp-json\/wp\/v2\/media?parent=285"}],"curies":[{"name":"wp","href":"https:\/\/api.w.org\/{rel}","templated":true}]}}