{"id":211,"date":"2024-06-19T11:06:58","date_gmt":"2024-06-19T08:06:58","guid":{"rendered":"https:\/\/sisu.ut.ee\/parandusfestival2024\/?page_id=211"},"modified":"2024-09-06T10:34:31","modified_gmt":"2024-09-06T07:34:31","slug":"esinejad","status":"publish","type":"page","link":"https:\/\/sisu.ut.ee\/parandusfestival2024\/esinejad\/","title":{"rendered":"Esinejad"},"content":{"rendered":"<p><\/p>\n\n\n\n<p class=\"has-extra-large-font-size\"><strong>Konverentsil esinevad lisaks kahele peaesinejale ettekandega:<\/strong><\/p>\n\n\n\n<p class=\"has-large-font-size\"><strong>Aivar Ruukel (Eesti)<\/strong> \u201c<em>Dugout boat heritage and place identity: case of Soomaa national park\u201d<\/em><\/p>\n\n\n\n<p class=\"has-large-font-size\"><strong>Anete Karlsone (L\u00e4ti) <\/strong><em>Craft skills in the Latvian National List of Intangible Cultural Heritage and in the event <\/em><em>\u201cMeet your Craftsman!\u201d<\/em><\/p>\n\n\n\n<p class=\"has-large-font-size\"><strong>Angie Butler (UK) ja Imi Maufe (Norra)<\/strong> <em>\u201cConnecting and Developing Printing Heritage: the Nordic Letterpress Network\u201d<\/em><\/p>\n\n\n\n<p class=\"has-large-font-size\"><strong>Anni J\u00e4rvel\u00e4 (Soome)<\/strong> <em>\u201cN\u00e4pp\u00e4rit\u00a0 \u2013 together in tradition and music\u201d<\/em><\/p>\n\n\n\n<p class=\"has-large-font-size\"><strong>Azeem Hamid (Pakistan)<\/strong> <em>\u201cParticipation in public spaces of Tallinn\u201d<\/em><\/p>\n\n\n\n<p class=\"has-large-font-size\"><strong>Ave Matsin (Eesti)<\/strong> <em>\u201cProfessional craft education and its impact on the example of a study of the professional employment of Estonian vocational and higher education craft curriculum graduates\u201d<\/em><\/p>\n\n\n\n<p class=\"has-large-font-size\"><strong>Ave Paulus (Eesti) ja Arnstein Brekke (Norra)<\/strong> \u201c<em>The Protection of Vernacular Heritage of North Europe \u2013 Authenticity and the Role of Heritage Communities\u201d<\/em><\/p>\n\n\n\n<p class=\"has-large-font-size\"><strong>Danila Rygovskiy (Eesti)<\/strong> <em>\u201cEstonian printing heritage: revival of hot metal typesetting skills (linotype &amp; monotype)\u201d<\/em><\/p>\n\n\n\n<p class=\"has-large-font-size\"><strong>Eilve Manglus (Eesti)<\/strong> <em>\u201cCareer turnaround and lifelong learning. Why should anyone start studying native metalwork at the age of over 35?\u201d<\/em><\/p>\n\n\n\n<p class=\"has-large-font-size\"><strong>El\u012bna Vikmane (L\u00e4ti)<\/strong> <em>\u201cParticipatory engagement of youth in museums and its research with participatory methods and techniques\u201d<\/em><\/p>\n\n\n\n<p class=\"has-large-font-size\"><strong>Francis Ndagiyisa Sokomba (Nigeeria)<\/strong> <em>\u201cCultural Heritage and Identity\u201d<\/em><\/p>\n\n\n\n<p class=\"has-large-font-size\"><strong>Garri Raagmaa (Eesti)<\/strong> <em>\u201cManors as Rural Development Drivers\u201d<\/em><\/p>\n\n\n\n<p class=\"has-large-font-size\"><strong>Giuseppe Biagini (USA)<\/strong> <em>\u201cThe Future\u2026 is under your feet\u201d<\/em><\/p>\n\n\n\n<p class=\"has-large-font-size\"><strong>Ishara Wijemanne, Niina V\u00e4\u00e4n\u00e4nen ja Sirpa Kokko (Soome)<\/strong><em> \u201cDumbara Weaving, a cultural heritage and an identity\u201d<\/em><\/p>\n\n\n\n<p class=\"has-large-font-size\"><strong>Jan L\u00fctjohann (Soome)<\/strong> <em>\u201cCommon heritage for busy people from all over the place: an evaluation of mobile accessible wood-carving workshops\u201d<\/em><\/p>\n\n\n\n<p class=\"has-large-font-size\"><strong>Jawida Mansour (Palestiina\/Katar) <\/strong><em>\u201cThe search for community\u2019s socio-economic development and summud through traditional embroideries in Palestine\u201d<\/em><\/p>\n\n\n\n<p class=\"has-large-font-size\"><strong>Johanna Bj\u00f6rkholm (Soome)<\/strong> <em>\u201cRegional capacity building and safeguarding of ICH\u201d<\/em><\/p>\n\n\n\n<p class=\"has-large-font-size\"><strong>Jorma Sarv (Eesti)<\/strong> <em>\u201cExperiencing the nature of museum and library environments. Gateway to excitement or escape to silence?\u201d<\/em><\/p>\n\n\n\n<p class=\"has-large-font-size\"><strong>Kennedy Kariseb (Namiibia)<\/strong> <em>\u201cThe conservation, preservation and management of heritage objects and places in Namibia: Challenges and opportunities\u201d<\/em><\/p>\n\n\n\n<p class=\"has-large-font-size\"><strong>Kurmo Konsa (Eesti) <\/strong><em>\u201cHow to create a culture that is suitable for sustainable living: a conceptual framework\u201d<\/em><\/p>\n\n\n\n<p class=\"has-large-font-size\"><strong>Laura Brut\u0101ne ja Lote Katr\u012bna C\u0113rpa (L\u00e4ti)<\/strong> <em>\u201cMindful Museums: Nurturing Mental Health Through Cultural Participation\u201d<\/em><\/p>\n\n\n\n<p class=\"has-large-font-size\"><strong>Leena Marsio ja Elisa Kraatari (Soome)<\/strong> <em>\u201cLIVIND Pilot Projects \u2013 Living heritage practices illustrating the holistic perspective to sustainability\u201d<\/em><\/p>\n\n\n\n<p class=\"has-large-font-size\"><strong>Linda Rubena (L\u00e4ti) <\/strong><em>\u201cHeritage as a basis and source of inspiration for creative works in the younger generation\u201d<\/em><\/p>\n\n\n\n<p class=\"has-large-font-size\"><strong>Lisanna Schmidt-Bure\u0161 (Eesti) <\/strong><em>\u201cNatural colours as part of environmental sustainability in fashion \u2013 Conserving biodiversity through an art project and dyeing with plants.\u201d<\/em><\/p>\n\n\n\n<p class=\"has-large-font-size\"><strong>Madis Rennu ja Andres R\u00f5igas (Eesti)<\/strong> <em>\u201cFieldwork notes through the eyes of a craftsman: economic interests, local and cultural cooperation in the intentional communities of southern Estonia.\u201d<\/em><\/p>\n\n\n\n<p class=\"has-large-font-size\"><strong>Madis Vasser, Maria Muuk ja Tambet Muide (Eesti)<\/strong> \u201c<em>Terra Low-Tech Theme Park\u201d<\/em><\/p>\n\n\n\n<p class=\"has-large-font-size\"><strong>M\u0101ra Urdzi\u0146a-Deruma ja Lolita \u0160elvaha (L\u00e4ti)<\/strong> <em>\u201cTrends in Teaching Traditional Culture in Design and Technology in Latvia\u201d<\/em><\/p>\n\n\n\n<p class=\"has-large-font-size\"><strong>Marius F Johannes (Namiibia) <\/strong><em>\u201cEchoes of Freedom: Reviving Namibia\u2019s Cultural Heritage Through the Transformative Power of Prison Arts and Crafts\u201d A Narrative Story of Incarceration, Legacy, And Transformative DT<\/em>\u201c<\/p>\n\n\n\n<p class=\"has-large-font-size\"><strong>Marju K\u00f5ivupuu (Eesti)<\/strong> <em>\u201cWhat are we talking about when we talk about heritage?\u201d<\/em><\/p>\n\n\n\n<p class=\"has-large-font-size\"><strong>Markus Pau (Eesti)<\/strong> <em>\u201cSynthesis between heritage and innovation: internal insulation of historic fieldstone walls with hemp-lime\u201d<\/em><\/p>\n\n\n\n<p class=\"has-large-font-size\"><strong>Martti Veldi (Eesti), Mia \u00c5kerfelt (Soome), Tzafrir Fainholtz (Iisrael) ja Anna Wilczy\u0144ska (Poola)<\/strong>\u00a0<em> \u201cFinnish prefabricated wooden houses in Poland, Israel and Estonia \u2013 from temporary housing to heritage values, how are local communities involved?\u201d<\/em><\/p>\n\n\n\n<p class=\"has-large-font-size\"><strong>Mar\u2019yana Svarnyk (Eesti)<\/strong> <em>\u201cThe Resilience of a Tradition in the Craft of Ukrainian Easter Eggs (Pysanky)\u201d<\/em><\/p>\n\n\n\n<p class=\"has-large-font-size\"><strong>Niina V\u00e4\u00e4n\u00e4nen, P\u00e4ivi Fernstr\u00f6m, Kaisa Hyrsky, Hanna Kettunen ja Sirpa Kokko (Soome)<\/strong> <em>\u201cCrafting identities\u201d<\/em><\/p>\n\n\n\n<p class=\"has-large-font-size\"><strong>Riina Rammo (Eesti)<\/strong> <em>\u201cRed dyestuffs in ancient textile technology\u201d<\/em><\/p>\n\n\n\n<p class=\"has-large-font-size\"><strong>Rosa Johnson (Namiibia)<\/strong> \u201c<em>Namibia the jewel of culture and heritage\u201d<\/em><\/p>\n\n\n\n<p class=\"has-large-font-size\"><strong>Tara Poole (Austraalia)<em> <\/em><\/strong><em>\u201cDetermining a new value for creative capital\u201d<\/em><\/p>\n\n\n\n<p class=\"has-large-font-size\"><strong>Tenno Teidearu (Eesti)<\/strong> <em>\u201cRepair as Heritage and Sustainable Consumption Practice\u201d<\/em><\/p>\n\n\n\n<p class=\"has-large-font-size\"><strong>Tiina Kull (Eesti)<\/strong> <em>\u201cWoven Gifts: The Tale of Estonian Skirts and English Wool\u201d<\/em><\/p>\n\n\n\n<p class=\"has-large-font-size\"><strong>Witiya Pittungnapoo (Tai)<\/strong> <em>\u201cWater-based Architecture and Cultural Landscape as Living Heritage of the Yom River in Thailand.\u201d<\/em><\/p>\n","protected":false},"excerpt":{"rendered":"<p>Konverentsil esinevad lisaks kahele peaesinejale ettekandega: Aivar Ruukel (Eesti) \u201cDugout boat heritage and place identity: case of Soomaa national park\u201d Anete Karlsone (L\u00e4ti) Craft skills in the Latvian National List of Intangible Cultural Heritage and in the event \u201cMeet your &#8230;<\/p>\n","protected":false},"author":342,"featured_media":0,"parent":0,"menu_order":0,"comment_status":"closed","ping_status":"closed","template":"","meta":{"_acf_changed":false,"inline_featured_image":false,"footnotes":""},"class_list":["post-211","page","type-page","status-publish","hentry"],"acf":[],"_links":{"self":[{"href":"https:\/\/sisu.ut.ee\/parandusfestival2024\/wp-json\/wp\/v2\/pages\/211","targetHints":{"allow":["GET"]}}],"collection":[{"href":"https:\/\/sisu.ut.ee\/parandusfestival2024\/wp-json\/wp\/v2\/pages"}],"about":[{"href":"https:\/\/sisu.ut.ee\/parandusfestival2024\/wp-json\/wp\/v2\/types\/page"}],"author":[{"embeddable":true,"href":"https:\/\/sisu.ut.ee\/parandusfestival2024\/wp-json\/wp\/v2\/users\/342"}],"replies":[{"embeddable":true,"href":"https:\/\/sisu.ut.ee\/parandusfestival2024\/wp-json\/wp\/v2\/comments?post=211"}],"version-history":[{"count":12,"href":"https:\/\/sisu.ut.ee\/parandusfestival2024\/wp-json\/wp\/v2\/pages\/211\/revisions"}],"predecessor-version":[{"id":548,"href":"https:\/\/sisu.ut.ee\/parandusfestival2024\/wp-json\/wp\/v2\/pages\/211\/revisions\/548"}],"wp:attachment":[{"href":"https:\/\/sisu.ut.ee\/parandusfestival2024\/wp-json\/wp\/v2\/media?parent=211"}],"curies":[{"name":"wp","href":"https:\/\/api.w.org\/{rel}","templated":true}]}}