{"id":15,"date":"2024-04-04T09:15:46","date_gmt":"2024-04-04T06:15:46","guid":{"rendered":"https:\/\/sisu.ut.ee\/parandusfestival2024\/unesco-et\/"},"modified":"2024-10-03T12:37:35","modified_gmt":"2024-10-03T09:37:35","slug":"unesco-et","status":"publish","type":"page","link":"https:\/\/sisu.ut.ee\/parandusfestival2024\/unesco-et\/","title":{"rendered":"P\u00e4randusala"},"content":{"rendered":"<p>P\u00e4randusala on Viljandi Spordihoone uues majas.<br><br><strong>R,<\/strong> <strong>4. oktoober 2024<\/strong> <strong>kell 11-18<\/strong><br><strong>L, 5. oktoober 2024<\/strong> <strong>kell 10-17<\/strong><\/p>\n\n\n\n<p class=\"has-large-font-size\">P\u00e4randusfestival p\u00e4\u00e4dib hariva ja meelelahutusliku p\u00e4randuspeoga 4.-5. oktoobril Viljandi spordihoones, Vabaduse platsil ja P\u00e4rimusmuusika Aidas. \u00a0<\/p>\n\n\n\n<p class=\"has-large-font-size\">Messi vormis toimuva peo eesm\u00e4rk on tutvustada laiemale publikule Eesti vaimse p\u00e4randi parimaid palasid ja innustada kasutama p\u00e4randis leiduvaid teadmisi, oskuseid ja praktikaid meie t\u00e4naste probleemide lahendamisel.<\/p>\n\n\n\n<p class=\"has-large-font-size\">K\u00fclastajad saavad uusi oskusi ja teadmisi osaledes parandus- ja p\u00e4randusala t\u00f6\u00f6tubades, loengutel ja meelelahutuslikel j\u00f5ukatsumistel. <\/p>\n\n\n\n<p class=\"has-large-font-size\">Festivali alal ja ka linnaruumis on eksponeeritud rikkalik valik p\u00e4randiga seotud <a href=\"https:\/\/sisu.ut.ee\/parandusfestival2024\/naitused\/\">n\u00e4ituseid<\/a>.<br>P\u00e4randusala rikastavad teiste UNESCO loovlinnade k\u00fclaliste v\u00e4ljapanekud. K\u00f5ige kaugemaid k\u00fclalisi on oodata Taist, Namiibiast ja Nigeeriast.<\/p>\n\n\n\n<p class=\"has-large-font-size\"><strong>P\u00e4randusala t\u00f6\u00f6tubade programmi saad suuremalt vaadata <a href=\"https:\/\/sisu.ut.ee\/wp-content\/uploads\/sites\/693\/P4randus_t66toad_A2_03c-2.pdf\" target=\"_blank\" rel=\"noreferrer noopener\">siin<\/a>.<\/strong><\/p>\n\n\n\n<figure class=\"wp-block-image size-large\"><img loading=\"lazy\" decoding=\"async\" width=\"724\" height=\"1024\" src=\"https:\/\/sisu.ut.ee\/wp-content\/uploads\/sites\/693\/P4randus_t66toad_A2_03c.pdf-2-724x1024.png\" alt=\"\" class=\"wp-image-1269\" srcset=\"https:\/\/sisu.ut.ee\/wp-content\/uploads\/sites\/693\/P4randus_t66toad_A2_03c.pdf-2-724x1024.png 724w, https:\/\/sisu.ut.ee\/wp-content\/uploads\/sites\/693\/P4randus_t66toad_A2_03c.pdf-2-212x300.png 212w, https:\/\/sisu.ut.ee\/wp-content\/uploads\/sites\/693\/P4randus_t66toad_A2_03c.pdf-2-768x1086.png 768w, https:\/\/sisu.ut.ee\/wp-content\/uploads\/sites\/693\/P4randus_t66toad_A2_03c.pdf-2-1086x1536.png 1086w, https:\/\/sisu.ut.ee\/wp-content\/uploads\/sites\/693\/P4randus_t66toad_A2_03c.pdf-2-1448x2048.png 1448w, https:\/\/sisu.ut.ee\/wp-content\/uploads\/sites\/693\/P4randus_t66toad_A2_03c.pdf-2.png 1587w\" sizes=\"auto, (max-width: 724px) 100vw, 724px\"><\/figure>\n\n\n\n<p class=\"has-large-font-size\"><strong>P\u00e4randusteemade ja- tegijate programmi saad suuremalt vaadata <a href=\"https:\/\/sisu.ut.ee\/wp-content\/uploads\/sites\/693\/P4randus_kategooriad_A3_03c-1.pdf.png\" data-type=\"link\" data-id=\"https:\/\/sisu.ut.ee\/wp-content\/uploads\/sites\/693\/P4randus_kategooriad_A3_03c-1.pdf.png\" target=\"_blank\" rel=\"noreferrer noopener\">siin<\/a><\/strong>.<\/p>\n\n\n\n<figure class=\"wp-block-image size-large\"><img loading=\"lazy\" decoding=\"async\" width=\"724\" height=\"1024\" src=\"https:\/\/sisu.ut.ee\/wp-content\/uploads\/sites\/693\/P4randus_kategooriad_A3_03c-1.pdf-2-724x1024.png\" alt=\"\" class=\"wp-image-1267\" srcset=\"https:\/\/sisu.ut.ee\/wp-content\/uploads\/sites\/693\/P4randus_kategooriad_A3_03c-1.pdf-2-724x1024.png 724w, https:\/\/sisu.ut.ee\/wp-content\/uploads\/sites\/693\/P4randus_kategooriad_A3_03c-1.pdf-2-212x300.png 212w, https:\/\/sisu.ut.ee\/wp-content\/uploads\/sites\/693\/P4randus_kategooriad_A3_03c-1.pdf-2-768x1086.png 768w, https:\/\/sisu.ut.ee\/wp-content\/uploads\/sites\/693\/P4randus_kategooriad_A3_03c-1.pdf-2-1086x1536.png 1086w, https:\/\/sisu.ut.ee\/wp-content\/uploads\/sites\/693\/P4randus_kategooriad_A3_03c-1.pdf-2.png 1414w\" sizes=\"auto, (max-width: 724px) 100vw, 724px\"><\/figure>\n\n\n\n<p class=\"has-large-font-size\"><\/p><div style=\"color: rgb(0, 0, 0); font-family: Roboto, RobotoDraft, Helvetica, Arial, sans-serif; font-size: 13px; white-space-collapse: collapse;\"><\/div>\n","protected":false},"excerpt":{"rendered":"<p>P\u00e4randusala on Viljandi Spordihoone uues majas. R, 4. oktoober 2024 kell 11-18L, 5. oktoober 2024 kell 10-17 P\u00e4randusfestival p\u00e4\u00e4dib hariva ja meelelahutusliku p\u00e4randuspeoga 4.-5. oktoobril Viljandi spordihoones, Vabaduse platsil ja P\u00e4rimusmuusika Aidas. \u00a0 Messi vormis toimuva peo eesm\u00e4rk on tutvustada &#8230;<\/p>\n","protected":false},"author":342,"featured_media":0,"parent":0,"menu_order":0,"comment_status":"closed","ping_status":"closed","template":"","meta":{"_acf_changed":false,"inline_featured_image":false,"footnotes":""},"class_list":["post-15","page","type-page","status-publish","hentry"],"acf":[],"_links":{"self":[{"href":"https:\/\/sisu.ut.ee\/parandusfestival2024\/wp-json\/wp\/v2\/pages\/15","targetHints":{"allow":["GET"]}}],"collection":[{"href":"https:\/\/sisu.ut.ee\/parandusfestival2024\/wp-json\/wp\/v2\/pages"}],"about":[{"href":"https:\/\/sisu.ut.ee\/parandusfestival2024\/wp-json\/wp\/v2\/types\/page"}],"author":[{"embeddable":true,"href":"https:\/\/sisu.ut.ee\/parandusfestival2024\/wp-json\/wp\/v2\/users\/342"}],"replies":[{"embeddable":true,"href":"https:\/\/sisu.ut.ee\/parandusfestival2024\/wp-json\/wp\/v2\/comments?post=15"}],"version-history":[{"count":30,"href":"https:\/\/sisu.ut.ee\/parandusfestival2024\/wp-json\/wp\/v2\/pages\/15\/revisions"}],"predecessor-version":[{"id":1279,"href":"https:\/\/sisu.ut.ee\/parandusfestival2024\/wp-json\/wp\/v2\/pages\/15\/revisions\/1279"}],"wp:attachment":[{"href":"https:\/\/sisu.ut.ee\/parandusfestival2024\/wp-json\/wp\/v2\/media?parent=15"}],"curies":[{"name":"wp","href":"https:\/\/api.w.org\/{rel}","templated":true}]}}