{"id":133,"date":"2024-05-08T15:12:09","date_gmt":"2024-05-08T12:12:09","guid":{"rendered":"https:\/\/sisu.ut.ee\/parandusfestival2024\/?page_id=133"},"modified":"2024-09-05T17:25:05","modified_gmt":"2024-09-05T14:25:05","slug":"parimusmuusika-loikuspidu","status":"publish","type":"page","link":"https:\/\/sisu.ut.ee\/parandusfestival2024\/parimusmuusika-loikuspidu\/","title":{"rendered":"P\u00e4rimusmuusika L\u00f5ikuspidu"},"content":{"rendered":"<p><\/p>\n\n\n\n<p class=\"has-extra-large-font-size\"><strong>4.-5. oktoober 2024 Viljandi P\u00e4rimusmuusika Aidas<\/strong><\/p>\n\n\n\n<p class=\"has-large-font-size\">P\u00e4rimusmuusika L\u00f5ikuspidu on Eesti P\u00e4rimusmuusika Keskuse korraldatav traditsiooniline\u00a0kesks\u00fcgisene v\u00e4ikefestival, kus saavad kokku s\u00e4ravad p\u00e4rimusartistid, toimuvad unikaalsed eriprojektid ning saab kuulda p\u00f5nevat ja v\u00e4rsket p\u00e4rimusmuusikat. Festival leiab aset Viljandi P\u00e4rimusmuusika Aidas ja pakub \u00fcllatavaid kohtumisi, kordumatuid muusikaprojekte ning palju head ja ehedat pillim\u00e4ngu.<\/p>\n\n\n\n<p class=\"has-large-font-size\">Tartu 2024 Euroopa kultuuripealinna aasta raames on P\u00e4rimusmuusika L\u00f5ikuspidu osa festivali p\u00e4randuspeost. <\/p>\n\n\n\n<p class=\"has-large-font-size\">Loe P\u00e4rimusmuusika L\u00f5ikuspeost l\u00e4hemalt <a href=\"https:\/\/www.folk.ee\/teeme\/parimusmuusika-loikuspidu\">SIIT<\/a> ja soeta oma pilet <a href=\"https:\/\/piletikeskus.ee\/et\/s\/parimusmuusika-loikuspidu-1\">SIIT<\/a>.<\/p>\n\n\n\n<figure class=\"wp-block-image size-large is-resized\"><img loading=\"lazy\" decoding=\"async\" width=\"1024\" height=\"576\" src=\"https:\/\/sisu.ut.ee\/wp-content\/uploads\/sites\/693\/Loikuspidu2024_1920x1080px-1-1024x576.png\" alt=\"\" class=\"wp-image-437\" style=\"width:1269px;height:auto\" srcset=\"https:\/\/sisu.ut.ee\/wp-content\/uploads\/sites\/693\/Loikuspidu2024_1920x1080px-1-1024x576.png 1024w, https:\/\/sisu.ut.ee\/wp-content\/uploads\/sites\/693\/Loikuspidu2024_1920x1080px-1-300x169.png 300w, https:\/\/sisu.ut.ee\/wp-content\/uploads\/sites\/693\/Loikuspidu2024_1920x1080px-1-768x432.png 768w, https:\/\/sisu.ut.ee\/wp-content\/uploads\/sites\/693\/Loikuspidu2024_1920x1080px-1-1536x864.png 1536w, https:\/\/sisu.ut.ee\/wp-content\/uploads\/sites\/693\/Loikuspidu2024_1920x1080px-1.png 1920w\" sizes=\"auto, (max-width: 1024px) 100vw, 1024px\"><\/figure>\n","protected":false},"excerpt":{"rendered":"<p>4.-5. oktoober 2024 Viljandi P\u00e4rimusmuusika Aidas P\u00e4rimusmuusika L\u00f5ikuspidu on Eesti P\u00e4rimusmuusika Keskuse korraldatav traditsiooniline\u00a0kesks\u00fcgisene v\u00e4ikefestival, kus saavad kokku s\u00e4ravad p\u00e4rimusartistid, toimuvad unikaalsed eriprojektid ning saab kuulda p\u00f5nevat ja v\u00e4rsket p\u00e4rimusmuusikat. Festival leiab aset Viljandi P\u00e4rimusmuusika Aidas ja pakub \u00fcllatavaid kohtumisi, &#8230;<\/p>\n","protected":false},"author":342,"featured_media":0,"parent":0,"menu_order":0,"comment_status":"closed","ping_status":"closed","template":"","meta":{"_acf_changed":false,"inline_featured_image":false,"footnotes":""},"class_list":["post-133","page","type-page","status-publish","hentry"],"acf":[],"_links":{"self":[{"href":"https:\/\/sisu.ut.ee\/parandusfestival2024\/wp-json\/wp\/v2\/pages\/133","targetHints":{"allow":["GET"]}}],"collection":[{"href":"https:\/\/sisu.ut.ee\/parandusfestival2024\/wp-json\/wp\/v2\/pages"}],"about":[{"href":"https:\/\/sisu.ut.ee\/parandusfestival2024\/wp-json\/wp\/v2\/types\/page"}],"author":[{"embeddable":true,"href":"https:\/\/sisu.ut.ee\/parandusfestival2024\/wp-json\/wp\/v2\/users\/342"}],"replies":[{"embeddable":true,"href":"https:\/\/sisu.ut.ee\/parandusfestival2024\/wp-json\/wp\/v2\/comments?post=133"}],"version-history":[{"count":4,"href":"https:\/\/sisu.ut.ee\/parandusfestival2024\/wp-json\/wp\/v2\/pages\/133\/revisions"}],"predecessor-version":[{"id":493,"href":"https:\/\/sisu.ut.ee\/parandusfestival2024\/wp-json\/wp\/v2\/pages\/133\/revisions\/493"}],"wp:attachment":[{"href":"https:\/\/sisu.ut.ee\/parandusfestival2024\/wp-json\/wp\/v2\/media?parent=133"}],"curies":[{"name":"wp","href":"https:\/\/api.w.org\/{rel}","templated":true}]}}