{"id":1182,"date":"2024-10-02T14:14:52","date_gmt":"2024-10-02T11:14:52","guid":{"rendered":"https:\/\/sisu.ut.ee\/parandusfestival2024\/?page_id=1182"},"modified":"2024-10-02T15:00:12","modified_gmt":"2024-10-02T12:00:12","slug":"exibitions","status":"publish","type":"page","link":"https:\/\/sisu.ut.ee\/parandusfestival2024\/exibitions\/?lang=en","title":{"rendered":"EXIBITIONS"},"content":{"rendered":"<p><strong>ASSOCIATED WITH THE VILJANDI HERITAGE FESTIVAL<\/strong><\/p>\n\n\n\n<p>See locations from the virtual map linked with the <a href=\"https:\/\/www.google.com\/maps\/d\/u\/0\/edit?mid=1LtKGJMfYLVbnibudMHhAWocWufwRHIU&amp;ll=58.363963165810844%2C25.594878537898833&amp;z=17\">Heritage Festival website<\/a> <\/p>\n\n\n\n<p><strong>IN VILJANDI &amp; VILJANDI COUNTY<\/strong><\/p>\n\n\n\n<p><strong>RIVER OF TIME \/ AJAJ\u00d5GI. <\/strong><strong>19. 09. \u2013 12. 10.24.<\/strong> Art Gallery \u2018R\u00fcki\u2019, Tartu 7c, Viljandi<\/p>\n\n\n\n<p>The travelling exhibition starts its journey from Viljandi. The exhibition is dedicated to the 30th anniversary of UT Viljandi Academy of Culture\u2019s heritage technology curriculum. An imaginary river carries the crafts of the past to us, shapes these according to current understandings and taste preferences, and passes on to future generations. An imaginary river carries the handicraft of the past to us, shapes it according to current understandings and preferences, and passes it to future generations.<\/p>\n\n\n\n<p><br><strong>THE STORY OF KAHU MUHU \/ KAHU MUHU LUGU. 29.09.-26.10.24. <\/strong>\u2018Bonifatiuse Gild\u2019, V\u00e4ike-Turu 8 , Viljandi<\/p>\n\n\n\n<p>The idea for the exhibition began two years ago during a trip to Muhu Island when Liis Tamm visited a knitting house located in the former cultural centre in N\u00f5mmk\u00fcla.\u00a0 Exhibition: different wool textile experiments created from local materials, for finding new applications for this local resource, enhancing its value and utility.\u00a0\u00a0<\/p>\n\n\n\n<p><strong>RUHNU VIOLINISTS<\/strong><strong> \/ RUHNU VIIULDAJAD. 25.09.-06.10.24.<\/strong> Estonian Traditional Music Center, Tasuja pst 6, Viljandi<\/p>\n\n\n\n<p>The exhibition introduces the everyday life of Ruhnu island musicians in the 19th and 20th centuries and allows the visitor to have an insight into the cultural space of Ruhn Sweden.<\/p>\n\n\n\n<p><strong>\u00a0SILVER-WHITE BETWEEN THREE COLOURS.<\/strong><strong> Carpets \/ H\u00d5BEVALGE KOLME V\u00c4RVI VAHEL. Vaibad. <\/strong><strong>30.09 \u2013 07.10.24.<\/strong> Kondase keskuses, Pikk 8, Viljandi.<\/p>\n\n\n\n<p>Exhibition of carpetsby Christi K\u00fctt. Creation throughout recent years in the author\u2019s technique with hidden meanings about being Estonian.<\/p>\n\n\n\n<p><strong>TOGETHER<\/strong><strong> AROUND THE TABLE. Food culture exhibition \/ LAUA \u00dcMBER KOOS. Toidukultuuri n\u00e4itus. <\/strong>01.10.2024 \u2013 31.01. 2025. Viljandi museum, Johan Laidoneri plats 10, Viljandi &amp; T\u00f5rukojas, Lossi 14, Viljandi.\u00a0<\/p>\n\n\n\n<p>Viljandi Museum\u2019s food culture exhibition is part of the main program of the European Capital of Culture Tartu 2024. The exhibition brings together the cooking skills and stories of different generations. It introduces the heritage and explores local food culture and survival, looking back at the early days of the Republic of Estonia. The exhibition includes lectures and workshops.<\/p>\n\n\n\n<p><strong>A TOWN\u2019S DREAM <\/strong>\u2013<strong> TO BECOME A CITY. Architecture, urban design \/ ALEVI UNISTUS <\/strong>\u2013<strong> SAADA LINNAKS. Arhitektuur, linnakujundus. <\/strong>Sakala Center. 02.09-28.10.2024, Tallinna 5.<\/p>\n\n\n\n<p>The exhibition by Heiki P\u00e4rt provides a cross-section of building types, architectural gems and more broadly designed public spaces that have been important to the community at different times up to the present day.<\/p>\n\n\n\n<p><strong>Children\u2019s drawing competition \u2018KRATT\u2019- BEQUEATHER \/ Laste joonistusv\u00f5istlus KRATT-P\u00c4RANDAJA. <\/strong><strong>30.09.-31.10.2024.<\/strong> Viljandi City Library, Tallinna 11\/1, Viljandi<\/p>\n\n\n\n<p>The heritage festival\u2019s educational program invited children to put down on paper their vision of what everyone\u2019s personal \u2018Kratt\u2019 could look like, and what awesome legacy they could bring from the past to the present. The best works will be exhibited in the Viljandi City Library.<\/p>\n\n\n\n<p><strong>DESIGNER, THE RESILIENT GARDENER \/ DISAINER, EDASIHOIDLIK AEDNIK \u2013 parandamine ja loovuurimuslikud artefaktid \/ repair and research artefacts. <\/strong>Marta Konovalov from Viljandi County, Saarde talu, Veisj\u00e4rve k\u00fcla. 03.- 05.10.24 (14-18), 13.09.24 (12-18) and 20.09.24 (12-17).<\/p>\n\n\n\n<p><strong>Designer, researcher, and a gardener by heart Marta invites visitors to her garden at Viljandimaa <\/strong>to respond, slow down, decompose patterns, regenerate, repair, and provoke a shift in aesthetics. There we sow confusion and forage knowledge.<\/p>\n\n\n\n<p><br><strong>VABADUSE PLATS\/ FREEDOM SCUARE. <\/strong>Viljandi (in front of Viljandi Sports Center Vabaduse 4, Viljandi)<\/p>\n\n\n\n<p><strong>THE LIVING HERITAGE OF VILJANDI COUNTY<\/strong> \/ <strong>VILJANDIMAA ELAV P\u00c4RAND. <\/strong><strong>30. 09. \u2013 3. 12.24.<\/strong><\/p>\n\n\n\n<p>This exhibition gives an overview of entries that tell stories of living with heritage from communities in Viljandimaa, Mulgimaa, and Soomaa regions \u2013 old Viljandimaa. The Estonian intangible cultural heritage inventory is a means of keeping and interpreting the living heritage, and its values.\u00a0 The inventory is guided by the principles of the UNESCO Convention for Safeguarding the Intangible Cultural Heritage, its inventory managed by the Estonian Centre of Folk Culture.<\/p>\n\n\n\n<p>\u00a0<strong>VILJANDI\u2019S \u2018KRATT\u2019- BEQUEATHER.<\/strong> <strong>Sculpture \/ <\/strong><strong>VILJANDI KRATT-P\u00c4RANDAJA. <\/strong><strong>Skulptuur. <\/strong><strong>22.07.2024 \u2013 14.10.2024<\/strong><\/p>\n\n\n\n<p>\u2018Kratt\u2019 is a sorcerous creature, a tireless helper known from folklore, that flies around in a stream of fire or sparks and collects various possessions for its master. \u2018Kratt\u2019 at Vabaduse Square was made by the Viljandi city master and blacksmith T\u00f5nis Luik.\u00a0<\/p>\n\n\n\n<p><strong>DUGOUT BOAT \/ HAABJAS.<\/strong><strong> 4.-5. 10.24 <\/strong><strong><\/strong><\/p>\n\n\n\n<p>Photo exhibition of activities related to dugout boats. Both finished and unfinished expanded dugout boats can be seen, and various handicraft tools needed for the craft will be introduced together with handmade consumer items that are related to dugout boats.<\/p>\n\n\n\n<p><br><strong>IN FRONT OF THE VILJANDI SPORTS CENTER.<\/strong> <strong>06.09.\u2013 05. 10.24,<\/strong> Vaksali 4, Viljandi.<\/p>\n\n\n\n<p><strong>SALTING VENDACE in the Village of Rannapungerja, near Lake Peipus \/ R\u00c4\u00c4BISE SOOLAMINE Rannapungerja k\u00fclas<\/strong>.\u00a0<\/p>\n\n\n\n<p>The exhibition represents specific living heritage listed in the National Inventory of Intangible Cultural Heritage of Estonia.<\/p>\n\n\n\n<p><\/p>\n\n\n\n<p><strong>EXHIBITIONS AT HERITAGE AREA IN THE VILJANDI SPORTS CENTER. 0<\/strong><strong>4.-05.10.24,<\/strong> Vaksali 4, Viljandi.<\/p>\n\n\n\n<p><strong>ON THE MEND.<\/strong> <strong>Estonian National Museum, Heimtali museum \/ \u00c4RA PARANDATUD<\/strong>. ERMi Heimtali muuseum<\/p>\n\n\n\n<p>Textiles from the collections of the Heimtali department of the Estonian National Museum. Patched, darned, remade, renewed items from 100 years ago, and today, inspired by historical mends.<\/p>\n\n\n\n<p><strong>CHEERING THE WEDDING!<\/strong> <strong>Wedding exhibition \/ <\/strong><strong>H\u00d5ISSA, PULMAD! <\/strong><strong>Pulman\u00e4itus<\/strong><\/p>\n\n\n\n<p>The exhibition gives an overview of our oldest traditional wedding customs. Even though what weddings look like has changed a lot over time, their main part has remained the same \u2013 a wedding is the co-creation of a community, two people, and their families. One of the exhibition\u2019s aims is to show the possibility of integrating old wedding customs into a modern one.\u00a0<\/p>\n\n\n\n<p><strong>LINEN \/ LINA<\/strong><\/p>\n\n\n\n<p>The exhibition offers an overview of the world of flax. Through time, linen has been a beloved and well-known textile material, but how much do we really know about its journey from flax plant to fabric?<\/p>\n\n\n\n<p><strong>OUT FROM [COLLECTION] CONTAINER.<\/strong> <strong>Recycling \u2013 from an old shirt to a new one \/ [KOGUMIS] KASTIST V\u00c4LJA.<\/strong> <strong>Taaskasutus \u2013 vanast s\u00e4rgist uus<\/strong><\/p>\n\n\n\n<p>Our exhibition has a minimal ecological footprint impact on nature. We have made new clothes from ten old men\u2019s shirts.<\/p>\n\n\n\n<p><strong>RAKU. Ceramic exhibition \/ RAKU. Keraamikan\u00e4itus<\/strong><\/p>\n\n\n\n<p>Raku ware is a type of Japanese pottery from the 17th century, traditionally used in Japanese tea ceremonies. The Western version of raku was developed in the 20th century by studio potters.<br><br><\/p>\n\n\n\n<p><strong>EXHIBITIONS AT REPAIR AREA IN THE VILJANDI SPORTS CENTER 0<\/strong><strong>4.-05.10.2024<\/strong><\/p>\n\n\n\n<p><strong>DON\u2019T THROW ME AWAY! Exhibition by the conservators of the National Archives of Estonia \/ \u00c4RA VISKA MIND \u00c4RA! RA Tartu konservaatorite n\u00e4itus. <\/strong>Esindaja\/representer K\u00fcllike Pihkva<\/p>\n\n\n\n<p>When conservators from the Estonian National Archives gave a new function to the debris found at their worktable using leafcasting, an exhibition was born. We did rush art by mixing pieces from history with values, via rethinking and reusing.<\/p>\n\n\n\n<p><strong>ARE WE LIVING IN A CHANGING WORLD? POP-UP PANEL \/ KAS ME ELAME MUUTUVAS MAAILMAS POP-UP PANEEL<\/strong><\/p>\n\n\n\n<p>A collage made onsite from textile scraps by heritage festival visitors. Near the K\u00fcllike Pihkva\u2019s camouflage net weaving workshop \u201cEvery strip counts!\u201d.<\/p>\n\n\n\n<p><strong>EXHIBITIONS IN THE PUBLIC AREA IN THE VILJANDI SPORTS CENTER 04.-05.10.24<\/strong><\/p>\n\n\n\n<p><strong>ESTONIAN GRAIN \/ EESTI TERAVILI. <\/strong>In the vestibule<\/p>\n\n\n\n<p>\u201c100 Grain Beds!\u201d in pictures and words from the author Heino Laiapea.<\/p>\n\n\n\n<p><strong>SETOMAA TS\u00c4SSONAD.<\/strong> <strong>ORTHODOX VILLAGE CHAPELS \/ SETOMAA TS\u00c4SSONAD. <\/strong>In the vestibule<\/p>\n\n\n\n<p>Ahto Raudoja\u2019s exhibition of small Orthodox village chapels gives an overview of this peculiar architectural manifestation, common throughout the Orthodox cultural space but absent elsewhere in Estonia.<\/p>\n\n\n\n<p><strong>30 YEARS OF NORDLAND HERITAGE HOUSES PROJECT. \u00a0NORWEGIAN FARM ARCHITECTURE<\/strong> \/ <strong>30 AASTAT BOD\u00d6 EHITUSP\u00c4RANDI PROGRAMMI. NORRA TALUARHITEKTUUR<\/strong>. In the vestibule<\/p>\n\n\n\n<p>Exhibition by Arnstein Brekke. The Building Conservation Project is a regional knowledge centre for building conservation,established on\u00a0 Aarnstein Brekkes\u2019 initiative 30 years ago.<\/p>\n\n\n\n<p><strong>WOOD IN ESTONIAN ARCHITECTURE<\/strong><strong> \/ <\/strong><strong>EESTI PUITARHITEKTUUR Vestib\u00fc\u00fclis. <\/strong>In the vestibule<\/p>\n\n\n\n<p>Timber has been a traditional building material in Estonia throughout the ages. With the advent of the 21st century, this previously ostracised material has experienced a renaissance. This exhibition gives a brief overview of both the heritage and the current trends of timber construction, from farms to modern buildings.<\/p>\n\n\n\n<p><strong>THE STORY OF KIHNU\u2019S MOTORCYCLE.<\/strong> <strong>KIHNU CULTURE \/ KIHNU MOOTORRATTA LUGU. KIHNU KULTUUR<\/strong>\/ In the vestibule<\/p>\n\n\n\n<p>The women of Kihnu who ride on a motorcycle with a side basket have now become world famous. Birgit P\u00fcve\u2019s photo exhibition introduces the vibrant motorcycle culture, honored next to the traditional cultural heritage in everyday life. In addition to a book introducing the topic and a genuine artefact, a motorcycle, Kihnu\u2019s cultural heritage spokesman Mare M\u00e4tas will be present.<\/p>\n\n\n\n<p><strong>M\u00d5SKMIS\u00d5 LUUMIN\u00d5. \/ M\u00d5SKMIS\u00d5 LUUMIN\u00d5. V\u00f5rumaa elav suitsusaunap\u00e4rand<\/strong><strong>. <\/strong>In the corridor. LONGER EXPOSURE TIME<\/p>\n\n\n\n<p>The photo exhibition by Andres Treial is about the living smoke sauna heritage of Old V\u00f5rumaa. The exhibition\u2019s aim is to show today\u2019s vitality of heritage listed on the UNESCO representative list.<\/p>\n","protected":false},"excerpt":{"rendered":"<p>ASSOCIATED WITH THE VILJANDI HERITAGE FESTIVAL See locations from the virtual map linked with the Heritage Festival website IN VILJANDI &amp; VILJANDI COUNTY RIVER OF TIME \/ AJAJ\u00d5GI. 19. 09. \u2013 12. 10.24. Art Gallery \u2018R\u00fcki\u2019, Tartu 7c, Viljandi The &#8230;<\/p>\n","protected":false},"author":249,"featured_media":0,"parent":0,"menu_order":0,"comment_status":"closed","ping_status":"closed","template":"","meta":{"_acf_changed":false,"inline_featured_image":false,"footnotes":""},"class_list":["post-1182","page","type-page","status-publish","hentry"],"acf":[],"_links":{"self":[{"href":"https:\/\/sisu.ut.ee\/parandusfestival2024\/wp-json\/wp\/v2\/pages\/1182","targetHints":{"allow":["GET"]}}],"collection":[{"href":"https:\/\/sisu.ut.ee\/parandusfestival2024\/wp-json\/wp\/v2\/pages"}],"about":[{"href":"https:\/\/sisu.ut.ee\/parandusfestival2024\/wp-json\/wp\/v2\/types\/page"}],"author":[{"embeddable":true,"href":"https:\/\/sisu.ut.ee\/parandusfestival2024\/wp-json\/wp\/v2\/users\/249"}],"replies":[{"embeddable":true,"href":"https:\/\/sisu.ut.ee\/parandusfestival2024\/wp-json\/wp\/v2\/comments?post=1182"}],"version-history":[{"count":13,"href":"https:\/\/sisu.ut.ee\/parandusfestival2024\/wp-json\/wp\/v2\/pages\/1182\/revisions"}],"predecessor-version":[{"id":1209,"href":"https:\/\/sisu.ut.ee\/parandusfestival2024\/wp-json\/wp\/v2\/pages\/1182\/revisions\/1209"}],"wp:attachment":[{"href":"https:\/\/sisu.ut.ee\/parandusfestival2024\/wp-json\/wp\/v2\/media?parent=1182"}],"curies":[{"name":"wp","href":"https:\/\/api.w.org\/{rel}","templated":true}]}}