{"id":1021,"date":"2024-09-26T15:18:02","date_gmt":"2024-09-26T12:18:02","guid":{"rendered":"https:\/\/sisu.ut.ee\/parandusfestival2024\/?page_id=1021"},"modified":"2024-09-30T19:20:52","modified_gmt":"2024-09-30T16:20:52","slug":"posterettekanded","status":"publish","type":"page","link":"https:\/\/sisu.ut.ee\/parandusfestival2024\/posterettekanded\/","title":{"rendered":"Posterettekanded"},"content":{"rendered":"<p>Posterettekanne\u00a0on ettekande vorm, mille puhul \u00fclevaade uurimust\u00f6\u00f6st esitatakse postril ehk plakatil.<\/p>\n\n\n\n<p><strong>Leena Marsio and Elisa Kraatari (Finland) <\/strong><em>\u201cLIVIND Pilot Projects \u2013 Living heritage practices illustrating the holistic perspective to sustainability\u201d<\/em><br>The LIVIND project led by the Finnish Heritage Agency was implemented from October 2021 to May 2024. At the core of the project were living cultural heritage and questions of sustainable development with special attention to the UN Agenda 2030 and the SDGs. The project covered the Baltic and Nordic countries including the autonomous areas Faroe Islands, Greenland, and \u00c5land, the S\u00e1mi area, and Poland.<br><br><strong>EU Horizon project Colour4CRAFTS<\/strong><br>Esto Colour4CRAFTS proposal combines a multidisciplinary team of experts from research institutes and R&amp;D companies to carry out studies of bio-based textile colouration in historic perspective. The research combines traditional approach with cutting-edge technologies of colourants biosynthesis and waterless applications techniques.<br><br><strong>T\u00dc Viljandi kultuuriakadeemia kultuurip\u00e4randi loovrakenduste \u00f5ppekava magistrantide postrid 2024:<\/strong><br><br>\u2013 Creating a new tradition with folk heritage in modern times: the example of #kiriv\u00f6\u00f6p\u00e4ev. by Kristel Vihman<br><br>\u2013 19th century, the golden age of furniture finishing? by Tiit Raik<br><br>\u2013 No country stands alone. EVERY RIBBON COUNTS! by K\u00fcllike Pihkva<br><br>\u2013 Pointing of stone walls: using historical and modern techniques. by Tiina Angerj\u00e4rv<br><br><\/p>\n","protected":false},"excerpt":{"rendered":"<p>Posterettekanne\u00a0on ettekande vorm, mille puhul \u00fclevaade uurimust\u00f6\u00f6st esitatakse postril ehk plakatil. Leena Marsio and Elisa Kraatari (Finland) \u201cLIVIND Pilot Projects \u2013 Living heritage practices illustrating the holistic perspective to sustainability\u201dThe LIVIND project led by the Finnish Heritage Agency was implemented &#8230;<\/p>\n","protected":false},"author":249,"featured_media":0,"parent":0,"menu_order":0,"comment_status":"closed","ping_status":"closed","template":"","meta":{"_acf_changed":false,"inline_featured_image":false,"footnotes":""},"class_list":["post-1021","page","type-page","status-publish","hentry"],"acf":[],"_links":{"self":[{"href":"https:\/\/sisu.ut.ee\/parandusfestival2024\/wp-json\/wp\/v2\/pages\/1021","targetHints":{"allow":["GET"]}}],"collection":[{"href":"https:\/\/sisu.ut.ee\/parandusfestival2024\/wp-json\/wp\/v2\/pages"}],"about":[{"href":"https:\/\/sisu.ut.ee\/parandusfestival2024\/wp-json\/wp\/v2\/types\/page"}],"author":[{"embeddable":true,"href":"https:\/\/sisu.ut.ee\/parandusfestival2024\/wp-json\/wp\/v2\/users\/249"}],"replies":[{"embeddable":true,"href":"https:\/\/sisu.ut.ee\/parandusfestival2024\/wp-json\/wp\/v2\/comments?post=1021"}],"version-history":[{"count":8,"href":"https:\/\/sisu.ut.ee\/parandusfestival2024\/wp-json\/wp\/v2\/pages\/1021\/revisions"}],"predecessor-version":[{"id":1146,"href":"https:\/\/sisu.ut.ee\/parandusfestival2024\/wp-json\/wp\/v2\/pages\/1021\/revisions\/1146"}],"wp:attachment":[{"href":"https:\/\/sisu.ut.ee\/parandusfestival2024\/wp-json\/wp\/v2\/media?parent=1021"}],"curies":[{"name":"wp","href":"https:\/\/api.w.org\/{rel}","templated":true}]}}