{"id":5,"date":"2024-04-04T01:58:34","date_gmt":"2024-04-03T22:58:34","guid":{"rendered":"https:\/\/sisu.ut.ee\/pabertoodemeisterdamine\/kasutatud-kirjandus\/"},"modified":"2024-04-04T01:58:51","modified_gmt":"2024-04-03T22:58:51","slug":"kasutatud-kirjandus","status":"publish","type":"page","link":"https:\/\/sisu.ut.ee\/pabertoodemeisterdamine\/kasutatud-kirjandus\/","title":{"rendered":"Kasutatud kirjandus"},"content":{"rendered":"<p>Aljasmets, E., Eisenschmidt, E., Kurik, E., Lootsar, E., Massi, S., &amp; P\u00f5ldemaa, T. (1985). <em>T\u00f6\u00f6\u00f5petus algklassides.<\/em> Tallinn: Valgus.<\/p>\n<p>Anything Left Handed. (2016).\u00a0<em>Geometry set left-handed.<\/em>\u00a0K\u00fclastatud aadressil\u00a0http:\/\/www.anythinglefthanded.co.uk\/acatalog\/geometry-set-left-handed.html.\u00a0<\/p>\n<p>Apollo. (2014). <em>Liim PVA 85g.\u00a0<\/em>K\u00fclastatud aadressil\u00a0http:\/\/www.apollo.ee\/liim-pva-85-gr.html.<\/p>\n<p>Apollo. (2012).\u00a0<em>Teritaja Maped 1 auguga I-gloo vasakuk\u00e4elisele blistril.\u00a0<\/em>K\u00fclastatud aadressil\u00a0http:\/\/www.apollo.ee\/teritaja-maped-1-auguga-i-gloo-vasakukaelisele-blistril.html.<\/p>\n<p>DLTK\u2019s. (2016).<em>\u00a0Paper Chain Snake.\u00a0<\/em>K\u00fclastatud aadressil\u00a0http:\/\/www.dltk-kids.com\/animals\/mpaper-chain-snake.htm.<\/p>\n<p>Heidok, R. (1986). <em>Paberi- ja papit\u00f6\u00f6d<\/em>. Tallinn: Valgus.<\/p>\n<p>Kula, P. (2008). <em>Peculiarities of lefi-handed children\u2019s success at school.<\/em> Tallinn: TL\u00dc Kirjastus.<\/p>\n<p>Meyer, R.W.\u00a0(1998).\u00a0<em>Vasakuk\u00e4elisus? N\u00f5uanderaamat<\/em>. Tallinn: Tormikiri.<\/p>\n<p>Noorteh\u00e4\u00e4l. (2013).\u00a0<em>21 \u00fcllatavat fakti vasakuk\u00e4eliste kohta<\/em>.\u00a0K\u00fclastatud aadressil\u00a0http:\/\/noortehaal.delfi.ee\/news\/elu\/21-ullatavat-fakti- vasakukaeliste-kohta?id=67026868.<\/p>\n<p>Oll, T. (2009). Valdkond \u201cKunst\u201d. E. Kulderknup (Tiom), <em>\u00d5ppe- ja kasvatustegevuse valdkonnad<\/em> (lk 74.90). Tallinn: Studium.\u00a0<\/p>\n<p>Prodes. (2006). <em>Huvitavaid fakte vasakuk\u00e4eliste kohta.<\/em> K\u00fclastatud aadressil\u00a0http:\/\/www.lefthand.ee\/est.htm.<\/p>\n<p>Rahva Raamat.\u00a0<em>Liimipulk Erich Krause 15g Magic, roosa j\u00e4lg. <\/em>K\u00fclastatud aadressil\u00a0https:\/\/www.rahvaraamat.ee\/p\/liimipulk-erich-krause-15g-magic-roosa-j%C3%A4lg\/581603\/et?ean=4041485044468.<\/p>\n<p>SnittyO\u00dc. (2014).<em> K\u00e4\u00e4rid Wedo 13 cm \u2013 vasakuk\u00e4elistele.<\/em> K\u00fclastatud aadressid\u00a0http:\/\/www.snitty.ee\/k%C3%A4%C3%A4rid-wedo-vasakuk%C3%A4elistele-7751.<\/p>\n<p>Tammem\u00e4gi, M. (2008). Va<em>sak k\u00e4si on mu parem k\u00e4si. <\/em>K\u00fclastatud aadressil\u00a0http:\/\/www.bioneer.ee\/eluviis\/tarbimine\/aid-1683\/Vasak-k%C3%A4si-on-mu-parem-k%C3%A4si.<\/p>\n<p>WordPress. (2014).\u00a0<em>These scissors are sinister.\u00a0<\/em>K\u00fclastatud aadressid\u00a0https:\/\/chawedrosin.wordpress.com\/2014\/01\/03\/these-scissors-are-sinister\/<\/p>\n","protected":false},"excerpt":{"rendered":"<p>Aljasmets, E., Eisenschmidt, E., Kurik, E., Lootsar, E., Massi, S., &amp; P\u00f5ldemaa, T. (1985). T\u00f6\u00f6\u00f5petus algklassides. Tallinn: Valgus. Anything Left Handed. (2016).\u00a0Geometry set left-handed.\u00a0K\u00fclastatud aadressil\u00a0http:\/\/www.anythinglefthanded.co.uk\/acatalog\/geometry-set-left-handed.html.\u00a0 Apollo. (2014). Liim PVA 85g.\u00a0K\u00fclastatud aadressil\u00a0http:\/\/www.apollo.ee\/liim-pva-85-gr.html. Apollo. (2012).\u00a0Teritaja Maped 1 auguga I-gloo vasakuk\u00e4elisele blistril.\u00a0K\u00fclastatud aadressil\u00a0http:\/\/www.apollo.ee\/teritaja-maped-1-auguga-i-gloo-vasakukaelisele-blistril.html. &#8230;<\/p>\n","protected":false},"author":73,"featured_media":0,"parent":0,"menu_order":0,"comment_status":"closed","ping_status":"closed","template":"","meta":{"_acf_changed":false,"inline_featured_image":false,"footnotes":""},"class_list":["post-5","page","type-page","status-publish","hentry"],"acf":[],"_links":{"self":[{"href":"https:\/\/sisu.ut.ee\/pabertoodemeisterdamine\/wp-json\/wp\/v2\/pages\/5","targetHints":{"allow":["GET"]}}],"collection":[{"href":"https:\/\/sisu.ut.ee\/pabertoodemeisterdamine\/wp-json\/wp\/v2\/pages"}],"about":[{"href":"https:\/\/sisu.ut.ee\/pabertoodemeisterdamine\/wp-json\/wp\/v2\/types\/page"}],"author":[{"embeddable":true,"href":"https:\/\/sisu.ut.ee\/pabertoodemeisterdamine\/wp-json\/wp\/v2\/users\/73"}],"replies":[{"embeddable":true,"href":"https:\/\/sisu.ut.ee\/pabertoodemeisterdamine\/wp-json\/wp\/v2\/comments?post=5"}],"version-history":[{"count":1,"href":"https:\/\/sisu.ut.ee\/pabertoodemeisterdamine\/wp-json\/wp\/v2\/pages\/5\/revisions"}],"predecessor-version":[{"id":59,"href":"https:\/\/sisu.ut.ee\/pabertoodemeisterdamine\/wp-json\/wp\/v2\/pages\/5\/revisions\/59"}],"wp:attachment":[{"href":"https:\/\/sisu.ut.ee\/pabertoodemeisterdamine\/wp-json\/wp\/v2\/media?parent=5"}],"curies":[{"name":"wp","href":"https:\/\/api.w.org\/{rel}","templated":true}]}}