{"id":4,"date":"2024-04-04T01:58:34","date_gmt":"2024-04-03T22:58:34","guid":{"rendered":"https:\/\/sisu.ut.ee\/pabertoodemeisterdamine\/avaleht\/"},"modified":"2024-04-15T15:16:18","modified_gmt":"2024-04-15T12:16:18","slug":"avaleht","status":"publish","type":"page","link":"https:\/\/sisu.ut.ee\/pabertoodemeisterdamine\/","title":{"rendered":"Avaleht"},"content":{"rendered":"<p>Kunst on vahend, mille l\u00e4bi saab laps enda maailma t\u00f5lgendada. Kunsti kaudu saab laps n\u00e4idata oma unistusi, soove ja suhtumist. Selle abil ta \u00f5pib pidevalt uusi oskusi, saab erinevaid kogemusi ning avardab oma teadmisi. Tehniliste oskuste \u00f5ppimise\u00a0abil arendab ta oma meeli ja motoorikat. K\u00e4sitledes erinevaid kunstivahendeid areneb lapse ruumiline m\u00f5tlemine, koha-, materjali-, vormi- ja v\u00e4rvitaju ning \u00a0(n\u00e4gemise, kuulmise, kompimise ja l\u00f5hnataju meeled). Kunstitegevus pakub lapsele uue v\u00f5imaluse\u00a0avastada erinevaid\u00a0materjale ja vahendeid ning selle l\u00e4bi tunneb ta r\u00f5\u00f5mu loovtegevusest. \u00dcheks kunsti tehniliseks oskuseks on meisterdamine.<\/p>\n\n\n\n<p><strong>Meisterdamine\u00a0<\/strong><\/p>\n\n\n\n<figure class=\"wp-block-image size-full\"><img loading=\"lazy\" decoding=\"async\" width=\"180\" height=\"140\" src=\"https:\/\/sisu.ut.ee\/wp-content\/uploads\/sites\/152\/paper-craft-snake.jpg\" alt=\"\" class=\"wp-image-46\"><\/figure>\n\n\n\n<p>Meisterdamine on loominguline ja disainiline tegevus, mis h\u00f5lmab osavust kasutada oskuslikult oma k\u00e4si. Meisterdamine v\u00f5imaldab kokku panna erinevaid materjale ja luua hoopiski midagi uut.\u00a0Luuaks objekte, mis on praktilised v\u00f5i esteetilised.\u00a0Meisterdamise juures arendab laps oma silma ja k\u00e4e koordinatsiooni,\u00a0\u00f5pib oma s\u00f5rmi \u00fcheaegselt kasutama ning\u00a0tugevnevad ka s\u00f5rmede lihaseid.<\/p>\n\n\n\n<p>Antud \u00f5piobjekt on \u00f5petajatele ja lastevanematele, kust nad saavad abi, kuidas 3-aastast vasakuk\u00e4elist last pabert\u00f6\u00f6de meisterdamisel juhendada. \u00d5piobjekti eesm\u00e4rgiks on anda \u00fclevaade pabert\u00f6\u00f6de meisterdamisest vasakuk\u00e4elise 3-aastase lapse n\u00e4itel.<\/p>\n\n\n\n<p>\u00d5piobjektis tutvustatakse paberit\u00f6\u00f6des enamkasutatavaid\u00a0t\u00f6\u00f6vahendeid ja materjale. Metoodika tehnika \u00f5petamiseks k\u00e4sitlen pabert\u00f6\u00f6de meisterdamiseks k\u00e4\u00e4ride \u00f5iget hoidu, k\u00e4\u00e4ridega l\u00f5ikamist ning liimipulgaga liimimist.\u00a0\u00d5piobjektis olevas videos n\u00e4idatakse\u00a0meisterdamise t\u00f6\u00f6v\u00f5tted, kuidas \u00f5petaja juhendab ning kuidas laps tegutseb. Lisaks eelnevalt nimetatule on huvitavaid fakte vasakuk\u00e4elisusest. Seda peat\u00fckki saab kasutada sissejuhatavas osas v\u00f5i n\u00e4iteks tuua lapsele v\u00e4lja, milliseid vasakuk\u00e4elisi inimesi on veel maailmas, et laps ei tunneks ennast \u00fcksi.<\/p>\n\n\n\n<p class=\"has-text-align-left\"><strong style=\"text-align: center;\">\u00a0 \u00a0 \u00a0 \u00a0 \u00a0 \u00a0 \u00a0 \u00a0 \u00a0 \u00a0 \u00a0 \u00a0 \u00a0 \u00a0 \u00a0 \u00a0 \u00a0 \u00a0 \u00a0 \u00a0 \u00a0Vahvat meisterdamist!<\/strong><\/p>\n\n\n\n<p><em>Lisan Tuuling<\/em><\/p>\n\n\n\n<p><em>\u00d5piobjekti \u201d Pabert\u00f6\u00f6de meisterdamine\u00a0vasakuk\u00e4elistele\u201d autor<\/em><\/p>\n\n\n\n<p><em>Tartu 2016<\/em><\/p>\n","protected":false},"excerpt":{"rendered":"<p>Kunst on vahend, mille l\u00e4bi saab laps enda maailma t\u00f5lgendada. Kunsti kaudu saab laps n\u00e4idata oma unistusi, soove ja suhtumist. Selle abil ta \u00f5pib pidevalt uusi oskusi, saab erinevaid kogemusi ning avardab oma teadmisi. Tehniliste oskuste \u00f5ppimise\u00a0abil arendab ta oma &#8230;<\/p>\n","protected":false},"author":73,"featured_media":0,"parent":0,"menu_order":0,"comment_status":"closed","ping_status":"closed","template":"","meta":{"_acf_changed":false,"inline_featured_image":false,"footnotes":""},"class_list":["post-4","page","type-page","status-publish","hentry"],"acf":[],"_links":{"self":[{"href":"https:\/\/sisu.ut.ee\/pabertoodemeisterdamine\/wp-json\/wp\/v2\/pages\/4","targetHints":{"allow":["GET"]}}],"collection":[{"href":"https:\/\/sisu.ut.ee\/pabertoodemeisterdamine\/wp-json\/wp\/v2\/pages"}],"about":[{"href":"https:\/\/sisu.ut.ee\/pabertoodemeisterdamine\/wp-json\/wp\/v2\/types\/page"}],"author":[{"embeddable":true,"href":"https:\/\/sisu.ut.ee\/pabertoodemeisterdamine\/wp-json\/wp\/v2\/users\/73"}],"replies":[{"embeddable":true,"href":"https:\/\/sisu.ut.ee\/pabertoodemeisterdamine\/wp-json\/wp\/v2\/comments?post=4"}],"version-history":[{"count":3,"href":"https:\/\/sisu.ut.ee\/pabertoodemeisterdamine\/wp-json\/wp\/v2\/pages\/4\/revisions"}],"predecessor-version":[{"id":66,"href":"https:\/\/sisu.ut.ee\/pabertoodemeisterdamine\/wp-json\/wp\/v2\/pages\/4\/revisions\/66"}],"wp:attachment":[{"href":"https:\/\/sisu.ut.ee\/pabertoodemeisterdamine\/wp-json\/wp\/v2\/media?parent=4"}],"curies":[{"name":"wp","href":"https:\/\/api.w.org\/{rel}","templated":true}]}}