{"id":3,"date":"2024-04-04T01:58:34","date_gmt":"2024-04-03T22:58:34","guid":{"rendered":"https:\/\/sisu.ut.ee\/pabertoodemeisterdamine\/huvitavaid-fakte-vasakukaelistest\/"},"modified":"2024-04-04T01:58:51","modified_gmt":"2024-04-03T22:58:51","slug":"huvitavaid-fakte-vasakukaelistest","status":"publish","type":"page","link":"https:\/\/sisu.ut.ee\/pabertoodemeisterdamine\/huvitavaid-fakte-vasakukaelistest\/","title":{"rendered":"Huvitavaid fakte vasakuk\u00e4elistest"},"content":{"rendered":"<ul>\n<li>Vasakuk\u00e4elistel on oma p\u00e4ev- 13. augustil on rahvusvaheline vasakuk\u00e4eliste p\u00e4ev\u00a0(Noorteh\u00e4\u00e4l, 2013).<\/li>\n<li>Parem ajupoolkera juhib vasaku k\u00e4e t\u00f6\u00f6d ja vasak ajupoolkera paremat k\u00e4tt (Kula, 2007).<\/li>\n<li>Kui m\u00f5lemad vanemad on paremak\u00e4elised, esineb vasakuk\u00e4elisust ligi 17 % j\u00e4reltulijatest. Kui aga m\u00f5lemad vanemad on vasakuk\u00e4elised on suur t\u00f5en\u00e4osus, et laps tuleb ka vasakuk\u00e4eline ehk siis ligi 46 % juhtudest\u00a0(Lefthand, 2006).<\/li>\n<li>Meestel on suurem t\u00f5en\u00e4osus vasakuk\u00e4elistena s\u00fcndida (Noorteh\u00e4\u00e4l, 2013).<\/li>\n<li>Vasakuk\u00e4elised s\u00fcnnivad tavaliselt aasta teisel poolel, harvemini aga kevadel\u00a0(Lefthand, 2006).<\/li>\n<li>Vasakuk\u00e4elistel on parem kuulmine\u00a0(Noorteh\u00e4\u00e4l, 2013).<\/li>\n<li>Vasakuk\u00e4elistel on sagedamini raskusi kella\u00f5ppimisel (Tammem\u00e4gi, 2008).\u00a0<\/li>\n<li>Vasakuk\u00e4elised inimesed on head h\u00e4vituslennukite piloodid\u00a0(Noorteh\u00e4\u00e4l, 2013).<\/li>\n<li>\n<div>Tuntud vasakuk\u00e4elisi inimesi: Leonardo da Vinci, Michelangelo, David Bowie, Ludwig van Beethoven, Phil Collins, Elizabeth ll, Barack Obama (Lefthand, 2006).<\/div>\n<\/li>\n<\/ul>\n","protected":false},"excerpt":{"rendered":"<p>Vasakuk\u00e4elistel on oma p\u00e4ev- 13. augustil on rahvusvaheline vasakuk\u00e4eliste p\u00e4ev\u00a0(Noorteh\u00e4\u00e4l, 2013). Parem ajupoolkera juhib vasaku k\u00e4e t\u00f6\u00f6d ja vasak ajupoolkera paremat k\u00e4tt (Kula, 2007). Kui m\u00f5lemad vanemad on paremak\u00e4elised, esineb vasakuk\u00e4elisust ligi 17 % j\u00e4reltulijatest. Kui aga m\u00f5lemad vanemad on &#8230;<\/p>\n","protected":false},"author":73,"featured_media":0,"parent":0,"menu_order":0,"comment_status":"closed","ping_status":"closed","template":"","meta":{"_acf_changed":false,"inline_featured_image":false,"footnotes":""},"class_list":["post-3","page","type-page","status-publish","hentry"],"acf":[],"_links":{"self":[{"href":"https:\/\/sisu.ut.ee\/pabertoodemeisterdamine\/wp-json\/wp\/v2\/pages\/3","targetHints":{"allow":["GET"]}}],"collection":[{"href":"https:\/\/sisu.ut.ee\/pabertoodemeisterdamine\/wp-json\/wp\/v2\/pages"}],"about":[{"href":"https:\/\/sisu.ut.ee\/pabertoodemeisterdamine\/wp-json\/wp\/v2\/types\/page"}],"author":[{"embeddable":true,"href":"https:\/\/sisu.ut.ee\/pabertoodemeisterdamine\/wp-json\/wp\/v2\/users\/73"}],"replies":[{"embeddable":true,"href":"https:\/\/sisu.ut.ee\/pabertoodemeisterdamine\/wp-json\/wp\/v2\/comments?post=3"}],"version-history":[{"count":1,"href":"https:\/\/sisu.ut.ee\/pabertoodemeisterdamine\/wp-json\/wp\/v2\/pages\/3\/revisions"}],"predecessor-version":[{"id":61,"href":"https:\/\/sisu.ut.ee\/pabertoodemeisterdamine\/wp-json\/wp\/v2\/pages\/3\/revisions\/61"}],"wp:attachment":[{"href":"https:\/\/sisu.ut.ee\/pabertoodemeisterdamine\/wp-json\/wp\/v2\/media?parent=3"}],"curies":[{"name":"wp","href":"https:\/\/api.w.org\/{rel}","templated":true}]}}