{"id":9,"date":"2024-04-03T23:11:39","date_gmt":"2024-04-03T20:11:39","guid":{"rendered":"https:\/\/sisu.ut.ee\/otsing\/marksonastik-eesti-marksonastiku-kasutamine\/"},"modified":"2026-02-05T19:06:54","modified_gmt":"2026-02-05T17:06:54","slug":"marksonastik-eesti-marksonastiku-kasutamine","status":"publish","type":"page","link":"https:\/\/sisu.ut.ee\/otsing\/marksonastik-eesti-marksonastiku-kasutamine\/","title":{"rendered":"M\u00e4rks\u00f5naotsing"},"content":{"rendered":"<div class=\"box generalbox book_content\">\n<h4><\/h4>\n<p><strong style=\"line-height: 1.6em;\">M\u00e4rks\u00f5na<\/strong> (ingl k <em style=\"line-height: 1.6em;\">subject heading, descriptor<\/em>) on s\u00f5na, millega kirjeldatakse raamatute, artiklite, heliplaatide, filmide jms sisu. Mingi m\u00f5iste v\u00e4ljendamiseks on valitud \u00fcks s\u00f5na, mille alla on koondatud k\u00f5ik samasisulised dokumendid. M\u00e4rks\u00f5na ise ei pruugigi kirjeldatavas tekstis esineda.<\/p>\n<p><strong>M\u00e4rks\u00f5nastik<\/strong>\u00a0on m\u00e4rks\u00f5nade korrastatud loetelu.<\/p>\n<p><strong>M\u00e4rks\u00f5naotsing<\/strong> on otsing m\u00e4rks\u00f5nastikust v\u00f5etud s\u00f5nadega.<\/p>\n<p>Erialaandmebaasides nimetatakse m\u00e4rks\u00f5nastikku ka <strong>tesaurus<\/strong>eks. \u00a0<span style=\"color: #000000;\">Tesaurus on m\u00e4rks\u00f5nu\u00a0<span data-mce-mark=\"1\">ja nendevahelisi seoseid esitav s\u00f5nastik info t\u00f6\u00f6tlemiseks ja otsimiseks.<\/span><\/span><\/p>\n<p>M\u00e4rks\u00f5nastikule viib link tavaliselt andmebaasi avalehelt (ingl k <em>Subjects,<\/em> <em>Subject Terms<\/em>\u00a0 v\u00f5i <em>Thesaurus).<\/em> E-kataloogis ESTER ja Eesti artiklite andmebaasis ISE leiate lingi <img loading=\"lazy\" decoding=\"async\" width=\"70\" height=\"32\" class=\"alignnone wp-image-30\" title=\"greenshot_2015-08-24_09-46-32.png\" src=\"https:\/\/sisu.ut.ee\/wp-content\/uploads\/sites\/30\/greenshot_2015-08-24_09-46-32.png\" alt=\"greenshot_2015-08-24_09-46-32.png\">\u00a0[EMS -Eesti m\u00e4rks\u00f5nastik] all paremal.<\/p>\n<p>Sobiva m\u00e4rks\u00f5na leidmiseks sisestage otsingureale (ingl k <em>Browse)<\/em> m\u00f5ni s\u00f5na v\u00f5i s\u00f5naosa, (n\u00e4iteks <strong><em>noor)<\/em><\/strong>, mis vastab teie teemale. M\u00e4rks\u00f5nastik toob loetelu temaatilistest s\u00f5nadest, nende t\u00e4pse kirjutusviisi ning s\u00fcnon\u00fc\u00fcmi, mis andmebaasis on kasutusel. N\u00e4iteks kui otsite terminit <strong><em>noorsookultuur<\/em><\/strong>,<strong>\u00a0<\/strong>\u00a0juhatab m\u00e4rks\u00f5nastik andmebaasis kasutusel oleva termini \u00a0<em><strong>noortekultuur<\/strong><\/em>\u00a0juurde.\u00a0<span style=\"color: #000000;\" data-mce-mark=\"1\">M\u00e4rks\u00f5na v\u00f5ib koosneda ka mitmest s\u00f5nast (nt <em>educational psychology,<\/em> ps\u00fchhedeelne rock). T\u00e4pse otsingus\u00f5na kasutamisel on ka tulemused t\u00e4psed ning vastavad teemale.<\/span><\/p>\n<h5><span style=\"color: #000080;\" data-mce-mark=\"1\"><strong>Eesti m\u00e4rks\u00f5nastik EMS<\/strong><\/span><\/h5>\n<p>Eesti raamatukogude andmebaasides kasutatakse \u00fchist Eesti m\u00e4rks\u00f5nastikku EMS\u00a0<a href=\"http:\/\/ems.elnet.ee\/\" target=\"_blank\" rel=\"noopener\">http:\/\/ems.elnet.ee.\u00a0<\/a> M\u00e4rks\u00f5nastikust viivad otselingid e-kataloogi ESTER ja artiklite andmebaasi ISE. See v\u00f5imaldab \u00fche hiirekl\u00f5psuga teha otsingu valitud kataloogis.<\/p>\n<p><img loading=\"lazy\" decoding=\"async\" width=\"844\" height=\"516\" class=\"alignnone wp-image-32\" title=\"2020-06-15_15_37_41-2020-06-15_15_36_31-window_01.png\" src=\"https:\/\/sisu.ut.ee\/wp-content\/uploads\/sites\/30\/2020-06-15_15_37_41-2020-06-15_15_36_31-window_01.png\" alt=\"ff\" srcset=\"https:\/\/sisu.ut.ee\/wp-content\/uploads\/sites\/30\/2020-06-15_15_37_41-2020-06-15_15_36_31-window_01.png 844w, https:\/\/sisu.ut.ee\/wp-content\/uploads\/sites\/30\/2020-06-15_15_37_41-2020-06-15_15_36_31-window_01-300x183.png 300w, https:\/\/sisu.ut.ee\/wp-content\/uploads\/sites\/30\/2020-06-15_15_37_41-2020-06-15_15_36_31-window_01-768x470.png 768w\" sizes=\"auto, (max-width: 844px) 100vw, 844px\"><\/p>\n<p><em>M\u00e4rks\u00f5na leidmine<\/em>.<\/p>\n<table class=\"table table-hover\" style=\"width: 100%; background-color: #e5e4e6;\" border=\"0\">\n<tbody>\n<tr>\n<td><img loading=\"lazy\" decoding=\"async\" width=\"44\" height=\"44\" class=\"alignnone wp-image-29\" style=\"float: left;\" title=\"oluline\" src=\"https:\/\/sisu.ut.ee\/wp-content\/uploads\/sites\/30\/oluline.jpg\" alt=\"oluline\"><strong>Pange t\u00e4hele<\/strong>, et m\u00e4rks\u00f5nastikus on s\u00f5nad sageli mitmuses. Andmebaasis t\u00e4pse otsingu tegemiseks peab s\u00f5na olema samas vormis, mis EMS-s. Kui sisestate otsingusse m\u00e4rks\u00f5na, pange s\u00f5na l\u00f5ppu t\u00e4rn. N\u00e4iteks: noorsooliikumi*, eksimus*, alaeali*.<\/td>\n<\/tr>\n<\/tbody>\n<\/table>\n<h5><span style=\"color: #000080;\"><strong>M\u00e4rks\u00f5nastiku kasutusv\u00f5imalused<\/strong><\/span><\/h5>\n<ol>\n<li><span style=\"line-height: 1.6em;\">Kl\u00f5psates \u00fclal vasakul linki <\/span><strong style=\"line-height: 1.6em;\">Valdkonnad<\/strong><span style=\"line-height: 1.6em;\">, saate valida m\u00e4rks\u00f5nu ainevaldkondade kaupa (filosoofia, \u00f5igus, keemia, p\u00f5llumajandus jne). Valdkonnal kl\u00f5psates avaneb t\u00e4hestikuline loetelu m\u00e4rks\u00f5nadest. <\/span><span style=\"line-height: 1.6em;\">Kl\u00f5psates m\u00e4rks\u00f5nal, avaneb k\u00f5rvalaknas loetelu kitsamate ja laiemate m\u00e4rks\u00f5nadega.<\/span><span style=\"line-height: 1.6em;\">Kui kl\u00f5psate paremal kataloogi nimel (ESTER, ISE, Google), tehakse valitud s\u00f5naga (\u00fcleval punases kirjas) otsing.<\/span><\/li>\n<li><span style=\"line-height: 1.6em;\">M\u00e4rks\u00f5nade leidmiseks v\u00f5ib kasutada ka\u00a0<\/span><strong style=\"line-height: 1.6em;\">otsingut<\/strong><span style=\"line-height: 1.6em;\">. Sisestame otsitava s\u00f5naosa m\u00e4rks\u00f5nastiku otsingulahtrisse ning m\u00e4\u00e4rame, kas otsitakse s\u00f5na algust, s\u00f5na osa v\u00f5i t\u00e4pset vastet. \u00a0K\u00f5ige t\u00e4ielikuma loetelu saab s\u00f5na osa j\u00e4rgi otsides. N\u00e4iteks kui otsite s\u00f5na algust<em> noor<\/em>, ei leita selliseid m\u00e4rks\u00f5nu nagu <em>erinoorsoot\u00f6\u00f6<\/em> v\u00f5i <em>poliitilised noorteorganisatsioonid<\/em>.<\/span><\/li>\n<li><span style=\"line-height: 1.6em;\">Paljudele m\u00e4rks\u00f5nadele on lisatud definitsioon, mis n\u00e4itab t\u00e4pselt, millises t\u00e4henduses s\u00f5na kasutatakse. N\u00e4iteks\u00a0s\u00f5na\u00a0<\/span><em style=\"line-height: 1.6em;\">intelligents<\/em><span style=\"line-height: 1.6em;\">\u00a0t\u00e4hendab haritlaskonda,\u00a0<\/span><em style=\"line-height: 1.6em;\">intelligentsus<\/em><span style=\"line-height: 1.6em;\">\u00a0arukust, vaimset v\u00f5imekust. Otsingutulemused nende kahe s\u00f5na puhul on t\u00e4iesti erinevad.\u00a0<\/span><\/li>\n<li>M\u00e4rks\u00f5nastikust leitud s\u00f5nu saab edukalt kasutada s\u00f5naotsingus, neid omavahel kombineerides. T\u00e4htis on s\u00f5na kirjutusviis. \u00a0Sisestades otsingusse<em> haridusajalugu<\/em> (termin Eesti m\u00e4rks\u00f5nastikus) v\u00f5i hariduse ajalugu, saate t\u00e4iesti erinevad tulemused.<\/li>\n<\/ol>\n<\/div>\n","protected":false},"excerpt":{"rendered":"<p>M\u00e4rks\u00f5na (ingl k subject heading, descriptor) on s\u00f5na, millega kirjeldatakse raamatute, artiklite, heliplaatide, filmide jms sisu. Mingi m\u00f5iste v\u00e4ljendamiseks on valitud \u00fcks s\u00f5na, mille alla on koondatud k\u00f5ik samasisulised dokumendid. M\u00e4rks\u00f5na ise ei pruugigi kirjeldatavas tekstis esineda. M\u00e4rks\u00f5nastik\u00a0on m\u00e4rks\u00f5nade korrastatud &#8230;<\/p>\n","protected":false},"author":5,"featured_media":0,"parent":0,"menu_order":0,"comment_status":"closed","ping_status":"closed","template":"","meta":{"_acf_changed":false,"inline_featured_image":false,"footnotes":""},"class_list":["post-9","page","type-page","status-publish","hentry"],"acf":[],"_links":{"self":[{"href":"https:\/\/sisu.ut.ee\/otsing\/wp-json\/wp\/v2\/pages\/9","targetHints":{"allow":["GET"]}}],"collection":[{"href":"https:\/\/sisu.ut.ee\/otsing\/wp-json\/wp\/v2\/pages"}],"about":[{"href":"https:\/\/sisu.ut.ee\/otsing\/wp-json\/wp\/v2\/types\/page"}],"author":[{"embeddable":true,"href":"https:\/\/sisu.ut.ee\/otsing\/wp-json\/wp\/v2\/users\/5"}],"replies":[{"embeddable":true,"href":"https:\/\/sisu.ut.ee\/otsing\/wp-json\/wp\/v2\/comments?post=9"}],"version-history":[{"count":3,"href":"https:\/\/sisu.ut.ee\/otsing\/wp-json\/wp\/v2\/pages\/9\/revisions"}],"predecessor-version":[{"id":157,"href":"https:\/\/sisu.ut.ee\/otsing\/wp-json\/wp\/v2\/pages\/9\/revisions\/157"}],"wp:attachment":[{"href":"https:\/\/sisu.ut.ee\/otsing\/wp-json\/wp\/v2\/media?parent=9"}],"curies":[{"name":"wp","href":"https:\/\/api.w.org\/{rel}","templated":true}]}}