{"id":8,"date":"2024-04-03T23:11:39","date_gmt":"2024-04-03T20:11:39","guid":{"rendered":"https:\/\/sisu.ut.ee\/otsing\/otsingute-piiramine\/"},"modified":"2024-04-03T23:11:46","modified_gmt":"2024-04-03T20:11:46","slug":"otsingute-piiramine","status":"publish","type":"page","link":"https:\/\/sisu.ut.ee\/otsing\/otsingute-piiramine\/","title":{"rendered":"Otsingute piiramine"},"content":{"rendered":"<p>\n\t<span><span class=\"nolink\">Liitotsing v\u00f5imaldab oma otsingut rohkem piirata. Sagedamini on andmebaasides j\u00e4rgm<\/span><\/span><span><span class=\"nolink\">ised v\u00f5imalused:\u00a0<\/span><\/span>\n<\/p>\n<ul>\n<li>\n\t\t<span style=\"line-height: 1.6em\">Ilmumisaeg (<em>Date<\/em>): saab m\u00e4\u00e4rata, mis aastast alates v\u00f5i millisel ajavahemikul ilmunud dokumente otsite.<\/span>\n\t<\/li>\n<li>\n\t\t<span style=\"line-height: 1.6em\">T\u00e4istekst (<em>Full-text<\/em>): saate m\u00e4\u00e4rata, et soovite ainult neid tulemusi, kus t\u00e4istekst on ka olemas.<\/span>\n\t<\/li>\n<li>\n\t\t<span style=\"line-height: 1.6em\">Ajakirja pealkiri (<em>Publication \/ Journal<\/em>): soovite teha otsingut \u00fche ajakirja artiklite hulgas.\u00a0<\/span>\n\t<\/li>\n<li>\n\t\t<span style=\"line-height: 1.6em\">V\u00e4ljaande t\u00fc\u00fcp (<em>Publication type<\/em>): v\u00f5ib valida, kas otsitakse artikleid ajakirjast v\u00f5i ajalehest, raamatuid jne.<\/span>\n\t<\/li>\n<\/ul>\n<p>\n\t<span>Lihtotsingus on sageli v\u00e4hem otsiongu t\u00e4psustamise v\u00f5imalusi kui liitotsingu lehel. <\/span>\n<\/p>\n<p>\n\t<span>Erialaandmebaasides on oma otsingut v\u00f5imalik piirata v\u00e4ga paljude, valdkonnale spetsiifiliste tunnuste j\u00e4rgi.<\/span>\n<\/p>\n<p>\n\t<img loading=\"lazy\" decoding=\"async\" width=\"963\" height=\"311\" class=\"alignnone wp-image-27\" src=\"https:\/\/sisu.ut.ee\/wp-content\/uploads\/sites\/30\/2020-09-28_22_15_43-window.png\" title=\"2020-09-28_22_15_43-window.png\" alt=\"c\" srcset=\"https:\/\/sisu.ut.ee\/wp-content\/uploads\/sites\/30\/2020-09-28_22_15_43-window.png 963w, https:\/\/sisu.ut.ee\/wp-content\/uploads\/sites\/30\/2020-09-28_22_15_43-window-300x97.png 300w, https:\/\/sisu.ut.ee\/wp-content\/uploads\/sites\/30\/2020-09-28_22_15_43-window-768x248.png 768w\" sizes=\"auto, (max-width: 963px) 100vw, 963px\">\n<\/p>\n<p>\n\t<em><span data-mce-mark=\"1\"><span class=\"nolink\" data-mce-mark=\"1\">P\u00e4ringu piiramise v\u00f5imalused Eesti artiklite andmebaasis ISE.<\/span><\/span><\/em>\n<\/p>\n<p>\n\t\u00a0<\/p>\n","protected":false},"excerpt":{"rendered":"<p>Liitotsing v\u00f5imaldab oma otsingut rohkem piirata. Sagedamini on andmebaasides j\u00e4rgmised v\u00f5imalused:\u00a0 Ilmumisaeg (Date): saab m\u00e4\u00e4rata, mis aastast alates v\u00f5i millisel ajavahemikul ilmunud dokumente otsite. T\u00e4istekst (Full-text): saate m\u00e4\u00e4rata, et soovite ainult neid tulemusi, kus t\u00e4istekst on ka olemas. Ajakirja pealkiri &#8230;<\/p>\n","protected":false},"author":5,"featured_media":0,"parent":0,"menu_order":0,"comment_status":"closed","ping_status":"closed","template":"","meta":{"_acf_changed":false,"inline_featured_image":false,"footnotes":""},"class_list":["post-8","page","type-page","status-publish","hentry"],"acf":[],"_links":{"self":[{"href":"https:\/\/sisu.ut.ee\/otsing\/wp-json\/wp\/v2\/pages\/8","targetHints":{"allow":["GET"]}}],"collection":[{"href":"https:\/\/sisu.ut.ee\/otsing\/wp-json\/wp\/v2\/pages"}],"about":[{"href":"https:\/\/sisu.ut.ee\/otsing\/wp-json\/wp\/v2\/types\/page"}],"author":[{"embeddable":true,"href":"https:\/\/sisu.ut.ee\/otsing\/wp-json\/wp\/v2\/users\/5"}],"replies":[{"embeddable":true,"href":"https:\/\/sisu.ut.ee\/otsing\/wp-json\/wp\/v2\/comments?post=8"}],"version-history":[{"count":1,"href":"https:\/\/sisu.ut.ee\/otsing\/wp-json\/wp\/v2\/pages\/8\/revisions"}],"predecessor-version":[{"id":95,"href":"https:\/\/sisu.ut.ee\/otsing\/wp-json\/wp\/v2\/pages\/8\/revisions\/95"}],"wp:attachment":[{"href":"https:\/\/sisu.ut.ee\/otsing\/wp-json\/wp\/v2\/media?parent=8"}],"curies":[{"name":"wp","href":"https:\/\/api.w.org\/{rel}","templated":true}]}}