{"id":7,"date":"2024-04-03T23:11:39","date_gmt":"2024-04-03T20:11:39","guid":{"rendered":"https:\/\/sisu.ut.ee\/otsing\/liitotsing\/"},"modified":"2025-02-12T13:43:46","modified_gmt":"2025-02-12T11:43:46","slug":"liitotsing","status":"publish","type":"page","link":"https:\/\/sisu.ut.ee\/otsing\/liitotsing\/","title":{"rendered":"Liitotsing"},"content":{"rendered":"<p><span data-mce-mark=\"1\"><span data-mce-mark=\"1\">Saab kasutada ka t\u00e4psemat otsingut, mida Eesti andmebaasides nimetatakse enamasti liitotsinguks (ingl k enamasti <em>Advanced Search<\/em>), kus saab ette anda, millisel v\u00e4ljal otsitav s\u00f5na peab esinema. See on hea v\u00f5imalus oma otsingut suunata. Nii leiate nt<br>\n* \u00fche autori t\u00f6id;<br>\n* artikleid mingist kindlast ajakirjast;<br>\n* raamatuid-artikleid pealkirjade j\u00e4rgi;<br>\n* artikleid mingis keeles.<\/span><\/span><\/p>\n<p><span data-mce-mark=\"1\"><span data-mce-mark=\"1\">Otsinguv\u00e4ljade vahele saab valida Boole\u2019i operaatoreid AND, OR v\u00f5i\u00a0NOT.\u00a0<\/span><\/span><\/p>\n<p><strong>N\u00e4ide<\/strong>:\u00a0EBSCO andmebaaside liitotsing.<\/p>\n<p><img loading=\"lazy\" decoding=\"async\" class=\"alignnone size-large wp-image-125\" src=\"https:\/\/sisu.ut.ee\/wp-content\/uploads\/sites\/30\/Kuvatommis-2025-02-12-134303-1024x313.png\" alt=\"\" width=\"1024\" height=\"313\" srcset=\"https:\/\/sisu.ut.ee\/wp-content\/uploads\/sites\/30\/Kuvatommis-2025-02-12-134303-1024x313.png 1024w, https:\/\/sisu.ut.ee\/wp-content\/uploads\/sites\/30\/Kuvatommis-2025-02-12-134303-300x92.png 300w, https:\/\/sisu.ut.ee\/wp-content\/uploads\/sites\/30\/Kuvatommis-2025-02-12-134303-768x234.png 768w, https:\/\/sisu.ut.ee\/wp-content\/uploads\/sites\/30\/Kuvatommis-2025-02-12-134303.png 1186w\" sizes=\"auto, (max-width: 1024px) 100vw, 1024px\"><\/p>\n","protected":false},"excerpt":{"rendered":"<p>Saab kasutada ka t\u00e4psemat otsingut, mida Eesti andmebaasides nimetatakse enamasti liitotsinguks (ingl k enamasti Advanced Search), kus saab ette anda, millisel v\u00e4ljal otsitav s\u00f5na peab esinema. See on hea v\u00f5imalus oma otsingut suunata. Nii leiate nt * \u00fche autori t\u00f6id; &#8230;<\/p>\n","protected":false},"author":5,"featured_media":0,"parent":0,"menu_order":0,"comment_status":"closed","ping_status":"closed","template":"","meta":{"_acf_changed":false,"inline_featured_image":false,"footnotes":""},"class_list":["post-7","page","type-page","status-publish","hentry"],"acf":[],"_links":{"self":[{"href":"https:\/\/sisu.ut.ee\/otsing\/wp-json\/wp\/v2\/pages\/7","targetHints":{"allow":["GET"]}}],"collection":[{"href":"https:\/\/sisu.ut.ee\/otsing\/wp-json\/wp\/v2\/pages"}],"about":[{"href":"https:\/\/sisu.ut.ee\/otsing\/wp-json\/wp\/v2\/types\/page"}],"author":[{"embeddable":true,"href":"https:\/\/sisu.ut.ee\/otsing\/wp-json\/wp\/v2\/users\/5"}],"replies":[{"embeddable":true,"href":"https:\/\/sisu.ut.ee\/otsing\/wp-json\/wp\/v2\/comments?post=7"}],"version-history":[{"count":2,"href":"https:\/\/sisu.ut.ee\/otsing\/wp-json\/wp\/v2\/pages\/7\/revisions"}],"predecessor-version":[{"id":126,"href":"https:\/\/sisu.ut.ee\/otsing\/wp-json\/wp\/v2\/pages\/7\/revisions\/126"}],"wp:attachment":[{"href":"https:\/\/sisu.ut.ee\/otsing\/wp-json\/wp\/v2\/media?parent=7"}],"curies":[{"name":"wp","href":"https:\/\/api.w.org\/{rel}","templated":true}]}}