{"id":6,"date":"2024-04-03T23:11:39","date_gmt":"2024-04-03T20:11:39","guid":{"rendered":"https:\/\/sisu.ut.ee\/otsing\/lihtotsing\/"},"modified":"2025-02-12T13:40:12","modified_gmt":"2025-02-12T11:40:12","slug":"lihtotsing","status":"publish","type":"page","link":"https:\/\/sisu.ut.ee\/otsing\/lihtotsing\/","title":{"rendered":"Lihtotsing"},"content":{"rendered":"<p><span data-mce-mark=\"1\"><span data-mce-mark=\"1\">Paljud andmebaasid annavad vaikimisi ette lihtotsingu akna \u00a0(nt <em>Basic Search, Quick Search, Simple Search<\/em>), kus otsitakse andmebaasi mitmelt v\u00e4ljalt korraga. S<\/span><\/span><span data-mce-mark=\"1\"><span data-mce-mark=\"1\">isestada v\u00f5ib s\u00f5nu pealkirjast, autorite hulgast, t\u00e4istekstist v\u00f5i m\u00e4rks\u00f5nu. Otsingu t\u00e4psustamiseks saab kasutada Boole\u2019i operaatoreid ja metam\u00e4rke. \u00a0Igas andmebaasis toimivad need erinevalt. Kuidas nimelt, saate teada andmebaasi abifailist.<\/span><\/span><br>\n<span style=\"line-height: 1.6em;\"><strong>N<\/strong><\/span><span style=\"line-height: 1.6em;\"><strong>\u00e4ide<\/strong>: EBSCO andmebaaside lihtotsing.\u00a0<\/span><\/p>\n<p><img loading=\"lazy\" decoding=\"async\" class=\"alignnone size-large wp-image-122\" src=\"https:\/\/sisu.ut.ee\/wp-content\/uploads\/sites\/30\/Kuvatommis-2025-02-12-125524-1024x187.png\" alt=\"\" width=\"1024\" height=\"187\" srcset=\"https:\/\/sisu.ut.ee\/wp-content\/uploads\/sites\/30\/Kuvatommis-2025-02-12-125524-1024x187.png 1024w, https:\/\/sisu.ut.ee\/wp-content\/uploads\/sites\/30\/Kuvatommis-2025-02-12-125524-300x55.png 300w, https:\/\/sisu.ut.ee\/wp-content\/uploads\/sites\/30\/Kuvatommis-2025-02-12-125524-768x140.png 768w, https:\/\/sisu.ut.ee\/wp-content\/uploads\/sites\/30\/Kuvatommis-2025-02-12-125524.png 1166w\" sizes=\"auto, (max-width: 1024px) 100vw, 1024px\"><\/p>\n","protected":false},"excerpt":{"rendered":"<p>Paljud andmebaasid annavad vaikimisi ette lihtotsingu akna \u00a0(nt Basic Search, Quick Search, Simple Search), kus otsitakse andmebaasi mitmelt v\u00e4ljalt korraga. Sisestada v\u00f5ib s\u00f5nu pealkirjast, autorite hulgast, t\u00e4istekstist v\u00f5i m\u00e4rks\u00f5nu. Otsingu t\u00e4psustamiseks saab kasutada Boole\u2019i operaatoreid ja metam\u00e4rke. \u00a0Igas andmebaasis toimivad &#8230;<\/p>\n","protected":false},"author":5,"featured_media":0,"parent":0,"menu_order":0,"comment_status":"closed","ping_status":"closed","template":"","meta":{"_acf_changed":false,"inline_featured_image":false,"footnotes":""},"class_list":["post-6","page","type-page","status-publish","hentry"],"acf":[],"_links":{"self":[{"href":"https:\/\/sisu.ut.ee\/otsing\/wp-json\/wp\/v2\/pages\/6","targetHints":{"allow":["GET"]}}],"collection":[{"href":"https:\/\/sisu.ut.ee\/otsing\/wp-json\/wp\/v2\/pages"}],"about":[{"href":"https:\/\/sisu.ut.ee\/otsing\/wp-json\/wp\/v2\/types\/page"}],"author":[{"embeddable":true,"href":"https:\/\/sisu.ut.ee\/otsing\/wp-json\/wp\/v2\/users\/5"}],"replies":[{"embeddable":true,"href":"https:\/\/sisu.ut.ee\/otsing\/wp-json\/wp\/v2\/comments?post=6"}],"version-history":[{"count":2,"href":"https:\/\/sisu.ut.ee\/otsing\/wp-json\/wp\/v2\/pages\/6\/revisions"}],"predecessor-version":[{"id":123,"href":"https:\/\/sisu.ut.ee\/otsing\/wp-json\/wp\/v2\/pages\/6\/revisions\/123"}],"wp:attachment":[{"href":"https:\/\/sisu.ut.ee\/otsing\/wp-json\/wp\/v2\/media?parent=6"}],"curies":[{"name":"wp","href":"https:\/\/api.w.org\/{rel}","templated":true}]}}