{"id":3,"date":"2024-04-03T23:11:39","date_gmt":"2024-04-03T20:11:39","guid":{"rendered":"https:\/\/sisu.ut.ee\/otsing\/avaleht\/"},"modified":"2026-02-05T18:33:05","modified_gmt":"2026-02-05T16:33:05","slug":"avaleht","status":"publish","type":"page","link":"https:\/\/sisu.ut.ee\/otsing\/","title":{"rendered":"Avaleht"},"content":{"rendered":"<p>Selle \u00f5ppematerjali abil omandate te \u00fcldised infootsingu alused, mida saate kasutada erinevates andmebaasides. Igal andmebaasil on k\u00fcll oma ise\u00e4rasused, millega tuleb tutvuda, kuid teades infootsingu p\u00f5him\u00f5tteid, saate paremini hakkama.<\/p>\n\n\n\n<p>Enne otsingu alustamist on tarvis l\u00e4bi m\u00f5elda m\u00f5ned k\u00fcsimused, mis on olulised otsingu kavandamiseks ja efektiivseks l\u00e4biviimiseks. See aitab oma m\u00f5tteid korrastada, m\u00f5isteid selgitada, on \u00f5ige otsinguvahendi valimise aluseks ja aitab ka aega planeerida.\u00a0<\/p>\n\n\n\n<p>S\u00fcstemaatiline infootsing t\u00e4hendab otsingus\u00f5nade p\u00f5hjalikku l\u00e4bim\u00f5tlemist, s\u00fcnon\u00fc\u00fcmide, laiemate ja kitsamate m\u00f5istete ja seotud s\u00f5nade kaasamist ning omavahelist kombineerimist operaatoritega AND, OR ja NOT.<\/p>\n\n\n\n<p>Otsingus\u00f5nu saab t\u00e4psustada Eesti m\u00e4rks\u00f5nastiku (<a href=\"http:\/\/ems.elnet.ee\/\" target=\"_blank\" rel=\"noopener\">http:\/\/ems.elnet.ee\/<\/a>) abil.\u00a0<a id=\"jpopup-728\" class=\"jpopup_dialog\" title=\"M\u00e4rks\u00f5nad\"><\/a>M\u00e4rks\u00f5nad\u00a0\u00a0kirjeldavad\u00a0<a id=\"jpopup-675\" class=\"jpopup_dialog\" title=\"teavikute\"><\/a>teavikute\u00a0\u00a0sisu. Kasutage\u00a0<a id=\"jpopup-580\" class=\"jpopup_dialog\" title=\"m\u00e4rks\u00f5nastikust\"><\/a>m\u00e4rks\u00f5nastikust\u00a0\u00a0v\u00f5etud s\u00f5nu otsingul, et saada t\u00e4psemaid tulemusi.<\/p>\n\n\n\n<p>Video m\u00e4rks\u00f5nade leidmise ja p\u00e4ringu koostamise kohta<\/p>\n\n\n\n<div class=\"ratio ratio-16x9 mb-3\"><div class=\"video-placeholder-wrapper video-placeholder-wrapper--16x9\">\n\t\t\t    <div class=\"video-placeholder d-flex justify-content-center align-items-center\">\n\t\t\t        <div class=\"overlay text-white p-2 w-100 text-center d-block justify-content-center align-items-center\">\n\t\t\t            <div>Kolmandate osapoolte sisu n\u00e4gemiseks palun n\u00f5ustu k\u00fcpsistega.<\/div>\n\t\t\t            <button class=\"btn btn-secondary btn-sm mt-1 consent-change\">Muuda n\u00f5usolekut<\/button>\n\t\t\t        <\/div>\n\t\t\t    <\/div>\n\t\t\t<\/div>\n<\/div>\n\n\n\n<p><\/p>\n\n\n\n<p><strong>Video asukoht<\/strong>: https:\/\/panopto.ut.ee\/Panopto\/Pages\/Viewer.aspx?id=b3e7624a-9ff8-442a-9376-b14800d0b1fb<\/p>\n\n\n\n<h5 class=\"wp-block-heading\"><span style=\"color: #000080;\"><strong>Mida te otsite?\u00a0<\/strong><\/span><\/h5>\n\n\n\n<p>Enne otsingu alustamist eraldage oma teemast olulised m\u00f5isted ning koostage iga m\u00f5iste kohta nimekiri s\u00f5nadest ja v\u00e4ljenditest. Need v\u00f5ivad olla s\u00fcnon\u00fc\u00fcmid, laiema v\u00f5i kitsama t\u00e4hendusega s\u00f5nad, seotud terminid.<\/p>\n\n\n\n<div align=\"center\">\n<table class=\"table table-hover\" style=\"width: 100%; background-color: #bee3fb;\" align=\"center\">\n<tbody>\n<tr>\n<td><strong>N\u00e4ide:<\/strong>\u00a0Kuidas m\u00f5jutab v\u00e4givalla kujutamine televisioonis noorte agressiivset k\u00e4itumist.\u00a0<\/td>\n<\/tr>\n<\/tbody>\n<\/table>\n<\/div>\n\n\n\n<p><span style=\"line-height: 1.6em;\"><br>Antud teema erinevad aspektid on v\u00e4givald, televisioon, noored.\u00a0Neid k\u00f5iki tuleb p\u00e4ringu koostamisel arvesse v\u00f5tta.<\/span><\/p>\n\n\n\n<figure class=\"wp-block-table\"><table class=\"table table-hover\"><tbody><tr><td>1. m\u00f5iste<\/td><td>2. m\u00f5iste<\/td><td>3. m\u00f5iste<\/td><\/tr><tr><td><strong>v\u00e4givald<\/strong><\/td><td><strong>televisioon<\/strong><\/td><td><strong>lapsed, noored<\/strong><\/td><\/tr><tr><td>aggressive, aggressiveness<\/td><td>television<\/td><td>child, children, childhood<\/td><\/tr><tr><td>violence<\/td><td>tv<\/td><td>teenager, teenagers, teens<\/td><\/tr><tr><td>\u00a0<\/td><td>\u00a0<\/td><td>adolescent, adolescents, adolescence<\/td><\/tr><tr><td>\u00a0<\/td><td>\u00a0<\/td><td>youth<\/td><\/tr><\/tbody><\/table><\/figure>\n\n\n\n<p>P\u00e4ringu s\u00f5nastamisel tuleb arvestada<\/p>\n\n\n\n<ul class=\"wp-block-list\">\n<li><span style=\"line-height: 1.6em;\" data-mce-mark=\"1\">s\u00f5nade erinevat kirjaviisi (organisation \u2013 organization),<\/span><\/li>\n\n\n\n<li><span style=\"line-height: 1.6em;\" data-mce-mark=\"1\">l\u00fchendeid (European Union \u2013 EU),<\/span><\/li>\n\n\n\n<li><span style=\"line-height: 1.6em;\" data-mce-mark=\"1\">s\u00f5nade ainsuse ja mitmuse vorme.\u00a0<\/span><\/li>\n<\/ul>\n\n\n\n<p>Teemaga tutvumiseks ning sobivate otsingus\u00f5nade leidmiseks kasutage eriala teatmeteoseid, k\u00e4siraamatuid ja \u00f5pikuid.\u00a0S\u00fcnon\u00fc\u00fcmide kohta v\u00f5ib n\u00f5u k\u00fcsida ka tekstirobotilt.<\/p>\n\n\n\n<p><\/p>\n\n\n\n<h5 class=\"wp-block-heading\"><span style=\"color: #000080;\"><strong>Millist informatsiooni ja kui palju te vajate?<\/strong><\/span><\/h5>\n\n\n\n<p>Enne otsingu alustamist v\u00f5iksite veel l\u00e4bi m\u00f5elda, millist liiki materjali, kui palju ja millisest perioodist te vajate. \u00a0Kas piisab n\u00e4iteks k\u00fcmnekonnast allikast \u00fclevaate saamiseks v\u00f5i peab otsing olema v\u00f5imalikult t\u00e4ielik? \u00a0Kas vajate ainult raamatutest v\u00f5i peaksite kasutama ka artikleid ajakirjadest? Sellest s\u00f5ltub, millist otsivahendit (kataloog, andmebaas) peaksite kasutama.<\/p>\n\n\n\n<p>Kui kaugele ajas tagasi peab teie otsing ulatuma? Millisest ajast alates ilmunud kirjandus v\u00f5iks olla teie jaoks oluline? Kui vajate vanemat kirjandust, vaadake, millisest aastast alates ilmunud kirjandust andmebaas kajastab. Ajaloolise aspektiga teemade puhul v\u00f5ib vaja olla kasutada tr\u00fckitud bibliograafiaid.\u00a0<\/p>\n","protected":false},"excerpt":{"rendered":"<p>Selle \u00f5ppematerjali abil omandate te \u00fcldised infootsingu alused, mida saate kasutada erinevates andmebaasides. Igal andmebaasil on k\u00fcll oma ise\u00e4rasused, millega tuleb tutvuda, kuid teades infootsingu p\u00f5him\u00f5tteid, saate paremini hakkama. Enne otsingu alustamist on tarvis l\u00e4bi m\u00f5elda m\u00f5ned k\u00fcsimused, mis on &#8230;<\/p>\n","protected":false},"author":5,"featured_media":0,"parent":0,"menu_order":0,"comment_status":"closed","ping_status":"closed","template":"","meta":{"_acf_changed":false,"inline_featured_image":false,"footnotes":""},"class_list":["post-3","page","type-page","status-publish","hentry"],"acf":[],"_links":{"self":[{"href":"https:\/\/sisu.ut.ee\/otsing\/wp-json\/wp\/v2\/pages\/3","targetHints":{"allow":["GET"]}}],"collection":[{"href":"https:\/\/sisu.ut.ee\/otsing\/wp-json\/wp\/v2\/pages"}],"about":[{"href":"https:\/\/sisu.ut.ee\/otsing\/wp-json\/wp\/v2\/types\/page"}],"author":[{"embeddable":true,"href":"https:\/\/sisu.ut.ee\/otsing\/wp-json\/wp\/v2\/users\/5"}],"replies":[{"embeddable":true,"href":"https:\/\/sisu.ut.ee\/otsing\/wp-json\/wp\/v2\/comments?post=3"}],"version-history":[{"count":10,"href":"https:\/\/sisu.ut.ee\/otsing\/wp-json\/wp\/v2\/pages\/3\/revisions"}],"predecessor-version":[{"id":147,"href":"https:\/\/sisu.ut.ee\/otsing\/wp-json\/wp\/v2\/pages\/3\/revisions\/147"}],"wp:attachment":[{"href":"https:\/\/sisu.ut.ee\/otsing\/wp-json\/wp\/v2\/media?parent=3"}],"curies":[{"name":"wp","href":"https:\/\/api.w.org\/{rel}","templated":true}]}}