{"id":18,"date":"2024-04-03T23:11:39","date_gmt":"2024-04-03T20:11:39","guid":{"rendered":"https:\/\/sisu.ut.ee\/otsing\/andmebaaside-sruktuur\/"},"modified":"2024-04-29T10:36:49","modified_gmt":"2024-04-29T07:36:49","slug":"andmebaaside-sruktuur","status":"publish","type":"page","link":"https:\/\/sisu.ut.ee\/otsing\/andmebaaside-sruktuur\/","title":{"rendered":"Andmebaaside struktuur"},"content":{"rendered":"<p>Andmebaasid koosnevad kirjetest. Iga kirje kirjeldab \u00fchte publikatsiooni, n\u00e4iteks raamatut v\u00f5i artiklit vastavalt kindlaksm\u00e4\u00e4ratud tunnustele. Kirje koosneb paljudest andmev\u00e4ljadest:\u00a0\u00a0autor, artikli pealkiri, ajakirja nimetus, ilmumisaasta\u00a0jne. Andmebaasis otsides\u00a0 saab m\u00e4\u00e4rata, millistelt v\u00e4ljadelt otsida (nt otsida autori, pealkirja, m\u00e4rks\u00f5nade v\u00f5i aastate j\u00e4rgi).\u00a0<br>Andmebaaside avalehel on otsinguabi link, kust saab t\u00e4psema \u00fclevaate andmebaasi struktuurist ning otsinguv\u00f5imalustest.<\/p>\n<p><span style=\"background-color: #fafafa;color: #000000;font-family: Verdana, sans-serif;font-size: 12px;line-height: 18px\">Andmebaasi valides p\u00f6\u00f6rake t\u00e4helepanu sellele,<\/span><\/p>\n<ul>\n<li>mis liiki andmebaasiga on tegemist (fakti v\u00f5i tekstiandmebaas, kas t\u00e4istekste leidub),<\/li>\n<li>millistel teemadel materjale andmebaas sisaldab (n\u00e4iteks haridus, \u00f5igus, geograafia, muusika jne),<\/li>\n<li>referaatandmebaasi puhul millised v\u00e4ljaannete liigid on esindatud (ajakirjaartiklid, raamatud, teadust\u00f6\u00f6d),<\/li>\n<li>millist ajavahemikku andmebaas katab (n\u00e4iteks kui ajavahemik on alates 1993 kuni t\u00e4nap\u00e4evani, siis 1992. aastal ilmunud materjale seal pole),<\/li>\n<li>kui sageli seda uuendatakse (kas k\u00f5ige v\u00e4rskemad materjalid on andmebaasis olemas).<\/li>\n<\/ul>\n","protected":false},"excerpt":{"rendered":"<p>Andmebaasid koosnevad kirjetest. Iga kirje kirjeldab \u00fchte publikatsiooni, n\u00e4iteks raamatut v\u00f5i artiklit vastavalt kindlaksm\u00e4\u00e4ratud tunnustele. Kirje koosneb paljudest andmev\u00e4ljadest:\u00a0\u00a0autor, artikli pealkiri, ajakirja nimetus, ilmumisaasta\u00a0jne. Andmebaasis otsides\u00a0 saab m\u00e4\u00e4rata, millistelt v\u00e4ljadelt otsida (nt otsida autori, pealkirja, m\u00e4rks\u00f5nade v\u00f5i aastate j\u00e4rgi).\u00a0Andmebaaside avalehel &#8230;<\/p>\n","protected":false},"author":5,"featured_media":0,"parent":0,"menu_order":0,"comment_status":"closed","ping_status":"closed","template":"","meta":{"_acf_changed":false,"inline_featured_image":false,"footnotes":""},"class_list":["post-18","page","type-page","status-publish","hentry"],"acf":[],"_links":{"self":[{"href":"https:\/\/sisu.ut.ee\/otsing\/wp-json\/wp\/v2\/pages\/18","targetHints":{"allow":["GET"]}}],"collection":[{"href":"https:\/\/sisu.ut.ee\/otsing\/wp-json\/wp\/v2\/pages"}],"about":[{"href":"https:\/\/sisu.ut.ee\/otsing\/wp-json\/wp\/v2\/types\/page"}],"author":[{"embeddable":true,"href":"https:\/\/sisu.ut.ee\/otsing\/wp-json\/wp\/v2\/users\/5"}],"replies":[{"embeddable":true,"href":"https:\/\/sisu.ut.ee\/otsing\/wp-json\/wp\/v2\/comments?post=18"}],"version-history":[{"count":2,"href":"https:\/\/sisu.ut.ee\/otsing\/wp-json\/wp\/v2\/pages\/18\/revisions"}],"predecessor-version":[{"id":117,"href":"https:\/\/sisu.ut.ee\/otsing\/wp-json\/wp\/v2\/pages\/18\/revisions\/117"}],"wp:attachment":[{"href":"https:\/\/sisu.ut.ee\/otsing\/wp-json\/wp\/v2\/media?parent=18"}],"curies":[{"name":"wp","href":"https:\/\/api.w.org\/{rel}","templated":true}]}}