{"id":17,"date":"2024-04-03T23:11:39","date_gmt":"2024-04-03T20:11:39","guid":{"rendered":"https:\/\/sisu.ut.ee\/otsing\/faktiandmebaasid\/"},"modified":"2024-04-03T23:11:46","modified_gmt":"2024-04-03T20:11:46","slug":"faktiandmebaasid","status":"publish","type":"page","link":"https:\/\/sisu.ut.ee\/otsing\/faktiandmebaasid\/","title":{"rendered":"Faktiandmebaasid"},"content":{"rendered":"<p>Faktiandmebaasid sisaldavad faktiinformatsiooni, n\u00e4iteks aadresse, majandusn\u00e4itajaid, f\u00fc\u00fcsikalisi, keemilisi, geograafilisi ja statistilisi andmeid.<\/p>\n<p><strong>N\u00e4iteid<\/strong><\/p>\n<p><a href=\"http:\/\/arikataloog.ee\/\" target=\"_blank\" rel=\"noopener\">Eesti \u00e4rikataloog\u00a0<\/a><\/p>\n<p><img loading=\"lazy\" decoding=\"async\" width=\"251\" height=\"82\" class=\"alignnone wp-image-39\" src=\"https:\/\/sisu.ut.ee\/wp-content\/uploads\/sites\/30\/arikataloog1.png.gif\" title=\"\u00e4rikatalog\" alt=\"\u00e4rikatalog\"><\/p>\n<p>\u00a0<a style=\"line-height: 1.6em\" href=\"https:\/\/www.cia.gov\/library\/publications\/the-world-factbook\/\" target=\"_blank\" rel=\"noopener\">CIA World Factbook<\/a><a style=\"line-height: 1.6em\" href=\"https:\/\/www.cia.gov\/library\/publications\/the-world-factbook\/\" target=\"_blank\" rel=\"noopener\">\u00a0<\/a><\/p>\n<p><span style=\"line-height: 1.6em\"><img loading=\"lazy\" decoding=\"async\" width=\"719\" height=\"392\" class=\"alignnone wp-image-40\" style=\"border: 1px solid black\" src=\"https:\/\/sisu.ut.ee\/wp-content\/uploads\/sites\/30\/the_world_factbook.gif\" title=\"cia\" alt=\"cia\"><\/span><\/p>\n","protected":false},"excerpt":{"rendered":"<p>Faktiandmebaasid sisaldavad faktiinformatsiooni, n\u00e4iteks aadresse, majandusn\u00e4itajaid, f\u00fc\u00fcsikalisi, keemilisi, geograafilisi ja statistilisi andmeid. N\u00e4iteid Eesti \u00e4rikataloog\u00a0 \u00a0CIA World Factbook\u00a0<\/p>\n","protected":false},"author":5,"featured_media":0,"parent":0,"menu_order":0,"comment_status":"closed","ping_status":"closed","template":"","meta":{"_acf_changed":false,"inline_featured_image":false,"footnotes":""},"class_list":["post-17","page","type-page","status-publish","hentry"],"acf":[],"_links":{"self":[{"href":"https:\/\/sisu.ut.ee\/otsing\/wp-json\/wp\/v2\/pages\/17","targetHints":{"allow":["GET"]}}],"collection":[{"href":"https:\/\/sisu.ut.ee\/otsing\/wp-json\/wp\/v2\/pages"}],"about":[{"href":"https:\/\/sisu.ut.ee\/otsing\/wp-json\/wp\/v2\/types\/page"}],"author":[{"embeddable":true,"href":"https:\/\/sisu.ut.ee\/otsing\/wp-json\/wp\/v2\/users\/5"}],"replies":[{"embeddable":true,"href":"https:\/\/sisu.ut.ee\/otsing\/wp-json\/wp\/v2\/comments?post=17"}],"version-history":[{"count":1,"href":"https:\/\/sisu.ut.ee\/otsing\/wp-json\/wp\/v2\/pages\/17\/revisions"}],"predecessor-version":[{"id":86,"href":"https:\/\/sisu.ut.ee\/otsing\/wp-json\/wp\/v2\/pages\/17\/revisions\/86"}],"wp:attachment":[{"href":"https:\/\/sisu.ut.ee\/otsing\/wp-json\/wp\/v2\/media?parent=17"}],"curies":[{"name":"wp","href":"https:\/\/api.w.org\/{rel}","templated":true}]}}