{"id":16,"date":"2024-04-03T23:11:39","date_gmt":"2024-04-03T20:11:39","guid":{"rendered":"https:\/\/sisu.ut.ee\/otsing\/taistekstandmebaasid\/"},"modified":"2025-02-19T09:54:20","modified_gmt":"2025-02-19T07:54:20","slug":"taistekstandmebaasid","status":"publish","type":"page","link":"https:\/\/sisu.ut.ee\/otsing\/taistekstandmebaasid\/","title":{"rendered":"T\u00e4istekstandmebaasid"},"content":{"rendered":"<p><span data-mce-mark=\"1\"><span data-mce-mark=\"1\">T\u00e4istekstandmebaasid sisaldavad artiklite, raamatute v\u00f5i muude dokumentide t\u00e4istekste, samuti pilte, tabeleid, audio-ja videofaile.<\/span><\/span><\/p>\n<p><span data-mce-mark=\"1\"><span data-mce-mark=\"1\">Paljud andmebaasid v\u00f5ivad samaaegselt sisaldada erineva s\u00fcgavusega informatsiooni. M\u00f5ne artikli kohta on ainult bibliograafilised andmed, m\u00f5ne kohta sisukokkuv\u00f5te ning v\u00f5imalusel on lisatud ka t\u00e4istekstid. N\u00e4iteks EBSCO andmebaas Academic Search Ultimate sisaldab \u00fcle 12 000 ajakirja artiklite bibliograafilisi andmeid ja sisukokkuv\u00f5tteid, neist rohkem kui pooltel on ka t\u00e4istekstid k\u00e4ttesaadavad (ikoon <em>PDF Full Text<\/em>).\u00a0<span data-mce-mark=\"1\"><br>\n<\/span><\/span><\/span><\/p>\n<p><span data-mce-mark=\"1\"><span data-mce-mark=\"1\"><strong>\u00a0<\/strong><\/span><\/span><\/p>\n<p style=\"font: 12px\/18px Verdana, sans-serif; margin: 0px 0px 1em; padding: 0px; text-align: left; color: #000000; text-transform: none; text-indent: 0px; letter-spacing: normal; background-color: #fafafa;\"><span style=\"font-size: small;\" data-mce-mark=\"1\">\u00a0<\/span><\/p>\n","protected":false},"excerpt":{"rendered":"<p>T\u00e4istekstandmebaasid sisaldavad artiklite, raamatute v\u00f5i muude dokumentide t\u00e4istekste, samuti pilte, tabeleid, audio-ja videofaile. Paljud andmebaasid v\u00f5ivad samaaegselt sisaldada erineva s\u00fcgavusega informatsiooni. M\u00f5ne artikli kohta on ainult bibliograafilised andmed, m\u00f5ne kohta sisukokkuv\u00f5te ning v\u00f5imalusel on lisatud ka t\u00e4istekstid. N\u00e4iteks EBSCO andmebaas &#8230;<\/p>\n","protected":false},"author":5,"featured_media":0,"parent":0,"menu_order":0,"comment_status":"closed","ping_status":"closed","template":"","meta":{"_acf_changed":false,"inline_featured_image":false,"footnotes":""},"class_list":["post-16","page","type-page","status-publish","hentry"],"acf":[],"_links":{"self":[{"href":"https:\/\/sisu.ut.ee\/otsing\/wp-json\/wp\/v2\/pages\/16","targetHints":{"allow":["GET"]}}],"collection":[{"href":"https:\/\/sisu.ut.ee\/otsing\/wp-json\/wp\/v2\/pages"}],"about":[{"href":"https:\/\/sisu.ut.ee\/otsing\/wp-json\/wp\/v2\/types\/page"}],"author":[{"embeddable":true,"href":"https:\/\/sisu.ut.ee\/otsing\/wp-json\/wp\/v2\/users\/5"}],"replies":[{"embeddable":true,"href":"https:\/\/sisu.ut.ee\/otsing\/wp-json\/wp\/v2\/comments?post=16"}],"version-history":[{"count":2,"href":"https:\/\/sisu.ut.ee\/otsing\/wp-json\/wp\/v2\/pages\/16\/revisions"}],"predecessor-version":[{"id":135,"href":"https:\/\/sisu.ut.ee\/otsing\/wp-json\/wp\/v2\/pages\/16\/revisions\/135"}],"wp:attachment":[{"href":"https:\/\/sisu.ut.ee\/otsing\/wp-json\/wp\/v2\/media?parent=16"}],"curies":[{"name":"wp","href":"https:\/\/api.w.org\/{rel}","templated":true}]}}