{"id":15,"date":"2024-04-03T23:11:39","date_gmt":"2024-04-03T20:11:39","guid":{"rendered":"https:\/\/sisu.ut.ee\/otsing\/viiteandmebaasid\/"},"modified":"2024-04-03T23:11:46","modified_gmt":"2024-04-03T20:11:46","slug":"viiteandmebaasid","status":"publish","type":"page","link":"https:\/\/sisu.ut.ee\/otsing\/viiteandmebaasid\/","title":{"rendered":"Viiteandmebaasid"},"content":{"rendered":"<p><strong>Viiteandmebaasid<\/strong> sisaldavad viiteid originaalinformatsioonile, st infot selle kohta, kust materjale leida. Viiteandmebaasid on n\u00e4iteks raamatukogude kataloogid, bibliograafia- ja referaatandmebaasid, \u00a0kuid ka raamatukaupluste andmebaasid.<\/p>\n<p id=\"yui_3_9_1_2_1376294605664_119\"><strong>Bibliograafiaandmebaasid<\/strong><span data-mce-mark=\"1\">\u00a0<\/span>sisaldavad andmeid ilmunud kirjanduse kohta (autor, pealkiri, ajakirja pealkiri, ilmumisaeg, ilmumiskoht jne) . Bibliograafiliste andmete abil saab otsida originaalv\u00e4ljaandeid \u2013 raamatuid, artikleid, konverentsiettekandeid, teadust\u00f6id jne.<span data-mce-mark=\"1\">\u00a0<\/span><\/p>\n<p><strong>N\u00e4ide<\/strong> bibliograafilisest kirjest Eesti artiklite andmebaasis ISE. L\u00fchiloetelus on n\u00e4ha andmed, mille j\u00e4rgi on v\u00f5imalik artikkel \u00fcles leida.<\/p>\n<p><img loading=\"lazy\" decoding=\"async\" width=\"792\" height=\"156\" class=\"alignnone wp-image-37\" style=\"border: 1px solid black\" src=\"https:\/\/sisu.ut.ee\/wp-content\/uploads\/sites\/30\/bibkirje1.png\" title=\"bibkirje\" alt=\"bibkirje\" srcset=\"https:\/\/sisu.ut.ee\/wp-content\/uploads\/sites\/30\/bibkirje1.png 792w, https:\/\/sisu.ut.ee\/wp-content\/uploads\/sites\/30\/bibkirje1-300x59.png 300w, https:\/\/sisu.ut.ee\/wp-content\/uploads\/sites\/30\/bibkirje1-768x151.png 768w\" sizes=\"auto, (max-width: 792px) 100vw, 792px\"><\/p>\n<p><strong style=\"line-height: 1.6em\">Referaatandmebaasid<\/strong><span style=\"line-height: 1.6em\">\u00a0<\/span>sisaldavad lisaks bibliograafilistele andmetele ka raamatu, artikli, filmi vms sisukokkuv\u00f5tet.<\/p>\n<p><strong>N\u00e4ide<\/strong>: kirje haridusalasest andmebaasist ERIC<span data-mce-mark=\"1\">\u00a0<\/span><a href=\"http:\/\/www.eric.ed.gov\/\" target=\"_blank\" rel=\"noopener\">http:\/\/www.eric.ed.gov\/<\/a><\/p>\n<p style=\"margin: 0px 0px 1em;padding: 0px;font-family: Verdana, sans-serif;color: #000000;font-size: 12px;font-style: normal;font-variant: normal;font-weight: normal;letter-spacing: normal;line-height: 18px;text-align: left;text-indent: 0px;text-transform: none;background-color: #fafafa\"><img loading=\"lazy\" decoding=\"async\" width=\"718\" height=\"463\" class=\"alignnone wp-image-38\" style=\"border: 1px solid black\" src=\"https:\/\/sisu.ut.ee\/wp-content\/uploads\/sites\/30\/ericukirje1.png\" title=\"ericukirje\" alt=\"ericukirje\" srcset=\"https:\/\/sisu.ut.ee\/wp-content\/uploads\/sites\/30\/ericukirje1.png 718w, https:\/\/sisu.ut.ee\/wp-content\/uploads\/sites\/30\/ericukirje1-300x193.png 300w\" sizes=\"auto, (max-width: 718px) 100vw, 718px\"><\/p>\n<p style=\"margin: 0px 0px 1em;padding: 0px;font-family: Verdana, sans-serif;color: #000000;font-size: 12px;font-style: normal;font-variant: normal;font-weight: normal;letter-spacing: normal;line-height: 18px;text-align: left;text-indent: 0px;text-transform: none;background-color: #fafafa\">\n<\/p>","protected":false},"excerpt":{"rendered":"<p>Viiteandmebaasid sisaldavad viiteid originaalinformatsioonile, st infot selle kohta, kust materjale leida. Viiteandmebaasid on n\u00e4iteks raamatukogude kataloogid, bibliograafia- ja referaatandmebaasid, \u00a0kuid ka raamatukaupluste andmebaasid. Bibliograafiaandmebaasid\u00a0sisaldavad andmeid ilmunud kirjanduse kohta (autor, pealkiri, ajakirja pealkiri, ilmumisaeg, ilmumiskoht jne) . Bibliograafiliste andmete abil saab &#8230;<\/p>\n","protected":false},"author":5,"featured_media":0,"parent":0,"menu_order":0,"comment_status":"closed","ping_status":"closed","template":"","meta":{"_acf_changed":false,"inline_featured_image":false,"footnotes":""},"class_list":["post-15","page","type-page","status-publish","hentry"],"acf":[],"_links":{"self":[{"href":"https:\/\/sisu.ut.ee\/otsing\/wp-json\/wp\/v2\/pages\/15","targetHints":{"allow":["GET"]}}],"collection":[{"href":"https:\/\/sisu.ut.ee\/otsing\/wp-json\/wp\/v2\/pages"}],"about":[{"href":"https:\/\/sisu.ut.ee\/otsing\/wp-json\/wp\/v2\/types\/page"}],"author":[{"embeddable":true,"href":"https:\/\/sisu.ut.ee\/otsing\/wp-json\/wp\/v2\/users\/5"}],"replies":[{"embeddable":true,"href":"https:\/\/sisu.ut.ee\/otsing\/wp-json\/wp\/v2\/comments?post=15"}],"version-history":[{"count":1,"href":"https:\/\/sisu.ut.ee\/otsing\/wp-json\/wp\/v2\/pages\/15\/revisions"}],"predecessor-version":[{"id":88,"href":"https:\/\/sisu.ut.ee\/otsing\/wp-json\/wp\/v2\/pages\/15\/revisions\/88"}],"wp:attachment":[{"href":"https:\/\/sisu.ut.ee\/otsing\/wp-json\/wp\/v2\/media?parent=15"}],"curies":[{"name":"wp","href":"https:\/\/api.w.org\/{rel}","templated":true}]}}