{"id":13,"date":"2024-04-03T23:11:39","date_gmt":"2024-04-03T20:11:39","guid":{"rendered":"https:\/\/sisu.ut.ee\/otsing\/andmebaaside-tuubid-ja-struktuur\/"},"modified":"2024-04-03T23:11:46","modified_gmt":"2024-04-03T20:11:46","slug":"andmebaaside-tuubid-ja-struktuur","status":"publish","type":"page","link":"https:\/\/sisu.ut.ee\/otsing\/andmebaaside-tuubid-ja-struktuur\/","title":{"rendered":"Andmebaaside t\u00fc\u00fcbid ja struktuur"},"content":{"rendered":"<h2><span style=\"line-height: 1.6em;color: #000080\">\u00a0<\/span><\/h2>\n<p><span style=\"line-height: 1.6em\"><span style=\"color: #000080\">An<\/span>dmebaas on \u00fchise kasutajaliidese ja andmete otsingut ning k\u00e4itlust v\u00f5imaldava tarkvaraga varustatud elektrooniliselt talletatud andmekogum \u2013 faktid, bibliokirjed (nt raamatukogude e-kataloogid), tekstid jm.<\/span><\/p>\n<p><span style=\"line-height: 1.6em\"><span style=\"line-height: 1.6em\">Andmebaasis sisalduvate andmete t\u00fc\u00fcbi j\u00e4rgi saab neid jaotada faktip\u00f5histeks ja tekstip\u00f5histeks. N\u00e4iteks:<br><\/span><\/span><\/p>\n<table class=\"table table-hover\" border=\"1\">\n<caption><\/caption>\n<tbody>\n<tr>\n<td><strong><span style=\"line-height: 1.6em\">Faktip\u00f5hised<\/span><\/strong><\/td>\n<td><strong><span style=\"line-height: 1.6em\">Tekstip\u00f5hised<\/span><\/strong><\/td>\n<\/tr>\n<tr>\n<td>\n<p><a href=\"http:\/\/www.arikataloog.ee\/\" target=\"_blank\" rel=\"noopener\">\u00c4rikataloog<\/a><span style=\"line-height: 1.6em\"><a href=\"http:\/\/www.arikataloog.ee\/\" target=\"_blank\" rel=\"noopener\"><\/a><\/span><\/p>\n<p><a href=\"http:\/\/pub.stat.ee\/px-web.2001\/dialog\/statfile2.asp\" target=\"_blank\" rel=\"noopener\">Eesti Statistika<\/a><\/p>\n<p><a href=\"https:\/\/www.cia.gov\/library\/publications\/the-world-factbook\/\" target=\"_blank\" rel=\"noopener\">CIA World Factbook<\/a><\/p>\n<\/td>\n<td>\n<p><a href=\"http:\/\/riigiteataja.ee\/\" target=\"_blank\" rel=\"noopener\">Riigi Teataja<\/a><\/p>\n<p><a href=\"http:\/\/ise.elnet.ee\/\" target=\"_blank\" rel=\"noopener\">Eesti artiklite andmebaas ISE<\/a><\/p>\n<p><a href=\"http:\/\/eric.ed.gov\/\" target=\"_blank\" rel=\"noopener\">Haridusalane andmebaas ERIC<\/a><\/p>\n<\/td>\n<\/tr>\n<\/tbody>\n<\/table>\n","protected":false},"excerpt":{"rendered":"<p>\u00a0 Andmebaas on \u00fchise kasutajaliidese ja andmete otsingut ning k\u00e4itlust v\u00f5imaldava tarkvaraga varustatud elektrooniliselt talletatud andmekogum \u2013 faktid, bibliokirjed (nt raamatukogude e-kataloogid), tekstid jm. Andmebaasis sisalduvate andmete t\u00fc\u00fcbi j\u00e4rgi saab neid jaotada faktip\u00f5histeks ja tekstip\u00f5histeks. N\u00e4iteks: Faktip\u00f5hised Tekstip\u00f5hised \u00c4rikataloog Eesti &#8230;<\/p>\n","protected":false},"author":5,"featured_media":0,"parent":0,"menu_order":0,"comment_status":"closed","ping_status":"closed","template":"","meta":{"_acf_changed":false,"inline_featured_image":false,"footnotes":""},"class_list":["post-13","page","type-page","status-publish","hentry"],"acf":[],"_links":{"self":[{"href":"https:\/\/sisu.ut.ee\/otsing\/wp-json\/wp\/v2\/pages\/13","targetHints":{"allow":["GET"]}}],"collection":[{"href":"https:\/\/sisu.ut.ee\/otsing\/wp-json\/wp\/v2\/pages"}],"about":[{"href":"https:\/\/sisu.ut.ee\/otsing\/wp-json\/wp\/v2\/types\/page"}],"author":[{"embeddable":true,"href":"https:\/\/sisu.ut.ee\/otsing\/wp-json\/wp\/v2\/users\/5"}],"replies":[{"embeddable":true,"href":"https:\/\/sisu.ut.ee\/otsing\/wp-json\/wp\/v2\/comments?post=13"}],"version-history":[{"count":1,"href":"https:\/\/sisu.ut.ee\/otsing\/wp-json\/wp\/v2\/pages\/13\/revisions"}],"predecessor-version":[{"id":90,"href":"https:\/\/sisu.ut.ee\/otsing\/wp-json\/wp\/v2\/pages\/13\/revisions\/90"}],"wp:attachment":[{"href":"https:\/\/sisu.ut.ee\/otsing\/wp-json\/wp\/v2\/media?parent=13"}],"curies":[{"name":"wp","href":"https:\/\/api.w.org\/{rel}","templated":true}]}}