{"id":12,"date":"2024-04-03T23:11:39","date_gmt":"2024-04-03T20:11:39","guid":{"rendered":"https:\/\/sisu.ut.ee\/otsing\/otsingutulemuste-hindamine-ja-korrastamine\/"},"modified":"2026-02-05T19:10:31","modified_gmt":"2026-02-05T17:10:31","slug":"otsingutulemuste-hindamine-ja-korrastamine","status":"publish","type":"page","link":"https:\/\/sisu.ut.ee\/otsing\/otsingutulemuste-hindamine-ja-korrastamine\/","title":{"rendered":"Otsingutulemused"},"content":{"rendered":"<h5><span style=\"color: #000080;\">Otsingutulemuste j\u00e4rjestamine<\/span><\/h5>\n<p>Enne kui hakkate leitud dokumente \u00fcle vaatama, p\u00f6\u00f6rake t\u00e4helepanu sellele, kuidas need on j\u00e4rjestatud:<\/p>\n<ul>\n<li>kronoloogiliselt (k\u00f5ige uuemad dokumendid kuvatakse enne);<\/li>\n<li>t\u00e4hestikuliselt;<\/li>\n<li>relevantsuse j\u00e4rgi (s\u00fcsteem j\u00e4rjestab kirjed otsingus\u00f5nade esinemissageduse j\u00e4rgi, arvestades ka, kus need s\u00f5nad kirjes esinevad, kas pealkirjas, sisukokkuv\u00f5ttes v\u00f5i mujal).<\/li>\n<\/ul>\n<p>Enamasti on andmebaasides v\u00f5imalik erinevate j\u00e4rjestusv\u00f5imaluste vahel valida.<\/p>\n<p><strong>N\u00e4ide:<\/strong> Kirjete sorteerimise v\u00f5imalused andmebaasis ESTER.<\/p>\n<p><img loading=\"lazy\" decoding=\"async\" width=\"982\" height=\"584\" class=\"alignnone wp-image-34\" title=\"2021-01-29_17_43_14-window.png\" src=\"https:\/\/sisu.ut.ee\/wp-content\/uploads\/sites\/30\/2021-01-29_17_43_14-window.png\" alt=\"ff\" srcset=\"https:\/\/sisu.ut.ee\/wp-content\/uploads\/sites\/30\/2021-01-29_17_43_14-window.png 982w, https:\/\/sisu.ut.ee\/wp-content\/uploads\/sites\/30\/2021-01-29_17_43_14-window-300x178.png 300w, https:\/\/sisu.ut.ee\/wp-content\/uploads\/sites\/30\/2021-01-29_17_43_14-window-768x457.png 768w\" sizes=\"auto, (max-width: 982px) 100vw, 982px\"><\/p>\n<h5><span style=\"color: #000080;\">Leitud dokumentide relevantsuse hindamine<\/span><\/h5>\n<p><strong style=\"line-height: 1.6em;\">Relevantsus on leiuna v\u00e4ljastatud dokumendi v\u00e4\u00e4rtus p\u00e4ringuprofiili suhtes.<\/strong><\/p>\n<p>Leitud dokumentide relevantsust saate hinnata, vaadates pealkirja, v\u00f5tmes\u00f5nu, m\u00e4rks\u00f5nu ja sisukokkuv\u00f5tet. Kui viimane puudub, on p\u00e4ris raske hinnata, kas tegemist on relevantse dokumendiga. M\u00f5nikord selgub see alles siis, kui k\u00e4es on ka t\u00e4istekst.<\/p>\n<p>Otsingu tulemusena sooviksite saada ainult relevantseid tulemusi, kuid paratamatult saate ka mittevajalikke. <strong>Otsingu t\u00e4psus<\/strong> <em>(precision)<\/em> on relevantsete leidude ja leidude koguarvu suhe.<\/p>\n<p>Samas on otsingu eesm\u00e4rgiks leida k\u00f5ike, mis antud teemal antud andmebaasis leidub ning et midagi ei j\u00e4\u00e4ks leidmata. Infoteaduslik termin selle kohta on\u00a0<em>recall\u00a0\u2013\u00a0<\/em> t\u00e4ielikkus.<strong>\u00a0Otsingu t\u00e4ielikkus<\/strong> on relevantsete leidude ja relevantsete dokumentide koguarvu suhe.<\/p>\n<p>Kui leiate oma p\u00e4ringuga k\u00f5ik andmebaasis olevad teie teema kohta k\u00e4ivad dokumendid, siis v\u00f5ite saada ka palju mitteasjakohaseid tulemusi, mis tuleb k\u00e4sitsi v\u00e4lja sorteerida.<\/p>\n<p>N\u00e4iteks v\u00f5ivad teile huvi pakkuda tervishoiualased artiklid, mis on ilmunud viimase 10 aasta jooksul ning suunatud g\u00fcmnaasiumi\u00f5pilastele. Kui otsite m\u00e4rks\u00f5naga\u00a0<em style=\"line-height: 1.6em;\">tervishoid<\/em>, on paljud artiklid teie jaoks kasutud.<\/p>\n<p>Kui peaaegu k\u00f5ik leitud dokumendid on relevantsed, siis on andmebaasis t\u00f5en\u00e4oliselt veel relevantseid dokumente, mida te ei leidnud.<\/p>\n<p>Eesti raamatukogude e-kataloogis ESTER s\u00f5naotsingut tehes on otsingutulemuste juures n\u00e4idatud, millised tulemused on k\u00f5rgema ja millised madalama relevantsusega.<\/p>\n<p><strong>Kui p\u00e4ring on liiga kitsas, j\u00e4\u00e4b osa relevantseid allikaid leidmata. Kui see on vastupidi liiga lai, saate hulgaliselt mitterelevantseid kirjeid.<\/strong><\/p>\n<p>Arvesse tuleb v\u00f5tta ka oma otsingu eesm\u00e4rki. Kui on vaja teemat p\u00f5hjalikumalt anal\u00fc\u00fcsida, on oluline t\u00e4ielikkus ning otsingut tuleb kavandada laiemalt, et leida k\u00f5ik olulised dokumendid.<\/p>\n<p><strong>Liiga v\u00e4he (relevantseid) tulemusi<\/strong><\/p>\n<ul>\n<li>Vaadake \u00fcle oma otsingus\u00f5nad, kas olete k\u00f5iki v\u00f5imalusi arvestanud.<\/li>\n<li>P\u00fc\u00fcdke leida lisaks sobivaid otsingus\u00f5nu andmebaasi m\u00e4rks\u00f5nastikust v\u00f5i v\u00f5tmes\u00f5nade registrist (kui see on olemas).<\/li>\n<li>M\u00f5elge, kas oleks abi m\u00f5ne s\u00f5na k\u00e4rpimisest.<\/li>\n<li>Vaadake leitud relevantsetele dokumentidele lisatud m\u00e4rks\u00f5nu.<\/li>\n<li>Vaadake t\u00e4istekstist olulisi s\u00f5nu, mida otsingule lisada.<\/li>\n<li>Vaadake leitud relevantsete dokumentide kasutatud kirjanduse nimekirja. Viitamisandmebaasid v\u00f5imaldavad otsida artikleid, milles on mingile artiklile viidatud.<\/li>\n<li>Kui saate \u00fcldse liiga v\u00e4he tulemusi, siis proovige m\u00f5ni m\u00f5iste \u00e4ra j\u00e4tta, sellega laiendate otsingut. N\u00e4iteks kui teie teema on meediav\u00e4givalla m\u00f5ju Eesti noortele, siis kui lisate andmebaasis otsingule s\u00f5na\u00a0<em>Estonia<\/em>, ei pruugi te eriti midagi leida.<\/li>\n<\/ul>\n<p><strong>Liiga palju tulemusi<\/strong><\/p>\n<ul>\n<li>Kasutage AND asemel l\u00e4hedusoperaatorit (<em>proximity operators<\/em>\u00a0\u2013 leiate vastava andmebaasi abifailist).<\/li>\n<li>Kasutage fraasiotsingut (pange k\u00f5rvuti olevad s\u00f5nad jutum\u00e4rkidesse).<\/li>\n<li>Piirake otsingut sisukokkuv\u00f5tte v\u00f5i pealkirja v\u00e4ljaga, nii saate relevantsemad tulemused, sest olulised sisu kirjeldavad s\u00f5nad peaksid enamasti pealkirjas v\u00f5i sisukokkuv\u00f5ttes esinema.<\/li>\n<li>Piirake otsingut ilmumisaastatega.<\/li>\n<li>Nihutage k\u00e4rpimiss\u00fcmbolit rohkem paremale.<\/li>\n<li>Kasutage kitsamaid m\u00f5isteid.<\/li>\n<\/ul>\n<p>Andmebaasides leiate p\u00e4ringu muutmiseks vastava lingi (<em>Refine, Edit, Modify<\/em>\u00a0vm).<\/p>\n<h5><span style=\"color: #000080;\">Otsingutulemuste talletamine<\/span><\/h5>\n<p>Selleks on j\u00e4rgmised v\u00f5imalused:<\/p>\n<ul>\n<li>salvestamine;<\/li>\n<li>e-kirja saatmine;<\/li>\n<li>v\u00e4ljatr\u00fckk;<\/li>\n<li>eksportimine viidete haldamise andmebaasidesse, nt EndNote Web\u2019i (juhend\u00a0<a title=\"\" href=\"https:\/\/sisu.ut.ee\/enwebjuhend\" target=\"_blank\" rel=\"noopener\" data-url=\"https:\/\/sisu.ut.ee\/enwebjuhend\">https:\/\/sisu.ut.ee\/enwebjuhend<\/a>), \u00a0Zoterosse v\u00f5i Mendeleysse (vabavara\u00a0\u2013 juhend\u00a0<a title=\"\" href=\"https:\/\/sisu.ut.ee\/zoterojuhend\" target=\"_blank\" rel=\"noopener\" data-url=\"https:\/\/sisu.ut.ee\/zoterojuhend\">https:\/\/sisu.ut.ee\/zoterojuhend<\/a>);<\/li>\n<li>artikli kirjest DOI numbri kopeerimine. See on digitaalobjekti identifikaator, mis on seotud antud artikliga ega muutu. Vt\u00a0<a title=\"\" href=\"https:\/\/www.doi.org\/the-identifier\/what-is-a-doi\/\" target=\"_blank\" rel=\"noopener\" data-url=\"https:\/\/www.doi.org\/the-identifier\/what-is-a-doi\/\">https:\/\/www.doi.org\/the-identifier\/what-is-a-doi\/<\/a>\u00a0. DOI numbri j\u00e4rgi saab aadressil \u00a0<a title=\"\" href=\"http:\/\/www.doi.org\" target=\"_blank\" rel=\"noopener\" data-url=\"http:\/\/www.doi.org\">http:\/\/dx.doi.org\/<\/a>\u00a0artikli alati k\u00e4tte.<\/li>\n<\/ul>\n<h4><span style=\"color: #000080;\">Otsingute salvestamine<\/span><\/h4>\n<p>Enamasti on andmebaasides v\u00f5imalik ka oma otsinguid salvestada, et j\u00e4rgmine kord saaks nende juurde tagasi p\u00f6\u00f6rduda. Selleks on vaja teha andmebaasis isiklik kasutajakonto. See v\u00f5imalus on tavaliselt\u00a0<em>Advanced Search<\/em>\u00a0all. Leidke link\u00a0<em>Search History<\/em>. Valige otsing, mida soovite salvestada. Otsingute salvestamine EBSCO andmebaasides\u00a0<a title=\"\" href=\"https:\/\/sisu.ut.ee\/ebsco\/otsingute-salvestamine\" target=\"_blank\" rel=\"noopener\" data-url=\"https:\/\/sisu.ut.ee\/ebsco\/otsingute-salvestamine\">https:\/\/sisu.ut.ee\/ebsco\/otsingute-salvestamine<\/a><\/p>\n<h4><span style=\"color: #000080;\"><em>Alert<\/em>\u2013teenus<\/span><\/h4>\n<p>Andmebaasid pakuvad ka\u00a0<em>Alert<\/em>-teenust, st regulaarset informatsiooni salvestatud otsingule vastavate andmebaasi lisandunud kirjete kohta. Selleks tuleb otsingute salvestamisel see teenus valida ning m\u00e4\u00e4rata kindlaks, kui sageli ja kui kaua soovite vastavat informatsiooni saada, lisada oma e-posti aadress ning hakkategi saama kirju, kui teie p\u00e4ringule vastavaid dokumente on andmebaasi lisandunud. Nii olete uute teemakohaste artiklitega kursis ega pea korduvalt otsinguid tegema.<\/p>\n","protected":false},"excerpt":{"rendered":"<p>Otsingutulemuste j\u00e4rjestamine Enne kui hakkate leitud dokumente \u00fcle vaatama, p\u00f6\u00f6rake t\u00e4helepanu sellele, kuidas need on j\u00e4rjestatud: kronoloogiliselt (k\u00f5ige uuemad dokumendid kuvatakse enne); t\u00e4hestikuliselt; relevantsuse j\u00e4rgi (s\u00fcsteem j\u00e4rjestab kirjed otsingus\u00f5nade esinemissageduse j\u00e4rgi, arvestades ka, kus need s\u00f5nad kirjes esinevad, kas pealkirjas, &#8230;<\/p>\n","protected":false},"author":5,"featured_media":0,"parent":0,"menu_order":0,"comment_status":"closed","ping_status":"closed","template":"","meta":{"_acf_changed":false,"inline_featured_image":false,"footnotes":""},"class_list":["post-12","page","type-page","status-publish","hentry"],"acf":[],"_links":{"self":[{"href":"https:\/\/sisu.ut.ee\/otsing\/wp-json\/wp\/v2\/pages\/12","targetHints":{"allow":["GET"]}}],"collection":[{"href":"https:\/\/sisu.ut.ee\/otsing\/wp-json\/wp\/v2\/pages"}],"about":[{"href":"https:\/\/sisu.ut.ee\/otsing\/wp-json\/wp\/v2\/types\/page"}],"author":[{"embeddable":true,"href":"https:\/\/sisu.ut.ee\/otsing\/wp-json\/wp\/v2\/users\/5"}],"replies":[{"embeddable":true,"href":"https:\/\/sisu.ut.ee\/otsing\/wp-json\/wp\/v2\/comments?post=12"}],"version-history":[{"count":4,"href":"https:\/\/sisu.ut.ee\/otsing\/wp-json\/wp\/v2\/pages\/12\/revisions"}],"predecessor-version":[{"id":159,"href":"https:\/\/sisu.ut.ee\/otsing\/wp-json\/wp\/v2\/pages\/12\/revisions\/159"}],"wp:attachment":[{"href":"https:\/\/sisu.ut.ee\/otsing\/wp-json\/wp\/v2\/media?parent=12"}],"curies":[{"name":"wp","href":"https:\/\/api.w.org\/{rel}","templated":true}]}}