{"id":108,"date":"2024-04-10T15:43:26","date_gmt":"2024-04-10T12:43:26","guid":{"rendered":"https:\/\/sisu.ut.ee\/otsing\/enesetest-marksonade-leidmine\/"},"modified":"2024-04-10T15:43:26","modified_gmt":"2024-04-10T12:43:26","slug":"enesetest-marksonade-leidmine","status":"publish","type":"page","link":"https:\/\/sisu.ut.ee\/otsing\/enesetest-marksonade-leidmine\/","title":{"rendered":"Enesetest: m\u00e4rks\u00f5nade leidmine"},"content":{"rendered":"<div id=\"watupro_quiz\" class=\"quiz-area single-page-quiz\">\n<p id=\"submittingExam2\" style=\"display:none;text-align:center;\"><img loading=\"lazy\" decoding=\"async\" src=\"https:\/\/sisu.ut.ee\/wp-content\/plugins\/watupro\/img\/loading.gif\" width=\"16\" height=\"16\"><\/p>\n\n<div class=\"watupro-exam-description\" id=\"description-quiz-2\"><p><span style=\"font-size: medium;\">Testige oma oskusi Eesti m\u00e4rks\u00f5nastiku kasutamisel.<\/span><\/p>\n<\/div>\n\n<form action=\"\" method=\"post\" class=\"quiz-form\" id=\"quiz-2\" enctype=\"multipart\/form-data\">\n<div class=\"watu-question \" id=\"question-1\" style=\";\"><div id=\"questionWrap-1\" class=\"  watupro-required-6 watupro-question-id-6\">\n\t\t\t<div class=\"question-content\"><div>Millised neist s\u00f5nadest on Eesti andmebaasides kasutusel m\u00e4rks\u00f5nadena? Kasutage Eesti m\u00e4rks\u00f5nastikku <a title=\"\" href=\"https:\/\/ems.elnet.ee\" target=\"_blank\" rel=\"noopener\" data-url=\"https:\/\/ems.elnet.ee\">https:\/\/ems.elnet.ee<\/a>.<\/div><input type=\"hidden\" name=\"question_id[]\" id=\"qID_1\" value=\"6\" class=\"watupro-question-id\"><input type=\"hidden\" id=\"answerType6\" class=\"answerTypeCnt1\" value=\"checkbox\"><input type=\"hidden\" id=\"watupro-required-question-6\"><!-- end question-content--><\/div><div class=\"question-choices watupro-choices-columns \" id=\"questionChoices6\"><div class=\"watupro-question-choice  \" dir=\"auto\"><input type=\"checkbox\" name=\"answer-6[]\" id=\"answer-id-21\" class=\"answer   answerof-6 \" value=\"21\"><label for=\"answer-id-21\" id=\"answer-label-21\" class=\" answer\"><span><p>abistamine<\/p><\/span><\/label><\/div><div class=\"watupro-question-choice  \" dir=\"auto\"><input type=\"checkbox\" name=\"answer-6[]\" id=\"answer-id-22\" class=\"answer   answerof-6 \" value=\"22\"><label for=\"answer-id-22\" id=\"answer-label-22\" class=\" answer\"><span><p>intelligentsus<\/p><\/span><\/label><\/div><div class=\"watupro-question-choice  \" dir=\"auto\"><input type=\"checkbox\" name=\"answer-6[]\" id=\"answer-id-23\" class=\"answer   answerof-6 \" value=\"23\"><label for=\"answer-id-23\" id=\"answer-label-23\" class=\" answer\"><span><p>internetis\u00f5ltuvus<\/p><\/span><\/label><\/div><div class=\"watupro-question-choice  \" dir=\"auto\"><input type=\"checkbox\" name=\"answer-6[]\" id=\"answer-id-24\" class=\"answer   answerof-6 \" value=\"24\"><label for=\"answer-id-24\" id=\"answer-label-24\" class=\" answer\"><span><p>kuvand<\/p><\/span><\/label><\/div><div class=\"watupro-question-choice  \" dir=\"auto\"><input type=\"checkbox\" name=\"answer-6[]\" id=\"answer-id-25\" class=\"answer   answerof-6 \" value=\"25\"><label for=\"answer-id-25\" id=\"answer-label-25\" class=\" answer\"><span><p>aitamine<\/p><\/span><\/label><\/div><div class=\"watupro-question-choice  \" dir=\"auto\"><input type=\"checkbox\" name=\"answer-6[]\" id=\"answer-id-26\" class=\"answer   answerof-6 \" value=\"26\"><label for=\"answer-id-26\" id=\"answer-label-26\" class=\" answer\"><span><p>arukus<\/p><\/span><\/label><\/div><div class=\"watupro-question-choice  \" dir=\"auto\"><input type=\"checkbox\" name=\"answer-6[]\" id=\"answer-id-27\" class=\"answer   answerof-6 \" value=\"27\"><label for=\"answer-id-27\" id=\"answer-label-27\" class=\" answer\"><span><p>arvutis\u00f5ltuvus<\/p><\/span><\/label><\/div><div class=\"watupro-question-choice  \" dir=\"auto\"><input type=\"checkbox\" name=\"answer-6[]\" id=\"answer-id-28\" class=\"answer   answerof-6 \" value=\"28\"><label for=\"answer-id-28\" id=\"answer-label-28\" class=\" answer\"><span><p>reputatsioon<\/p><\/span><\/label><\/div><!-- end question-choices--><\/div><!-- end questionWrap--><\/div><\/div><div class=\"watu-question \" id=\"question-2\" style=\";\"><div id=\"questionWrap-2\" class=\"  watupro-required-7 watupro-question-id-7\">\n\t\t\t<div class=\"question-content\"><div>Millised neist s\u00f5nadest on Eesti andmebaasides kasutusel m\u00e4rks\u00f5nadena? Kasutage Eesti m\u00e4rks\u00f5nastikku <a title=\"\" href=\"https:\/\/ems.elnet.ee\" target=\"_blank\" rel=\"noopener\" data-url=\"https:\/\/ems.elnet.ee\">https:\/\/ems.elnet.ee<\/a>.<\/div><input type=\"hidden\" name=\"question_id[]\" id=\"qID_2\" value=\"7\" class=\"watupro-question-id\"><input type=\"hidden\" id=\"answerType7\" class=\"answerTypeCnt2\" value=\"checkbox\"><input type=\"hidden\" id=\"watupro-required-question-7\"><!-- end question-content--><\/div><div class=\"question-choices watupro-choices-columns \" id=\"questionChoices7\"><div class=\"watupro-question-choice  \" dir=\"auto\"><input type=\"checkbox\" name=\"answer-7[]\" id=\"answer-id-29\" class=\"answer   answerof-7 \" value=\"29\"><label for=\"answer-id-29\" id=\"answer-label-29\" class=\" answer\"><span><p>v\u00f5imed<\/p><\/span><\/label><\/div><div class=\"watupro-question-choice  \" dir=\"auto\"><input type=\"checkbox\" name=\"answer-7[]\" id=\"answer-id-30\" class=\"answer   answerof-7 \" value=\"30\"><label for=\"answer-id-30\" id=\"answer-label-30\" class=\" answer\"><span><p>vasakuk\u00e4elisus<\/p><\/span><\/label><\/div><div class=\"watupro-question-choice  \" dir=\"auto\"><input type=\"checkbox\" name=\"answer-7[]\" id=\"answer-id-31\" class=\"answer   answerof-7 \" value=\"31\"><label for=\"answer-id-31\" id=\"answer-label-31\" class=\" answer\"><span><p>teravmeelsus<\/p><\/span><\/label><\/div><div class=\"watupro-question-choice  \" dir=\"auto\"><input type=\"checkbox\" name=\"answer-7[]\" id=\"answer-id-32\" class=\"answer   answerof-7 \" value=\"32\"><label for=\"answer-id-32\" id=\"answer-label-32\" class=\" answer\"><span><p>hirm<\/p><\/span><\/label><\/div><div class=\"watupro-question-choice  \" dir=\"auto\"><input type=\"checkbox\" name=\"answer-7[]\" id=\"answer-id-33\" class=\"answer   answerof-7 \" value=\"33\"><label for=\"answer-id-33\" id=\"answer-label-33\" class=\" answer\"><span><p>kartus<\/p><\/span><\/label><\/div><div class=\"watupro-question-choice  \" dir=\"auto\"><input type=\"checkbox\" name=\"answer-7[]\" id=\"answer-id-34\" class=\"answer   answerof-7 \" value=\"34\"><label for=\"answer-id-34\" id=\"answer-label-34\" class=\" answer\"><span><p>vaimukus<\/p><\/span><\/label><\/div><div class=\"watupro-question-choice  \" dir=\"auto\"><input type=\"checkbox\" name=\"answer-7[]\" id=\"answer-id-35\" class=\"answer   answerof-7 \" value=\"35\"><label for=\"answer-id-35\" id=\"answer-label-35\" class=\" answer\"><span><p>vasemak\u00e4elisus<\/p><\/span><\/label><\/div><div class=\"watupro-question-choice  \" dir=\"auto\"><input type=\"checkbox\" name=\"answer-7[]\" id=\"answer-id-36\" class=\"answer   answerof-7 \" value=\"36\"><label for=\"answer-id-36\" id=\"answer-label-36\" class=\" answer\"><span><p>v\u00f5imekus<\/p><\/span><\/label><\/div><!-- end question-choices--><\/div><!-- end questionWrap--><\/div><\/div><div style=\"display:none\" id=\"question-3\">\n\t<div class=\"question-content\">\n\t\t<img loading=\"lazy\" decoding=\"async\" src=\"https:\/\/sisu.ut.ee\/wp-content\/plugins\/watupro\/img\/loading.gif\" width=\"16\" height=\"16\" alt=\"Loading...\" title=\"Loading...\">\u00a0Loading...\t<\/div>\n<\/div>\n\n<br>\n\t\n\t\t\t<div class=\"watupro_buttons flex \" id=\"watuPROButtons2\">\n\t\t  <div id=\"prev-question\" style=\"display:none;\"><input type=\"button\" value=\"&lt; Previous\" onclick=\"WatuPRO.nextQuestion(event, 'previous');\"><\/div>\t\t  \t\t  \t\t   \n\t\t   \t  \t\t<div><input type=\"button\" name=\"action\" class=\"watupro-submit-button\" onclick=\"WatuPRO.submitResult(event)\" id=\"action-button\" value=\"Vaata tulemust\">\n\t\t<\/div>\n\t\t<\/div>\n\t\t\n\t<input type=\"hidden\" name=\"quiz_id\" value=\"2\" id=\"watuPROExamID\">\n\t<input type=\"hidden\" name=\"start_time\" id=\"startTime\" value=\"2026-04-29 21:31:29\">\n\t<input type=\"hidden\" name=\"start_timestamp\" id=\"startTimeStamp\" value=\"1777498289\">\n\t<input type=\"hidden\" name=\"question_ids\" value=\"\">\n\t<input type=\"hidden\" name=\"watupro_questions\" value=\"6:21,22,23,24,25,26,27,28 | 7:29,30,31,32,33,34,35,36\">\n\t<input type=\"hidden\" name=\"no_ajax\" value=\"0\">\t\t\t<\/form>\n\t<p>\u00a0<\/p>\n<\/div>\n\n<script type=\"text\/javascript\">\n\/\/jQuery(document).ready(function(){\ndocument.addEventListener(\"DOMContentLoaded\", function(event) { \t\nvar question_ids = \"6,7\";\nWatuPROSettings[2] = {};\nWatuPRO.qArr = question_ids.split(',');\nWatuPRO.exam_id = 2;\t    \nWatuPRO.post_id = 108;\nWatuPRO.store_progress = 0;\nWatuPRO.curCatPage = 1;\nWatuPRO.requiredIDs=\"0,6,7\".split(\",\");\nWatuPRO.hAppID = \"0.52491000 1777487489\";\nvar url = \"https:\/\/sisu.ut.ee\/wp-content\/plugins\/watupro\/show_exam.php\";\nWatuPRO.examMode = 1;\nWatuPRO.siteURL=\"https:\/\/sisu.ut.ee\/otsing\/wp-admin\/admin-ajax.php\";\nWatuPRO.emailIsNotRequired = 0;\nWatuPRO.perDecade = 10;\nWatuPROIntel.init(2);\nWatuPRO.inCategoryPages=1;});    \t \n<\/script>\n\n","protected":false},"excerpt":{"rendered":"","protected":false},"author":76,"featured_media":0,"parent":0,"menu_order":0,"comment_status":"closed","ping_status":"closed","template":"","meta":{"_acf_changed":false,"inline_featured_image":false,"footnotes":""},"class_list":["post-108","page","type-page","status-publish","hentry"],"acf":[],"_links":{"self":[{"href":"https:\/\/sisu.ut.ee\/otsing\/wp-json\/wp\/v2\/pages\/108","targetHints":{"allow":["GET"]}}],"collection":[{"href":"https:\/\/sisu.ut.ee\/otsing\/wp-json\/wp\/v2\/pages"}],"about":[{"href":"https:\/\/sisu.ut.ee\/otsing\/wp-json\/wp\/v2\/types\/page"}],"author":[{"embeddable":true,"href":"https:\/\/sisu.ut.ee\/otsing\/wp-json\/wp\/v2\/users\/76"}],"replies":[{"embeddable":true,"href":"https:\/\/sisu.ut.ee\/otsing\/wp-json\/wp\/v2\/comments?post=108"}],"version-history":[{"count":0,"href":"https:\/\/sisu.ut.ee\/otsing\/wp-json\/wp\/v2\/pages\/108\/revisions"}],"wp:attachment":[{"href":"https:\/\/sisu.ut.ee\/otsing\/wp-json\/wp\/v2\/media?parent=108"}],"curies":[{"name":"wp","href":"https:\/\/api.w.org\/{rel}","templated":true}]}}