{"id":10,"date":"2024-04-03T23:11:39","date_gmt":"2024-04-03T20:11:39","guid":{"rendered":"https:\/\/sisu.ut.ee\/otsing\/marksonaotsing-versus-votmesonaotsing\/"},"modified":"2024-04-03T23:11:46","modified_gmt":"2024-04-03T20:11:46","slug":"marksonaotsing-versus-votmesonaotsing","status":"publish","type":"page","link":"https:\/\/sisu.ut.ee\/otsing\/marksonaotsing-versus-votmesonaotsing\/","title":{"rendered":"M\u00e4rks\u00f5naotsing versus v\u00f5tmes\u00f5naotsing"},"content":{"rendered":"<p>M\u00e4rks\u00f5naotsing ja v\u00f5tmes\u00f5naotsing annavad erinevaid tulemusi.<\/p>\n<p><span class=\"nolink\"><strong>V\u00f5tmes\u00f5naotsing on kasulik, kui\u00a0<\/strong><\/span><\/p>\n<p><span class=\"nolink\">* otsing tehakse t\u00e4istekstidest;<br><span style=\"line-height: 1.6em\">* teema on v\u00e4ga spetsiifiline ning vajalikke m\u00e4rks\u00f5nu \u00a0m\u00e4rks\u00f5nastikes\u00a0<\/span>ei ole;<br><span style=\"line-height: 1.6em\">* teema on uus ning m\u00e4rks\u00f5nu veel pole; <\/span><br><span style=\"line-height: 1.6em\">* teema sisaldab m\u00e4rke, numbreid v\u00f5i valemeid<\/span>;<br><span style=\"line-height: 1.6em\">* m\u00e4rks\u00f5nastikku ei ole (interneti otsingumootorid m\u00e4rks\u00f5nastikku ei sisalda).<\/span><\/span><\/p>\n<p><\/p>\n<p><span class=\"nolink\"><strong>M\u00e4rks\u00f5naotsing on kasulik, kui <\/strong><span class=\"nolink\"><\/span><\/span><\/p>\n<p><span class=\"nolink\"><span class=\"nolink\"><span class=\"nolink\" style=\"line-height: 1.6em\">* m\u00e4rks\u00f5<\/span><span style=\"line-height: 1.6em\">nad kirjeldavad teie teemat t\u00e4pselt ja ammendavalt;<\/span><\/span><br><span style=\"line-height: 1.6em\">* teema kirjeldamiseks saab kasutada homon\u00fc\u00fcme (samu s\u00f5nu, millel on erinev t\u00e4hendus); <\/span><br><span style=\"line-height: 1.6em\">* m\u00e4rks\u00f5nastik aitab laiema t\u00e4hendusega s\u00f5nu kasutada kitsamas t\u00e4henduses, n\u00e4iteks <\/span><em style=\"line-height: 1.6em\">asjad, hooletus, kaitse<\/em><span style=\"line-height: 1.6em\">\u00a0jpt spetsiifiline t\u00e4hendus. M\u00e4rks\u00f5nastik aitab need muudest materjalidest v\u00e4lja selekteerida.<\/span><\/span><\/p>\n<p><span class=\"nolink\">Kumb otsinguviis on parem, s\u00f5ltub ka teemast. K\u00f5ige parema tulemuse annab m\u00f5lema otsinguviisi kasutamine ja kombineerimine. N\u00e4iteks tehke otsing enda valitud s\u00f5nadega ning vaadake leitud relevantsetele kirjetele lisatud m\u00e4rks\u00f5nu. Otsingut saab j\u00e4tkata sobival m\u00e4rks\u00f5nal kl\u00f5psates v\u00f5i t\u00e4iendada oma p\u00e4ringut leitud m\u00e4rks\u00f5nadega. M\u00e4rks\u00f5naotsinguga saadud tulemusi saab t\u00e4psustada leitud dokumentidest v\u00f5etud s\u00f5nadega.<\/span><\/p>\n","protected":false},"excerpt":{"rendered":"<p>M\u00e4rks\u00f5naotsing ja v\u00f5tmes\u00f5naotsing annavad erinevaid tulemusi. V\u00f5tmes\u00f5naotsing on kasulik, kui\u00a0 * otsing tehakse t\u00e4istekstidest;* teema on v\u00e4ga spetsiifiline ning vajalikke m\u00e4rks\u00f5nu \u00a0m\u00e4rks\u00f5nastikes\u00a0ei ole;* teema on uus ning m\u00e4rks\u00f5nu veel pole; * teema sisaldab m\u00e4rke, numbreid v\u00f5i valemeid;* m\u00e4rks\u00f5nastikku ei ole &#8230;<\/p>\n","protected":false},"author":5,"featured_media":0,"parent":0,"menu_order":0,"comment_status":"closed","ping_status":"closed","template":"","meta":{"_acf_changed":false,"inline_featured_image":false,"footnotes":""},"class_list":["post-10","page","type-page","status-publish","hentry"],"acf":[],"_links":{"self":[{"href":"https:\/\/sisu.ut.ee\/otsing\/wp-json\/wp\/v2\/pages\/10","targetHints":{"allow":["GET"]}}],"collection":[{"href":"https:\/\/sisu.ut.ee\/otsing\/wp-json\/wp\/v2\/pages"}],"about":[{"href":"https:\/\/sisu.ut.ee\/otsing\/wp-json\/wp\/v2\/types\/page"}],"author":[{"embeddable":true,"href":"https:\/\/sisu.ut.ee\/otsing\/wp-json\/wp\/v2\/users\/5"}],"replies":[{"embeddable":true,"href":"https:\/\/sisu.ut.ee\/otsing\/wp-json\/wp\/v2\/comments?post=10"}],"version-history":[{"count":1,"href":"https:\/\/sisu.ut.ee\/otsing\/wp-json\/wp\/v2\/pages\/10\/revisions"}],"predecessor-version":[{"id":93,"href":"https:\/\/sisu.ut.ee\/otsing\/wp-json\/wp\/v2\/pages\/10\/revisions\/93"}],"wp:attachment":[{"href":"https:\/\/sisu.ut.ee\/otsing\/wp-json\/wp\/v2\/media?parent=10"}],"curies":[{"name":"wp","href":"https:\/\/api.w.org\/{rel}","templated":true}]}}