{"id":78,"date":"2024-08-26T11:17:03","date_gmt":"2024-08-26T08:17:03","guid":{"rendered":"https:\/\/sisu.ut.ee\/oskuskeel\/2-harjutustest\/"},"modified":"2024-08-26T11:17:03","modified_gmt":"2024-08-26T08:17:03","slug":"2-harjutustest","status":"publish","type":"page","link":"https:\/\/sisu.ut.ee\/oskuskeel\/2-harjutustest\/","title":{"rendered":"2. harjutustest"},"content":{"rendered":"<div id=\"watupro_quiz\" class=\"quiz-area single-page-quiz\">\n<p id=\"submittingExam6\" style=\"display:none;text-align:center;\"><img loading=\"lazy\" decoding=\"async\" src=\"https:\/\/sisu.ut.ee\/wp-content\/plugins\/watupro\/img\/loading.gif\" width=\"16\" height=\"16\"><\/p>\n\n<div class=\"watupro-exam-description\" id=\"description-quiz-6\"><p>...<\/p>\n<\/div>\n\n<form action=\"\" method=\"post\" class=\"quiz-form\" id=\"quiz-6\" enctype=\"multipart\/form-data\">\n<div class=\"watu-question \" id=\"question-1\" style=\";\"><div id=\"questionWrap-1\" class=\"  watupro-required-56 watupro-question-id-56\">\n\t\t\t<div class=\"question-content\"><div><p><span style=\"color:#4b0082;\">M\u00f5istekeskses terminoloogiak\u00e4sitluses nimetatakse objektiks k\u00f5ike tajutavat ja kujuteldavat.<\/span><\/p><\/div><input type=\"hidden\" name=\"question_id[]\" id=\"qID_1\" value=\"56\" class=\"watupro-question-id\"><input type=\"hidden\" id=\"answerType56\" class=\"answerTypeCnt1\" value=\"radio\"><input type=\"hidden\" id=\"watupro-required-question-56\"><!-- end question-content--><\/div><div class=\"question-choices watupro-choices-columns \" id=\"questionChoices56\"><div class=\"watupro-question-choice  \" dir=\"auto\"><input type=\"radio\" name=\"answer-56[]\" id=\"answer-id-193\" class=\"answer   answerof-56 \" value=\"193\"><label for=\"answer-id-193\" id=\"answer-label-193\" class=\" answer\"><span>True<\/span><\/label><\/div><div class=\"watupro-question-choice  \" dir=\"auto\"><input type=\"radio\" name=\"answer-56[]\" id=\"answer-id-194\" class=\"answer   answerof-56 \" value=\"194\"><label for=\"answer-id-194\" id=\"answer-label-194\" class=\" answer\"><span>False<\/span><\/label><\/div><!-- end question-choices--><\/div><!-- end questionWrap--><\/div><\/div><div class=\"watu-question \" id=\"question-2\" style=\";\"><div id=\"questionWrap-2\" class=\"  watupro-required-55 watupro-question-id-55\">\n\t\t\t<div class=\"question-content\"><div><p><span style=\"color:#4b0082;\">Kui oleks vaja nimetada uut konnaliiki, siis milline neist keelenditest ei sobiks\u00a0 <strong>s t i i l i l i s e l t\u00a0<\/strong> termini vormiks ehk v\u00e4liseks kujuks?<\/span><\/p><\/div><input type=\"hidden\" name=\"question_id[]\" id=\"qID_2\" value=\"55\" class=\"watupro-question-id\"><input type=\"hidden\" id=\"answerType55\" class=\"answerTypeCnt2\" value=\"checkbox\"><input type=\"hidden\" id=\"watupro-required-question-55\"><!-- end question-content--><\/div><div class=\"question-choices watupro-choices-columns \" id=\"questionChoices55\"><div class=\"watupro-question-choice  \" dir=\"auto\"><input type=\"checkbox\" name=\"answer-55[]\" id=\"answer-id-188\" class=\"answer   answerof-55 \" value=\"188\"><label for=\"answer-id-188\" id=\"answer-label-188\" class=\" answer\"><span><p>neegerkonn<\/p><\/span><\/label><\/div><div class=\"watupro-question-choice  \" dir=\"auto\"><input type=\"checkbox\" name=\"answer-55[]\" id=\"answer-id-192\" class=\"answer   answerof-55 \" value=\"192\"><label for=\"answer-id-192\" id=\"answer-label-192\" class=\" answer\"><span><p>m\u00fcgarkonn<\/p><\/span><\/label><\/div><div class=\"watupro-question-choice  \" dir=\"auto\"><input type=\"checkbox\" name=\"answer-55[]\" id=\"answer-id-191\" class=\"answer   answerof-55 \" value=\"191\"><label for=\"answer-id-191\" id=\"answer-label-191\" class=\" answer\"><span><p>lillekonn<\/p><\/span><\/label><\/div><div class=\"watupro-question-choice  \" dir=\"auto\"><input type=\"checkbox\" name=\"answer-55[]\" id=\"answer-id-190\" class=\"answer   answerof-55 \" value=\"190\"><label for=\"answer-id-190\" id=\"answer-label-190\" class=\" answer\"><span><p>t\u00f5mmukonn<\/p><\/span><\/label><\/div><div class=\"watupro-question-choice  \" dir=\"auto\"><input type=\"checkbox\" name=\"answer-55[]\" id=\"answer-id-187\" class=\"answer   answerof-55 \" value=\"187\"><label for=\"answer-id-187\" id=\"answer-label-187\" class=\" answer\"><span><p>pervokonn<\/p><\/span><\/label><\/div><div class=\"watupro-question-choice  \" dir=\"auto\"><input type=\"checkbox\" name=\"answer-55[]\" id=\"answer-id-189\" class=\"answer   answerof-55 \" value=\"189\"><label for=\"answer-id-189\" id=\"answer-label-189\" class=\" answer\"><span><p>r\u00f5vekonn<\/p><\/span><\/label><\/div><!-- end question-choices--><\/div><!-- end questionWrap--><\/div><\/div><div class=\"watu-question \" id=\"question-3\" style=\";\"><div id=\"questionWrap-3\" class=\"  watupro-required-51 watupro-question-id-51\">\n\t\t\t<div class=\"question-content\"><p><select name=\"gap_51_1\" class=\"watupro-gap answer answerof-51\"><option value=\"\"><\/option><option value=\"M\u00f5iste\">M\u00f5iste<\/option><option value=\"Termin\">Termin<\/option><option value=\"Objekt\">Objekt<\/option><\/select> on midagi, mis on iseenesest olemas keelest ja teadvusest s\u00f5ltumatult.<\/p>\n<input type=\"hidden\" name=\"question_id[]\" id=\"qID_3\" value=\"51\" class=\"watupro-question-id\"><input type=\"hidden\" id=\"answerType51\" class=\"answerTypeCnt3\" value=\"gaps\"><input type=\"hidden\" id=\"watupro-required-question-51\"><!-- end question-content--><\/div><!-- end questionWrap--><\/div><\/div><div class=\"watu-question \" id=\"question-4\" style=\";\"><div id=\"questionWrap-4\" class=\"  watupro-required-54 watupro-question-id-54\">\n\t\t\t<div class=\"question-content\"><div><p><span style=\"color:#4b0082;\">Millised neist on termini veekonn terminivariandid (s\u00f5non\u00fc\u00fcmid)? Vihje: slaididel toodud n\u00e4ite vaatamisest on abi.<\/span><\/p><\/div><input type=\"hidden\" name=\"question_id[]\" id=\"qID_4\" value=\"54\" class=\"watupro-question-id\"><input type=\"hidden\" id=\"answerType54\" class=\"answerTypeCnt4\" value=\"checkbox\"><input type=\"hidden\" id=\"watupro-required-question-54\"><!-- end question-content--><\/div><div class=\"question-choices watupro-choices-columns \" id=\"questionChoices54\"><div class=\"watupro-question-choice  \" dir=\"auto\"><input type=\"checkbox\" name=\"answer-54[]\" id=\"answer-id-181\" class=\"answer   answerof-54 \" value=\"181\"><label for=\"answer-id-181\" id=\"answer-label-181\" class=\" answer\"><span><p>Rana esculenta<\/p><\/span><\/label><\/div><div class=\"watupro-question-choice  \" dir=\"auto\"><input type=\"checkbox\" name=\"answer-54[]\" id=\"answer-id-182\" class=\"answer   answerof-54 \" value=\"182\"><label for=\"answer-id-182\" id=\"answer-label-182\" class=\" answer\"><span><p>edible frog<\/p><\/span><\/label><\/div><div class=\"watupro-question-choice  \" dir=\"auto\"><input type=\"checkbox\" name=\"answer-54[]\" id=\"answer-id-185\" class=\"answer   answerof-54 \" value=\"185\"><label for=\"answer-id-185\" id=\"answer-label-185\" class=\" answer\"><span><p>s\u00f6\u00f6dav konn<\/p><\/span><\/label><\/div><div class=\"watupro-question-choice  \" dir=\"auto\"><input type=\"checkbox\" name=\"answer-54[]\" id=\"answer-id-183\" class=\"answer   answerof-54 \" value=\"183\"><label for=\"answer-id-183\" id=\"answer-label-183\" class=\" answer\"><span><p>der Teichfrosch<\/p><\/span><\/label><\/div><div class=\"watupro-question-choice  \" dir=\"auto\"><input type=\"checkbox\" name=\"answer-54[]\" id=\"answer-id-184\" class=\"answer   answerof-54 \" value=\"184\"><label for=\"answer-id-184\" id=\"answer-label-184\" class=\" answer\"><span><p>c\u044a\u0435\u0434\u043e\u0431\u043d\u0430\u044f \u043b\u044f\u0433\u0443\u0448\u043a\u0430<\/p><\/span><\/label><\/div><div class=\"watupro-question-choice  \" dir=\"auto\"><input type=\"checkbox\" name=\"answer-54[]\" id=\"answer-id-186\" class=\"answer   answerof-54 \" value=\"186\"><label for=\"answer-id-186\" id=\"answer-label-186\" class=\" answer\"><span><p>tiigikonn<\/p><\/span><\/label><\/div><!-- end question-choices--><\/div><!-- end questionWrap--><\/div><\/div><div class=\"watu-question \" id=\"question-5\" style=\";\"><div id=\"questionWrap-5\" class=\"  watupro-required-50 watupro-question-id-50\">\n\t\t\t<div class=\"question-content\"><p>Kui m\u00f5iste on <select name=\"gap_50_1\" class=\"watupro-gap answer answerof-50\"><option value=\"\"><\/option><option value=\"s\u00f5navara\u00fcksus\">s\u00f5navara\u00fcksus<\/option><option value=\"teadmus\u00fcksus\">teadmus\u00fcksus<\/option><\/select>, siis termin ehk oskuss\u00f5na on <select name=\"gap_50_2\" class=\"watupro-gap answer answerof-50\"><option value=\"\"><\/option><option value=\"s\u00f5navara\u00fcksus\">s\u00f5navara\u00fcksus<\/option><option value=\"teadmus\u00fcksus\">teadmus\u00fcksus<\/option><\/select>.<\/p>\n<input type=\"hidden\" name=\"question_id[]\" id=\"qID_5\" value=\"50\" class=\"watupro-question-id\"><input type=\"hidden\" id=\"answerType50\" class=\"answerTypeCnt5\" value=\"gaps\"><input type=\"hidden\" id=\"watupro-required-question-50\"><!-- end question-content--><\/div><!-- end questionWrap--><\/div><\/div><div class=\"watu-question \" id=\"question-6\" style=\";\"><div id=\"questionWrap-6\" class=\"  watupro-required-53 watupro-question-id-53\">\n\t\t\t<div class=\"question-content\"><div><p><span style=\"color:#4b0082;\">K\u00f5ik s\u00f5nad oskuskeele tekstis on oskuss\u00f5nad ehk terminid.<\/span><\/p><\/div><input type=\"hidden\" name=\"question_id[]\" id=\"qID_6\" value=\"53\" class=\"watupro-question-id\"><input type=\"hidden\" id=\"answerType53\" class=\"answerTypeCnt6\" value=\"radio\"><input type=\"hidden\" id=\"watupro-required-question-53\"><!-- end question-content--><\/div><div class=\"question-choices watupro-choices-columns \" id=\"questionChoices53\"><div class=\"watupro-question-choice  \" dir=\"auto\"><input type=\"radio\" name=\"answer-53[]\" id=\"answer-id-179\" class=\"answer   answerof-53 \" value=\"179\"><label for=\"answer-id-179\" id=\"answer-label-179\" class=\" answer\"><span>True<\/span><\/label><\/div><div class=\"watupro-question-choice  \" dir=\"auto\"><input type=\"radio\" name=\"answer-53[]\" id=\"answer-id-180\" class=\"answer   answerof-53 \" value=\"180\"><label for=\"answer-id-180\" id=\"answer-label-180\" class=\" answer\"><span>False<\/span><\/label><\/div><!-- end question-choices--><\/div><!-- end questionWrap--><\/div><\/div><div class=\"watu-question \" id=\"question-7\" style=\";\"><div id=\"questionWrap-7\" class=\"  watupro-required-47 watupro-question-id-47\">\n\t\t\t<div class=\"question-content\"><div><p><span style=\"color:#4b0082;\">\u00dchtset oskuskeelekorraldust on vaja selleks, et<\/span><\/p><\/div><input type=\"hidden\" name=\"question_id[]\" id=\"qID_7\" value=\"47\" class=\"watupro-question-id\"><input type=\"hidden\" id=\"answerType47\" class=\"answerTypeCnt7\" value=\"radio\"><input type=\"hidden\" id=\"watupro-required-question-47\"><!-- end question-content--><\/div><div class=\"question-choices watupro-choices-columns \" id=\"questionChoices47\"><div class=\"watupro-question-choice  \" dir=\"auto\"><input type=\"radio\" name=\"answer-47[]\" id=\"answer-id-169\" class=\"answer   answerof-47 \" value=\"169\"><label for=\"answer-id-169\" id=\"answer-label-169\" class=\" answer\"><span><p>erialaspetsialistid saaksid \u00fcksteisest \u00fchtviisi aru ja v\u00f5iksid luua oma keelereegleid<\/p><\/span><\/label><\/div><div class=\"watupro-question-choice  \" dir=\"auto\"><input type=\"radio\" name=\"answer-47[]\" id=\"answer-id-168\" class=\"answer   answerof-47 \" value=\"168\"><label for=\"answer-id-168\" id=\"answer-label-168\" class=\" answer\"><span><p>erialaspetsialistid saaksid kontrollida kirjakeele s\u00f5navara<\/p><\/span><\/label><\/div><div class=\"watupro-question-choice  \" dir=\"auto\"><input type=\"radio\" name=\"answer-47[]\" id=\"answer-id-167\" class=\"answer   answerof-47 \" value=\"167\"><label for=\"answer-id-167\" id=\"answer-label-167\" class=\" answer\"><span><p>erialaspetsialistid saaksid sekkuda \u00fcldisesse keelekorraldusse<\/p><\/span><\/label><\/div><div class=\"watupro-question-choice  \" dir=\"auto\"><input type=\"radio\" name=\"answer-47[]\" id=\"answer-id-166\" class=\"answer   answerof-47 \" value=\"166\"><label for=\"answer-id-166\" id=\"answer-label-166\" class=\" answer\"><span><p>erialaspetsialistid saaksid erialasest keelest \u00fchtviisi aru ja v\u00f5iksid oma v\u00e4ljendustes tugineda keelelisele s\u00fcsteemile<\/p><\/span><\/label><\/div><!-- end question-choices--><\/div><!-- end questionWrap--><\/div><\/div><div class=\"watu-question \" id=\"question-8\" style=\";\"><div id=\"questionWrap-8\" class=\"  watupro-required-49 watupro-question-id-49\">\n\t\t\t<div class=\"question-content\"><div><p><span style=\"color:#000080;\">Erialastes terminikomisjonides tegeletakse<\/span><\/p><\/div><input type=\"hidden\" name=\"question_id[]\" id=\"qID_8\" value=\"49\" class=\"watupro-question-id\"><input type=\"hidden\" id=\"answerType49\" class=\"answerTypeCnt8\" value=\"checkbox\"><input type=\"hidden\" id=\"watupro-required-question-49\"><!-- end question-content--><\/div><div class=\"question-choices watupro-choices-columns \" id=\"questionChoices49\"><div class=\"watupro-question-choice  \" dir=\"auto\"><input type=\"checkbox\" name=\"answer-49[]\" id=\"answer-id-174\" class=\"answer   answerof-49 \" value=\"174\"><label for=\"answer-id-174\" id=\"answer-label-174\" class=\" answer\"><span><p>definitsioonide koostamisega<\/p><\/span><\/label><\/div><div class=\"watupro-question-choice  \" dir=\"auto\"><input type=\"checkbox\" name=\"answer-49[]\" id=\"answer-id-176\" class=\"answer   answerof-49 \" value=\"176\"><label for=\"answer-id-176\" id=\"answer-label-176\" class=\" answer\"><span><p>oskuss\u00f5navara korrastamise ja arendamisega<\/p><\/span><\/label><\/div><div class=\"watupro-question-choice  \" dir=\"auto\"><input type=\"checkbox\" name=\"answer-49[]\" id=\"answer-id-175\" class=\"answer   answerof-49 \" value=\"175\"><label for=\"answer-id-175\" id=\"answer-label-175\" class=\" answer\"><span><p>terminite vastuv\u00f5tmisega<\/p><\/span><\/label><\/div><div class=\"watupro-question-choice  \" dir=\"auto\"><input type=\"checkbox\" name=\"answer-49[]\" id=\"answer-id-173\" class=\"answer   answerof-49 \" value=\"173\"><label for=\"answer-id-173\" id=\"answer-label-173\" class=\" answer\"><span><p>terminiloomega<\/p><\/span><\/label><\/div><!-- end question-choices--><\/div><!-- end questionWrap--><\/div><\/div><div class=\"watu-question \" id=\"question-9\" style=\";\"><div id=\"questionWrap-9\" class=\"  watupro-required-48 watupro-question-id-48\">\n\t\t\t<div class=\"question-content\"><div><p><span style=\"color:#000080;\">J.V. Veski keelekorralduse p\u00f5him\u00f5tteid -<span style='font-family: \"Open Sans\", sans-serif; font-size: 14px; font-style: normal; font-variant-ligatures: normal; font-variant-caps: normal; font-weight: 400; letter-spacing: normal; orphans: 2; text-align: left; text-indent: 0px; text-transform: none; white-space: normal; widows: 2; word-spacing: 0px; -webkit-text-stroke-width: 0px; background-color: rgb(255, 255, 255); text-decoration-thickness: initial; text-decoration-style: initial; text-decoration-color: initial; float: none; display: inline !important;'> ......................................<\/span> - j\u00e4rgitakse terminit\u00f6\u00f6s endiselt.<\/span><\/p><\/div><input type=\"hidden\" name=\"question_id[]\" id=\"qID_9\" value=\"48\" class=\"watupro-question-id\"><input type=\"hidden\" id=\"answerType48\" class=\"answerTypeCnt9\" value=\"radio\"><input type=\"hidden\" id=\"watupro-required-question-48\"><!-- end question-content--><\/div><div class=\"question-choices watupro-choices-columns \" id=\"questionChoices48\"><div class=\"watupro-question-choice  \" dir=\"auto\"><input type=\"radio\" name=\"answer-48[]\" id=\"answer-id-172\" class=\"answer   answerof-48 \" value=\"172\"><label for=\"answer-id-172\" id=\"answer-label-172\" class=\" answer\"><span><p>s\u00fcsteemsus, l\u00fchidus, t\u00e4psus<\/p><\/span><\/label><\/div><div class=\"watupro-question-choice  \" dir=\"auto\"><input type=\"radio\" name=\"answer-48[]\" id=\"answer-id-170\" class=\"answer   answerof-48 \" value=\"170\"><label for=\"answer-id-170\" id=\"answer-label-170\" class=\" answer\"><span><p>otstarbekus, s\u00fcsteemsus, k\u00f5ik arendamiseks vajalik leidub keeles endas<\/p><\/span><\/label><\/div><div class=\"watupro-question-choice  \" dir=\"auto\"><input type=\"radio\" name=\"answer-48[]\" id=\"answer-id-171\" class=\"answer   answerof-48 \" value=\"171\"><label for=\"answer-id-171\" id=\"answer-label-171\" class=\" answer\"><span><p>t\u00e4psus, \u00fchetim\u00f5istetavus, traditsioon<\/p><\/span><\/label><\/div><!-- end question-choices--><\/div><!-- end questionWrap--><\/div><\/div><div class=\"watu-question \" id=\"question-10\" style=\";\"><div id=\"questionWrap-10\" class=\"  watupro-required-46 watupro-question-id-46\">\n\t\t\t<div class=\"question-content\"><p>Oskuss\u00f5navara loomine ja korrastamine on eelk\u00f5ige <select name=\"gap_46_1\" class=\"watupro-gap answer answerof-46\"><option value=\"\"><\/option><option value=\"erialaspetsialistide\">erialaspetsialistide<\/option><option value=\"keelekorraldajate\">keelekorraldajate<\/option><option value=\"semiootikute\">semiootikute<\/option><\/select> \u00fclesanne koost\u00f6\u00f6s <select name=\"gap_46_2\" class=\"watupro-gap answer answerof-46\"><option value=\"\"><\/option><option value=\"terminoloogide ja juristidega\">terminoloogide ja juristidega<\/option><option value=\"terminoloogide ja keelespetsialistidega\">terminoloogide ja keelespetsialistidega<\/option><option value=\"juristide ja semiootikutega\">juristide ja semiootikutega<\/option><\/select>.<\/p>\n<input type=\"hidden\" name=\"question_id[]\" id=\"qID_10\" value=\"46\" class=\"watupro-question-id\"><input type=\"hidden\" id=\"answerType46\" class=\"answerTypeCnt10\" value=\"gaps\"><input type=\"hidden\" id=\"watupro-required-question-46\"><!-- end question-content--><\/div><!-- end questionWrap--><\/div><\/div><div class=\"watu-question \" id=\"question-11\" style=\";\"><div id=\"questionWrap-11\" class=\"  watupro-required-52 watupro-question-id-52\">\n\t\t\t<div class=\"question-content\"><div><p><span style=\"color:#4b0082;\">Oskuskeel on kirjakeele allkeel.<\/span><\/p><\/div><input type=\"hidden\" name=\"question_id[]\" id=\"qID_11\" value=\"52\" class=\"watupro-question-id\"><input type=\"hidden\" id=\"answerType52\" class=\"answerTypeCnt11\" value=\"radio\"><input type=\"hidden\" id=\"watupro-required-question-52\"><!-- end question-content--><\/div><div class=\"question-choices watupro-choices-columns \" id=\"questionChoices52\"><div class=\"watupro-question-choice  \" dir=\"auto\"><input type=\"radio\" name=\"answer-52[]\" id=\"answer-id-177\" class=\"answer   answerof-52 \" value=\"177\"><label for=\"answer-id-177\" id=\"answer-label-177\" class=\" answer\"><span>True<\/span><\/label><\/div><div class=\"watupro-question-choice  \" dir=\"auto\"><input type=\"radio\" name=\"answer-52[]\" id=\"answer-id-178\" class=\"answer   answerof-52 \" value=\"178\"><label for=\"answer-id-178\" id=\"answer-label-178\" class=\" answer\"><span>False<\/span><\/label><\/div><!-- end question-choices--><\/div><!-- end questionWrap--><\/div><\/div><div style=\"display:none\" id=\"question-12\">\n\t<div class=\"question-content\">\n\t\t<img loading=\"lazy\" decoding=\"async\" src=\"https:\/\/sisu.ut.ee\/wp-content\/plugins\/watupro\/img\/loading.gif\" width=\"16\" height=\"16\" alt=\"Loading...\" title=\"Loading...\">\u00a0Loading...\t<\/div>\n<\/div>\n\n<br>\n\t\n\t\t\t<div class=\"watupro_buttons flex \" id=\"watuPROButtons6\">\n\t\t  <div id=\"prev-question\" style=\"display:none;\"><input type=\"button\" value=\"&lt; Previous\" onclick=\"WatuPRO.nextQuestion(event, 'previous');\"><\/div>\t\t  \t\t  \t\t   \n\t\t   \t  \t\t<div><input type=\"button\" name=\"action\" class=\"watupro-submit-button\" onclick=\"WatuPRO.submitResult(event)\" id=\"action-button\" value=\"Vaata tulemust\">\n\t\t<\/div>\n\t\t<\/div>\n\t\t\n\t<input type=\"hidden\" name=\"quiz_id\" value=\"6\" id=\"watuPROExamID\">\n\t<input type=\"hidden\" name=\"start_time\" id=\"startTime\" value=\"2026-04-17 21:39:42\">\n\t<input type=\"hidden\" name=\"start_timestamp\" id=\"startTimeStamp\" value=\"1776461982\">\n\t<input type=\"hidden\" name=\"question_ids\" value=\"\">\n\t<input type=\"hidden\" name=\"watupro_questions\" value=\"56:193,194 | 55:188,192,191,190,187,189 | 51: | 54:181,182,185,183,184,186 | 50: | 53:179,180 | 47:169,168,167,166 | 49:174,176,175,173 | 48:172,170,171 | 46: | 52:177,178\">\n\t<input type=\"hidden\" name=\"no_ajax\" value=\"0\">\t\t\t<\/form>\n\t<p>\u00a0<\/p>\n<\/div>\n\n<script type=\"text\/javascript\">\n\/\/jQuery(document).ready(function(){\ndocument.addEventListener(\"DOMContentLoaded\", function(event) { \t\nvar question_ids = \"56,55,51,54,50,53,47,49,48,46,52\";\nWatuPROSettings[6] = {};\nWatuPRO.qArr = question_ids.split(',');\nWatuPRO.exam_id = 6;\t    \nWatuPRO.post_id = 78;\nWatuPRO.store_progress = 0;\nWatuPRO.curCatPage = 1;\nWatuPRO.requiredIDs=\"0,56,55,51,54,50,53,47,49,48,46,52\".split(\",\");\nWatuPRO.hAppID = \"0.13045000 1776451182\";\nvar url = \"https:\/\/sisu.ut.ee\/wp-content\/plugins\/watupro\/show_exam.php\";\nWatuPRO.examMode = 1;\nWatuPRO.siteURL=\"https:\/\/sisu.ut.ee\/oskuskeel\/wp-admin\/admin-ajax.php\";\nWatuPRO.emailIsNotRequired = 0;\nWatuPRO.perDecade = 10;\nWatuPROIntel.init(6);\nWatuPRO.inCategoryPages=1;});    \t \n<\/script>\n\n","protected":false},"excerpt":{"rendered":"","protected":false},"author":76,"featured_media":0,"parent":0,"menu_order":0,"comment_status":"closed","ping_status":"closed","template":"","meta":{"_acf_changed":false,"inline_featured_image":false,"footnotes":""},"class_list":["post-78","page","type-page","status-publish","hentry"],"acf":[],"_links":{"self":[{"href":"https:\/\/sisu.ut.ee\/oskuskeel\/wp-json\/wp\/v2\/pages\/78","targetHints":{"allow":["GET"]}}],"collection":[{"href":"https:\/\/sisu.ut.ee\/oskuskeel\/wp-json\/wp\/v2\/pages"}],"about":[{"href":"https:\/\/sisu.ut.ee\/oskuskeel\/wp-json\/wp\/v2\/types\/page"}],"author":[{"embeddable":true,"href":"https:\/\/sisu.ut.ee\/oskuskeel\/wp-json\/wp\/v2\/users\/76"}],"replies":[{"embeddable":true,"href":"https:\/\/sisu.ut.ee\/oskuskeel\/wp-json\/wp\/v2\/comments?post=78"}],"version-history":[{"count":0,"href":"https:\/\/sisu.ut.ee\/oskuskeel\/wp-json\/wp\/v2\/pages\/78\/revisions"}],"wp:attachment":[{"href":"https:\/\/sisu.ut.ee\/oskuskeel\/wp-json\/wp\/v2\/media?parent=78"}],"curies":[{"name":"wp","href":"https:\/\/api.w.org\/{rel}","templated":true}]}}