{"id":50,"date":"2024-08-26T10:45:49","date_gmt":"2024-08-26T07:45:49","guid":{"rendered":"https:\/\/sisu.ut.ee\/oskuskeel\/3-harjutustest\/"},"modified":"2024-08-26T10:45:49","modified_gmt":"2024-08-26T07:45:49","slug":"3-harjutustest","status":"publish","type":"page","link":"https:\/\/sisu.ut.ee\/oskuskeel\/3-harjutustest\/","title":{"rendered":"3. harjutustest"},"content":{"rendered":"<div id=\"watupro_quiz\" class=\"quiz-area single-page-quiz\">\n<p id=\"submittingExam4\" style=\"display:none;text-align:center;\"><img loading=\"lazy\" decoding=\"async\" src=\"https:\/\/sisu.ut.ee\/wp-content\/plugins\/watupro\/img\/loading.gif\" width=\"16\" height=\"16\"><\/p>\n\n<div class=\"watupro-exam-description\" id=\"description-quiz-4\"><p>....<\/p>\n<\/div>\n\n<form action=\"\" method=\"post\" class=\"quiz-form\" id=\"quiz-4\" enctype=\"multipart\/form-data\">\n<div class=\"watu-question \" id=\"question-1\" style=\";\"><div id=\"questionWrap-1\" class=\"  watupro-required-43 watupro-question-id-43\">\n\t\t\t<div class=\"question-content\"><div><p>Vali \u00f5ige s\u00f5nastik.<\/p><p><span style=\"color:#4b0082;\">S\u00f5nastik sisaldab \u00fcle 7500 p\u00fcsiv\u00e4ljendi, sealhulgas raamatulikke, k\u00f5nekeelseid ja vananenud ning vulgaarseid v\u00e4ljendeid, mitmesuguseid \u00fctlusi ning kantselei- ja stampvormeleid.<\/span><\/p><\/div><input type=\"hidden\" name=\"question_id[]\" id=\"qID_1\" value=\"43\" class=\"watupro-question-id\"><input type=\"hidden\" id=\"answerType43\" class=\"answerTypeCnt1\" value=\"radio\"><input type=\"hidden\" id=\"watupro-required-question-43\"><!-- end question-content--><\/div><div class=\"question-choices watupro-choices-columns \" id=\"questionChoices43\"><div class=\"watupro-question-choice  \" dir=\"auto\"><input type=\"radio\" name=\"answer-43[]\" id=\"answer-id-157\" class=\"answer   answerof-43 \" value=\"157\"><label for=\"answer-id-157\" id=\"answer-label-157\" class=\" answer\"><span><p>[VL] V\u00f5\u00f5rs\u00f5nade leksikon 2012<\/p><\/span><\/label><\/div><div class=\"watupro-question-choice  \" dir=\"auto\"><input type=\"radio\" name=\"answer-43[]\" id=\"answer-id-154\" class=\"answer   answerof-43 \" value=\"154\"><label for=\"answer-id-154\" id=\"answer-label-154\" class=\" answer\"><span><p>[SYS] S\u00fcnon\u00fc\u00fcmis\u00f5nastik 2007<\/p><\/span><\/label><\/div><div class=\"watupro-question-choice  \" dir=\"auto\"><input type=\"radio\" name=\"answer-43[]\" id=\"answer-id-153\" class=\"answer   answerof-43 \" value=\"153\"><label for=\"answer-id-153\" id=\"answer-label-153\" class=\" answer\"><span><p>[SP] Eesti keele s\u00f5napered 2012<\/p><\/span><\/label><\/div><div class=\"watupro-question-choice  \" dir=\"auto\"><input type=\"radio\" name=\"answer-43[]\" id=\"answer-id-152\" class=\"answer   answerof-43 \" value=\"152\"><label for=\"answer-id-152\" id=\"answer-label-152\" class=\" answer\"><span><p>[EKSS] Eesti keele seletav s\u00f5naraamat 2009<\/p><\/span><\/label><\/div><div class=\"watupro-question-choice  \" dir=\"auto\"><input type=\"radio\" name=\"answer-43[]\" id=\"answer-id-155\" class=\"answer   answerof-43 \" value=\"155\"><label for=\"answer-id-155\" id=\"answer-label-155\" class=\" answer\"><span><p>[ETY] Eesti et\u00fcmoloogias\u00f5naraamat 2012<\/p><\/span><\/label><\/div><div class=\"watupro-question-choice  \" dir=\"auto\"><input type=\"radio\" name=\"answer-43[]\" id=\"answer-id-151\" class=\"answer   answerof-43 \" value=\"151\"><label for=\"answer-id-151\" id=\"answer-label-151\" class=\" answer\"><span><p>[FRS] Fraseoloogias\u00f5naraamat 2000<\/p><\/span><\/label><\/div><div class=\"watupro-question-choice  \" dir=\"auto\"><input type=\"radio\" name=\"answer-43[]\" id=\"answer-id-156\" class=\"answer   answerof-43 \" value=\"156\"><label for=\"answer-id-156\" id=\"answer-label-156\" class=\" answer\"><span><p>Eesti \u00d5igekeelsuss\u00f5naraamat \u00d5S 2018<\/p><\/span><\/label><\/div><!-- end question-choices--><\/div><!-- end questionWrap--><\/div><\/div><div class=\"watu-question \" id=\"question-2\" style=\";\"><div id=\"questionWrap-2\" class=\"  watupro-required-40 watupro-question-id-40\">\n\t\t\t<div class=\"question-content\"><div><p>Vali \u00f5ige s\u00f5nastik.<\/p><p><span style=\"color:#4b0082;\">T\u00e4nap\u00e4eva s\u00f5naraamat, mis koondab endas eesti t\u00fcvevara, \u00fchtlasi uurali v\u00f5i kitsamalt l\u00e4\u00e4nemeresoome t\u00fcvevara p\u00e4ritolu alal seni tehtud uurimist\u00f6\u00f6d; siia on p\u00fc\u00fctud koondada k\u00f5ik tr\u00fckis ilmunud eesti s\u00f5nade p\u00e4ritolu teaduslikud k\u00e4sitlused.<\/span><\/p><\/div><input type=\"hidden\" name=\"question_id[]\" id=\"qID_2\" value=\"40\" class=\"watupro-question-id\"><input type=\"hidden\" id=\"answerType40\" class=\"answerTypeCnt2\" value=\"radio\"><input type=\"hidden\" id=\"watupro-required-question-40\"><!-- end question-content--><\/div><div class=\"question-choices watupro-choices-columns \" id=\"questionChoices40\"><div class=\"watupro-question-choice  \" dir=\"auto\"><input type=\"radio\" name=\"answer-40[]\" id=\"answer-id-132\" class=\"answer   answerof-40 \" value=\"132\"><label for=\"answer-id-132\" id=\"answer-label-132\" class=\" answer\"><span><p>[ETY] Eesti et\u00fcmoloogias\u00f5naraamat 2012<\/p><\/span><\/label><\/div><div class=\"watupro-question-choice  \" dir=\"auto\"><input type=\"radio\" name=\"answer-40[]\" id=\"answer-id-131\" class=\"answer   answerof-40 \" value=\"131\"><label for=\"answer-id-131\" id=\"answer-label-131\" class=\" answer\"><span><p>Eesti \u00d5igekeelsuss\u00f5naraamat \u00d5S 2018<\/p><\/span><\/label><\/div><div class=\"watupro-question-choice  \" dir=\"auto\"><input type=\"radio\" name=\"answer-40[]\" id=\"answer-id-135\" class=\"answer   answerof-40 \" value=\"135\"><label for=\"answer-id-135\" id=\"answer-label-135\" class=\" answer\"><span><p>[FRS] Fraseoloogias\u00f5naraamat 2000<\/p><\/span><\/label><\/div><div class=\"watupro-question-choice  \" dir=\"auto\"><input type=\"radio\" name=\"answer-40[]\" id=\"answer-id-130\" class=\"answer   answerof-40 \" value=\"130\"><label for=\"answer-id-130\" id=\"answer-label-130\" class=\" answer\"><span><p>[VL] V\u00f5\u00f5rs\u00f5nade leksikon 2012<\/p><\/span><\/label><\/div><div class=\"watupro-question-choice  \" dir=\"auto\"><input type=\"radio\" name=\"answer-40[]\" id=\"answer-id-136\" class=\"answer   answerof-40 \" value=\"136\"><label for=\"answer-id-136\" id=\"answer-label-136\" class=\" answer\"><span><p>[EKSS] Eesti keele seletav s\u00f5naraamat 2009<\/p><\/span><\/label><\/div><div class=\"watupro-question-choice  \" dir=\"auto\"><input type=\"radio\" name=\"answer-40[]\" id=\"answer-id-134\" class=\"answer   answerof-40 \" value=\"134\"><label for=\"answer-id-134\" id=\"answer-label-134\" class=\" answer\"><span><p>[SP] Eesti keele s\u00f5napered 2012<\/p><\/span><\/label><\/div><div class=\"watupro-question-choice  \" dir=\"auto\"><input type=\"radio\" name=\"answer-40[]\" id=\"answer-id-133\" class=\"answer   answerof-40 \" value=\"133\"><label for=\"answer-id-133\" id=\"answer-label-133\" class=\" answer\"><span><p>[SYS] S\u00fcnon\u00fc\u00fcmis\u00f5nastik 2007<\/p><\/span><\/label><\/div><!-- end question-choices--><\/div><!-- end questionWrap--><\/div><\/div><div class=\"watu-question \" id=\"question-3\" style=\";\"><div id=\"questionWrap-3\" class=\"  watupro-required-41 watupro-question-id-41\">\n\t\t\t<div class=\"question-content\"><div><p>Vali \u00f5ige s\u00f5nastik.<\/p><p><span style=\"color:#4b0082;\">S\u00f5nastik pakub kirjas ja k\u00f5nes kasutatavaid t\u00e4henduselt l\u00e4hedasi keelendeid, sealhulgas valiku vanemaid, murdelisi ning v\u00e4gagi k\u00f5nekeelseid s\u00f5nu v\u00f5i v\u00e4ljendeid, kantselei- ja stampkeelendeid ning termineid.<\/span><\/p><\/div><input type=\"hidden\" name=\"question_id[]\" id=\"qID_3\" value=\"41\" class=\"watupro-question-id\"><input type=\"hidden\" id=\"answerType41\" class=\"answerTypeCnt3\" value=\"radio\"><input type=\"hidden\" id=\"watupro-required-question-41\"><!-- end question-content--><\/div><div class=\"question-choices watupro-choices-columns \" id=\"questionChoices41\"><div class=\"watupro-question-choice  \" dir=\"auto\"><input type=\"radio\" name=\"answer-41[]\" id=\"answer-id-141\" class=\"answer   answerof-41 \" value=\"141\"><label for=\"answer-id-141\" id=\"answer-label-141\" class=\" answer\"><span><p>[SP] Eesti keele s\u00f5napered 2012<\/p><\/span><\/label><\/div><div class=\"watupro-question-choice  \" dir=\"auto\"><input type=\"radio\" name=\"answer-41[]\" id=\"answer-id-139\" class=\"answer   answerof-41 \" value=\"139\"><label for=\"answer-id-139\" id=\"answer-label-139\" class=\" answer\"><span><p>[ETY] Eesti et\u00fcmoloogias\u00f5naraamat 2012<\/p><\/span><\/label><\/div><div class=\"watupro-question-choice  \" dir=\"auto\"><input type=\"radio\" name=\"answer-41[]\" id=\"answer-id-138\" class=\"answer   answerof-41 \" value=\"138\"><label for=\"answer-id-138\" id=\"answer-label-138\" class=\" answer\"><span><p>Eesti \u00d5igekeelsuss\u00f5naraamat \u00d5S 2018<\/p><\/span><\/label><\/div><div class=\"watupro-question-choice  \" dir=\"auto\"><input type=\"radio\" name=\"answer-41[]\" id=\"answer-id-143\" class=\"answer   answerof-41 \" value=\"143\"><label for=\"answer-id-143\" id=\"answer-label-143\" class=\" answer\"><span><p>[EKSS] Eesti keele seletav s\u00f5naraamat 2009<\/p><\/span><\/label><\/div><div class=\"watupro-question-choice  \" dir=\"auto\"><input type=\"radio\" name=\"answer-41[]\" id=\"answer-id-137\" class=\"answer   answerof-41 \" value=\"137\"><label for=\"answer-id-137\" id=\"answer-label-137\" class=\" answer\"><span><p>[VL] V\u00f5\u00f5rs\u00f5nade leksikon 2012<\/p><\/span><\/label><\/div><div class=\"watupro-question-choice  \" dir=\"auto\"><input type=\"radio\" name=\"answer-41[]\" id=\"answer-id-140\" class=\"answer   answerof-41 \" value=\"140\"><label for=\"answer-id-140\" id=\"answer-label-140\" class=\" answer\"><span><p>[SYS] S\u00fcnon\u00fc\u00fcmis\u00f5nastik 2007<\/p><\/span><\/label><\/div><div class=\"watupro-question-choice  \" dir=\"auto\"><input type=\"radio\" name=\"answer-41[]\" id=\"answer-id-142\" class=\"answer   answerof-41 \" value=\"142\"><label for=\"answer-id-142\" id=\"answer-label-142\" class=\" answer\"><span><p>[FRS] Fraseoloogias\u00f5naraamat 2000<\/p><\/span><\/label><\/div><!-- end question-choices--><\/div><!-- end questionWrap--><\/div><\/div><div class=\"watu-question \" id=\"question-4\" style=\";\"><div id=\"questionWrap-4\" class=\"  watupro-required-42 watupro-question-id-42\">\n\t\t\t<div class=\"question-content\"><div><p>Vali \u00f5ige s\u00f5nastik.<\/p><p><span style=\"color:#4b0082;\">S\u00f5nastikust saad p\u00f5hjaliku \u00fclevaate eesti keele rikkalikust s\u00f5namoodustusest \u2013 kirjeldatud on ligikaudu 120 000 s\u00f5na ehitust ja s\u00f5nadevahelisi moodustusseoseid; seoste alusel on s\u00f5nad koondatud ligi 9000 \u00fcksuseks, kuuluvad k\u00f5ik \u00fchise t\u00fcvega seotud s\u00f5nad.<\/span><\/p><\/div><input type=\"hidden\" name=\"question_id[]\" id=\"qID_4\" value=\"42\" class=\"watupro-question-id\"><input type=\"hidden\" id=\"answerType42\" class=\"answerTypeCnt4\" value=\"radio\"><input type=\"hidden\" id=\"watupro-required-question-42\"><!-- end question-content--><\/div><div class=\"question-choices watupro-choices-columns \" id=\"questionChoices42\"><div class=\"watupro-question-choice  \" dir=\"auto\"><input type=\"radio\" name=\"answer-42[]\" id=\"answer-id-150\" class=\"answer   answerof-42 \" value=\"150\"><label for=\"answer-id-150\" id=\"answer-label-150\" class=\" answer\"><span><p>[EKSS] Eesti keele seletav s\u00f5naraamat 2009<\/p><\/span><\/label><\/div><div class=\"watupro-question-choice  \" dir=\"auto\"><input type=\"radio\" name=\"answer-42[]\" id=\"answer-id-149\" class=\"answer   answerof-42 \" value=\"149\"><label for=\"answer-id-149\" id=\"answer-label-149\" class=\" answer\"><span><p>[FRS] Fraseoloogias\u00f5naraamat 2000<\/p><\/span><\/label><\/div><div class=\"watupro-question-choice  \" dir=\"auto\"><input type=\"radio\" name=\"answer-42[]\" id=\"answer-id-146\" class=\"answer   answerof-42 \" value=\"146\"><label for=\"answer-id-146\" id=\"answer-label-146\" class=\" answer\"><span><p>[SYS] S\u00fcnon\u00fc\u00fcmis\u00f5nastik 2007<\/p><\/span><\/label><\/div><div class=\"watupro-question-choice  \" dir=\"auto\"><input type=\"radio\" name=\"answer-42[]\" id=\"answer-id-144\" class=\"answer   answerof-42 \" value=\"144\"><label for=\"answer-id-144\" id=\"answer-label-144\" class=\" answer\"><span><p>Eesti \u00d5igekeelsuss\u00f5naraamat \u00d5S 2018<\/p><\/span><\/label><\/div><div class=\"watupro-question-choice  \" dir=\"auto\"><input type=\"radio\" name=\"answer-42[]\" id=\"answer-id-147\" class=\"answer   answerof-42 \" value=\"147\"><label for=\"answer-id-147\" id=\"answer-label-147\" class=\" answer\"><span><p>[VL] V\u00f5\u00f5rs\u00f5nade leksikon 2012<\/p><\/span><\/label><\/div><div class=\"watupro-question-choice  \" dir=\"auto\"><input type=\"radio\" name=\"answer-42[]\" id=\"answer-id-148\" class=\"answer   answerof-42 \" value=\"148\"><label for=\"answer-id-148\" id=\"answer-label-148\" class=\" answer\"><span><p>[SP] Eesti keele s\u00f5napered 2012<\/p><\/span><\/label><\/div><div class=\"watupro-question-choice  \" dir=\"auto\"><input type=\"radio\" name=\"answer-42[]\" id=\"answer-id-145\" class=\"answer   answerof-42 \" value=\"145\"><label for=\"answer-id-145\" id=\"answer-label-145\" class=\" answer\"><span><p>[ETY] Eesti et\u00fcmoloogias\u00f5naraamat 2012<\/p><\/span><\/label><\/div><!-- end question-choices--><\/div><!-- end questionWrap--><\/div><\/div><div class=\"watu-question \" id=\"question-5\" style=\";\"><div id=\"questionWrap-5\" class=\"  watupro-required-38 watupro-question-id-38\">\n\t\t\t<div class=\"question-content\"><div><p>Vali \u00f5ige s\u00f5nastik.<\/p><p><span style=\"color:#4b0082;\">S\u00f5nastik, kust leiate 33 000 levinumat v\u00f5\u00f5rs\u00f5na, tsitaats\u00f5na, laens\u00f5na, l\u00fchendit, sententsi ja v\u00e4ljendit.<\/span><\/p><\/div><input type=\"hidden\" name=\"question_id[]\" id=\"qID_5\" value=\"38\" class=\"watupro-question-id\"><input type=\"hidden\" id=\"answerType38\" class=\"answerTypeCnt5\" value=\"radio\"><input type=\"hidden\" id=\"watupro-required-question-38\"><!-- end question-content--><\/div><div class=\"question-choices watupro-choices-columns \" id=\"questionChoices38\"><div class=\"watupro-question-choice  \" dir=\"auto\"><input type=\"radio\" name=\"answer-38[]\" id=\"answer-id-121\" class=\"answer   answerof-38 \" value=\"121\"><label for=\"answer-id-121\" id=\"answer-label-121\" class=\" answer\"><span><p>[FRS] Fraseoloogias\u00f5naraamat 2000<\/p><\/span><\/label><\/div><div class=\"watupro-question-choice  \" dir=\"auto\"><input type=\"radio\" name=\"answer-38[]\" id=\"answer-id-119\" class=\"answer   answerof-38 \" value=\"119\"><label for=\"answer-id-119\" id=\"answer-label-119\" class=\" answer\"><span><p>[SYS] S\u00fcnon\u00fc\u00fcmis\u00f5nastik 2007<\/p><\/span><\/label><\/div><div class=\"watupro-question-choice  \" dir=\"auto\"><input type=\"radio\" name=\"answer-38[]\" id=\"answer-id-120\" class=\"answer   answerof-38 \" value=\"120\"><label for=\"answer-id-120\" id=\"answer-label-120\" class=\" answer\"><span><p>[SP] Eesti keele s\u00f5napered 2012<\/p><\/span><\/label><\/div><div class=\"watupro-question-choice  \" dir=\"auto\"><input type=\"radio\" name=\"answer-38[]\" id=\"answer-id-118\" class=\"answer   answerof-38 \" value=\"118\"><label for=\"answer-id-118\" id=\"answer-label-118\" class=\" answer\"><span><p>[ETY] Eesti et\u00fcmoloogias\u00f5naraamat 2012<\/p><\/span><\/label><\/div><div class=\"watupro-question-choice  \" dir=\"auto\"><input type=\"radio\" name=\"answer-38[]\" id=\"answer-id-122\" class=\"answer   answerof-38 \" value=\"122\"><label for=\"answer-id-122\" id=\"answer-label-122\" class=\" answer\"><span><p>[EKSS] Eesti keele seletav s\u00f5naraamat 2009<\/p><\/span><\/label><\/div><div class=\"watupro-question-choice  \" dir=\"auto\"><input type=\"radio\" name=\"answer-38[]\" id=\"answer-id-117\" class=\"answer   answerof-38 \" value=\"117\"><label for=\"answer-id-117\" id=\"answer-label-117\" class=\" answer\"><span><p>Eesti \u00d5igekeelsuss\u00f5naraamat \u00d5S 2018<\/p><\/span><\/label><\/div><div class=\"watupro-question-choice  \" dir=\"auto\"><input type=\"radio\" name=\"answer-38[]\" id=\"answer-id-116\" class=\"answer   answerof-38 \" value=\"116\"><label for=\"answer-id-116\" id=\"answer-label-116\" class=\" answer\"><span><p>[VL] V\u00f5\u00f5rs\u00f5nade leksikon 2012<\/p><\/span><\/label><\/div><!-- end question-choices--><\/div><!-- end questionWrap--><\/div><\/div><div class=\"watu-question \" id=\"question-6\" style=\";\"><div id=\"questionWrap-6\" class=\"  watupro-required-39 watupro-question-id-39\">\n\t\t\t<div class=\"question-content\"><div><p>Vali \u00f5ige s\u00f5nastik.<\/p><p><span style=\"color:#4b0082;\">Kirjakeele normi alus alates 1. jaanuarist 2019<\/span><\/p><\/div><input type=\"hidden\" name=\"question_id[]\" id=\"qID_6\" value=\"39\" class=\"watupro-question-id\"><input type=\"hidden\" id=\"answerType39\" class=\"answerTypeCnt6\" value=\"radio\"><input type=\"hidden\" id=\"watupro-required-question-39\"><!-- end question-content--><\/div><div class=\"question-choices watupro-choices-columns \" id=\"questionChoices39\"><div class=\"watupro-question-choice  \" dir=\"auto\"><input type=\"radio\" name=\"answer-39[]\" id=\"answer-id-126\" class=\"answer   answerof-39 \" value=\"126\"><label for=\"answer-id-126\" id=\"answer-label-126\" class=\" answer\"><span><p>[SYS] S\u00fcnon\u00fc\u00fcmis\u00f5nastik 2007<\/p><\/span><\/label><\/div><div class=\"watupro-question-choice  \" dir=\"auto\"><input type=\"radio\" name=\"answer-39[]\" id=\"answer-id-123\" class=\"answer   answerof-39 \" value=\"123\"><label for=\"answer-id-123\" id=\"answer-label-123\" class=\" answer\"><span><p>[VL] V\u00f5\u00f5rs\u00f5nade leksikon 2012<\/p><\/span><\/label><\/div><div class=\"watupro-question-choice  \" dir=\"auto\"><input type=\"radio\" name=\"answer-39[]\" id=\"answer-id-125\" class=\"answer   answerof-39 \" value=\"125\"><label for=\"answer-id-125\" id=\"answer-label-125\" class=\" answer\"><span><p>[ETY] Eesti et\u00fcmoloogias\u00f5naraamat 2012<\/p><\/span><\/label><\/div><div class=\"watupro-question-choice  \" dir=\"auto\"><input type=\"radio\" name=\"answer-39[]\" id=\"answer-id-127\" class=\"answer   answerof-39 \" value=\"127\"><label for=\"answer-id-127\" id=\"answer-label-127\" class=\" answer\"><span><p>[SP] Eesti keele s\u00f5napered 2012<\/p><\/span><\/label><\/div><div class=\"watupro-question-choice  \" dir=\"auto\"><input type=\"radio\" name=\"answer-39[]\" id=\"answer-id-124\" class=\"answer   answerof-39 \" value=\"124\"><label for=\"answer-id-124\" id=\"answer-label-124\" class=\" answer\"><span><p>Eesti \u00d5igekeelsuss\u00f5naraamat \u00d5S 2018<\/p><\/span><\/label><\/div><div class=\"watupro-question-choice  \" dir=\"auto\"><input type=\"radio\" name=\"answer-39[]\" id=\"answer-id-129\" class=\"answer   answerof-39 \" value=\"129\"><label for=\"answer-id-129\" id=\"answer-label-129\" class=\" answer\"><span><p>[EKSS] Eesti keele seletav s\u00f5naraamat 2009<\/p><\/span><\/label><\/div><div class=\"watupro-question-choice  \" dir=\"auto\"><input type=\"radio\" name=\"answer-39[]\" id=\"answer-id-128\" class=\"answer   answerof-39 \" value=\"128\"><label for=\"answer-id-128\" id=\"answer-label-128\" class=\" answer\"><span><p>[FRS] Fraseoloogias\u00f5naraamat 2000<\/p><\/span><\/label><\/div><!-- end question-choices--><\/div><!-- end questionWrap--><\/div><\/div><div class=\"watu-question \" id=\"question-7\" style=\";\"><div id=\"questionWrap-7\" class=\"  watupro-required-44 watupro-question-id-44\">\n\t\t\t<div class=\"question-content\"><div><p>Vali \u00f5ige\u00a0s\u00f5nastik.<\/p><p><span style=\"color:#4b0082;\">S\u00f5nastik pakub s\u00f5nade t\u00e4hendusi ja h\u00f5lmab \u00fcldjoontes kogu 20. sajandi eesti keele s\u00f5navara; oma t\u00fc\u00fcbilt on see kirjeldav (deskriptiivne), mitte normiv (preskriptiivne).<\/span><\/p><\/div><input type=\"hidden\" name=\"question_id[]\" id=\"qID_7\" value=\"44\" class=\"watupro-question-id\"><input type=\"hidden\" id=\"answerType44\" class=\"answerTypeCnt7\" value=\"radio\"><input type=\"hidden\" id=\"watupro-required-question-44\"><!-- end question-content--><\/div><div class=\"question-choices watupro-choices-columns \" id=\"questionChoices44\"><div class=\"watupro-question-choice  \" dir=\"auto\"><input type=\"radio\" name=\"answer-44[]\" id=\"answer-id-159\" class=\"answer   answerof-44 \" value=\"159\"><label for=\"answer-id-159\" id=\"answer-label-159\" class=\" answer\"><span><p>[FRS] Fraseoloogias\u00f5naraamat 2000<\/p><\/span><\/label><\/div><div class=\"watupro-question-choice  \" dir=\"auto\"><input type=\"radio\" name=\"answer-44[]\" id=\"answer-id-158\" class=\"answer   answerof-44 \" value=\"158\"><label for=\"answer-id-158\" id=\"answer-label-158\" class=\" answer\"><span><p>[EKSS] Eesti keele seletav s\u00f5naraamat 2009<\/p><\/span><\/label><\/div><div class=\"watupro-question-choice  \" dir=\"auto\"><input type=\"radio\" name=\"answer-44[]\" id=\"answer-id-163\" class=\"answer   answerof-44 \" value=\"163\"><label for=\"answer-id-163\" id=\"answer-label-163\" class=\" answer\"><span><p>Eesti \u00d5igekeelsuss\u00f5naraamat \u00d5S 2018<\/p><\/span><\/label><\/div><div class=\"watupro-question-choice  \" dir=\"auto\"><input type=\"radio\" name=\"answer-44[]\" id=\"answer-id-162\" class=\"answer   answerof-44 \" value=\"162\"><label for=\"answer-id-162\" id=\"answer-label-162\" class=\" answer\"><span><p>[ETY] Eesti et\u00fcmoloogias\u00f5naraamat 2012<\/p><\/span><\/label><\/div><div class=\"watupro-question-choice  \" dir=\"auto\"><input type=\"radio\" name=\"answer-44[]\" id=\"answer-id-164\" class=\"answer   answerof-44 \" value=\"164\"><label for=\"answer-id-164\" id=\"answer-label-164\" class=\" answer\"><span><p>[VL] V\u00f5\u00f5rs\u00f5nade leksikon 2012<\/p><\/span><\/label><\/div><div class=\"watupro-question-choice  \" dir=\"auto\"><input type=\"radio\" name=\"answer-44[]\" id=\"answer-id-161\" class=\"answer   answerof-44 \" value=\"161\"><label for=\"answer-id-161\" id=\"answer-label-161\" class=\" answer\"><span><p>[SYS] S\u00fcnon\u00fc\u00fcmis\u00f5nastik 2007<\/p><\/span><\/label><\/div><div class=\"watupro-question-choice  \" dir=\"auto\"><input type=\"radio\" name=\"answer-44[]\" id=\"answer-id-160\" class=\"answer   answerof-44 \" value=\"160\"><label for=\"answer-id-160\" id=\"answer-label-160\" class=\" answer\"><span><p>[SP] Eesti keele s\u00f5napered 2012<\/p><\/span><\/label><\/div><!-- end question-choices--><\/div><!-- end questionWrap--><\/div><\/div><div style=\"display:none\" id=\"question-8\">\n\t<div class=\"question-content\">\n\t\t<img loading=\"lazy\" decoding=\"async\" src=\"https:\/\/sisu.ut.ee\/wp-content\/plugins\/watupro\/img\/loading.gif\" width=\"16\" height=\"16\" alt=\"Loading...\" title=\"Loading...\">\u00a0Loading...\t<\/div>\n<\/div>\n\n<br>\n\t\n\t\t\t<div class=\"watupro_buttons flex \" id=\"watuPROButtons4\">\n\t\t  <div id=\"prev-question\" style=\"display:none;\"><input type=\"button\" value=\"&lt; Previous\" onclick=\"WatuPRO.nextQuestion(event, 'previous');\"><\/div>\t\t  \t\t  \t\t   \n\t\t   \t  \t\t<div><input type=\"button\" name=\"action\" class=\"watupro-submit-button\" onclick=\"WatuPRO.submitResult(event)\" id=\"action-button\" value=\"Vaata tulemust\">\n\t\t<\/div>\n\t\t<\/div>\n\t\t\n\t<input type=\"hidden\" name=\"quiz_id\" value=\"4\" id=\"watuPROExamID\">\n\t<input type=\"hidden\" name=\"start_time\" id=\"startTime\" value=\"2026-04-17 17:17:16\">\n\t<input type=\"hidden\" name=\"start_timestamp\" id=\"startTimeStamp\" value=\"1776446236\">\n\t<input type=\"hidden\" name=\"question_ids\" value=\"\">\n\t<input type=\"hidden\" name=\"watupro_questions\" value=\"43:157,154,153,152,155,151,156 | 40:132,131,135,130,136,134,133 | 41:141,139,138,143,137,140,142 | 42:150,149,146,144,147,148,145 | 38:121,119,120,118,122,117,116 | 39:126,123,125,127,124,129,128 | 44:159,158,163,162,164,161,160\">\n\t<input type=\"hidden\" name=\"no_ajax\" value=\"0\">\t\t\t<\/form>\n\t<p>\u00a0<\/p>\n<\/div>\n\n<script type=\"text\/javascript\">\n\/\/jQuery(document).ready(function(){\ndocument.addEventListener(\"DOMContentLoaded\", function(event) { \t\nvar question_ids = \"43,40,41,42,38,39,44\";\nWatuPROSettings[4] = {};\nWatuPRO.qArr = question_ids.split(',');\nWatuPRO.exam_id = 4;\t    \nWatuPRO.post_id = 50;\nWatuPRO.store_progress = 0;\nWatuPRO.curCatPage = 1;\nWatuPRO.requiredIDs=\"0,43,40,41,42,38,39,44\".split(\",\");\nWatuPRO.hAppID = \"0.09040900 1776435436\";\nvar url = \"https:\/\/sisu.ut.ee\/wp-content\/plugins\/watupro\/show_exam.php\";\nWatuPRO.examMode = 1;\nWatuPRO.siteURL=\"https:\/\/sisu.ut.ee\/oskuskeel\/wp-admin\/admin-ajax.php\";\nWatuPRO.emailIsNotRequired = 0;\nWatuPRO.perDecade = 10;\nWatuPROIntel.init(4);\nWatuPRO.inCategoryPages=1;});    \t \n<\/script>\n\n","protected":false},"excerpt":{"rendered":"","protected":false},"author":76,"featured_media":0,"parent":0,"menu_order":0,"comment_status":"closed","ping_status":"closed","template":"","meta":{"_acf_changed":false,"inline_featured_image":false,"footnotes":""},"class_list":["post-50","page","type-page","status-publish","hentry"],"acf":[],"_links":{"self":[{"href":"https:\/\/sisu.ut.ee\/oskuskeel\/wp-json\/wp\/v2\/pages\/50","targetHints":{"allow":["GET"]}}],"collection":[{"href":"https:\/\/sisu.ut.ee\/oskuskeel\/wp-json\/wp\/v2\/pages"}],"about":[{"href":"https:\/\/sisu.ut.ee\/oskuskeel\/wp-json\/wp\/v2\/types\/page"}],"author":[{"embeddable":true,"href":"https:\/\/sisu.ut.ee\/oskuskeel\/wp-json\/wp\/v2\/users\/76"}],"replies":[{"embeddable":true,"href":"https:\/\/sisu.ut.ee\/oskuskeel\/wp-json\/wp\/v2\/comments?post=50"}],"version-history":[{"count":0,"href":"https:\/\/sisu.ut.ee\/oskuskeel\/wp-json\/wp\/v2\/pages\/50\/revisions"}],"wp:attachment":[{"href":"https:\/\/sisu.ut.ee\/oskuskeel\/wp-json\/wp\/v2\/media?parent=50"}],"curies":[{"name":"wp","href":"https:\/\/api.w.org\/{rel}","templated":true}]}}