{"id":47,"date":"2024-08-26T10:43:36","date_gmt":"2024-08-26T07:43:36","guid":{"rendered":"https:\/\/sisu.ut.ee\/oskuskeel\/1-harjutustest\/"},"modified":"2024-08-26T10:43:36","modified_gmt":"2024-08-26T07:43:36","slug":"1-harjutustest","status":"publish","type":"page","link":"https:\/\/sisu.ut.ee\/oskuskeel\/1-harjutustest\/","title":{"rendered":"1. harjutustest"},"content":{"rendered":"<div id=\"watupro_quiz\" class=\"quiz-area single-page-quiz\">\n<p id=\"submittingExam1\" style=\"display:none;text-align:center;\"><img loading=\"lazy\" decoding=\"async\" src=\"https:\/\/sisu.ut.ee\/wp-content\/plugins\/watupro\/img\/loading.gif\" width=\"16\" height=\"16\"><\/p>\n\n<div class=\"watupro-exam-description\" id=\"description-quiz-1\"><p>..<\/p>\n<\/div>\n\n<form action=\"\" method=\"post\" class=\"quiz-form\" id=\"quiz-1\" enctype=\"multipart\/form-data\">\n<div class=\"watu-question \" id=\"question-1\" style=\";\"><div id=\"questionWrap-1\" class=\"  watupro-required-8 watupro-question-id-8\">\n\t\t\t<div class=\"question-content\"><div><p><span style=\"color:#4b0082;\">Erialam\u00f5isted on s\u00f5navara\u00fcksused<\/span><\/p><\/div><input type=\"hidden\" name=\"question_id[]\" id=\"qID_1\" value=\"8\" class=\"watupro-question-id\"><input type=\"hidden\" id=\"answerType8\" class=\"answerTypeCnt1\" value=\"radio\"><input type=\"hidden\" id=\"watupro-required-question-8\"><!-- end question-content--><\/div><div class=\"question-choices watupro-choices-columns \" id=\"questionChoices8\"><div class=\"watupro-question-choice  \" dir=\"auto\"><input type=\"radio\" name=\"answer-8[]\" id=\"answer-id-20\" class=\"answer   answerof-8 \" value=\"20\"><label for=\"answer-id-20\" id=\"answer-label-20\" class=\" answer\"><span>True<\/span><\/label><\/div><div class=\"watupro-question-choice  \" dir=\"auto\"><input type=\"radio\" name=\"answer-8[]\" id=\"answer-id-21\" class=\"answer   answerof-8 \" value=\"21\"><label for=\"answer-id-21\" id=\"answer-label-21\" class=\" answer\"><span>False<\/span><\/label><\/div><!-- end question-choices--><\/div><!-- end questionWrap--><\/div><\/div><div class=\"watu-question \" id=\"question-2\" style=\";\"><div id=\"questionWrap-2\" class=\"  watupro-required-3 watupro-question-id-3\">\n\t\t\t<div class=\"question-content\"><div><span style=\"color: #4b0082;\">Teaduskeele stiil on...<\/span><\/div><input type=\"hidden\" name=\"question_id[]\" id=\"qID_2\" value=\"3\" class=\"watupro-question-id\"><input type=\"hidden\" id=\"answerType3\" class=\"answerTypeCnt2\" value=\"checkbox\"><input type=\"hidden\" id=\"watupro-required-question-3\"><!-- end question-content--><\/div><div class=\"question-choices watupro-choices-columns \" id=\"questionChoices3\"><div class=\"watupro-question-choice  \" dir=\"auto\"><input type=\"checkbox\" name=\"answer-3[]\" id=\"answer-id-9\" class=\"answer   answerof-3 \" value=\"9\"><label for=\"answer-id-9\" id=\"answer-label-9\" class=\" answer\"><span><p>selge ja t\u00e4pne: keelekasutus korrektne, kirjeldused neutraalsed ja objektiivsed, s\u00f5navara \u00fchem\u00f5ttelisust taotlev.<\/p><\/span><\/label><\/div><div class=\"watupro-question-choice  \" dir=\"auto\"><input type=\"checkbox\" name=\"answer-3[]\" id=\"answer-id-10\" class=\"answer   answerof-3 \" value=\"10\"><label for=\"answer-id-10\" id=\"answer-label-10\" class=\" answer\"><span><p>kujunditerohke ja v\u00e4rvikas: keelekasutus m\u00e4nglev, mis v\u00f5ib normist m\u00f5nikord pisut k\u00f5rvale kalduda, s\u00f5navara eriilmelisust taotlev.<\/p><\/span><\/label><\/div><div class=\"watupro-question-choice  \" dir=\"auto\"><input type=\"checkbox\" name=\"answer-3[]\" id=\"answer-id-11\" class=\"answer   answerof-3 \" value=\"11\"><label for=\"answer-id-11\" id=\"answer-label-11\" class=\" answer\"><span><p>informeeriv ja veenev: keelekasutus korrektne, teabe edastamine argumenteeritud, vahel pisut emotsionaalne ja kujundlik, s\u00f5navara tabavat v\u00e4ljendust taotlev ja viisakas.<\/p><\/span><\/label><\/div><!-- end question-choices--><\/div><!-- end questionWrap--><\/div><\/div><div class=\"watu-question \" id=\"question-3\" style=\";\"><div id=\"questionWrap-3\" class=\"  watupro-required-9 watupro-question-id-9\">\n\t\t\t<div class=\"question-content\"><div><p><span style=\"color:#4b0082;\">Definitsioon \u00fctleb t\u00e4pselt, mis termin\u00a0m\u00f5istev\u00e4lja ei kuulu.<\/span><\/p><\/div><input type=\"hidden\" name=\"question_id[]\" id=\"qID_3\" value=\"9\" class=\"watupro-question-id\"><input type=\"hidden\" id=\"answerType9\" class=\"answerTypeCnt3\" value=\"radio\"><input type=\"hidden\" id=\"watupro-required-question-9\"><!-- end question-content--><\/div><div class=\"question-choices watupro-choices-columns \" id=\"questionChoices9\"><div class=\"watupro-question-choice  \" dir=\"auto\"><input type=\"radio\" name=\"answer-9[]\" id=\"answer-id-22\" class=\"answer   answerof-9 \" value=\"22\"><label for=\"answer-id-22\" id=\"answer-label-22\" class=\" answer\"><span>True<\/span><\/label><\/div><div class=\"watupro-question-choice  \" dir=\"auto\"><input type=\"radio\" name=\"answer-9[]\" id=\"answer-id-23\" class=\"answer   answerof-9 \" value=\"23\"><label for=\"answer-id-23\" id=\"answer-label-23\" class=\" answer\"><span>False<\/span><\/label><\/div><!-- end question-choices--><\/div><!-- end questionWrap--><\/div><\/div><div class=\"watu-question \" id=\"question-4\" style=\";\"><div id=\"questionWrap-4\" class=\"  watupro-required-5 watupro-question-id-5\">\n\t\t\t<div class=\"question-content\"><div><span style=\"color: #4b0082;\">Eesti \u00f5igekeelsuss\u00f5naraamat \u00d5S 1918 on praegu kehtiva kirjakeele normi alus.<\/span><\/div><input type=\"hidden\" name=\"question_id[]\" id=\"qID_4\" value=\"5\" class=\"watupro-question-id\"><input type=\"hidden\" id=\"answerType5\" class=\"answerTypeCnt4\" value=\"radio\"><input type=\"hidden\" id=\"watupro-required-question-5\"><!-- end question-content--><\/div><div class=\"question-choices watupro-choices-columns \" id=\"questionChoices5\"><div class=\"watupro-question-choice  \" dir=\"auto\"><input type=\"radio\" name=\"answer-5[]\" id=\"answer-id-14\" class=\"answer   answerof-5 \" value=\"14\"><label for=\"answer-id-14\" id=\"answer-label-14\" class=\" answer\"><span>True<\/span><\/label><\/div><div class=\"watupro-question-choice  \" dir=\"auto\"><input type=\"radio\" name=\"answer-5[]\" id=\"answer-id-15\" class=\"answer   answerof-5 \" value=\"15\"><label for=\"answer-id-15\" id=\"answer-label-15\" class=\" answer\"><span>False<\/span><\/label><\/div><!-- end question-choices--><\/div><!-- end questionWrap--><\/div><\/div><div class=\"watu-question \" id=\"question-5\" style=\";\"><div id=\"questionWrap-5\" class=\"  watupro-required-1 watupro-question-id-1\">\n\t\t\t<div class=\"question-content\"><div><span style=\"color: #4b0082;\">Mis on hariduskeel?<\/span><\/div><input type=\"hidden\" name=\"question_id[]\" id=\"qID_5\" value=\"1\" class=\"watupro-question-id\"><input type=\"hidden\" id=\"answerType1\" class=\"answerTypeCnt5\" value=\"checkbox\"><input type=\"hidden\" id=\"watupro-required-question-1\"><!-- end question-content--><\/div><div class=\"question-choices watupro-choices-columns \" id=\"questionChoices1\"><div class=\"watupro-question-choice  \" dir=\"auto\"><input type=\"checkbox\" name=\"answer-1[]\" id=\"answer-id-1\" class=\"answer   answerof-1 \" value=\"1\"><label for=\"answer-id-1\" id=\"answer-label-1\" class=\" answer\"><span><p>hariduse valdkonna erialakeel<\/p><\/span><\/label><\/div><div class=\"watupro-question-choice  \" dir=\"auto\"><input type=\"checkbox\" name=\"answer-1[]\" id=\"answer-id-3\" class=\"answer   answerof-1 \" value=\"3\"><label for=\"answer-id-3\" id=\"answer-label-3\" class=\" answer\"><span><p>haritud inimr\u00fchma keelepruuk<\/p><\/span><\/label><\/div><div class=\"watupro-question-choice  \" dir=\"auto\"><input type=\"checkbox\" name=\"answer-1[]\" id=\"answer-id-2\" class=\"answer   answerof-1 \" value=\"2\"><label for=\"answer-id-2\" id=\"answer-label-2\" class=\" answer\"><span><p>hariduse valdkonna ja haridusteaduse oskuskeel<\/p><\/span><\/label><\/div><div class=\"watupro-question-choice  \" dir=\"auto\"><input type=\"checkbox\" name=\"answer-1[]\" id=\"answer-id-4\" class=\"answer   answerof-1 \" value=\"4\"><label for=\"answer-id-4\" id=\"answer-label-4\" class=\" answer\"><span><p>haridusasutustes, sh haridusministeeriumis kasutatav ametlik kirjalik keel<\/p><\/span><\/label><\/div><!-- end question-choices--><\/div><!-- end questionWrap--><\/div><\/div><div class=\"watu-question \" id=\"question-6\" style=\";\"><div id=\"questionWrap-6\" class=\"  watupro-required-2 watupro-question-id-2\">\n\t\t\t<div class=\"question-content\"><div>Milline termin kuulub selle selgituse juurde?<br>\r\n<br>\r\n<span style=\"color: #4b0082;\">Osa oskuskeelest, \u00fcks enam reeglistatud allkeeli, mis n\u00f5uab t\u00e4psust, \u00fchem\u00f5ttelisust ja selget s\u00fcsteemsust, millega teaduslikke teooriaid, uuringuid jms s\u00f5naliselt v\u00e4ljendada.<\/span><\/div><input type=\"hidden\" name=\"question_id[]\" id=\"qID_6\" value=\"2\" class=\"watupro-question-id\"><input type=\"hidden\" id=\"answerType2\" class=\"answerTypeCnt6\" value=\"checkbox\"><input type=\"hidden\" id=\"watupro-required-question-2\"><!-- end question-content--><\/div><div class=\"question-choices watupro-choices-columns \" id=\"questionChoices2\"><div class=\"watupro-question-choice  \" dir=\"auto\"><input type=\"checkbox\" name=\"answer-2[]\" id=\"answer-id-7\" class=\"answer   answerof-2 \" value=\"7\"><label for=\"answer-id-7\" id=\"answer-label-7\" class=\" answer\"><span><p>\u00fcldkeel<\/p><\/span><\/label><\/div><div class=\"watupro-question-choice  \" dir=\"auto\"><input type=\"checkbox\" name=\"answer-2[]\" id=\"answer-id-8\" class=\"answer   answerof-2 \" value=\"8\"><label for=\"answer-id-8\" id=\"answer-label-8\" class=\" answer\"><span><p>k\u00f5nekeel<\/p><\/span><\/label><\/div><div class=\"watupro-question-choice  \" dir=\"auto\"><input type=\"checkbox\" name=\"answer-2[]\" id=\"answer-id-6\" class=\"answer   answerof-2 \" value=\"6\"><label for=\"answer-id-6\" id=\"answer-label-6\" class=\" answer\"><span><p>kirjakeel<\/p><\/span><\/label><\/div><div class=\"watupro-question-choice  \" dir=\"auto\"><input type=\"checkbox\" name=\"answer-2[]\" id=\"answer-id-5\" class=\"answer   answerof-2 \" value=\"5\"><label for=\"answer-id-5\" id=\"answer-label-5\" class=\" answer\"><span><p>teaduskeel<\/p><\/span><\/label><\/div><!-- end question-choices--><\/div><!-- end questionWrap--><\/div><\/div><div class=\"watu-question \" id=\"question-7\" style=\";\"><div id=\"questionWrap-7\" class=\"  watupro-required-11 watupro-question-id-11\">\n\t\t\t<div class=\"question-content\"><div><p><span style=\"color:#4b0082;\">Terminitel ei ole s\u00fcnon\u00fc\u00fcme.<\/span><\/p><\/div><input type=\"hidden\" name=\"question_id[]\" id=\"qID_7\" value=\"11\" class=\"watupro-question-id\"><input type=\"hidden\" id=\"answerType11\" class=\"answerTypeCnt7\" value=\"radio\"><input type=\"hidden\" id=\"watupro-required-question-11\"><!-- end question-content--><\/div><div class=\"question-choices watupro-choices-columns \" id=\"questionChoices11\"><div class=\"watupro-question-choice  \" dir=\"auto\"><input type=\"radio\" name=\"answer-11[]\" id=\"answer-id-26\" class=\"answer   answerof-11 \" value=\"26\"><label for=\"answer-id-26\" id=\"answer-label-26\" class=\" answer\"><span>True<\/span><\/label><\/div><div class=\"watupro-question-choice  \" dir=\"auto\"><input type=\"radio\" name=\"answer-11[]\" id=\"answer-id-27\" class=\"answer   answerof-11 \" value=\"27\"><label for=\"answer-id-27\" id=\"answer-label-27\" class=\" answer\"><span>False<\/span><\/label><\/div><!-- end question-choices--><\/div><!-- end questionWrap--><\/div><\/div><div class=\"watu-question \" id=\"question-8\" style=\";\"><div id=\"questionWrap-8\" class=\"  watupro-required-6 watupro-question-id-6\">\n\t\t\t<div class=\"question-content\"><div><span style=\"color: #4b0082;\">Oskussuhtluses kasutatakse kirjakeelt: tervikliktekstide loomiseks on vaja oskuss\u00f5navarale lisaks ka kirjakeele s\u00f5navara ja grammatikat.<\/span><\/div><input type=\"hidden\" name=\"question_id[]\" id=\"qID_8\" value=\"6\" class=\"watupro-question-id\"><input type=\"hidden\" id=\"answerType6\" class=\"answerTypeCnt8\" value=\"radio\"><input type=\"hidden\" id=\"watupro-required-question-6\"><!-- end question-content--><\/div><div class=\"question-choices watupro-choices-columns \" id=\"questionChoices6\"><div class=\"watupro-question-choice  \" dir=\"auto\"><input type=\"radio\" name=\"answer-6[]\" id=\"answer-id-16\" class=\"answer   answerof-6 \" value=\"16\"><label for=\"answer-id-16\" id=\"answer-label-16\" class=\" answer\"><span>True<\/span><\/label><\/div><div class=\"watupro-question-choice  \" dir=\"auto\"><input type=\"radio\" name=\"answer-6[]\" id=\"answer-id-17\" class=\"answer   answerof-6 \" value=\"17\"><label for=\"answer-id-17\" id=\"answer-label-17\" class=\" answer\"><span>False<\/span><\/label><\/div><!-- end question-choices--><\/div><!-- end questionWrap--><\/div><\/div><div class=\"watu-question \" id=\"question-9\" style=\";\"><div id=\"questionWrap-9\" class=\"  watupro-required-4 watupro-question-id-4\">\n\t\t\t<div class=\"question-content\"><div><span style=\"color: #4b0082;\">Eesti \u00f5igekeelsuss\u00f5naraamat \u00d5S 2018 on kirjakeele normi alus alates 1. jaanuarist 2019<\/span><\/div><input type=\"hidden\" name=\"question_id[]\" id=\"qID_9\" value=\"4\" class=\"watupro-question-id\"><input type=\"hidden\" id=\"answerType4\" class=\"answerTypeCnt9\" value=\"radio\"><input type=\"hidden\" id=\"watupro-required-question-4\"><!-- end question-content--><\/div><div class=\"question-choices watupro-choices-columns \" id=\"questionChoices4\"><div class=\"watupro-question-choice  \" dir=\"auto\"><input type=\"radio\" name=\"answer-4[]\" id=\"answer-id-12\" class=\"answer   answerof-4 \" value=\"12\"><label for=\"answer-id-12\" id=\"answer-label-12\" class=\" answer\"><span>True<\/span><\/label><\/div><div class=\"watupro-question-choice  \" dir=\"auto\"><input type=\"radio\" name=\"answer-4[]\" id=\"answer-id-13\" class=\"answer   answerof-4 \" value=\"13\"><label for=\"answer-id-13\" id=\"answer-label-13\" class=\" answer\"><span>False<\/span><\/label><\/div><!-- end question-choices--><\/div><!-- end questionWrap--><\/div><\/div><div class=\"watu-question \" id=\"question-10\" style=\";\"><div id=\"questionWrap-10\" class=\"  watupro-required-7 watupro-question-id-7\">\n\t\t\t<div class=\"question-content\"><div><p><span style=\"color:#4b0082;\">M\u00f5isted saadakse objektidest abstraheerimise teel, j\u00e4ttes k\u00f5rvale ebaolulise ning v\u00f5ttes vaid olulisimad tunnused.<\/span><\/p><\/div><input type=\"hidden\" name=\"question_id[]\" id=\"qID_10\" value=\"7\" class=\"watupro-question-id\"><input type=\"hidden\" id=\"answerType7\" class=\"answerTypeCnt10\" value=\"radio\"><input type=\"hidden\" id=\"watupro-required-question-7\"><!-- end question-content--><\/div><div class=\"question-choices watupro-choices-columns \" id=\"questionChoices7\"><div class=\"watupro-question-choice  \" dir=\"auto\"><input type=\"radio\" name=\"answer-7[]\" id=\"answer-id-18\" class=\"answer   answerof-7 \" value=\"18\"><label for=\"answer-id-18\" id=\"answer-label-18\" class=\" answer\"><span>True<\/span><\/label><\/div><div class=\"watupro-question-choice  \" dir=\"auto\"><input type=\"radio\" name=\"answer-7[]\" id=\"answer-id-19\" class=\"answer   answerof-7 \" value=\"19\"><label for=\"answer-id-19\" id=\"answer-label-19\" class=\" answer\"><span>False<\/span><\/label><\/div><!-- end question-choices--><\/div><!-- end questionWrap--><\/div><\/div><div class=\"watu-question \" id=\"question-11\" style=\";\"><div id=\"questionWrap-11\" class=\"  watupro-required-10 watupro-question-id-10\">\n\t\t\t<div class=\"question-content\"><div><p><span style=\"color:#4b0082;\">Termin olgu parajalt l\u00fchike, selge, \u00f5igesti orienteeriv, \u00fchet\u00e4henduslik, meeldej\u00e4\u00e4v, kergesti h\u00e4\u00e4ldatav, sobiv tuletiste saamiseks, ajakohane.<\/span><\/p><\/div><input type=\"hidden\" name=\"question_id[]\" id=\"qID_11\" value=\"10\" class=\"watupro-question-id\"><input type=\"hidden\" id=\"answerType10\" class=\"answerTypeCnt11\" value=\"radio\"><input type=\"hidden\" id=\"watupro-required-question-10\"><!-- end question-content--><\/div><div class=\"question-choices watupro-choices-columns \" id=\"questionChoices10\"><div class=\"watupro-question-choice  \" dir=\"auto\"><input type=\"radio\" name=\"answer-10[]\" id=\"answer-id-24\" class=\"answer   answerof-10 \" value=\"24\"><label for=\"answer-id-24\" id=\"answer-label-24\" class=\" answer\"><span>True<\/span><\/label><\/div><div class=\"watupro-question-choice  \" dir=\"auto\"><input type=\"radio\" name=\"answer-10[]\" id=\"answer-id-25\" class=\"answer   answerof-10 \" value=\"25\"><label for=\"answer-id-25\" id=\"answer-label-25\" class=\" answer\"><span>False<\/span><\/label><\/div><!-- end question-choices--><\/div><!-- end questionWrap--><\/div><\/div><div style=\"display:none\" id=\"question-12\">\n\t<div class=\"question-content\">\n\t\t<img loading=\"lazy\" decoding=\"async\" src=\"https:\/\/sisu.ut.ee\/wp-content\/plugins\/watupro\/img\/loading.gif\" width=\"16\" height=\"16\" alt=\"Loading...\" title=\"Loading...\">\u00a0Loading...\t<\/div>\n<\/div>\n\n<br>\n\t\n\t\t\t<div class=\"watupro_buttons flex \" id=\"watuPROButtons1\">\n\t\t  <div id=\"prev-question\" style=\"display:none;\"><input type=\"button\" value=\"&lt; Previous\" onclick=\"WatuPRO.nextQuestion(event, 'previous');\"><\/div>\t\t  \t\t  \t\t   \n\t\t   \t  \t\t<div><input type=\"button\" name=\"action\" class=\"watupro-submit-button\" onclick=\"WatuPRO.submitResult(event)\" id=\"action-button\" value=\"N\u00e4ita tulemust\">\n\t\t<\/div>\n\t\t<\/div>\n\t\t\n\t<input type=\"hidden\" name=\"quiz_id\" value=\"1\" id=\"watuPROExamID\">\n\t<input type=\"hidden\" name=\"start_time\" id=\"startTime\" value=\"2026-04-17 18:52:12\">\n\t<input type=\"hidden\" name=\"start_timestamp\" id=\"startTimeStamp\" value=\"1776451932\">\n\t<input type=\"hidden\" name=\"question_ids\" value=\"\">\n\t<input type=\"hidden\" name=\"watupro_questions\" value=\"8:20,21 | 3:9,10,11 | 9:22,23 | 5:14,15 | 1:1,3,2,4 | 2:7,8,6,5 | 11:26,27 | 6:16,17 | 4:12,13 | 7:18,19 | 10:24,25\">\n\t<input type=\"hidden\" name=\"no_ajax\" value=\"0\">\t\t\t<\/form>\n\t<p>\u00a0<\/p>\n<\/div>\n\n<script type=\"text\/javascript\">\n\/\/jQuery(document).ready(function(){\ndocument.addEventListener(\"DOMContentLoaded\", function(event) { \t\nvar question_ids = \"8,3,9,5,1,2,11,6,4,7,10\";\nWatuPROSettings[1] = {};\nWatuPRO.qArr = question_ids.split(',');\nWatuPRO.exam_id = 1;\t    \nWatuPRO.post_id = 47;\nWatuPRO.store_progress = 0;\nWatuPRO.curCatPage = 1;\nWatuPRO.requiredIDs=\"0,8,3,9,5,1,2,11,6,4,7,10\".split(\",\");\nWatuPRO.hAppID = \"0.11332700 1776441132\";\nvar url = \"https:\/\/sisu.ut.ee\/wp-content\/plugins\/watupro\/show_exam.php\";\nWatuPRO.examMode = 1;\nWatuPRO.siteURL=\"https:\/\/sisu.ut.ee\/oskuskeel\/wp-admin\/admin-ajax.php\";\nWatuPRO.emailIsNotRequired = 0;\nWatuPRO.perDecade = 10;\nWatuPROIntel.init(1);\nWatuPRO.inCategoryPages=1;});    \t \n<\/script>\n\n","protected":false},"excerpt":{"rendered":"","protected":false},"author":76,"featured_media":0,"parent":0,"menu_order":0,"comment_status":"closed","ping_status":"closed","template":"","meta":{"_acf_changed":false,"inline_featured_image":false,"footnotes":""},"class_list":["post-47","page","type-page","status-publish","hentry"],"acf":[],"_links":{"self":[{"href":"https:\/\/sisu.ut.ee\/oskuskeel\/wp-json\/wp\/v2\/pages\/47","targetHints":{"allow":["GET"]}}],"collection":[{"href":"https:\/\/sisu.ut.ee\/oskuskeel\/wp-json\/wp\/v2\/pages"}],"about":[{"href":"https:\/\/sisu.ut.ee\/oskuskeel\/wp-json\/wp\/v2\/types\/page"}],"author":[{"embeddable":true,"href":"https:\/\/sisu.ut.ee\/oskuskeel\/wp-json\/wp\/v2\/users\/76"}],"replies":[{"embeddable":true,"href":"https:\/\/sisu.ut.ee\/oskuskeel\/wp-json\/wp\/v2\/comments?post=47"}],"version-history":[{"count":0,"href":"https:\/\/sisu.ut.ee\/oskuskeel\/wp-json\/wp\/v2\/pages\/47\/revisions"}],"wp:attachment":[{"href":"https:\/\/sisu.ut.ee\/oskuskeel\/wp-json\/wp\/v2\/media?parent=47"}],"curies":[{"name":"wp","href":"https:\/\/api.w.org\/{rel}","templated":true}]}}