{"id":3,"date":"2024-04-04T07:09:45","date_gmt":"2024-04-04T04:09:45","guid":{"rendered":"https:\/\/sisu.ut.ee\/oskuskeel\/avaleht\/"},"modified":"2024-08-26T11:08:25","modified_gmt":"2024-08-26T08:08:25","slug":"avaleht","status":"publish","type":"page","link":"https:\/\/sisu.ut.ee\/oskuskeel\/","title":{"rendered":"Avaleht"},"content":{"rendered":"<p><\/p>\n\n\n\n<h1 class=\"wp-block-heading\">Tere tulemast T\u00dc Viljandi kultuuriakadeemia oskuskeele lehele!<\/h1>\n\n\n\n<p>See lehek\u00fclg on loodud \u00fcli\u00f5pilaste seminari, l\u00f5pu- ja magistrit\u00f6\u00f6de koostamise toetamiseks. Materjal koosneb keele erinevaid liike tutvustavast loengust, kasulike linkide ja viidete kogust ning enesekontrolli \u00fclesannetest.\u00a0<\/p>\n\n\n\n<p>See lehek\u00fclg on loodud \u00fcli\u00f5pilaste seminari, l\u00f5pu- ja magistrit\u00f6\u00f6de koostamise toetamiseks. Materjal koosneb keele erinevaid liike tutvustavast loengust, kasulike linkide ja viidete kogust ning enesekontrolli \u00fclesannetest.\u00a0<\/p>\n\n\n\n<p><span style=\"font-size: 14px;\">1. <\/span><a title=\"\" href=\"https:\/\/sisu.ut.ee\/wp-content\/uploads\/sites\/483\/mitmekeelne_oskussuhtlus_tavast_taukar2013.pdf\" target=\"_blank\" rel=\"noopener\" data-url=\"https:\/\/sisu.ut.ee\/wp-content\/uploads\/sites\/483\/mitmekeelne_oskussuhtlus_tavast_taukar2013.pdf\">Arvi Tavast &amp; Marju Taukar. 2013. Mitmekeelne oskussuhtlus. Tallinn: Valgus.<\/a><br><span style=\"font-size: 14px;\">2.<\/span><a title=\"\" href=\"https:\/\/sisu.ut.ee\/wp-content\/uploads\/sites\/483\/terminiopetus_erelt2007.pdf\" target=\"_blank\" rel=\"noopener\" data-url=\"https:\/\/sisu.ut.ee\/wp-content\/uploads\/sites\/483\/terminiopetus_erelt2007.pdf\">Tiiu Erelt. 2007. Termini\u00f5petus. Tartu: Tartu \u00dclikooli Kirjastus.<\/a><\/p>\n\n\n\n<p>Lisaks lektor Marja-Leena Jaanuse k\u00e4sit\u00f6\u00f6keele uurimustele (<a href=\"https:\/\/dspace.ut.ee\/items\/52c91e37-7e11-49af-bf7f-84b8560ade02\" data-type=\"link\" data-id=\"https:\/\/dspace.ut.ee\/items\/52c91e37-7e11-49af-bf7f-84b8560ade02\" target=\"_blank\" rel=\"noreferrer noopener\">l\u00f5put\u00f6\u00f6 k\u00f5latehnika oskuss\u00f5navarast<\/a> ja <a href=\"https:\/\/dspace.ut.ee\/items\/df711d15-db90-4d8c-ba20-b23b01e05b5f\" target=\"_blank\" rel=\"noreferrer noopener\">magistrit\u00f6\u00f6 k\u00e4sit\u00f6\u00f6keele korrastamisest ja arendamisest<\/a>) ning K\u00e4sit\u00f6\u00f6teaduse terminite komisjoni koosolekute kogemusele.<\/p>\n\n\n\n<p>\u00d5ppematerjali koostajaks on p\u00e4randtehnoloogia vilistlane Marja-Leena Jaanus. N\u00f5u ja j\u00f5uga on abiks olnud Maritta Anton, Maju Piir, Katri K\u00fctt, Lembe Lahtmaa ja Ave Matsin.<\/p>\n\n\n\n<p>\u00d5ppematerjal on valminud Eesti Keele Instituudi terminikonkursi tegevustoetuse abil.<\/p>\n\n\n\n<p><\/p>\n\n\n\n<p class=\"has-text-align-center\">M\u00e4rts, 2021<\/p>\n","protected":false},"excerpt":{"rendered":"<p>Tere tulemast T\u00dc Viljandi kultuuriakadeemia oskuskeele lehele! See lehek\u00fclg on loodud \u00fcli\u00f5pilaste seminari, l\u00f5pu- ja magistrit\u00f6\u00f6de koostamise toetamiseks. Materjal koosneb keele erinevaid liike tutvustavast loengust, kasulike linkide ja viidete kogust ning enesekontrolli \u00fclesannetest.\u00a0 See lehek\u00fclg on loodud \u00fcli\u00f5pilaste seminari, l\u00f5pu- &#8230;<\/p>\n","protected":false},"author":249,"featured_media":0,"parent":0,"menu_order":0,"comment_status":"closed","ping_status":"closed","template":"","meta":{"_acf_changed":false,"inline_featured_image":false,"footnotes":""},"class_list":["post-3","page","type-page","status-publish","hentry"],"acf":[],"_links":{"self":[{"href":"https:\/\/sisu.ut.ee\/oskuskeel\/wp-json\/wp\/v2\/pages\/3","targetHints":{"allow":["GET"]}}],"collection":[{"href":"https:\/\/sisu.ut.ee\/oskuskeel\/wp-json\/wp\/v2\/pages"}],"about":[{"href":"https:\/\/sisu.ut.ee\/oskuskeel\/wp-json\/wp\/v2\/types\/page"}],"author":[{"embeddable":true,"href":"https:\/\/sisu.ut.ee\/oskuskeel\/wp-json\/wp\/v2\/users\/249"}],"replies":[{"embeddable":true,"href":"https:\/\/sisu.ut.ee\/oskuskeel\/wp-json\/wp\/v2\/comments?post=3"}],"version-history":[{"count":9,"href":"https:\/\/sisu.ut.ee\/oskuskeel\/wp-json\/wp\/v2\/pages\/3\/revisions"}],"predecessor-version":[{"id":72,"href":"https:\/\/sisu.ut.ee\/oskuskeel\/wp-json\/wp\/v2\/pages\/3\/revisions\/72"}],"wp:attachment":[{"href":"https:\/\/sisu.ut.ee\/oskuskeel\/wp-json\/wp\/v2\/media?parent=3"}],"curies":[{"name":"wp","href":"https:\/\/api.w.org\/{rel}","templated":true}]}}