{"id":9,"date":"2024-04-03T23:06:45","date_gmt":"2024-04-03T20:06:45","guid":{"rendered":"https:\/\/sisu.ut.ee\/ortodontia\/kaare-pikkuse-kontrollimine-ja-luhemaks-loikamine\/"},"modified":"2024-04-03T23:06:47","modified_gmt":"2024-04-03T20:06:47","slug":"kaare-pikkuse-kontrollimine-ja-luhemaks-loikamine","status":"publish","type":"page","link":"https:\/\/sisu.ut.ee\/ortodontia\/kaare-pikkuse-kontrollimine-ja-luhemaks-loikamine\/","title":{"rendered":"5. Kaare pikkuse kontrollimine ja l\u00fchemaks l\u00f5ikamine"},"content":{"rendered":"<p>\n\tKui patsient kurdab, et kaar torgib p\u00f5ske, siis:\n<\/p>\n<ul>\n<li>\n\t\t<span data-mce-mark=\"1\" style=\"line-height: 1.6em\">kontrolli eelk\u00f5ige hambakaare teisel poolel, kas kaar on korralikult tuubis. Kui ei ole, siis sikuta n\u00f5elahoidjaga kaar tuubi sisse. <\/span>\n\t<\/li>\n<li>\n\t\t<span style=\"line-height: 1.6em\">kontrolli n\u00fc\u00fcd probleemset poolt. Kui kaar ei ulatu enam tuubi tagant v\u00e4lja, siis on k\u00f5ik h\u00e4sti. Kui kaar on probleemsel poolel ikka pikk, siis l\u00f5ika kaare liigne ots \u00e4ra n\u00e4iteks roteeruva instrumendiga.<\/span>\n\t<\/li>\n<\/ul>\n<p style=\"text-align: center\">\n\t<\/p><div class=\"ratio ratio-16x9 mb-3\"><div class=\"video-placeholder-wrapper video-placeholder-wrapper--16x9\">\n\t\t\t    <div class=\"video-placeholder d-flex justify-content-center align-items-center\">\n\t\t\t        <div class=\"overlay text-white p-2 w-100 text-center d-block justify-content-center align-items-center\">\n\t\t\t            <div>Kolmandate osapoolte sisu n\u00e4gemiseks palun n\u00f5ustu k\u00fcpsistega.<\/div>\n\t\t\t            <button class=\"btn btn-secondary btn-sm mt-1 consent-change\">Muuda n\u00f5usolekut<\/button>\n\t\t\t        <\/div>\n\t\t\t    <\/div>\n\t\t\t<\/div>\n<\/div>\n\n<p style=\"text-align: center\">\n\t<a data-url=\"https:\/\/panopto.ut.ee\/Panopto\/Pages\/Viewer.aspx?id=38e2f3c1-c7b9-4ed0-88ae-ae70005fc0e5\" href=\"https:\/\/panopto.ut.ee\/Panopto\/Pages\/Viewer.aspx?id=38e2f3c1-c7b9-4ed0-88ae-ae70005fc0e5\" target=\"_blank\" title=\"\" rel=\"noopener\">Viide videole<\/a><\/p>\n","protected":false},"excerpt":{"rendered":"<p>Kui patsient kurdab, et kaar torgib p\u00f5ske, siis: kontrolli eelk\u00f5ige hambakaare teisel poolel, kas kaar on korralikult tuubis. Kui ei ole, siis sikuta n\u00f5elahoidjaga kaar tuubi sisse. kontrolli n\u00fc\u00fcd probleemset poolt. Kui kaar ei ulatu enam tuubi tagant v\u00e4lja, siis &#8230;<\/p>\n","protected":false},"author":2,"featured_media":0,"parent":0,"menu_order":0,"comment_status":"closed","ping_status":"closed","template":"","meta":{"_acf_changed":false,"inline_featured_image":false,"footnotes":""},"class_list":["post-9","page","type-page","status-publish","hentry"],"acf":[],"_links":{"self":[{"href":"https:\/\/sisu.ut.ee\/ortodontia\/wp-json\/wp\/v2\/pages\/9","targetHints":{"allow":["GET"]}}],"collection":[{"href":"https:\/\/sisu.ut.ee\/ortodontia\/wp-json\/wp\/v2\/pages"}],"about":[{"href":"https:\/\/sisu.ut.ee\/ortodontia\/wp-json\/wp\/v2\/types\/page"}],"author":[{"embeddable":true,"href":"https:\/\/sisu.ut.ee\/ortodontia\/wp-json\/wp\/v2\/users\/2"}],"replies":[{"embeddable":true,"href":"https:\/\/sisu.ut.ee\/ortodontia\/wp-json\/wp\/v2\/comments?post=9"}],"version-history":[{"count":1,"href":"https:\/\/sisu.ut.ee\/ortodontia\/wp-json\/wp\/v2\/pages\/9\/revisions"}],"predecessor-version":[{"id":42,"href":"https:\/\/sisu.ut.ee\/ortodontia\/wp-json\/wp\/v2\/pages\/9\/revisions\/42"}],"wp:attachment":[{"href":"https:\/\/sisu.ut.ee\/ortodontia\/wp-json\/wp\/v2\/media?parent=9"}],"curies":[{"name":"wp","href":"https:\/\/api.w.org\/{rel}","templated":true}]}}