{"id":8,"date":"2024-04-03T23:06:45","date_gmt":"2024-04-03T20:06:45","guid":{"rendered":"https:\/\/sisu.ut.ee\/ortodontia\/kaare-fikseerimise-erinevad-voimalused-kummiketi-asetamine\/"},"modified":"2024-04-03T23:06:47","modified_gmt":"2024-04-03T20:06:47","slug":"kaare-fikseerimise-erinevad-voimalused-kummiketi-asetamine","status":"publish","type":"page","link":"https:\/\/sisu.ut.ee\/ortodontia\/kaare-fikseerimise-erinevad-voimalused-kummiketi-asetamine\/","title":{"rendered":"6. Kaare fikseerimise erinevad v\u00f5imalused, kummiketi asetamine"},"content":{"rendered":"<p>\n\tKaare fikseerimiseks breketite k\u00fclge on mitu v\u00f5imalust. Videol\u00f5igul n\u00e4ete, kuidas seda tehakse kummiligatuuriga, metall-ligatuuriga ja erinevat t\u00fc\u00fcpi iseligeeruvate breketite kasutamisel. Hambaarstina peate olema kindel, et saite aru, kuidas kaar on breketi k\u00fclge kinnitatud, ja alles seej\u00e4rel teete otsuse, kas hakkate ise kaart kinnitama v\u00f5i suunate patsiendi teda ravinud ortodondi vastuv\u00f5tule. K\u00f5ik ikka selleks, et mitte kahjustada raviaparaati.\n<\/p>\n<p>\n\tHambaarstil ei ole tavaliselt ei kummi- ega metall-ligatuure, samuti kummiketti. Kui patsiendil on ligatuur kaasas, siis v\u00f5ite selle tagasi panna. Kui ligatuure v\u00f5i kummiketti pole, siis saatke patsient teda ravinud ortodondi vastuv\u00f5tule.\n<\/p>\n<p style=\"text-align: center\">\n\t<\/p><div class=\"ratio ratio-16x9 mb-3\"><div class=\"video-placeholder-wrapper video-placeholder-wrapper--16x9\">\n\t\t\t    <div class=\"video-placeholder d-flex justify-content-center align-items-center\">\n\t\t\t        <div class=\"overlay text-white p-2 w-100 text-center d-block justify-content-center align-items-center\">\n\t\t\t            <div>Kolmandate osapoolte sisu n\u00e4gemiseks palun n\u00f5ustu k\u00fcpsistega.<\/div>\n\t\t\t            <button class=\"btn btn-secondary btn-sm mt-1 consent-change\">Muuda n\u00f5usolekut<\/button>\n\t\t\t        <\/div>\n\t\t\t    <\/div>\n\t\t\t<\/div>\n<\/div>\n\n<p style=\"text-align: center\">\n\t<a data-url=\"https:\/\/panopto.ut.ee\/Panopto\/Pages\/Viewer.aspx?id=0c3559aa-5054-4a09-8c62-ae70005fc0e4\" href=\"https:\/\/panopto.ut.ee\/Panopto\/Pages\/Viewer.aspx?id=0c3559aa-5054-4a09-8c62-ae70005fc0e4\" target=\"_blank\" title=\"\" rel=\"noopener\">Viide videole<\/a><\/p>\n","protected":false},"excerpt":{"rendered":"<p>Kaare fikseerimiseks breketite k\u00fclge on mitu v\u00f5imalust. Videol\u00f5igul n\u00e4ete, kuidas seda tehakse kummiligatuuriga, metall-ligatuuriga ja erinevat t\u00fc\u00fcpi iseligeeruvate breketite kasutamisel. Hambaarstina peate olema kindel, et saite aru, kuidas kaar on breketi k\u00fclge kinnitatud, ja alles seej\u00e4rel teete otsuse, kas hakkate &#8230;<\/p>\n","protected":false},"author":2,"featured_media":0,"parent":0,"menu_order":0,"comment_status":"closed","ping_status":"closed","template":"","meta":{"_acf_changed":false,"inline_featured_image":false,"footnotes":""},"class_list":["post-8","page","type-page","status-publish","hentry"],"acf":[],"_links":{"self":[{"href":"https:\/\/sisu.ut.ee\/ortodontia\/wp-json\/wp\/v2\/pages\/8","targetHints":{"allow":["GET"]}}],"collection":[{"href":"https:\/\/sisu.ut.ee\/ortodontia\/wp-json\/wp\/v2\/pages"}],"about":[{"href":"https:\/\/sisu.ut.ee\/ortodontia\/wp-json\/wp\/v2\/types\/page"}],"author":[{"embeddable":true,"href":"https:\/\/sisu.ut.ee\/ortodontia\/wp-json\/wp\/v2\/users\/2"}],"replies":[{"embeddable":true,"href":"https:\/\/sisu.ut.ee\/ortodontia\/wp-json\/wp\/v2\/comments?post=8"}],"version-history":[{"count":1,"href":"https:\/\/sisu.ut.ee\/ortodontia\/wp-json\/wp\/v2\/pages\/8\/revisions"}],"predecessor-version":[{"id":41,"href":"https:\/\/sisu.ut.ee\/ortodontia\/wp-json\/wp\/v2\/pages\/8\/revisions\/41"}],"wp:attachment":[{"href":"https:\/\/sisu.ut.ee\/ortodontia\/wp-json\/wp\/v2\/media?parent=8"}],"curies":[{"name":"wp","href":"https:\/\/api.w.org\/{rel}","templated":true}]}}