{"id":7,"date":"2024-04-03T23:06:45","date_gmt":"2024-04-03T20:06:45","guid":{"rendered":"https:\/\/sisu.ut.ee\/ortodontia\/elastikud-ehk-kummisikutid-0\/"},"modified":"2024-04-03T23:06:47","modified_gmt":"2024-04-03T20:06:47","slug":"elastikud-ehk-kummisikutid-0","status":"publish","type":"page","link":"https:\/\/sisu.ut.ee\/ortodontia\/elastikud-ehk-kummisikutid-0\/","title":{"rendered":"8. Elastikud ehk kummisikutid"},"content":{"rendered":"<p>\n\tFilmil\u00f5igul demonstreeritakse elastikute asetamist, kui patsiendil ravitakse Angle\u2019i II klassi anomaaliat, Angle\u2019i III klassi anomaaliat v\u00f5i kui on vaja k\u00fclgmisi hambaid \u00fclalt alla suunas paremasse kontakti saada. Hambaarst peab m\u00f5istma, et kummide asetamise suuna on ortodont m\u00e4\u00e4ranud sihip\u00e4raselt ja patsient peab seda j\u00e4rgima. V\u00f5ib ette tulla olukordi, kus\u00a0 \u00fchel pool on kummisikutite ehk elastikute suund \u00fchesugune ja teisel pool teistsugune. Tavaliselt teab patsient ise, kuidas neid asetada.\n<\/p>\n<p>\n\tKui teil on hammaste parandamiseks vaja elastikud suust \u00e4ra v\u00f5tta, siis enne vaadake, kuidas need asetsesid, et p\u00e4rast raviprotseduuri l\u00f5ppu elastik samamoodi tagasi panna.\n<\/p>\n<p style=\"text-align: center\">\n\t<\/p><div class=\"ratio ratio-16x9 mb-3\"><div class=\"video-placeholder-wrapper video-placeholder-wrapper--16x9\">\n\t\t\t    <div class=\"video-placeholder d-flex justify-content-center align-items-center\">\n\t\t\t        <div class=\"overlay text-white p-2 w-100 text-center d-block justify-content-center align-items-center\">\n\t\t\t            <div>Kolmandate osapoolte sisu n\u00e4gemiseks palun n\u00f5ustu k\u00fcpsistega.<\/div>\n\t\t\t            <button class=\"btn btn-secondary btn-sm mt-1 consent-change\">Muuda n\u00f5usolekut<\/button>\n\t\t\t        <\/div>\n\t\t\t    <\/div>\n\t\t\t<\/div>\n<\/div>\n\n<p style=\"text-align: center\">\n\t<a data-url=\"https:\/\/panopto.ut.ee\/Panopto\/Pages\/Viewer.aspx?id=43222ac2-7d34-432d-8dc3-ae7000620f4b\" href=\"https:\/\/panopto.ut.ee\/Panopto\/Pages\/Viewer.aspx?id=43222ac2-7d34-432d-8dc3-ae7000620f4b\" target=\"_blank\" title=\"\" rel=\"noopener\">Viide videole<\/a><\/p>\n","protected":false},"excerpt":{"rendered":"<p>Filmil\u00f5igul demonstreeritakse elastikute asetamist, kui patsiendil ravitakse Angle\u2019i II klassi anomaaliat, Angle\u2019i III klassi anomaaliat v\u00f5i kui on vaja k\u00fclgmisi hambaid \u00fclalt alla suunas paremasse kontakti saada. Hambaarst peab m\u00f5istma, et kummide asetamise suuna on ortodont m\u00e4\u00e4ranud sihip\u00e4raselt ja patsient &#8230;<\/p>\n","protected":false},"author":2,"featured_media":0,"parent":0,"menu_order":0,"comment_status":"closed","ping_status":"closed","template":"","meta":{"_acf_changed":false,"inline_featured_image":false,"footnotes":""},"class_list":["post-7","page","type-page","status-publish","hentry"],"acf":[],"_links":{"self":[{"href":"https:\/\/sisu.ut.ee\/ortodontia\/wp-json\/wp\/v2\/pages\/7","targetHints":{"allow":["GET"]}}],"collection":[{"href":"https:\/\/sisu.ut.ee\/ortodontia\/wp-json\/wp\/v2\/pages"}],"about":[{"href":"https:\/\/sisu.ut.ee\/ortodontia\/wp-json\/wp\/v2\/types\/page"}],"author":[{"embeddable":true,"href":"https:\/\/sisu.ut.ee\/ortodontia\/wp-json\/wp\/v2\/users\/2"}],"replies":[{"embeddable":true,"href":"https:\/\/sisu.ut.ee\/ortodontia\/wp-json\/wp\/v2\/comments?post=7"}],"version-history":[{"count":1,"href":"https:\/\/sisu.ut.ee\/ortodontia\/wp-json\/wp\/v2\/pages\/7\/revisions"}],"predecessor-version":[{"id":40,"href":"https:\/\/sisu.ut.ee\/ortodontia\/wp-json\/wp\/v2\/pages\/7\/revisions\/40"}],"wp:attachment":[{"href":"https:\/\/sisu.ut.ee\/ortodontia\/wp-json\/wp\/v2\/media?parent=7"}],"curies":[{"name":"wp","href":"https:\/\/api.w.org\/{rel}","templated":true}]}}