{"id":5,"date":"2024-04-03T23:06:45","date_gmt":"2024-04-03T20:06:45","guid":{"rendered":"https:\/\/sisu.ut.ee\/ortodontia\/separatsioonikummi-asetamine\/"},"modified":"2024-04-03T23:06:47","modified_gmt":"2024-04-03T20:06:47","slug":"separatsioonikummi-asetamine","status":"publish","type":"page","link":"https:\/\/sisu.ut.ee\/ortodontia\/separatsioonikummi-asetamine\/","title":{"rendered":"9. Separatsioonikummi asetamine"},"content":{"rendered":"<p>\n\tSeparatsioonikummi \u00fclesanne on vahe tekitamine hammaste vahele, et oleks v\u00f5imalik panna hamba \u00fcmber v\u00f5ru. Tavaliselt asetab ortodont separatsioonikummid hammaste vahele umbes n\u00e4dalaks. Patsient v\u00f5ib hambaarstile kurta, et \u00fcks kummidest tuli \u00e4ra, ja soovib, et te aitaksite selle tagasi panna. Separatsioonikummi asetamise v\u00f5tted on n\u00e4ha videol\u00f5igul.\n<\/p>\n<p>\n\tKui patsient kurdab, et separatsioonikumm vajus igemetaskusse ja teie pole selles kindel, siis tehte r\u00f6ntgen\u00fclesv\u00f5te, separatsioonikumm on r\u00f6ntgenkontrastne ja on \u00fclesv\u00f5ttel n\u00e4ha. Igemetaskusse kummi j\u00e4tta ei tohi, sest ta v\u00f5ib kahjustada hammast \u00fcmbritsevaid ligamente.\n<\/p>\n<p style=\"text-align: center\">\n\t<\/p><div class=\"ratio ratio-16x9 mb-3\"><div class=\"video-placeholder-wrapper video-placeholder-wrapper--16x9\">\n\t\t\t    <div class=\"video-placeholder d-flex justify-content-center align-items-center\">\n\t\t\t        <div class=\"overlay text-white p-2 w-100 text-center d-block justify-content-center align-items-center\">\n\t\t\t            <div>Kolmandate osapoolte sisu n\u00e4gemiseks palun n\u00f5ustu k\u00fcpsistega.<\/div>\n\t\t\t            <button class=\"btn btn-secondary btn-sm mt-1 consent-change\">Muuda n\u00f5usolekut<\/button>\n\t\t\t        <\/div>\n\t\t\t    <\/div>\n\t\t\t<\/div>\n<\/div>\n\n<p style=\"text-align: center\">\n\t<a data-url=\"https:\/\/panopto.ut.ee\/Panopto\/Pages\/Viewer.aspx?id=68c9e977-9c91-4222-a92f-ae70005fc0e9\" href=\"https:\/\/panopto.ut.ee\/Panopto\/Pages\/Viewer.aspx?id=68c9e977-9c91-4222-a92f-ae70005fc0e9\" target=\"_blank\" title=\"\" rel=\"noopener\">Viide videole<\/a><\/p>\n","protected":false},"excerpt":{"rendered":"<p>Separatsioonikummi \u00fclesanne on vahe tekitamine hammaste vahele, et oleks v\u00f5imalik panna hamba \u00fcmber v\u00f5ru. Tavaliselt asetab ortodont separatsioonikummid hammaste vahele umbes n\u00e4dalaks. Patsient v\u00f5ib hambaarstile kurta, et \u00fcks kummidest tuli \u00e4ra, ja soovib, et te aitaksite selle tagasi panna. Separatsioonikummi &#8230;<\/p>\n","protected":false},"author":2,"featured_media":0,"parent":0,"menu_order":0,"comment_status":"closed","ping_status":"closed","template":"","meta":{"_acf_changed":false,"inline_featured_image":false,"footnotes":""},"class_list":["post-5","page","type-page","status-publish","hentry"],"acf":[],"_links":{"self":[{"href":"https:\/\/sisu.ut.ee\/ortodontia\/wp-json\/wp\/v2\/pages\/5","targetHints":{"allow":["GET"]}}],"collection":[{"href":"https:\/\/sisu.ut.ee\/ortodontia\/wp-json\/wp\/v2\/pages"}],"about":[{"href":"https:\/\/sisu.ut.ee\/ortodontia\/wp-json\/wp\/v2\/types\/page"}],"author":[{"embeddable":true,"href":"https:\/\/sisu.ut.ee\/ortodontia\/wp-json\/wp\/v2\/users\/2"}],"replies":[{"embeddable":true,"href":"https:\/\/sisu.ut.ee\/ortodontia\/wp-json\/wp\/v2\/comments?post=5"}],"version-history":[{"count":1,"href":"https:\/\/sisu.ut.ee\/ortodontia\/wp-json\/wp\/v2\/pages\/5\/revisions"}],"predecessor-version":[{"id":38,"href":"https:\/\/sisu.ut.ee\/ortodontia\/wp-json\/wp\/v2\/pages\/5\/revisions\/38"}],"wp:attachment":[{"href":"https:\/\/sisu.ut.ee\/ortodontia\/wp-json\/wp\/v2\/media?parent=5"}],"curies":[{"name":"wp","href":"https:\/\/api.w.org\/{rel}","templated":true}]}}