{"id":4,"date":"2024-04-03T23:06:45","date_gmt":"2024-04-03T20:06:45","guid":{"rendered":"https:\/\/sisu.ut.ee\/ortodontia\/hugieeniopetus-breketravi-ajal\/"},"modified":"2024-04-03T23:06:47","modified_gmt":"2024-04-03T20:06:47","slug":"hugieeniopetus-breketravi-ajal","status":"publish","type":"page","link":"https:\/\/sisu.ut.ee\/ortodontia\/hugieeniopetus-breketravi-ajal\/","title":{"rendered":"10. H\u00fcgieeni\u00f5petus breketravi ajal"},"content":{"rendered":"<p>\n\tPatsient vajab hambaarsti heatahtlikku abi, et arst veel kord selgitaks-n\u00e4itaks suuh\u00fcgieeni v\u00f5tteid. Videol\u00f5igul n\u00e4ete, kuidas teeb selgitust\u00f6\u00f6d h\u00fcgienist.\u00a0Lisavahendid, mida soovitada patsiendile individuaalseks suuh\u00fcgieeniks:\n<\/p>\n<ul>\n<li>\n\t\t<span style=\"line-height: 1.6em\">hambaniit<\/span>\n\t<\/li>\n<li>\n\t\t<span style=\"line-height: 1.6em\">elektrihambahari<\/span>\n\t<\/li>\n<li>\n\t\t<span style=\"line-height: 1.6em\">interdentaalsed harjad<\/span>\n\t<\/li>\n<li>\n\t\t<span style=\"line-height: 1.6em\">kummist otsaga hambatikud<\/span>\n\t<\/li>\n<li>\n\t\t<span style=\"line-height: 1.6em\">suuloputusvesi<\/span>\n\t<\/li>\n<\/ul>\n<p style=\"text-align: center\">\n\t<\/p><div class=\"ratio ratio-16x9 mb-3\"><div class=\"video-placeholder-wrapper video-placeholder-wrapper--16x9\">\n\t\t\t    <div class=\"video-placeholder d-flex justify-content-center align-items-center\">\n\t\t\t        <div class=\"overlay text-white p-2 w-100 text-center d-block justify-content-center align-items-center\">\n\t\t\t            <div>Kolmandate osapoolte sisu n\u00e4gemiseks palun n\u00f5ustu k\u00fcpsistega.<\/div>\n\t\t\t            <button class=\"btn btn-secondary btn-sm mt-1 consent-change\">Muuda n\u00f5usolekut<\/button>\n\t\t\t        <\/div>\n\t\t\t    <\/div>\n\t\t\t<\/div>\n<\/div>\n\n<p style=\"text-align: center\">\n\t<a data-url=\"https:\/\/panopto.ut.ee\/Panopto\/Pages\/Viewer.aspx?id=6ffa3b53-3626-4ffa-b1fc-ae70005fc0e4\" href=\"https:\/\/panopto.ut.ee\/Panopto\/Pages\/Viewer.aspx?id=6ffa3b53-3626-4ffa-b1fc-ae70005fc0e4\" target=\"_blank\" title=\"\" rel=\"noopener\">Viide videole<\/a><\/p>\n","protected":false},"excerpt":{"rendered":"<p>Patsient vajab hambaarsti heatahtlikku abi, et arst veel kord selgitaks-n\u00e4itaks suuh\u00fcgieeni v\u00f5tteid. Videol\u00f5igul n\u00e4ete, kuidas teeb selgitust\u00f6\u00f6d h\u00fcgienist.\u00a0Lisavahendid, mida soovitada patsiendile individuaalseks suuh\u00fcgieeniks: hambaniit elektrihambahari interdentaalsed harjad kummist otsaga hambatikud suuloputusvesi Kolmandate osapoolte sisu n\u00e4gemiseks palun n\u00f5ustu k\u00fcpsistega. Muuda n\u00f5usolekut &#8230;<\/p>\n","protected":false},"author":2,"featured_media":0,"parent":0,"menu_order":0,"comment_status":"closed","ping_status":"closed","template":"","meta":{"_acf_changed":false,"inline_featured_image":false,"footnotes":""},"class_list":["post-4","page","type-page","status-publish","hentry"],"acf":[],"_links":{"self":[{"href":"https:\/\/sisu.ut.ee\/ortodontia\/wp-json\/wp\/v2\/pages\/4","targetHints":{"allow":["GET"]}}],"collection":[{"href":"https:\/\/sisu.ut.ee\/ortodontia\/wp-json\/wp\/v2\/pages"}],"about":[{"href":"https:\/\/sisu.ut.ee\/ortodontia\/wp-json\/wp\/v2\/types\/page"}],"author":[{"embeddable":true,"href":"https:\/\/sisu.ut.ee\/ortodontia\/wp-json\/wp\/v2\/users\/2"}],"replies":[{"embeddable":true,"href":"https:\/\/sisu.ut.ee\/ortodontia\/wp-json\/wp\/v2\/comments?post=4"}],"version-history":[{"count":1,"href":"https:\/\/sisu.ut.ee\/ortodontia\/wp-json\/wp\/v2\/pages\/4\/revisions"}],"predecessor-version":[{"id":37,"href":"https:\/\/sisu.ut.ee\/ortodontia\/wp-json\/wp\/v2\/pages\/4\/revisions\/37"}],"wp:attachment":[{"href":"https:\/\/sisu.ut.ee\/ortodontia\/wp-json\/wp\/v2\/media?parent=4"}],"curies":[{"name":"wp","href":"https:\/\/api.w.org\/{rel}","templated":true}]}}