{"id":15,"date":"2024-04-03T23:06:45","date_gmt":"2024-04-03T20:06:45","guid":{"rendered":"https:\/\/sisu.ut.ee\/ortodontia\/avaleht\/"},"modified":"2024-04-05T16:42:57","modified_gmt":"2024-04-05T13:42:57","slug":"avaleht","status":"publish","type":"page","link":"https:\/\/sisu.ut.ee\/ortodontia\/","title":{"rendered":"Avaleht"},"content":{"rendered":"<p style=\"text-align: left;\">Autorid: ortodontia\u00f5ppej\u00f5ud\u00a0Rita N\u00f5mmela, Triin Jagom\u00e4gi<br>\nTartu \u00dclikool, stomatoloogia kliinik<br>\nVideod: Jaanus Jagom\u00e4gi<\/p>\n<p>\u00d5piobjektis olevate\u00a0videoklippide seeria n\u00e4itab hambaarstiks \u00f5ppivatele \u00fcli\u00f5pilastele vajalikke praktilisi t\u00f6\u00f6v\u00f5tteid, mis v\u00f5ivad praktikumide ajal n\u00e4gemata j\u00e4\u00e4da. Iga videoklipi juurde k\u00e4ib l\u00fchike tekst, mis sisaldab k\u00f5ige olulisemat teavet, mida antud praktilise t\u00f6\u00f6v\u00f5tte juures on vaja teada v\u00f5i meelde j\u00e4tta, et olla edaspidi edukas.\u00a0\u00a0Siin pakutavaid teadmisi ja t\u00f6\u00f6v\u00f5tteid saate rakendada \u00f5pingute ajal ja ka hiljem, t\u00f6\u00f6tades juba iseseisvalt hambaarstina.\u00a0Materjalide koostamisel on arvestatud hambaarstide vajadusi.<\/p>\n<p>Materjalid on m\u00f5eldud iseseisvaks omandamiseks ning testi sooritamine aitab omandatud teadmisi kinnistada.\u00a0Materjale omandama hakates on sihip\u00e4rane lugeda\u00a0 eelk\u00f5ige teemade pealkirju, nii on v\u00f5imalik koostada endale sobilik teemade l\u00e4bimise j\u00e4rjestus. Tuletage meelde, kas olete k\u00f5iki siin pakutavaid t\u00f6\u00f6v\u00f5tteid saanud praktikumis rakendada. Kui ei ole, ja praktikumid veel kestavad, siis p\u00f6\u00f6rduge \u00f5ppej\u00f5u poole sooviga neid protseduure ise sooritada. Kui midagi j\u00e4i ikkagi segaseks, siis k\u00fcsige alati \u00f5ppej\u00f5u k\u00e4est, mis teid huvitab.<\/p>\n<p style=\"text-align: center; margin-left: auto; margin-right: auto;\"><img loading=\"lazy\" decoding=\"async\" width=\"217\" height=\"93\" class=\"alignnone wp-image-16\" title=\"best_logo_v.jpg\" src=\"https:\/\/sisu.ut.ee\/wp-content\/uploads\/sites\/2\/best_logo_v.jpg\" alt=\"best_logo_v.jpg\"><img loading=\"lazy\" decoding=\"async\" width=\"185\" height=\"102\" class=\"alignnone wp-image-17\" title=\"esf185.jpg\" src=\"https:\/\/sisu.ut.ee\/wp-content\/uploads\/sites\/2\/esf185.jpg\" alt=\"esf185.jpg\"><\/p>\n\n\n<p class=\"has-extra-small-font-size\">K\u00e4esolev \u00f5piobjekt on autorikaitse all vastavalt Eesti Vabariigi autori\u00f5iguse seadusele. \u00d5piobjekti varalised \u00f5igused kuuluvad Tartu \u00dclikoolile. \u00d5piobjekti on lubatud reprodutseerida, levitada ja avalikult esitada ainult \u00f5piotstarbel kui tervikut, va refereerimine ja tsiteerimine motiveeritud mahus. \u00d5piobjekti ei ole lubatud kasutada kommertseesm\u00e4rgil. \u00d5piobjekti igakordsel kasutamisel on kasutaja kohustatud viitama \u00f5piobjekti autorile. \u00d5piobjekti pole lubatud muuta ega t\u00e4iendada.<\/p>\n","protected":false},"excerpt":{"rendered":"<p>Autorid: ortodontia\u00f5ppej\u00f5ud\u00a0Rita N\u00f5mmela, Triin Jagom\u00e4gi Tartu \u00dclikool, stomatoloogia kliinik Videod: Jaanus Jagom\u00e4gi \u00d5piobjektis olevate\u00a0videoklippide seeria n\u00e4itab hambaarstiks \u00f5ppivatele \u00fcli\u00f5pilastele vajalikke praktilisi t\u00f6\u00f6v\u00f5tteid, mis v\u00f5ivad praktikumide ajal n\u00e4gemata j\u00e4\u00e4da. Iga videoklipi juurde k\u00e4ib l\u00fchike tekst, mis sisaldab k\u00f5ige olulisemat teavet, mida &#8230;<\/p>\n","protected":false},"author":2,"featured_media":0,"parent":0,"menu_order":0,"comment_status":"closed","ping_status":"closed","template":"","meta":{"_acf_changed":false,"inline_featured_image":false,"footnotes":""},"class_list":["post-15","page","type-page","status-publish","hentry"],"acf":[],"_links":{"self":[{"href":"https:\/\/sisu.ut.ee\/ortodontia\/wp-json\/wp\/v2\/pages\/15","targetHints":{"allow":["GET"]}}],"collection":[{"href":"https:\/\/sisu.ut.ee\/ortodontia\/wp-json\/wp\/v2\/pages"}],"about":[{"href":"https:\/\/sisu.ut.ee\/ortodontia\/wp-json\/wp\/v2\/types\/page"}],"author":[{"embeddable":true,"href":"https:\/\/sisu.ut.ee\/ortodontia\/wp-json\/wp\/v2\/users\/2"}],"replies":[{"embeddable":true,"href":"https:\/\/sisu.ut.ee\/ortodontia\/wp-json\/wp\/v2\/comments?post=15"}],"version-history":[{"count":3,"href":"https:\/\/sisu.ut.ee\/ortodontia\/wp-json\/wp\/v2\/pages\/15\/revisions"}],"predecessor-version":[{"id":60,"href":"https:\/\/sisu.ut.ee\/ortodontia\/wp-json\/wp\/v2\/pages\/15\/revisions\/60"}],"wp:attachment":[{"href":"https:\/\/sisu.ut.ee\/ortodontia\/wp-json\/wp\/v2\/media?parent=15"}],"curies":[{"name":"wp","href":"https:\/\/api.w.org\/{rel}","templated":true}]}}