{"id":14,"date":"2024-04-03T23:06:45","date_gmt":"2024-04-03T20:06:45","guid":{"rendered":"https:\/\/sisu.ut.ee\/ortodontia\/vorude-valimine\/"},"modified":"2024-04-03T23:06:47","modified_gmt":"2024-04-03T20:06:47","slug":"vorude-valimine","status":"publish","type":"page","link":"https:\/\/sisu.ut.ee\/ortodontia\/vorude-valimine\/","title":{"rendered":"7. V\u00f5rude valimine"},"content":{"rendered":"<p>\n\tV\u00f5rudega aparaat valmistatakse kolmes etapis.\n<\/p>\n<ul>\n<li>\n\t\t<span style=\"line-height: 1.6em\">I etapp: separatsioonikummid asetatakse n\u00e4dalaks hammaste vahele<\/span>\n\t<\/li>\n<li>\n\t\t<span style=\"line-height: 1.6em\">II etapp: Separatsioonikummide eemaldamine, v\u00f5rude valik, j\u00e4ljend v\u00f5rudega, separatsioonikummide tagasiasetamine<\/span>\n\t<\/li>\n<li>\n\t\t<span style=\"line-height: 1.6em\">III etapp: Separatsioonikummide eemaldamine ja valmis aparaadi tsementeerimine tugihammastele<\/span>\n\t<\/li>\n<\/ul>\n<p>\n\tErinevates firmades valmistatud v\u00f5rudel on erisugused suurusenumbrid. V\u00f5ru v\u00f5ib olla parempoolne v\u00f5i vasakpoolne. On ka selliseid, mida saab kasutada nii parempoolse kui ka vasakpoolse molaari tarvis. V\u00f5rudel on sageli hamba number, millisele ta sobib. Sageli on v\u00f5rudele antud ka spetsiaalne kuju, et ta sobiks oklusaalsemalt hambakrooniga paremini.\n<\/p>\n<p>\n\tV\u00f5rul on sobiv suurus, kui ta on tihedalt \u00fcmber hamba. V\u00f5ru surumiseks kasutatakse v\u00f5ru surujat, mille ots on karestatud. V\u00f5ru eemaldamiseks hambalt kasutatakse v\u00f5ru eemaldajat, mille \u00fcks ots on kaetud korgiga ja see toetub hamba oklusaalsele pinnale, teine, teravam ots toetub v\u00f5ru alla. Tangi kokku surudes t\u00f5stad v\u00f5ru hambalt \u00e4ra.\n<\/p>\n<p style=\"text-align: center\">\n\t<\/p><div class=\"ratio ratio-16x9 mb-3\"><div class=\"video-placeholder-wrapper video-placeholder-wrapper--16x9\">\n\t\t\t    <div class=\"video-placeholder d-flex justify-content-center align-items-center\">\n\t\t\t        <div class=\"overlay text-white p-2 w-100 text-center d-block justify-content-center align-items-center\">\n\t\t\t            <div>Kolmandate osapoolte sisu n\u00e4gemiseks palun n\u00f5ustu k\u00fcpsistega.<\/div>\n\t\t\t            <button class=\"btn btn-secondary btn-sm mt-1 consent-change\">Muuda n\u00f5usolekut<\/button>\n\t\t\t        <\/div>\n\t\t\t    <\/div>\n\t\t\t<\/div>\n<\/div>\n\n<p style=\"text-align: center\">\n\t<a data-url=\"https:\/\/panopto.ut.ee\/Panopto\/Pages\/Viewer.aspx?id=852bacfd-ad93-431b-86ac-ae7000619c77\" href=\"https:\/\/panopto.ut.ee\/Panopto\/Pages\/Viewer.aspx?id=852bacfd-ad93-431b-86ac-ae7000619c77\" target=\"_blank\" title=\"\" rel=\"noopener\">Viide videole<\/a><\/p>\n","protected":false},"excerpt":{"rendered":"<p>V\u00f5rudega aparaat valmistatakse kolmes etapis. I etapp: separatsioonikummid asetatakse n\u00e4dalaks hammaste vahele II etapp: Separatsioonikummide eemaldamine, v\u00f5rude valik, j\u00e4ljend v\u00f5rudega, separatsioonikummide tagasiasetamine III etapp: Separatsioonikummide eemaldamine ja valmis aparaadi tsementeerimine tugihammastele Erinevates firmades valmistatud v\u00f5rudel on erisugused suurusenumbrid. V\u00f5ru v\u00f5ib &#8230;<\/p>\n","protected":false},"author":2,"featured_media":0,"parent":0,"menu_order":0,"comment_status":"closed","ping_status":"closed","template":"","meta":{"_acf_changed":false,"inline_featured_image":false,"footnotes":""},"class_list":["post-14","page","type-page","status-publish","hentry"],"acf":[],"_links":{"self":[{"href":"https:\/\/sisu.ut.ee\/ortodontia\/wp-json\/wp\/v2\/pages\/14","targetHints":{"allow":["GET"]}}],"collection":[{"href":"https:\/\/sisu.ut.ee\/ortodontia\/wp-json\/wp\/v2\/pages"}],"about":[{"href":"https:\/\/sisu.ut.ee\/ortodontia\/wp-json\/wp\/v2\/types\/page"}],"author":[{"embeddable":true,"href":"https:\/\/sisu.ut.ee\/ortodontia\/wp-json\/wp\/v2\/users\/2"}],"replies":[{"embeddable":true,"href":"https:\/\/sisu.ut.ee\/ortodontia\/wp-json\/wp\/v2\/comments?post=14"}],"version-history":[{"count":1,"href":"https:\/\/sisu.ut.ee\/ortodontia\/wp-json\/wp\/v2\/pages\/14\/revisions"}],"predecessor-version":[{"id":47,"href":"https:\/\/sisu.ut.ee\/ortodontia\/wp-json\/wp\/v2\/pages\/14\/revisions\/47"}],"wp:attachment":[{"href":"https:\/\/sisu.ut.ee\/ortodontia\/wp-json\/wp\/v2\/media?parent=14"}],"curies":[{"name":"wp","href":"https:\/\/api.w.org\/{rel}","templated":true}]}}