{"id":11,"date":"2024-04-03T23:06:45","date_gmt":"2024-04-03T20:06:45","guid":{"rendered":"https:\/\/sisu.ut.ee\/ortodontia\/suust-eemaldatavate-plaatreteinerite-reguleerimine\/"},"modified":"2024-04-03T23:06:47","modified_gmt":"2024-04-03T20:06:47","slug":"suust-eemaldatavate-plaatreteinerite-reguleerimine","status":"publish","type":"page","link":"https:\/\/sisu.ut.ee\/ortodontia\/suust-eemaldatavate-plaatreteinerite-reguleerimine\/","title":{"rendered":"2. Suust eemaldatavate plaatreteinerite reguleerimine"},"content":{"rendered":"<p>\n\tSuust eemaldatava ortodontilise raviaparaadi ja sealhulgas ka plaatreteineri kontrollimiseks on vaja teada j\u00e4rgmist.\n<\/p>\n<ul>\n<li>\n\t\tAparaadi plastmassbaas, tugiklambrid ja retentsioonikaar peavad olema terved. Plaataparaadi n\u00e4htavate defektide korral suuna patsient teda ravinud ortodondi vastuv\u00f5tule.\n\t<\/li>\n<li>\n\t\tKui patsient v\u00e4idab, et \u00fclemisele hambakaarele valmistatud plaataparaat ei p\u00fcsi suus, siis kontrolli seda j\u00e4rgmiselt. Aseta plaataparaat patsiendile suhu ja suru seda plaadi keskelt vastu suulage. Kui tunned, et plaat vetrub, siis patsient ilmselt ei kanna plaataparaati \u00a0korrektselt. R\u00e4\u00e4gi sellest ka patsiendile ja soovita p\u00f6\u00f6rduda \u00a0teda ravinud ortodondi vastuv\u00f5tule.\n\t<\/li>\n<li>\n\t\tKui suhu asetatud plaadi keskosale surudes tunned, et see ei vetru ja on vastu suulage, siis v\u00f5ib probleem olla tugiklambrite ja retentsioonikaare asendite muutuses hammaste suhtes.\n\t<\/li>\n<li>\n\t\tKontrolli tugiklambrite asendit hammaste suhtes. Kui klamber on hambast eemal, siis painuta see mittel\u00f5ikava tangiga hambale l\u00e4hemale. K\u00fcsi patsiendilt, kas klambri korrigeerimine \u00a0andis tulemust, s.t. kas plaataparaat p\u00fcsib paremini suus.\n\t<\/li>\n<li>\n\t\tKontrolli retentsioonikaare asendit eeshammaste suhtes. Kaar ei tohi olla hammastest eemal ega liiga tugevalt vastu hambaid. Kui nimetiss\u00f5rm toetab suulaes vastu plaati, siis p\u00f6idlaga pead saama liigutada kaart m\u00f6\u00f6da hamba labiaalset pinda.\n\t<\/li>\n<li>\n\t\tKui retentsioonikaar on eeshammastest veidi eemal, siis v\u00f5ta mittel\u00f5ikav tang ja suru retentsioonikaare lingu m\u00f5lemalt poolt veidi kokku. K\u00fcsi patsiendi k\u00e4est, kas p\u00e4rast seda p\u00fcsib plaat paremini suus.\n\t<\/li>\n<li>\n\t\tPlaataparaadi k\u00fcljes olevad aktiivsed elemendid (protraktsioonivedrud, k\u00e4esarnased vedrud) peavad samuti toetuma vastu nihutatavat hammast. Kui hambaarst ei oska nende asendit ise korrigeerida, siis soovitage patsiendile esimesel v\u00f5imalusel p\u00f6\u00f6rduda teda ravinud ortodondi vastuv\u00f5tule.\n\t<\/li>\n<\/ul>\n<p style=\"text-align: center\">\n\t<\/p><div class=\"ratio ratio-16x9 mb-3\"><div class=\"video-placeholder-wrapper video-placeholder-wrapper--16x9\">\n\t\t\t    <div class=\"video-placeholder d-flex justify-content-center align-items-center\">\n\t\t\t        <div class=\"overlay text-white p-2 w-100 text-center d-block justify-content-center align-items-center\">\n\t\t\t            <div>Kolmandate osapoolte sisu n\u00e4gemiseks palun n\u00f5ustu k\u00fcpsistega.<\/div>\n\t\t\t            <button class=\"btn btn-secondary btn-sm mt-1 consent-change\">Muuda n\u00f5usolekut<\/button>\n\t\t\t        <\/div>\n\t\t\t    <\/div>\n\t\t\t<\/div>\n<\/div>\n\n<p style=\"text-align: center\">\n\t<a data-url=\"https:\/\/panopto.ut.ee\/Panopto\/Pages\/Viewer.aspx?id=fbe1c911-2f81-4bc5-8b2f-ae700062b8d8\" href=\"https:\/\/panopto.ut.ee\/Panopto\/Pages\/Viewer.aspx?id=fbe1c911-2f81-4bc5-8b2f-ae700062b8d8\" target=\"_blank\" title=\"\" rel=\"noopener\">Viide videole<\/a><\/p>\n","protected":false},"excerpt":{"rendered":"<p>Suust eemaldatava ortodontilise raviaparaadi ja sealhulgas ka plaatreteineri kontrollimiseks on vaja teada j\u00e4rgmist. Aparaadi plastmassbaas, tugiklambrid ja retentsioonikaar peavad olema terved. Plaataparaadi n\u00e4htavate defektide korral suuna patsient teda ravinud ortodondi vastuv\u00f5tule. Kui patsient v\u00e4idab, et \u00fclemisele hambakaarele valmistatud plaataparaat ei &#8230;<\/p>\n","protected":false},"author":2,"featured_media":0,"parent":0,"menu_order":0,"comment_status":"closed","ping_status":"closed","template":"","meta":{"_acf_changed":false,"inline_featured_image":false,"footnotes":""},"class_list":["post-11","page","type-page","status-publish","hentry"],"acf":[],"_links":{"self":[{"href":"https:\/\/sisu.ut.ee\/ortodontia\/wp-json\/wp\/v2\/pages\/11","targetHints":{"allow":["GET"]}}],"collection":[{"href":"https:\/\/sisu.ut.ee\/ortodontia\/wp-json\/wp\/v2\/pages"}],"about":[{"href":"https:\/\/sisu.ut.ee\/ortodontia\/wp-json\/wp\/v2\/types\/page"}],"author":[{"embeddable":true,"href":"https:\/\/sisu.ut.ee\/ortodontia\/wp-json\/wp\/v2\/users\/2"}],"replies":[{"embeddable":true,"href":"https:\/\/sisu.ut.ee\/ortodontia\/wp-json\/wp\/v2\/comments?post=11"}],"version-history":[{"count":1,"href":"https:\/\/sisu.ut.ee\/ortodontia\/wp-json\/wp\/v2\/pages\/11\/revisions"}],"predecessor-version":[{"id":44,"href":"https:\/\/sisu.ut.ee\/ortodontia\/wp-json\/wp\/v2\/pages\/11\/revisions\/44"}],"wp:attachment":[{"href":"https:\/\/sisu.ut.ee\/ortodontia\/wp-json\/wp\/v2\/media?parent=11"}],"curies":[{"name":"wp","href":"https:\/\/api.w.org\/{rel}","templated":true}]}}