{"id":9,"date":"2024-04-04T03:17:23","date_gmt":"2024-04-04T00:17:23","guid":{"rendered":"https:\/\/sisu.ut.ee\/optika\/kirjandus\/"},"modified":"2024-04-04T03:17:36","modified_gmt":"2024-04-04T00:17:36","slug":"kirjandus","status":"publish","type":"page","link":"https:\/\/sisu.ut.ee\/optika\/kirjandus\/","title":{"rendered":"Kirjandus"},"content":{"rendered":"<p><span style=\"font-family: arial,helvetica,sans-serif\">Aineprogrammis on toodud \u00f5pikute t\u00e4ielik nimekiri. \u00dckski nendest ei vasta t\u00e4ielikult loetavale kursusele.\u00a0<\/span><br><span style=\"font-family: arial,helvetica,sans-serif\">Eelk\u00f5ige soovitan:\u00a0 Hecht E.\u00a0Optics\u00a0ja Pedrotti &amp; Pedrotti\u00a0Introduction to Optics.\u00a0<\/span><br><span style=\"font-family: arial,helvetica,sans-serif\">Kokku on neid \u00fclikooli raamatukogudes ca 15 eksemplari. Nimetatud raamatudes on ka \u00fclesandeid. Osa kodused \u00fclesandeid on\u00a0\u201c\u00dcldf\u00fc\u00fcsika \u00fclesannete kogu\u201d\u00a0-st (A. Haav, J. Lembra Tartu 1980). Lisaks soovitan veel\u00a0 raamatut \u201cSchaums\u2019s physics for engineering and science\u201d, optika on seal peat\u00fckkides 30-33.\u00a0<\/span><br><span style=\"font-family: arial,helvetica,sans-serif\">NB! Ettevaatust geomeetrilise optika \u00fclesannetega! Neis soovitatud inglisekeelsetes raamatutes kasutatud m\u00e4rkidereeglid erinevad meie poolt kasutatutest ja seep\u00e4rast on ka valemitel teine kuju.\u00a0<\/span><br><span style=\"font-family: arial,helvetica,sans-serif\"><strong>Paar lisaraamatut:<\/strong>\u00a0Meyer-Arendt J R 1995 Introduction to classical and modern optics Prentice Hall; Saal 1 535 M64<\/span><br><span style=\"font-family: arial,helvetica,sans-serif\">M\u00f6ller K D 2003\u00a0 Optics Learning by computing, with examples using mathcad Springer Saal 1 535 M79<\/span><br><span style=\"font-family: arial,helvetica,sans-serif\">(selle raamatuga kaasneb CD-ROM); kasulik eriti neile, kes tunevad end mathcadis ebakindlalt.<\/span><\/p>\n","protected":false},"excerpt":{"rendered":"<p>Aineprogrammis on toodud \u00f5pikute t\u00e4ielik nimekiri. \u00dckski nendest ei vasta t\u00e4ielikult loetavale kursusele.\u00a0Eelk\u00f5ige soovitan:\u00a0 Hecht E.\u00a0Optics\u00a0ja Pedrotti &amp; Pedrotti\u00a0Introduction to Optics.\u00a0Kokku on neid \u00fclikooli raamatukogudes ca 15 eksemplari. Nimetatud raamatudes on ka \u00fclesandeid. Osa kodused \u00fclesandeid on\u00a0\u201c\u00dcldf\u00fc\u00fcsika \u00fclesannete kogu\u201d\u00a0-st (A. &#8230;<\/p>\n","protected":false},"author":100,"featured_media":0,"parent":0,"menu_order":0,"comment_status":"closed","ping_status":"closed","template":"","meta":{"_acf_changed":false,"inline_featured_image":false,"footnotes":""},"class_list":["post-9","page","type-page","status-publish","hentry"],"acf":[],"_links":{"self":[{"href":"https:\/\/sisu.ut.ee\/optika\/wp-json\/wp\/v2\/pages\/9","targetHints":{"allow":["GET"]}}],"collection":[{"href":"https:\/\/sisu.ut.ee\/optika\/wp-json\/wp\/v2\/pages"}],"about":[{"href":"https:\/\/sisu.ut.ee\/optika\/wp-json\/wp\/v2\/types\/page"}],"author":[{"embeddable":true,"href":"https:\/\/sisu.ut.ee\/optika\/wp-json\/wp\/v2\/users\/100"}],"replies":[{"embeddable":true,"href":"https:\/\/sisu.ut.ee\/optika\/wp-json\/wp\/v2\/comments?post=9"}],"version-history":[{"count":1,"href":"https:\/\/sisu.ut.ee\/optika\/wp-json\/wp\/v2\/pages\/9\/revisions"}],"predecessor-version":[{"id":185,"href":"https:\/\/sisu.ut.ee\/optika\/wp-json\/wp\/v2\/pages\/9\/revisions\/185"}],"wp:attachment":[{"href":"https:\/\/sisu.ut.ee\/optika\/wp-json\/wp\/v2\/media?parent=9"}],"curies":[{"name":"wp","href":"https:\/\/api.w.org\/{rel}","templated":true}]}}