{"id":6,"date":"2024-04-04T03:17:23","date_gmt":"2024-04-04T00:17:23","guid":{"rendered":"https:\/\/sisu.ut.ee\/optika\/optika-praktikum\/"},"modified":"2024-04-04T03:17:36","modified_gmt":"2024-04-04T00:17:36","slug":"optika-praktikum","status":"publish","type":"page","link":"https:\/\/sisu.ut.ee\/optika\/optika-praktikum\/","title":{"rendered":"Optika praktikum"},"content":{"rendered":"<blockquote><p>\n\tOptika praktikumi t\u00f6\u00f6juhendid\n<\/p><\/blockquote>\n<ul>\n<li>\n\t\t<a href=\"\/wp-content\/uploads\/sites\/202\/korrastamine.pdf\">Optiliste m\u00f5\u00f5teseadmete korrastamine (pdf-fail) : k\u00fcsimustik<\/a>\n\t<\/li>\n<li>\n\t\t<a href=\"https:\/\/sisu.ut.ee\/optika\/calibration-monochromator-um-2\">O3. The calibration of monochromator UM-2<\/a>\n\t<\/li>\n<li>\n\t\t<a href=\"\/wp-content\/uploads\/sites\/202\/cauchy.mcd\">O3. (Cauchy valemi kordajad MathCAD-is)<\/a>\n\t<\/li>\n<li>\n\t\t<a href=\"\/wp-content\/uploads\/sites\/202\/vneeldumine.pdf\">O5. Valguse neeldumise uurimine (pdf-fail)<\/a>\n\t<\/li>\n<li>\n\t\t<a href=\"\/wp-content\/uploads\/sites\/202\/spektraalmootmised_ocean_optics_overture.pdf\">O5a. Neeldumis- ja l\u00e4bilaskvusspektrite m\u00f5\u00f5tmine spektromeetriga USB2000<\/a>\n\t<\/li>\n<li>\n\t\t<a href=\"\/wp-content\/uploads\/sites\/202\/op-vii_6.3_spektroskoop.pdf\">OP-VII 6.3 Spektroskoobi kaliibrimine (pdf-fail)<\/a>\n\t<\/li>\n<li>\n\t\t<a href=\"\/wp-content\/uploads\/sites\/202\/polarisatsioon2016_est.pdf\">OP 8. Polarisatsioon (pdf-fail)<\/a>\n\t<\/li>\n<li>\n\t\t<a href=\"\/wp-content\/uploads\/sites\/202\/interferents_march2014.pdf\">Interferents (pdf-fail)<\/a>\n\t<\/li>\n<li>\n\t\t<a href=\"\/wp-content\/uploads\/sites\/202\/michel_delta_n.mcd\">Michelsoni n arvutus (MathCAD-fail)<\/a>\n\t<\/li>\n<li>\n\t\t<a href=\"\/wp-content\/uploads\/sites\/202\/o9.pdf\">O9. Temperatuuri m\u00f5\u00f5tmine optilise p\u00fcromeetriga<\/a>\n\t<\/li>\n<li>\n\t\t<a href=\"\/wp-content\/uploads\/sites\/202\/kardinaalelement.pdf\">O11. L\u00e4\u00e4tse fookusekaugus ja kardinaalelemendid<\/a>\n\t<\/li>\n<li>\n\t\t<a href=\"\/wp-content\/uploads\/sites\/202\/o12difraktsioonivore.pdf\">O 12_Difraktsioonv\u00f5re<\/a>\n\t<\/li>\n<li>\n\t\t<a href=\"\/wp-content\/uploads\/sites\/202\/modelleerimine_2012.pdf\">O14. Optiliste instrumentide modelleerimine<\/a>\n\t<\/li>\n<li>\n\t\t<a href=\"\/wp-content\/uploads\/sites\/202\/prisma_dispersioon18_04_2016.pdf\">O 15 Prisma dispersioon<\/a>\n\t<\/li>\n<li>\n\t\t<a href=\"\/wp-content\/uploads\/sites\/202\/sf_peeglid.pdf\">O 16 Sf\u00e4\u00e4rilised peeglid<\/a>\n\t<\/li>\n<li>\n\t\t<a href=\"\/wp-content\/uploads\/sites\/202\/2016_04_19_fotomeetria_t88juhend.pdf\">O 17 Valgusallikate fotomeetrilised ja spektraalsed karakteristikud<\/a>\n\t<\/li>\n<li>\n\t\t<a href=\"\/wp-content\/uploads\/sites\/202\/difraktsioon_20_03_2018.pdf\" target=\"_blank\" rel=\"noopener\">Difraktsioon (pdf-fail)<\/a>\n\t<\/li>\n<li>\n\t\t<a href=\"\/wp-content\/uploads\/sites\/202\/op-v_sissejuh.pdf\">OP-V Sissejuhatus<\/a>\n\t<\/li>\n<li>\n\t\t<a data-fid=\"37262\" href=\"https:\/\/sisu.ut.ee\/wp-content\/uploads\/sites\/202\/1_1_opt_syst_korrastamine_2019.pdf\">OP-V-1 (1.1) Optiliste seadmete korrastamine<\/a>\n\t<\/li>\n<li>\n\t\t<a href=\"\/wp-content\/uploads\/sites\/202\/2.1._optilised_instrumendid_korr23_03_2018.pdf\">(2.1) Optilised instrumendid<\/a>\n\t<\/li>\n<li>\n\t\t<a href=\"\/wp-content\/uploads\/sites\/202\/pikksilma_testtabel.pdf\">Pikksilma testtabel (2.1)<\/a>\n\t<\/li>\n<li>\n\t\t<a href=\"\/wp-content\/uploads\/sites\/202\/mikroskoop300gr.pdf\">OP V-6 (2.1) Mikroskoobi uurimine<\/a>\n\t<\/li>\n<li>\n\t\t<a href=\"\/wp-content\/uploads\/sites\/202\/abbe400gr.pdf\">OP VII (6.2) Abbe refraktomeeter<\/a>\n\t<\/li>\n<li>\n\t\t<a href=\"\/wp-content\/uploads\/sites\/202\/lainepikkused2.pdf\">Lainepikkuste tabel<\/a>\n\t<\/li>\n<li>\n\t\t<a href=\"\/wp-content\/uploads\/sites\/202\/inimsilma_spektraalne_tundlikkus.xlsx\">Inimsilma spektraalne tundlikkus<\/a>\n\t<\/li>\n<li>\n\t\t<a href=\"\/wp-content\/uploads\/sites\/202\/usb2000_spektraalne_tundlikkus.xlsx\">USB2000_kostefunktsioon (spektraalne tundlikkus) <\/a>\n\t<\/li>\n<li>\n\t\t<a href=\"\/wp-content\/uploads\/sites\/202\/usb4000_tundlikkus.xlsx\" target=\"_blank\" rel=\"noopener\">USB4000 kostefunktsioon<\/a>\n\t<\/li>\n<li>\n\t\t<a href=\"\/wp-content\/uploads\/sites\/202\/fotodetektorid_optika_praktikumis_v1.pdf\">Fotodetektorid optika praktikumis<\/a>\n<hr>\n<\/li>\n<li>\n\t\t<a href=\"\/wp-content\/uploads\/sites\/202\/konstandid.pdf\">Optika praktikumi konstandid<\/a>\n\t<\/li>\n<\/ul>\n<p>\n\t<a href=\"\/wp-content\/uploads\/sites\/202\/optika_nimekiri_2018.pdf\">Praktikumi t\u00f6\u00f6de nimekiri\u00a0(pdf-fail)<\/a>\n<\/p>\n<p>\n\t<a href=\"\/wp-content\/uploads\/sites\/202\/protokoll.rtf\">Protokolli \u00a0blankett<\/a>\n<\/p>\n<p>\n\t<a href=\"http:\/\/physics.nist.gov\/cuu\/Uncertainty\/index.html\">NB! Konstandid, \u00fchikud, m\u00f5\u00f5tem\u00e4\u00e4ramatus jm.<\/a>\n<\/p>\n<p>\n\t\u00a0<\/p>\n","protected":false},"excerpt":{"rendered":"<p>Optika praktikumi t\u00f6\u00f6juhendid Optiliste m\u00f5\u00f5teseadmete korrastamine (pdf-fail) : k\u00fcsimustik O3. The calibration of monochromator UM-2 O3. (Cauchy valemi kordajad MathCAD-is) O5. Valguse neeldumise uurimine (pdf-fail) O5a. Neeldumis- ja l\u00e4bilaskvusspektrite m\u00f5\u00f5tmine spektromeetriga USB2000 OP-VII 6.3 Spektroskoobi kaliibrimine (pdf-fail) OP 8. Polarisatsioon &#8230;<\/p>\n","protected":false},"author":100,"featured_media":0,"parent":0,"menu_order":0,"comment_status":"closed","ping_status":"closed","template":"","meta":{"_acf_changed":false,"inline_featured_image":false,"footnotes":""},"class_list":["post-6","page","type-page","status-publish","hentry"],"acf":[],"_links":{"self":[{"href":"https:\/\/sisu.ut.ee\/optika\/wp-json\/wp\/v2\/pages\/6","targetHints":{"allow":["GET"]}}],"collection":[{"href":"https:\/\/sisu.ut.ee\/optika\/wp-json\/wp\/v2\/pages"}],"about":[{"href":"https:\/\/sisu.ut.ee\/optika\/wp-json\/wp\/v2\/types\/page"}],"author":[{"embeddable":true,"href":"https:\/\/sisu.ut.ee\/optika\/wp-json\/wp\/v2\/users\/100"}],"replies":[{"embeddable":true,"href":"https:\/\/sisu.ut.ee\/optika\/wp-json\/wp\/v2\/comments?post=6"}],"version-history":[{"count":1,"href":"https:\/\/sisu.ut.ee\/optika\/wp-json\/wp\/v2\/pages\/6\/revisions"}],"predecessor-version":[{"id":188,"href":"https:\/\/sisu.ut.ee\/optika\/wp-json\/wp\/v2\/pages\/6\/revisions\/188"}],"wp:attachment":[{"href":"https:\/\/sisu.ut.ee\/optika\/wp-json\/wp\/v2\/media?parent=6"}],"curies":[{"name":"wp","href":"https:\/\/api.w.org\/{rel}","templated":true}]}}