{"id":5,"date":"2024-04-04T03:17:23","date_gmt":"2024-04-04T00:17:23","guid":{"rendered":"https:\/\/sisu.ut.ee\/optika\/avaleht\/"},"modified":"2024-04-04T03:17:36","modified_gmt":"2024-04-04T00:17:36","slug":"avaleht","status":"publish","type":"page","link":"https:\/\/sisu.ut.ee\/optika\/","title":{"rendered":"Avaleht"},"content":{"rendered":"<p>Avaleht<\/p>\n<p><a href=\"https:\/\/www.is.ut.ee\/rwservlet?oa_ainekava_info.rdf+1328496+HTML+28044170248363482836+text\/html\" target=\"_blank\" rel=\"noopener\">Ainekava<\/a><\/p>\n<p><span style=\"font-family: arial,helvetica,sans-serif\"><a href=\"\/wp-content\/uploads\/sites\/202\/foto.pdf\" target=\"_blank\" rel=\"noopener\">Fotomeetria. Radiomeetria (pdf-fail)<\/a><\/span><\/p>\n<p><span style=\"font-family: arial,helvetica,sans-serif\"><a href=\"\/wp-content\/uploads\/sites\/202\/optika_ylesanded.pdf\" target=\"_blank\" rel=\"noopener\">Optika \u00fclesanded (pdf-fail)<\/a><\/span><\/p>\n<p><span style=\"font-family: arial,helvetica,sans-serif\"><a href=\"\/wp-content\/uploads\/sites\/202\/2015_valik_eksamikysimusi.pdf\" target=\"_blank\" rel=\"noopener\">Valik eksamik\u00fcsimusi (pdf-fail)<\/a><\/span><\/p>\n\n<p><span style=\"font-family: arial,helvetica,sans-serif\"><a href=\"http:\/\/hyperphysics.phy-astr.gsu.edu\/hbase\/hph.html\" target=\"_blank\" rel=\"noopener\">Kasulik link<\/a><\/span><\/p>\n\n<p><span style=\"font-family: arial,helvetica,sans-serif\">Optika loengute abimaterjalid<\/span><\/p>\n<ol>\n<li><a href=\"\/wp-content\/uploads\/sites\/202\/geo_optika_terminoloogia.doc\" target=\"_blank\" rel=\"noopener\"><span style=\"font-family: arial,helvetica,sans-serif\">Geomeetrilise optika terminoloogia (doc-fail)<\/span><\/a><\/li>\n<li><a href=\"\/wp-content\/uploads\/sites\/202\/peegelvore_ja_cd_ketas.doc\" target=\"_blank\" rel=\"noopener\"><span style=\"font-family: arial,helvetica,sans-serif\">Peegelv\u00f5re ja optilised kettad (doc-fail)<\/span><\/a><\/li>\n<\/ol>\n<p><a href=\"\/wp-content\/uploads\/sites\/202\/young_timeresolved_garcia.pdf\" target=\"_blank\" rel=\"noopener\"><span style=\"font-family: arial,helvetica,sans-serif\">Youngi katse 200 aastat p\u00e4rast esmakatset<\/span><\/a><\/p>\n<p><span style=\"font-family: arial,helvetica,sans-serif\">Interferents: lisaks loengumaterjalidele soovitan vaadata\u00a0<a href=\"http:\/\/www.physic.ut.ee\/instituudid\/efti\/loengumaterjalid\/opt\/optika\/prax\/INTERFERENTSproov.pdf\">SIIA<\/a>, kus teoreetilises osas on mitmed probleemid detailsemalt lahti seletatud. Selle aasta uudisena on saadaval komplekt viimaste aastate eksamik\u00fcsimusi.<\/span><\/p>\n","protected":false},"excerpt":{"rendered":"<p>Avaleht Ainekava Fotomeetria. Radiomeetria (pdf-fail) Optika \u00fclesanded (pdf-fail) Valik eksamik\u00fcsimusi (pdf-fail) Kasulik link Optika loengute abimaterjalid Geomeetrilise optika terminoloogia (doc-fail) Peegelv\u00f5re ja optilised kettad (doc-fail) Youngi katse 200 aastat p\u00e4rast esmakatset Interferents: lisaks loengumaterjalidele soovitan vaadata\u00a0SIIA, kus teoreetilises osas on &#8230;<\/p>\n","protected":false},"author":100,"featured_media":0,"parent":0,"menu_order":0,"comment_status":"closed","ping_status":"closed","template":"","meta":{"_acf_changed":false,"inline_featured_image":false,"footnotes":""},"class_list":["post-5","page","type-page","status-publish","hentry"],"acf":[],"_links":{"self":[{"href":"https:\/\/sisu.ut.ee\/optika\/wp-json\/wp\/v2\/pages\/5","targetHints":{"allow":["GET"]}}],"collection":[{"href":"https:\/\/sisu.ut.ee\/optika\/wp-json\/wp\/v2\/pages"}],"about":[{"href":"https:\/\/sisu.ut.ee\/optika\/wp-json\/wp\/v2\/types\/page"}],"author":[{"embeddable":true,"href":"https:\/\/sisu.ut.ee\/optika\/wp-json\/wp\/v2\/users\/100"}],"replies":[{"embeddable":true,"href":"https:\/\/sisu.ut.ee\/optika\/wp-json\/wp\/v2\/comments?post=5"}],"version-history":[{"count":1,"href":"https:\/\/sisu.ut.ee\/optika\/wp-json\/wp\/v2\/pages\/5\/revisions"}],"predecessor-version":[{"id":189,"href":"https:\/\/sisu.ut.ee\/optika\/wp-json\/wp\/v2\/pages\/5\/revisions\/189"}],"wp:attachment":[{"href":"https:\/\/sisu.ut.ee\/optika\/wp-json\/wp\/v2\/media?parent=5"}],"curies":[{"name":"wp","href":"https:\/\/api.w.org\/{rel}","templated":true}]}}