{"id":10,"date":"2024-04-04T03:17:23","date_gmt":"2024-04-04T00:17:23","guid":{"rendered":"https:\/\/sisu.ut.ee\/optika\/tookorraldus\/"},"modified":"2024-04-04T03:17:36","modified_gmt":"2024-04-04T00:17:36","slug":"tookorraldus","status":"publish","type":"page","link":"https:\/\/sisu.ut.ee\/optika\/tookorraldus\/","title":{"rendered":"T\u00f6\u00f6korraldus"},"content":{"rendered":"<p>\n\t<span style=\"font-family: arial,helvetica,sans-serif\">Semestri jooksul on vaja teha 3 testi; \u00fcks on geomeetrilisest optikast (GO), kaks (TI; TII) on seotud loengumaterjalidega. Nii kodu\u00fclesanded kui ka aktiivsus seminarides (K) on hindelised. L\u00f5pphinne kujuneb summana viiest komponendist. L\u00f5pphinne = 0,15GO + 0,15TI + 0,15TII + 0,15K + 0,4E Iga testi saab teha maksimaalselt kaks korda. J\u00e4reltesti hinne on \u00fche astme v\u00f5rra madalam saavutatust. Geomeetriline optika tuleb omandada iseseisvalt, aluseks on optikaveebi konspekt. Eksamile p\u00e4\u00e4semiseks peavad testid olema tehtud v\u00e4hemalt tasemele E; elektrikursuse eksam peab olema sooritatud.<\/span>\n<\/p>\n<hr>\n<p>\n\t<span style=\"font-family: arial,helvetica,sans-serif\">Seminarit\u00f6\u00f6de\/praktikumi protokollide esitamisest: minule saadetavad failid tuleb vormistada: perekonnanimi_t\u00f6\u00f6 nimi. Nimi palun esitada t\u00e4pit\u00e4htedeta.<\/span>\n<\/p>\n<p>\n\t\u00a0\n<\/p>\n<h3>\n\tMatti Laane Optika loengute videosalvestused:<br>\n<\/h3>\n<div style=\"Arial,sans-serif;12px;font-style:normal;font-weight:400;letter-spacing:normal;text-align:start;text-indent:0px;text-transform:none\">\n\thttps:\/\/uttv.ee\/naita?id=23468\n<\/div>\n<div style=\"Arial,sans-serif;12px;font-style:normal;font-weight:400;letter-spacing:normal;text-align:start;text-indent:0px;text-transform:none\">\n\thttps:\/\/uttv.ee\/naita?id=23475\n<\/div>\n<div style=\"Arial,sans-serif;12px;font-style:normal;font-weight:400;letter-spacing:normal;text-align:start;text-indent:0px;text-transform:none\">\n\thttps:\/\/uttv.ee\/naita?id=23484\n<\/div>\n<div style=\"Arial,sans-serif;12px;font-style:normal;font-weight:400;letter-spacing:normal;text-align:start;text-indent:0px;text-transform:none\">\n\thttps:\/\/uttv.ee\/naita?id=23511\n<\/div>\n<div style=\"Arial,sans-serif;12px;font-style:normal;font-weight:400;letter-spacing:normal;text-align:start;text-indent:0px;text-transform:none\">\n\thttps:\/\/uttv.ee\/naita?id=23517\n<\/div>\n<div style=\"Arial,sans-serif;12px;font-style:normal;font-weight:400;letter-spacing:normal;text-align:start;text-indent:0px;text-transform:none\">\n\thttps:\/\/uttv.ee\/naita?id=23515\n<\/div>\n<div style=\"Arial,sans-serif;12px;font-style:normal;font-weight:400;letter-spacing:normal;text-align:start;text-indent:0px;text-transform:none\">\n\thttps:\/\/uttv.ee\/naita?id=23559\n<\/div>\n<div style=\"Arial,sans-serif;12px;font-style:normal;font-weight:400;letter-spacing:normal;text-align:start;text-indent:0px;text-transform:none\">\n\thttps:\/\/uttv.ee\/naita?id=23560\n<\/div>\n<div style=\"Arial,sans-serif;12px;font-style:normal;font-weight:400;letter-spacing:normal;text-align:start;text-indent:0px;text-transform:none\">\n\thttps:\/\/uttv.ee\/naita?id=23737\n<\/div>\n<div style=\"Arial,sans-serif;12px;font-style:normal;font-weight:400;letter-spacing:normal;text-align:start;text-indent:0px;text-transform:none\">\n\thttps:\/\/uttv.ee\/naita?id=23758\n<\/div>\n<div style=\"Arial,sans-serif;12px;font-style:normal;font-weight:400;letter-spacing:normal;text-align:start;text-indent:0px;text-transform:none\">\n\thttps:\/\/uttv.ee\/naita?id=23734\n<\/div>\n<div style=\"Arial,sans-serif;12px;font-style:normal;font-weight:400;letter-spacing:normal;text-align:start;text-indent:0px;text-transform:none\">\n\thttps:\/\/uttv.ee\/naita?id=23732\n<\/div>\n<div style=\"Arial,sans-serif;12px;font-style:normal;font-weight:400;letter-spacing:normal;text-align:start;text-indent:0px;text-transform:none\">\n\thttps:\/\/uttv.ee\/naita?id=23736\n<\/div>\n<div style=\"Arial,sans-serif;12px;font-style:normal;font-weight:400;letter-spacing:normal;text-align:start;text-indent:0px;text-transform:none\">\n\thttps:\/\/uttv.ee\/naita?id=23730\n<\/div>\n<div style=\"Arial,sans-serif;12px;font-style:normal;font-weight:400;letter-spacing:normal;text-align:start;text-indent:0px;text-transform:none\">\n\thttps:\/\/uttv.ee\/naita?id=23757\n<\/div>\n<div style=\"Arial,sans-serif;12px;font-style:normal;font-weight:400;letter-spacing:normal;text-align:start;text-indent:0px;text-transform:none\">\n\thttps:\/\/uttv.ee\/naita?id=23759\n<\/div>\n<div style=\"Arial,sans-serif;12px;font-style:normal;font-weight:400;letter-spacing:normal;text-align:start;text-indent:0px;text-transform:none\">\n\thttps:\/\/uttv.ee\/naita?id=23756\n<\/div>\n<div style=\"Arial,sans-serif;12px;font-style:normal;font-weight:400;letter-spacing:normal;text-align:start;text-indent:0px;text-transform:none\">\n\thttps:\/\/uttv.ee\/naita?id=23763\n<\/div>\n<div style=\"Arial,sans-serif;12px;font-style:normal;font-weight:400;letter-spacing:normal;text-align:start;text-indent:0px;text-transform:none\">\n\thttps:\/\/uttv.ee\/naita?id=24092\n<\/div>\n<div style=\"Arial,sans-serif;12px;font-style:normal;font-weight:400;letter-spacing:normal;text-align:start;text-indent:0px;text-transform:none\">\n\thttps:\/\/uttv.ee\/naita?id=24091\n<\/div>\n<div style=\"Arial,sans-serif;12px;font-style:normal;font-weight:400;letter-spacing:normal;text-align:start;text-indent:0px;text-transform:none\">\n\thttps:\/\/uttv.ee\/naita?id=24090\n<\/div>\n<div style=\"Arial,sans-serif;12px;font-style:normal;font-weight:400;letter-spacing:normal;text-align:start;text-indent:0px;text-transform:none\">\n\thttps:\/\/uttv.ee\/naita?id=24089\n<\/div>\n","protected":false},"excerpt":{"rendered":"<p>Semestri jooksul on vaja teha 3 testi; \u00fcks on geomeetrilisest optikast (GO), kaks (TI; TII) on seotud loengumaterjalidega. Nii kodu\u00fclesanded kui ka aktiivsus seminarides (K) on hindelised. L\u00f5pphinne kujuneb summana viiest komponendist. L\u00f5pphinne = 0,15GO + 0,15TI + 0,15TII + &#8230;<\/p>\n","protected":false},"author":100,"featured_media":0,"parent":0,"menu_order":0,"comment_status":"closed","ping_status":"closed","template":"","meta":{"_acf_changed":false,"inline_featured_image":false,"footnotes":""},"class_list":["post-10","page","type-page","status-publish","hentry"],"acf":[],"_links":{"self":[{"href":"https:\/\/sisu.ut.ee\/optika\/wp-json\/wp\/v2\/pages\/10","targetHints":{"allow":["GET"]}}],"collection":[{"href":"https:\/\/sisu.ut.ee\/optika\/wp-json\/wp\/v2\/pages"}],"about":[{"href":"https:\/\/sisu.ut.ee\/optika\/wp-json\/wp\/v2\/types\/page"}],"author":[{"embeddable":true,"href":"https:\/\/sisu.ut.ee\/optika\/wp-json\/wp\/v2\/users\/100"}],"replies":[{"embeddable":true,"href":"https:\/\/sisu.ut.ee\/optika\/wp-json\/wp\/v2\/comments?post=10"}],"version-history":[{"count":1,"href":"https:\/\/sisu.ut.ee\/optika\/wp-json\/wp\/v2\/pages\/10\/revisions"}],"predecessor-version":[{"id":184,"href":"https:\/\/sisu.ut.ee\/optika\/wp-json\/wp\/v2\/pages\/10\/revisions\/184"}],"wp:attachment":[{"href":"https:\/\/sisu.ut.ee\/optika\/wp-json\/wp\/v2\/media?parent=10"}],"curies":[{"name":"wp","href":"https:\/\/api.w.org\/{rel}","templated":true}]}}