{"id":8,"date":"2024-04-03T23:14:28","date_gmt":"2024-04-03T20:14:28","guid":{"rendered":"https:\/\/sisu.ut.ee\/oppemeetodid2\/33-kusimustega-suunamine\/"},"modified":"2024-04-03T23:14:30","modified_gmt":"2024-04-03T20:14:30","slug":"33-kusimustega-suunamine","status":"publish","type":"page","link":"https:\/\/sisu.ut.ee\/oppemeetodid2\/33-kusimustega-suunamine\/","title":{"rendered":"K\u00fcsimustega suunamine"},"content":{"rendered":"<p><span style=\"line-height: 1.6em\">N\u00e4itevideos on \u00f5pilaste <\/span><strong style=\"line-height: 1.6em\">arutelu p\u00f5hik\u00fcsimuseks<\/strong><span style=\"line-height: 1.6em\">: mis on armastus?<\/span><\/p>\n<p><span style=\"line-height: 1.6em\"><div class=\"ratio ratio-16x9 mb-3\"><div class=\"video-placeholder-wrapper video-placeholder-wrapper--16x9\">\n\t\t\t    <div class=\"video-placeholder d-flex justify-content-center align-items-center\">\n\t\t\t        <div class=\"overlay text-white p-2 w-100 text-center d-block justify-content-center align-items-center\">\n\t\t\t            <div>Kolmandate osapoolte sisu n\u00e4gemiseks palun n\u00f5ustu k\u00fcpsistega.<\/div>\n\t\t\t            <button class=\"btn btn-secondary btn-sm mt-1 consent-change\">Muuda n\u00f5usolekut<\/button>\n\t\t\t        <\/div>\n\t\t\t    <\/div>\n\t\t\t<\/div>\n<\/div><\/span><\/p>\n<p style=\"text-align: center\"><span style=\"line-height: 1.6em\"><a href=\"https:\/\/www.uttv.ee\/naita?id=18351\" target=\"_blank\" rel=\"noopener\">https:\/\/www.uttv.ee\/naita?id=18351<\/a><\/span><\/p>\n<table class=\"table table-hover\" border=\"0\">\n<tbody>\n<tr>\n<td><img loading=\"lazy\" decoding=\"async\" width=\"269\" height=\"150\" class=\"alignnone wp-image-16\" src=\"https:\/\/sisu.ut.ee\/wp-content\/uploads\/sites\/50\/filosoof-2.png\" title=\"filosoof_0.png\" alt=\"filosoof_0.png\">\n<\/td>\n<td>\n<ol>\n<li><span>Etteloetud jutus esitab peategelane selle k\u00fcsimuse erinevatele inimestele ja saab erinevad vastused. Seega luuakse eeldus, armastusel on palju erinevaid v\u00e4ljendusviise. M\u00f5elge, kas etteloetud jutt v\u00f5imaldab v\u00e4ga suure ja abstraktse k\u00fcsimuse: \u201cMis on armastus?\u201d kitsendada, nii et p\u00f5hik\u00fcsimuseks saab: kuidas v\u00e4ljendavad v\u00f5i tunnevad armastust erinevad inimesed?<\/span><\/li>\n<li><span>\u00d5petaja alustab\u00a0 sellega, et \u00f5pilased saavad v\u00e4ljendada seda, kuidas nad etteloetud juttu m\u00f5istsid (retseptsioon).<\/span><\/li>\n<li><span>Milliseid k\u00fcsimusi \u00f5petaja kasutab?<\/span><\/li>\n<li><span>Kuidas \u00f5petaja struktureerib arutlust?<\/span><\/li>\n<\/ol>\n<\/td>\n<\/tr>\n<\/tbody>\n<\/table>\n","protected":false},"excerpt":{"rendered":"<p>N\u00e4itevideos on \u00f5pilaste arutelu p\u00f5hik\u00fcsimuseks: mis on armastus? Kolmandate osapoolte sisu n\u00e4gemiseks palun n\u00f5ustu k\u00fcpsistega. Muuda n\u00f5usolekut https:\/\/www.uttv.ee\/naita?id=18351 Etteloetud jutus esitab peategelane selle k\u00fcsimuse erinevatele inimestele ja saab erinevad vastused. Seega luuakse eeldus, armastusel on palju erinevaid v\u00e4ljendusviise. M\u00f5elge, kas &#8230;<\/p>\n","protected":false},"author":21,"featured_media":0,"parent":0,"menu_order":0,"comment_status":"closed","ping_status":"closed","template":"","meta":{"_acf_changed":false,"inline_featured_image":false,"footnotes":""},"class_list":["post-8","page","type-page","status-publish","hentry"],"acf":[],"_links":{"self":[{"href":"https:\/\/sisu.ut.ee\/oppemeetodid2\/wp-json\/wp\/v2\/pages\/8","targetHints":{"allow":["GET"]}}],"collection":[{"href":"https:\/\/sisu.ut.ee\/oppemeetodid2\/wp-json\/wp\/v2\/pages"}],"about":[{"href":"https:\/\/sisu.ut.ee\/oppemeetodid2\/wp-json\/wp\/v2\/types\/page"}],"author":[{"embeddable":true,"href":"https:\/\/sisu.ut.ee\/oppemeetodid2\/wp-json\/wp\/v2\/users\/21"}],"replies":[{"embeddable":true,"href":"https:\/\/sisu.ut.ee\/oppemeetodid2\/wp-json\/wp\/v2\/comments?post=8"}],"version-history":[{"count":1,"href":"https:\/\/sisu.ut.ee\/oppemeetodid2\/wp-json\/wp\/v2\/pages\/8\/revisions"}],"predecessor-version":[{"id":31,"href":"https:\/\/sisu.ut.ee\/oppemeetodid2\/wp-json\/wp\/v2\/pages\/8\/revisions\/31"}],"wp:attachment":[{"href":"https:\/\/sisu.ut.ee\/oppemeetodid2\/wp-json\/wp\/v2\/media?parent=8"}],"curies":[{"name":"wp","href":"https:\/\/api.w.org\/{rel}","templated":true}]}}