{"id":7,"date":"2024-04-03T23:14:28","date_gmt":"2024-04-03T20:14:28","guid":{"rendered":"https:\/\/sisu.ut.ee\/oppemeetodid2\/32-kuulamine\/"},"modified":"2024-04-03T23:14:30","modified_gmt":"2024-04-03T20:14:30","slug":"32-kuulamine","status":"publish","type":"page","link":"https:\/\/sisu.ut.ee\/oppemeetodid2\/32-kuulamine\/","title":{"rendered":"Kuulamine"},"content":{"rendered":"<p>Lisaks \u00f5petaja kuulamisele on hea kui \u00f5pilased \u00f5pivad ka \u00fcksteist kuulama ja sellest <strong>m\u00e4rku annavad<\/strong>, et nad on \u00fcksteist kuulanud.<\/p>\n<p><\/p><div class=\"ratio ratio-16x9 mb-3\"><div class=\"video-placeholder-wrapper video-placeholder-wrapper--16x9\">\n\t\t\t    <div class=\"video-placeholder d-flex justify-content-center align-items-center\">\n\t\t\t        <div class=\"overlay text-white p-2 w-100 text-center d-block justify-content-center align-items-center\">\n\t\t\t            <div>Kolmandate osapoolte sisu n\u00e4gemiseks palun n\u00f5ustu k\u00fcpsistega.<\/div>\n\t\t\t            <button class=\"btn btn-secondary btn-sm mt-1 consent-change\">Muuda n\u00f5usolekut<\/button>\n\t\t\t        <\/div>\n\t\t\t    <\/div>\n\t\t\t<\/div>\n<\/div>\n<p style=\"text-align: center\"><a href=\"https:\/\/www.uttv.ee\/naita?id=18347\" target=\"_blank\" rel=\"noopener\">https:\/\/www.uttv.ee\/naita?id=18347<\/a><\/p>\n<p><img loading=\"lazy\" decoding=\"async\" width=\"269\" height=\"150\" class=\"alignnone wp-image-16\" style=\"vertical-align: middle\" src=\"https:\/\/sisu.ut.ee\/wp-content\/uploads\/sites\/50\/filosoof-2.png\" title=\"filosoof_0.png\" alt=\"filosoof_0.png\">Kuidas annavad lapsed\u00a0selles videon\u00e4ites m\u00e4rku, et nad on teist \u00f5pilast kuulanud?<\/p>\n","protected":false},"excerpt":{"rendered":"<p>Lisaks \u00f5petaja kuulamisele on hea kui \u00f5pilased \u00f5pivad ka \u00fcksteist kuulama ja sellest m\u00e4rku annavad, et nad on \u00fcksteist kuulanud. Kolmandate osapoolte sisu n\u00e4gemiseks palun n\u00f5ustu k\u00fcpsistega. Muuda n\u00f5usolekut https:\/\/www.uttv.ee\/naita?id=18347 Kuidas annavad lapsed\u00a0selles videon\u00e4ites m\u00e4rku, et nad on teist \u00f5pilast &#8230;<\/p>\n","protected":false},"author":21,"featured_media":0,"parent":0,"menu_order":0,"comment_status":"closed","ping_status":"closed","template":"","meta":{"_acf_changed":false,"inline_featured_image":false,"footnotes":""},"class_list":["post-7","page","type-page","status-publish","hentry"],"acf":[],"_links":{"self":[{"href":"https:\/\/sisu.ut.ee\/oppemeetodid2\/wp-json\/wp\/v2\/pages\/7","targetHints":{"allow":["GET"]}}],"collection":[{"href":"https:\/\/sisu.ut.ee\/oppemeetodid2\/wp-json\/wp\/v2\/pages"}],"about":[{"href":"https:\/\/sisu.ut.ee\/oppemeetodid2\/wp-json\/wp\/v2\/types\/page"}],"author":[{"embeddable":true,"href":"https:\/\/sisu.ut.ee\/oppemeetodid2\/wp-json\/wp\/v2\/users\/21"}],"replies":[{"embeddable":true,"href":"https:\/\/sisu.ut.ee\/oppemeetodid2\/wp-json\/wp\/v2\/comments?post=7"}],"version-history":[{"count":1,"href":"https:\/\/sisu.ut.ee\/oppemeetodid2\/wp-json\/wp\/v2\/pages\/7\/revisions"}],"predecessor-version":[{"id":30,"href":"https:\/\/sisu.ut.ee\/oppemeetodid2\/wp-json\/wp\/v2\/pages\/7\/revisions\/30"}],"wp:attachment":[{"href":"https:\/\/sisu.ut.ee\/oppemeetodid2\/wp-json\/wp\/v2\/media?parent=7"}],"curies":[{"name":"wp","href":"https:\/\/api.w.org\/{rel}","templated":true}]}}