{"id":5,"date":"2024-04-03T23:14:28","date_gmt":"2024-04-03T20:14:28","guid":{"rendered":"https:\/\/sisu.ut.ee\/oppemeetodid2\/3-oppe-protsess\/"},"modified":"2024-04-12T13:43:07","modified_gmt":"2024-04-12T10:43:07","slug":"3-oppe-protsess","status":"publish","type":"page","link":"https:\/\/sisu.ut.ee\/oppemeetodid2\/3-oppe-protsess\/","title":{"rendered":"Aruteluprotsess"},"content":{"rendered":"<p><strong>Lastega filosofeerimine j\u00e4rgib kindlat arutelustruktuuri:<\/strong><\/p>\n\n\n\n<ul class=\"wp-block-list\">\n<li>ettevalmistusfaas (reeglid, aeg, metavestlus, sissejuhatus)<\/li>\n\n\n\n<li>filosoofiline arutelu (m\u00f5isted, n\u00e4ited, anal\u00fc\u00fcsimine, p\u00f5hjendamine, seoste leidmine, erinevuste ja sarnasuste leidmine, seisukohtade formuleerimine, skeemid, joonistamine, m\u00e4ngud)<\/li>\n\n\n\n<li>metaarutelu (pinged, konfliktid, arusaamatused, kokkuv\u00f5te, hinnang)<\/li>\n<\/ul>\n\n\n\n<p>Vaadake videot ja eristage arutelu etapid:<\/p>\n\n\n\n<p><\/p><div class=\"ratio ratio-16x9 mb-3\"><div class=\"video-placeholder-wrapper video-placeholder-wrapper--16x9\">\n\t\t\t    <div class=\"video-placeholder d-flex justify-content-center align-items-center\">\n\t\t\t        <div class=\"overlay text-white p-2 w-100 text-center d-block justify-content-center align-items-center\">\n\t\t\t            <div>Kolmandate osapoolte sisu n\u00e4gemiseks palun n\u00f5ustu k\u00fcpsistega.<\/div>\n\t\t\t            <button class=\"btn btn-secondary btn-sm mt-1 consent-change\">Muuda n\u00f5usolekut<\/button>\n\t\t\t        <\/div>\n\t\t\t    <\/div>\n\t\t\t<\/div>\n<\/div>\n\n\n\n<figure class=\"wp-block-embed\"><div class=\"wp-block-embed__wrapper\">\nhttps:\/\/www.uttv.ee\/naita?id=18342\n<\/div><\/figure>\n\n\n\n<div class=\"accordion mb-3\">\n        <div class=\"accordion-item accordion-item--white\">\n        <h2 class=\"accordion-header\" id=\"accordion-69f59264b0b62-heading\">\n            <button class=\"accordion-button collapsed\" type=\"button\" data-bs-toggle=\"collapse\" data-bs-target=\"#accordion-69f59264b0b62-collapse\" aria-expanded=\"true\" aria-controls=\"accordion-69f59264b0b62-collapse\">Millised tehnikad toetavad arutelu \u00f5nnestumist ja s\u00fcgavuti minekut?<\/button>\n        <\/h2>\n        <div id=\"accordion-69f59264b0b62-collapse\" class=\"accordion-collapse collapse\" aria-labelledby=\"accordion-69f59264b0b62-heading\">\n            <div class=\"accordion-body\">\n<li><span style=\"line-height: 1.6em;\">M\u00f5iste selgitus <\/span><\/li>\n<li><span style=\"line-height: 1.6em;\">Argumenteerimine <\/span><\/li>\n<li><span style=\"line-height: 1.6em;\">Hinnanguvaba v\u00f5rdlemine <\/span><\/li>\n<li><span style=\"line-height: 1.6em;\">M\u00f5tlemiseksperiment <\/span><\/li>\n<li><span style=\"line-height: 1.6em;\">P\u00f5hjendamine <\/span><\/li>\n<li><span style=\"line-height: 1.6em;\">Kahtlemine<\/span><\/li>\n<\/div>\n        <\/div>\n        <\/div>\n    <\/div>\n","protected":false},"excerpt":{"rendered":"<p>Lastega filosofeerimine j\u00e4rgib kindlat arutelustruktuuri: Vaadake videot ja eristage arutelu etapid: Kolmandate osapoolte sisu n\u00e4gemiseks palun n\u00f5ustu k\u00fcpsistega. Muuda n\u00f5usolekut Millised tehnikad toetavad arutelu \u00f5nnestumist ja s\u00fcgavuti minekut? M\u00f5iste selgitus Argumenteerimine Hinnanguvaba v\u00f5rdlemine M\u00f5tlemiseksperiment P\u00f5hjendamine Kahtlemine<\/p>\n","protected":false},"author":21,"featured_media":0,"parent":0,"menu_order":0,"comment_status":"closed","ping_status":"closed","template":"","meta":{"_acf_changed":false,"inline_featured_image":false,"footnotes":""},"class_list":["post-5","page","type-page","status-publish","hentry"],"acf":[],"_links":{"self":[{"href":"https:\/\/sisu.ut.ee\/oppemeetodid2\/wp-json\/wp\/v2\/pages\/5","targetHints":{"allow":["GET"]}}],"collection":[{"href":"https:\/\/sisu.ut.ee\/oppemeetodid2\/wp-json\/wp\/v2\/pages"}],"about":[{"href":"https:\/\/sisu.ut.ee\/oppemeetodid2\/wp-json\/wp\/v2\/types\/page"}],"author":[{"embeddable":true,"href":"https:\/\/sisu.ut.ee\/oppemeetodid2\/wp-json\/wp\/v2\/users\/21"}],"replies":[{"embeddable":true,"href":"https:\/\/sisu.ut.ee\/oppemeetodid2\/wp-json\/wp\/v2\/comments?post=5"}],"version-history":[{"count":10,"href":"https:\/\/sisu.ut.ee\/oppemeetodid2\/wp-json\/wp\/v2\/pages\/5\/revisions"}],"predecessor-version":[{"id":50,"href":"https:\/\/sisu.ut.ee\/oppemeetodid2\/wp-json\/wp\/v2\/pages\/5\/revisions\/50"}],"wp:attachment":[{"href":"https:\/\/sisu.ut.ee\/oppemeetodid2\/wp-json\/wp\/v2\/media?parent=5"}],"curies":[{"name":"wp","href":"https:\/\/api.w.org\/{rel}","templated":true}]}}