{"id":4,"date":"2024-04-03T23:14:28","date_gmt":"2024-04-03T20:14:28","guid":{"rendered":"https:\/\/sisu.ut.ee\/oppemeetodid2\/2-sissejuhatus\/"},"modified":"2024-04-03T23:14:30","modified_gmt":"2024-04-03T20:14:30","slug":"2-sissejuhatus","status":"publish","type":"page","link":"https:\/\/sisu.ut.ee\/oppemeetodid2\/2-sissejuhatus\/","title":{"rendered":"Kuidas \u00f5piobjekti kasutada?"},"content":{"rendered":"<p>T\u00e4ispikas videon\u00e4ites on v\u00f5imalik j\u00e4lgida erinevaid lastega vestlemisel kasutatavaid v\u00f5tteid:<\/p>\n<ul>\n<li><span>reeglite selgitamist<\/span><\/li>\n<li><span><\/span>jutu\/narratiivi ettelugemist<\/li>\n<li>hinnanguvaba k\u00fcsimuse moodustamist<\/li>\n<li>k\u00fcsimuste arendamine ja \u00f5petaja-poolne \u00fcleskirjutus<\/li>\n<li>\u00fcksteise kuulamine<\/li>\n<li>kokkuv\u00f5te<\/li>\n<\/ul>\n<p>\u00a0L\u00fchil\u00f5ikudes on olulisemad aspektid eraldi v\u00e4lja toodud.<\/p>\n","protected":false},"excerpt":{"rendered":"<p>T\u00e4ispikas videon\u00e4ites on v\u00f5imalik j\u00e4lgida erinevaid lastega vestlemisel kasutatavaid v\u00f5tteid: reeglite selgitamist jutu\/narratiivi ettelugemist hinnanguvaba k\u00fcsimuse moodustamist k\u00fcsimuste arendamine ja \u00f5petaja-poolne \u00fcleskirjutus \u00fcksteise kuulamine kokkuv\u00f5te \u00a0L\u00fchil\u00f5ikudes on olulisemad aspektid eraldi v\u00e4lja toodud.<\/p>\n","protected":false},"author":21,"featured_media":0,"parent":0,"menu_order":0,"comment_status":"closed","ping_status":"closed","template":"","meta":{"_acf_changed":false,"inline_featured_image":false,"footnotes":""},"class_list":["post-4","page","type-page","status-publish","hentry"],"acf":[],"_links":{"self":[{"href":"https:\/\/sisu.ut.ee\/oppemeetodid2\/wp-json\/wp\/v2\/pages\/4","targetHints":{"allow":["GET"]}}],"collection":[{"href":"https:\/\/sisu.ut.ee\/oppemeetodid2\/wp-json\/wp\/v2\/pages"}],"about":[{"href":"https:\/\/sisu.ut.ee\/oppemeetodid2\/wp-json\/wp\/v2\/types\/page"}],"author":[{"embeddable":true,"href":"https:\/\/sisu.ut.ee\/oppemeetodid2\/wp-json\/wp\/v2\/users\/21"}],"replies":[{"embeddable":true,"href":"https:\/\/sisu.ut.ee\/oppemeetodid2\/wp-json\/wp\/v2\/comments?post=4"}],"version-history":[{"count":1,"href":"https:\/\/sisu.ut.ee\/oppemeetodid2\/wp-json\/wp\/v2\/pages\/4\/revisions"}],"predecessor-version":[{"id":27,"href":"https:\/\/sisu.ut.ee\/oppemeetodid2\/wp-json\/wp\/v2\/pages\/4\/revisions\/27"}],"wp:attachment":[{"href":"https:\/\/sisu.ut.ee\/oppemeetodid2\/wp-json\/wp\/v2\/media?parent=4"}],"curies":[{"name":"wp","href":"https:\/\/api.w.org\/{rel}","templated":true}]}}