{"id":11,"date":"2024-04-03T23:14:28","date_gmt":"2024-04-03T20:14:28","guid":{"rendered":"https:\/\/sisu.ut.ee\/oppemeetodid2\/5-lisamaterjal-viited\/"},"modified":"2024-04-03T23:14:30","modified_gmt":"2024-04-03T20:14:30","slug":"5-lisamaterjal-viited","status":"publish","type":"page","link":"https:\/\/sisu.ut.ee\/oppemeetodid2\/5-lisamaterjal-viited\/","title":{"rendered":"Lisamaterjal, viited"},"content":{"rendered":"<ul>\n<li><span style=\"line-height: 1.6em\">Fisher, Robert. 2005. \u00d5petame lapsi m\u00f5tlema. Atlex<\/span><\/li>\n<li><span style=\"line-height: 1.6em\">Matthews, G. B.\u00a02006. Filosoofilised vestlused lastega. Eesti P\u00e4evalehe kirjastus<\/span><\/li>\n<li><span style=\"line-height: 1.6em\">Tartu \u00dclikooli eetikakeskus. 2012. \u00d5ppemeetodid v\u00e4\u00e4rtuskasvatuse teenistuses \u2013 miks ja kuidas? T\u00dc kirjastus<\/span><\/li>\n<li><span style=\"line-height: 1.6em\">Zoller, Eva. 2008. V\u00e4ikesed filosoofid. Ilo<\/span><\/li>\n<\/ul>\n","protected":false},"excerpt":{"rendered":"<p>Fisher, Robert. 2005. \u00d5petame lapsi m\u00f5tlema. Atlex Matthews, G. B.\u00a02006. Filosoofilised vestlused lastega. Eesti P\u00e4evalehe kirjastus Tartu \u00dclikooli eetikakeskus. 2012. \u00d5ppemeetodid v\u00e4\u00e4rtuskasvatuse teenistuses \u2013 miks ja kuidas? T\u00dc kirjastus Zoller, Eva. 2008. V\u00e4ikesed filosoofid. Ilo<\/p>\n","protected":false},"author":21,"featured_media":0,"parent":0,"menu_order":0,"comment_status":"closed","ping_status":"closed","template":"","meta":{"_acf_changed":false,"inline_featured_image":false,"footnotes":""},"class_list":["post-11","page","type-page","status-publish","hentry"],"acf":[],"_links":{"self":[{"href":"https:\/\/sisu.ut.ee\/oppemeetodid2\/wp-json\/wp\/v2\/pages\/11","targetHints":{"allow":["GET"]}}],"collection":[{"href":"https:\/\/sisu.ut.ee\/oppemeetodid2\/wp-json\/wp\/v2\/pages"}],"about":[{"href":"https:\/\/sisu.ut.ee\/oppemeetodid2\/wp-json\/wp\/v2\/types\/page"}],"author":[{"embeddable":true,"href":"https:\/\/sisu.ut.ee\/oppemeetodid2\/wp-json\/wp\/v2\/users\/21"}],"replies":[{"embeddable":true,"href":"https:\/\/sisu.ut.ee\/oppemeetodid2\/wp-json\/wp\/v2\/comments?post=11"}],"version-history":[{"count":1,"href":"https:\/\/sisu.ut.ee\/oppemeetodid2\/wp-json\/wp\/v2\/pages\/11\/revisions"}],"predecessor-version":[{"id":34,"href":"https:\/\/sisu.ut.ee\/oppemeetodid2\/wp-json\/wp\/v2\/pages\/11\/revisions\/34"}],"wp:attachment":[{"href":"https:\/\/sisu.ut.ee\/oppemeetodid2\/wp-json\/wp\/v2\/media?parent=11"}],"curies":[{"name":"wp","href":"https:\/\/api.w.org\/{rel}","templated":true}]}}