{"id":10,"date":"2024-04-03T23:14:28","date_gmt":"2024-04-03T20:14:28","guid":{"rendered":"https:\/\/sisu.ut.ee\/oppemeetodid2\/4-kokkuvote\/"},"modified":"2024-04-03T23:14:30","modified_gmt":"2024-04-03T20:14:30","slug":"4-kokkuvote","status":"publish","type":"page","link":"https:\/\/sisu.ut.ee\/oppemeetodid2\/4-kokkuvote\/","title":{"rendered":"Kokkuv\u00f5te"},"content":{"rendered":"<p>Kuidas arutlusk\u00e4ik videon\u00e4ites kokku v\u00f5etakse?<\/p>\n<p><\/p><div class=\"ratio ratio-16x9 mb-3\"><div class=\"video-placeholder-wrapper video-placeholder-wrapper--16x9\">\n\t\t\t    <div class=\"video-placeholder d-flex justify-content-center align-items-center\">\n\t\t\t        <div class=\"overlay text-white p-2 w-100 text-center d-block justify-content-center align-items-center\">\n\t\t\t            <div>Kolmandate osapoolte sisu n\u00e4gemiseks palun n\u00f5ustu k\u00fcpsistega.<\/div>\n\t\t\t            <button class=\"btn btn-secondary btn-sm mt-1 consent-change\">Muuda n\u00f5usolekut<\/button>\n\t\t\t        <\/div>\n\t\t\t    <\/div>\n\t\t\t<\/div>\n<\/div>\n<p style=\"text-align: center\"><a href=\"https:\/\/www.uttv.ee\/naita?id=18348\" target=\"_blank\" rel=\"noopener\">https:\/\/www.uttv.ee\/naita?id=18348<\/a><\/p>\n<p>Tagasisidet saab anda hinnanguvabalt ja hinnanguliselt.<\/p>\n<table class=\"table table-hover\" border=\"0\">\n<tbody>\n<tr>\n<td><img loading=\"lazy\" decoding=\"async\" width=\"269\" height=\"150\" class=\"alignnone wp-image-16\" src=\"https:\/\/sisu.ut.ee\/wp-content\/uploads\/sites\/50\/filosoof-2.png\" title=\"filosoof_0.png\" alt=\"filosoof_0.png\"><\/td>\n<td>\n<ol>\n<li><span style=\"line-height: 1.6em\">Milliseid tagasiside andmise viise on videos v\u00f5imalik j\u00e4lgida?<\/span><\/li>\n<li><span style=\"line-height: 1.6em\">Milliseid lastega filosofeerimise\u00a0<\/span><strong style=\"line-height: 1.6em\">elemente<\/strong><span style=\"line-height: 1.6em\">\u00a0saaksite \u00f5petajana tunnis\u00a0kasutada?<\/span><\/li>\n<\/ol>\n<\/td>\n<\/tr>\n<\/tbody>\n<\/table>\n","protected":false},"excerpt":{"rendered":"<p>Kuidas arutlusk\u00e4ik videon\u00e4ites kokku v\u00f5etakse? Kolmandate osapoolte sisu n\u00e4gemiseks palun n\u00f5ustu k\u00fcpsistega. Muuda n\u00f5usolekut https:\/\/www.uttv.ee\/naita?id=18348 Tagasisidet saab anda hinnanguvabalt ja hinnanguliselt. Milliseid tagasiside andmise viise on videos v\u00f5imalik j\u00e4lgida? Milliseid lastega filosofeerimise\u00a0elemente\u00a0saaksite \u00f5petajana tunnis\u00a0kasutada?<\/p>\n","protected":false},"author":21,"featured_media":0,"parent":0,"menu_order":0,"comment_status":"closed","ping_status":"closed","template":"","meta":{"_acf_changed":false,"inline_featured_image":false,"footnotes":""},"class_list":["post-10","page","type-page","status-publish","hentry"],"acf":[],"_links":{"self":[{"href":"https:\/\/sisu.ut.ee\/oppemeetodid2\/wp-json\/wp\/v2\/pages\/10","targetHints":{"allow":["GET"]}}],"collection":[{"href":"https:\/\/sisu.ut.ee\/oppemeetodid2\/wp-json\/wp\/v2\/pages"}],"about":[{"href":"https:\/\/sisu.ut.ee\/oppemeetodid2\/wp-json\/wp\/v2\/types\/page"}],"author":[{"embeddable":true,"href":"https:\/\/sisu.ut.ee\/oppemeetodid2\/wp-json\/wp\/v2\/users\/21"}],"replies":[{"embeddable":true,"href":"https:\/\/sisu.ut.ee\/oppemeetodid2\/wp-json\/wp\/v2\/comments?post=10"}],"version-history":[{"count":1,"href":"https:\/\/sisu.ut.ee\/oppemeetodid2\/wp-json\/wp\/v2\/pages\/10\/revisions"}],"predecessor-version":[{"id":33,"href":"https:\/\/sisu.ut.ee\/oppemeetodid2\/wp-json\/wp\/v2\/pages\/10\/revisions\/33"}],"wp:attachment":[{"href":"https:\/\/sisu.ut.ee\/oppemeetodid2\/wp-json\/wp\/v2\/media?parent=10"}],"curies":[{"name":"wp","href":"https:\/\/api.w.org\/{rel}","templated":true}]}}