{"id":6,"date":"2024-04-03T23:08:31","date_gmt":"2024-04-03T20:08:31","guid":{"rendered":"https:\/\/sisu.ut.ee\/oppemeetodid1\/oppe-protsess\/"},"modified":"2024-04-03T23:08:33","modified_gmt":"2024-04-03T20:08:33","slug":"oppe-protsess","status":"publish","type":"page","link":"https:\/\/sisu.ut.ee\/oppemeetodid1\/oppe-protsess\/","title":{"rendered":"\u00d5ppe protsess"},"content":{"rendered":"<p>Protsessi suunavad \u00f5ppija enda uudishimu, huvi, imestus ja soov uuritavast aru saada v\u00f5i probleemi lahendada. \u00d5pilased on kooli tulles t\u00e4is entusiasmi ja elevust. Seet\u00f5ttu tuleb nende isiklikku uudishimu julgustada ja toetada, kui see tekib spontaanselt, ning stimuleerida, kui see ei ilmne loomulikult.<\/p>\n<p><strong>Avastamise protsess algab<\/strong>, kui \u00f5pilane m\u00e4rkab midagi, mis teda intrigeerib, \u00fcllatab v\u00f5i temas k\u00fcsimusi tekitab \u2013 midagi, mis on uus, midagi, millele \u00f5pilase eelnev kogemus v\u00f5i olemasolev arusaam seletust ei suuda anda. Kui \u00f5pilased on kaasatud pingutusse ise millestki aru saada, siis on tunduvalt t\u00f5en\u00e4olisem, et nad tunnevad rahulolu, kui see m\u00f5istmine p\u00e4rale j\u00f5uab.<\/p>\n<p>J\u00e4rgmine samm on <strong>konkreetne tegevus<\/strong> \u2013 l\u00e4bi j\u00e4tku-uuringute, k\u00fcsimuste p\u00fcstitamise, ennustuste tegemise, h\u00fcpoteeside kontrollimise ning teooriate ja kontseptuaalsete mudelite loomise. \u00d5pilane peab leidma oma tee selle protsessi l\u00e4bimiseks. Tegevuse k\u00e4igus tekib \u00f5pilasel rohkem t\u00e4helepanekuid ja k\u00fcsimusi, mis avavad tee n\u00e4htuste s\u00fcgavamaks m\u00f5istmiseks. Vaata illustreerivat videol\u00f5iku n\u00e4idistunnist:<\/p>\n<p><\/p><div class=\"ratio ratio-16x9 mb-3\"><div class=\"video-placeholder-wrapper video-placeholder-wrapper--16x9\">\n\t\t\t    <div class=\"video-placeholder d-flex justify-content-center align-items-center\">\n\t\t\t        <div class=\"overlay text-white p-2 w-100 text-center d-block justify-content-center align-items-center\">\n\t\t\t            <div>Kolmandate osapoolte sisu n\u00e4gemiseks palun n\u00f5ustu k\u00fcpsistega.<\/div>\n\t\t\t            <button class=\"btn btn-secondary btn-sm mt-1 consent-change\">Muuda n\u00f5usolekut<\/button>\n\t\t\t        <\/div>\n\t\t\t    <\/div>\n\t\t\t<\/div>\n<\/div>\n<p style=\"text-align: center\"><a href=\"https:\/\/www.uttv.ee\/naita?id=18374\" target=\"_blank\" rel=\"noopener\">https:\/\/www.uttv.ee\/naita?id=18374<\/a><\/p>\n<p>N\u00e4htusi v\u00f5i esemeid uurides <strong>kogub ja salvestab \u00f5pilane andmeid, teeb ettekandeid tulemustest ja j\u00e4reldustest<\/strong>, samal ajal kasutades teisi allikaid, nagu raamatud ning kaas\u00f5pilaste teadmised. Dialoogi pidamine iseenda ja kaaslastega ergutab s\u00fcgavamalt m\u00f5tlema. Oma vaatluste, k\u00fcsimuste ja ideede s\u00f5nastamise k\u00e4igus saavutatakse m\u00f5tteselgus. Selleks, et teha kogemusest j\u00e4reldust, on vaja reflekteerida, arutleda ja v\u00f5rrelda andmeid teiste leituga, t\u00f5lgendada vaatlustulemusi ning rakendada ideid uutes kontekstides. K\u00f5ik see aitab \u00f5pilasel maailmast paremini aru saada. Sel eesm\u00e4rgil omavahel k\u00fcsimusi kui ideid jagades saavad kasu k\u00f5ik: kuulamisega toetatakse \u00fchtlasi teiste ideede ja k\u00fcsimuste arengut, aidates r\u00e4\u00e4kijal ennast v\u00e4ljendada ja oma m\u00f5tteid selgelt esitada. Pine ja tema kolleegid toovad v\u00e4lja, et see <strong>arendab ka \u00f5pilase keelelisi oskusi<\/strong>.\u00a0Vaata illustreerivat videol\u00f5iku n\u00e4idistunnist:<\/p>\n<p><\/p><div class=\"ratio ratio-16x9 mb-3\"><div class=\"video-placeholder-wrapper video-placeholder-wrapper--16x9\">\n\t\t\t    <div class=\"video-placeholder d-flex justify-content-center align-items-center\">\n\t\t\t        <div class=\"overlay text-white p-2 w-100 text-center d-block justify-content-center align-items-center\">\n\t\t\t            <div>Kolmandate osapoolte sisu n\u00e4gemiseks palun n\u00f5ustu k\u00fcpsistega.<\/div>\n\t\t\t            <button class=\"btn btn-secondary btn-sm mt-1 consent-change\">Muuda n\u00f5usolekut<\/button>\n\t\t\t        <\/div>\n\t\t\t    <\/div>\n\t\t\t<\/div>\n<\/div>\n<p style=\"text-align: center\"><a href=\"https:\/\/www.uttv.ee\/naita?id=18373\" target=\"_blank\" rel=\"noopener\">https:\/\/www.uttv.ee\/naita?id=18373<\/a><\/p>\n<p>\u00d5pilased vajavad abi, et \u00f5ppida avastus\u00f5ppe strateegiaid ja tehnoloogiaid kasutama. Samuti tuleb toetada nende <strong>eneseregulatsioonioskust, oskust teistega koost\u00f6\u00f6d teha<\/strong> ning <strong>pikka aega hoolikalt ja m\u00f5ttega t\u00f6\u00f6tada<\/strong>. See abi v\u00f5ib tulla erinevatest allikatest: \u00f5petajalt, \u00f5ppekava materjalidest, tehnoloogia vahendusel ja kaaslastelt klassis v\u00f5i v\u00e4ljapoolt klassi. \u00d5petaja saab \u00f5pilast <strong>toetada v\u00f5imalike m\u00f5ttevigade leidmisel<\/strong> ning suunata teda viima l\u00e4bi t\u00e4iendavaid eksperimente oma argumentide toetamiseks v\u00f5i selleks, et m\u00f5testada selgusetuks j\u00e4\u00e4nud v\u00f5i vastur\u00e4\u00e4kivusi sisaldavaid tulemusi.<\/p>\n<p>P\u00e4rast uurimist peaksid \u00f5pilased olema teada saanud midagi sellist, mida nad enne alustamist ei teadnud. Isegi kui uuringu k\u00e4igus ei leita vastust, peaks uuringu tulemusena selguma lahenduse leidmiseks vajalikud tingimused.<\/p>\n<p>Tehtule ja kogetule<strong> t\u00e4henduse andmise aktiivne protsess<\/strong> viib v\u00e4lja\u00a0 uute arusaamade kujunemisele ja \u00fchtlasi uuele m\u00f5tlemise tasandile. Ehk teisis\u00f5nu: kogemuste s\u00fcstematiseerimisel ja anal\u00fc\u00fcsimisel tekib teadmine, mis oma olemuselt toetub empiirilisele (uurimuslikule) alusele.<\/p>\n<p>Teadmised muutuvad seostatuks ja lihtsamini kasutatavaks, kui \u00f5pilastel on palju erinevaid ideid \u2013 avastuslik keskkond v\u00f5ib tekitada neis rohkem k\u00fcsimusi. \u00d5pilased on haaratud tegevustesse, mis eeldavad teadmiste kasutamist. Uurimuste l\u00e4biviimine soodustab ideede arendamist, muutmist ja esitlemist ning aitab \u00f5pilasel aru saada, kuidas erinevates distsipliinides teadmisi luuakse. <strong>R\u00f5hk on s\u00fcgavusel, mitte laiusel.<\/strong> Omandatud teadmisi jagatakse teiste \u00f5pilastega vesteldes. Vestlused on oluline viis oma ideede selgitamiseks ja seel\u00e4bi ka nende selginemiseks, teiste m\u00f5tetega arvestamiseks ja kaas\u00f5pilaste arusaamise parandamiseks.\u00a0Vaata illustreerivat videol\u00f5iku n\u00e4idistunnist:<\/p>\n<p><\/p><div class=\"ratio ratio-16x9 mb-3\"><div class=\"video-placeholder-wrapper video-placeholder-wrapper--16x9\">\n\t\t\t    <div class=\"video-placeholder d-flex justify-content-center align-items-center\">\n\t\t\t        <div class=\"overlay text-white p-2 w-100 text-center d-block justify-content-center align-items-center\">\n\t\t\t            <div>Kolmandate osapoolte sisu n\u00e4gemiseks palun n\u00f5ustu k\u00fcpsistega.<\/div>\n\t\t\t            <button class=\"btn btn-secondary btn-sm mt-1 consent-change\">Muuda n\u00f5usolekut<\/button>\n\t\t\t        <\/div>\n\t\t\t    <\/div>\n\t\t\t<\/div>\n<\/div>\n<p style=\"text-align: center\"><a href=\"https:\/\/www.uttv.ee\/naita?id=18370\" target=\"_blank\" rel=\"noopener\">https:\/\/www.uttv.ee\/naita?id=18370<\/a><\/p>\n","protected":false},"excerpt":{"rendered":"<p>Protsessi suunavad \u00f5ppija enda uudishimu, huvi, imestus ja soov uuritavast aru saada v\u00f5i probleemi lahendada. \u00d5pilased on kooli tulles t\u00e4is entusiasmi ja elevust. Seet\u00f5ttu tuleb nende isiklikku uudishimu julgustada ja toetada, kui see tekib spontaanselt, ning stimuleerida, kui see ei &#8230;<\/p>\n","protected":false},"author":11,"featured_media":0,"parent":0,"menu_order":0,"comment_status":"closed","ping_status":"closed","template":"","meta":{"_acf_changed":false,"inline_featured_image":false,"footnotes":""},"class_list":["post-6","page","type-page","status-publish","hentry"],"acf":[],"_links":{"self":[{"href":"https:\/\/sisu.ut.ee\/oppemeetodid1\/wp-json\/wp\/v2\/pages\/6","targetHints":{"allow":["GET"]}}],"collection":[{"href":"https:\/\/sisu.ut.ee\/oppemeetodid1\/wp-json\/wp\/v2\/pages"}],"about":[{"href":"https:\/\/sisu.ut.ee\/oppemeetodid1\/wp-json\/wp\/v2\/types\/page"}],"author":[{"embeddable":true,"href":"https:\/\/sisu.ut.ee\/oppemeetodid1\/wp-json\/wp\/v2\/users\/11"}],"replies":[{"embeddable":true,"href":"https:\/\/sisu.ut.ee\/oppemeetodid1\/wp-json\/wp\/v2\/comments?post=6"}],"version-history":[{"count":1,"href":"https:\/\/sisu.ut.ee\/oppemeetodid1\/wp-json\/wp\/v2\/pages\/6\/revisions"}],"predecessor-version":[{"id":38,"href":"https:\/\/sisu.ut.ee\/oppemeetodid1\/wp-json\/wp\/v2\/pages\/6\/revisions\/38"}],"wp:attachment":[{"href":"https:\/\/sisu.ut.ee\/oppemeetodid1\/wp-json\/wp\/v2\/media?parent=6"}],"curies":[{"name":"wp","href":"https:\/\/api.w.org\/{rel}","templated":true}]}}