{"id":5,"date":"2024-04-03T23:08:31","date_gmt":"2024-04-03T20:08:31","guid":{"rendered":"https:\/\/sisu.ut.ee\/oppemeetodid1\/avastusoppe-tund\/"},"modified":"2024-04-12T13:21:18","modified_gmt":"2024-04-12T10:21:18","slug":"avastusoppe-tund","status":"publish","type":"page","link":"https:\/\/sisu.ut.ee\/oppemeetodid1\/avastusoppe-tund\/","title":{"rendered":"Avastus\u00f5ppe tund"},"content":{"rendered":"<p>J\u00e4rgnev avastus\u00f5ppe n\u00e4idistund koosneb seitsmest osast:<\/p>\n\n\n\n<ol class=\"wp-block-list\">\n<li>sissejuhatus<\/li>\n\n\n\n<li>\u00f5pilaste eelteadmiste v\u00e4ljaselgitamine<\/li>\n\n\n\n<li>ilmavaatluse l\u00e4biviimine<\/li>\n\n\n\n<li>jutu lugemine ja loovt\u00f6\u00f6ks materjali kogumine<\/li>\n\n\n\n<li>ilmaennustuse v\u00f5rdlemine vaatlusandmetega<\/li>\n\n\n\n<li>kokkuvote<\/li>\n\n\n\n<li>enesehindamine<\/li>\n<\/ol>\n\n\n\n<p><span style=\"line-height: 1.6em;\">Vaadake videot ja vastake j\u00e4rgnevale k\u00fcsimusele.\u00a0\u00a0<\/span><\/p>\n\n\n\n<p><span style=\"line-height: 1.6em;\"><div class=\"ratio ratio-16x9 mb-3\"><div class=\"video-placeholder-wrapper video-placeholder-wrapper--16x9\">\n\t\t\t    <div class=\"video-placeholder d-flex justify-content-center align-items-center\">\n\t\t\t        <div class=\"overlay text-white p-2 w-100 text-center d-block justify-content-center align-items-center\">\n\t\t\t            <div>Kolmandate osapoolte sisu n\u00e4gemiseks palun n\u00f5ustu k\u00fcpsistega.<\/div>\n\t\t\t            <button class=\"btn btn-secondary btn-sm mt-1 consent-change\">Muuda n\u00f5usolekut<\/button>\n\t\t\t        <\/div>\n\t\t\t    <\/div>\n\t\t\t<\/div>\n<\/div><\/span><\/p>\n\n\n\n<figure class=\"wp-block-embed\"><div class=\"wp-block-embed__wrapper\">\nhttps:\/\/www.uttv.ee\/naita?id=18326\n<\/div><\/figure>\n\n\n\n<div class=\"accordion mb-3\">\n        <div class=\"accordion-item accordion-item--white\">\n        <h2 class=\"accordion-header\" id=\"accordion-69eea12ecfc42-heading\">\n            <button class=\"accordion-button collapsed\" type=\"button\" data-bs-toggle=\"collapse\" data-bs-target=\"#accordion-69eea12ecfc42-collapse\" aria-expanded=\"true\" aria-controls=\"accordion-69eea12ecfc42-collapse\">Milliseid avastus\u00f5ppes olulisi tunnuseid antud tunnivideost leiate?<\/button>\n        <\/h2>\n        <div id=\"accordion-69eea12ecfc42-collapse\" class=\"accordion-collapse collapse\" aria-labelledby=\"accordion-69eea12ecfc42-heading\">\n            <div class=\"accordion-body\">\nKogemuste omandamine, sisemine motiveeritus ja huvi, loodusteadusliku meetodi kasutamine, \u00f5pitu kasutamine uutes ja probleemsituatsioonides, k\u00fcsimuste tekkimise ja esitamise olulisus, \u00f5pitava seostamine igap\u00e4evaeluga<\/div>\n        <\/div>\n        <\/div>\n    <\/div>\n","protected":false},"excerpt":{"rendered":"<p>J\u00e4rgnev avastus\u00f5ppe n\u00e4idistund koosneb seitsmest osast: Vaadake videot ja vastake j\u00e4rgnevale k\u00fcsimusele.\u00a0\u00a0 Kolmandate osapoolte sisu n\u00e4gemiseks palun n\u00f5ustu k\u00fcpsistega. Muuda n\u00f5usolekut Milliseid avastus\u00f5ppes olulisi tunnuseid antud tunnivideost leiate? Kogemuste omandamine, sisemine motiveeritus ja huvi, loodusteadusliku meetodi kasutamine, \u00f5pitu kasutamine uutes &#8230;<\/p>\n","protected":false},"author":11,"featured_media":0,"parent":0,"menu_order":0,"comment_status":"closed","ping_status":"closed","template":"","meta":{"_acf_changed":false,"inline_featured_image":false,"footnotes":""},"class_list":["post-5","page","type-page","status-publish","hentry"],"acf":[],"_links":{"self":[{"href":"https:\/\/sisu.ut.ee\/oppemeetodid1\/wp-json\/wp\/v2\/pages\/5","targetHints":{"allow":["GET"]}}],"collection":[{"href":"https:\/\/sisu.ut.ee\/oppemeetodid1\/wp-json\/wp\/v2\/pages"}],"about":[{"href":"https:\/\/sisu.ut.ee\/oppemeetodid1\/wp-json\/wp\/v2\/types\/page"}],"author":[{"embeddable":true,"href":"https:\/\/sisu.ut.ee\/oppemeetodid1\/wp-json\/wp\/v2\/users\/11"}],"replies":[{"embeddable":true,"href":"https:\/\/sisu.ut.ee\/oppemeetodid1\/wp-json\/wp\/v2\/comments?post=5"}],"version-history":[{"count":3,"href":"https:\/\/sisu.ut.ee\/oppemeetodid1\/wp-json\/wp\/v2\/pages\/5\/revisions"}],"predecessor-version":[{"id":52,"href":"https:\/\/sisu.ut.ee\/oppemeetodid1\/wp-json\/wp\/v2\/pages\/5\/revisions\/52"}],"wp:attachment":[{"href":"https:\/\/sisu.ut.ee\/oppemeetodid1\/wp-json\/wp\/v2\/media?parent=5"}],"curies":[{"name":"wp","href":"https:\/\/api.w.org\/{rel}","templated":true}]}}